{"id":7560,"date":"2020-09-09T19:57:38","date_gmt":"2020-09-10T00:57:38","guid":{"rendered":"https:\/\/proyectum.com\/ec\/?post_type=product&#038;p=7560"},"modified":"2021-02-16T20:32:48","modified_gmt":"2021-02-17T01:32:48","slug":"lider-devops","status":"publish","type":"product","link":"https:\/\/proyectum.com\/ec\/product\/lider-devops\/","title":{"rendered":"L\u00edder DevOps"},"content":{"rendered":"<div>\n<div>\n<div>\n<div>\n<div>\n<h2>ACERCA DEL CURSO<\/h2>\n<div>\n<div>\n<p>En el curso L\u00edder DEVOPS, los candidatos conocer\u00e1n conceptos, principios y herramientas usados por el Liderazgo de DevOps para clarificar, planear y abordar una Transformaci\u00f3n de DevOps. Se mostrar\u00e1 c\u00f3mo se puede abordar e implementar el enfoque del Paquete Completo de DevOps dentro de una organizaci\u00f3n, as\u00ed como por qu\u00e9 se necesita el Liderazgo de DevOps en las empresas modernas, y c\u00f3mo se puede alinear con la entrega de valor.<\/p>\n<p>Adem\u00e1s, se comentar\u00e1 sobre la metodolog\u00eda Scrum, las implicaciones de gente y de cultura, as\u00ed como las pr\u00e1cticas, los procesos, la automatizaci\u00f3n y la tecnolog\u00eda que son usados para adaptar DevOps dentro de una organizaci\u00f3n.<\/p>\n<p>El curso cubre el conocimiento fundamental requerido para que un candidato construya su conocimiento y sus habilidades con respecto a los principios y las pr\u00e1cticas de DevOps.<\/p>\n<p>Este curso prepara a los alumnos para rendir los siguientes ex\u00e1menes de certificaci\u00f3n:<\/p>\n<ul>\n<li>PeopleCert Liderazgo de DevOps<\/li>\n<li>PeopleCert Fundamentos de DevOps<\/li>\n<li>DevOps Essentials Professional Certificate\u00ae<\/li>\n<\/ul>\n<\/div>\n<\/div>\n<\/div>\n<\/div>\n<\/div>\n<\/div>\n<\/div>\n<div>\n<div>\n<div>\n<h2>\u00bfQUI\u00c9NES DEBEN PARTICIPAR?<\/h2>\n<div>\n<div>\n<p>El curso est\u00e1 dirigido a profesionales cuyo puesto de trabajo est\u00e9 relacionado con el desarrollo y operaciones de TI:<\/p>\n<ul>\n<li>Ingenieros DevOps<\/li>\n<li>Product Owner<\/li>\n<li>Especialistas en Integraci\u00f3n<\/li>\n<li>Gerente de Operaciones<\/li>\n<li>Gerente de Incident &amp; change<\/li>\n<li>Administrador de Sistemas<\/li>\n<li>Administrador de Redes<\/li>\n<li>Gerentes Generales<\/li>\n<li>Arquitectos de Automatizaci\u00f3n<\/li>\n<li>Arquitectos Empresariales<\/li>\n<\/ul>\n<\/div>\n<\/div>\n<\/div>\n<\/div>\n<\/div>\n<div>\n<div>\n<div>\n<h2>OBJETIVOS<\/h2>\n<div>\n<div>\n<p>Al terminar el curso L\u00edder DevOps, los participantes ser\u00e1n capaces de:<\/p>\n<ul>\n<li>Reconocer a los conceptos b\u00e1sicos, la terminolog\u00eda, los principios y las herramientas usadas para DevOps.<\/li>\n<li>Conocer por qu\u00e9 DevOps es necesario en las empresas modernas, as\u00ed como la metodolog\u00eda de Scrum, las implicaciones de gente y culturales.<\/li>\n<li>Conocer las pr\u00e1cticas, procesos, automatizaci\u00f3n y tecnolog\u00eda usada para adaptar DevOps dentro de una organizaci\u00f3n.<\/li>\n<li>Comprender sobre las pr\u00e1cticas de Liderazgo de DevOps usando varias herramientas necesarias en el trabajo diario.<\/li>\n<li>Reconocer c\u00f3mo DevOps permite soportar el logro de sus objetivos estrat\u00e9gicos de negocio, al mejorar la comunicaci\u00f3n, la estandarizaci\u00f3n, la colaboraci\u00f3n y la automatizaci\u00f3n para la entrega de productos de software de mejor calidad, m\u00e1s r\u00e1pido y a un costo menor.<\/li>\n<\/ul>\n<\/div>\n<\/div>\n<\/div>\n<\/div>\n<\/div>\n<div>\n<div>\n<div>\n<h2>PRE-REQUISITOS<\/h2>\n<div>\n<div>\n<p>No hay pre-requisitos para este curso<\/p>\n<\/div>\n<\/div>\n<\/div>\n<\/div>\n<\/div>\n<h2>CONTENIDOS<\/h2>\n<h3>La meta de DevOps es acortar el ciclo de vida del desarrollo de sistemas mientras se entregan liberaciones de software frecuentemente en alineaci\u00f3n estrecha con los objetivos del negocio.<\/h3>\n<div>\n<div>\n<p>1. Adopci\u00f3n de DevOps<\/p>\n<p>a. La Historia y la Necesidad de DevOps<br \/>\nb. Conceptos Clave de DevOps<br \/>\nc. Valor para el Negocio de DevOps<br \/>\nd. Conceptos detr\u00e1s de C.A.L.M.S., Las Tres Formas, entrega continua, y el alcance del Paquete Completo<br \/>\ne. Cultura de DevOps, liderazgo transformacional y estructura y equipos de DevOps<br \/>\nf. Evoluci\u00f3n de las Pr\u00e1cticas de DevOps y las 15 Pr\u00e1cticas Esenciales de DevOps<br \/>\ng. Administraci\u00f3n de Proyectos \u2018Agile\u2019 y Metodolog\u00eda de Scrum<br \/>\nh. Conceptos clave de tecnolog\u00eda de nube y virtualizaci\u00f3n, automatizaci\u00f3n para el canal de despliegues, y arquitectura para la entrega continua<\/p>\n<\/div>\n<\/div>\n<div>\n<div>\n<p>2. Liderazgo y Transformaci\u00f3n DevOps<\/p>\n<p>a. Introducci\u00f3n al Liderazgo de DevOps<br \/>\nb. Clarificar y Alinear la Transformaci\u00f3n de DevOps con la Entrega de Valor<br \/>\nc. Planear y Abordar la Transformaci\u00f3n de DevOps<br \/>\nd. Comprometerse e Implementar el Paquete Completo de DevOps<br \/>\ne. Validar los Resultados y Sustentar la Transformaci\u00f3n de DevOps<\/p>\n<\/div>\n<h2>INCLUYE<\/h2>\n<div>\n<div>\n<ul>\n<li>Instructor con m\u00e1s de 20 a\u00f1os de experiencia.<\/li>\n<li>Material del participante en formato digital.<\/li>\n<li>Gu\u00eda de estudio del participante, glosario, syllabus y bibliograf\u00eda.<\/li>\n<li>Examen de ensayo con respuestas.<\/li>\n<li>Acceso a plataforma digital de apoyo al curso.<\/li>\n<li>20 PDUs (7 T\u00e9cnicos, 7 Liderazgo y 6 Estrategia).<\/li>\n<li>Se otorga un diploma por las horas indicadas, con el respaldo de Proyectum como REP\u00ae de PMI\u00ae, v\u00e1lido para el registro de horas en la aplicaci\u00f3n a las certificaciones PMP\u00ae y CAPM\u00ae.<\/li>\n<\/ul>\n<h2>Instructor<\/h2>\n<p>Eduardo Lobos Stevens<\/p>\n<p>Ingeniero Civil Industrial e Ingeniero de Sistemas con MBA en la Universidad de Chile y Master en Direcci\u00f3n Comercial y Marketing en la Universidad Adolfo Ib\u00e1\u00f1ez.<\/p>\n<p>M\u00e1s de 14 a\u00f1os de experiencia en TI, como gerente local, gerente regional y l\u00edder de equipo; gesti\u00f3n de servicios con las mejores pr\u00e1cticas de ITIL (como experto), proyectos con PMBOK y metodolog\u00eda \u00e1gil SCRUM, funci\u00f3n de entrenador \u00e1gil. Entrega y soporte + implementaci\u00f3n de ERP SAP y CRM SalesForce, gesti\u00f3n de cambios, transformaci\u00f3n digital con redise\u00f1o de procesos, inteligencia empresarial y an\u00e1lisis de datos.<\/p>\n<p>Certificaciones:<\/p>\n<ul>\n<li>ITIL Expert<\/li>\n<li>Implementador L\u00edder ISO 22301 (PECB)<\/li>\n<li>Risk Manager ISO 31000 (PECB)<\/li>\n<li>Implementador L\u00edder ISO 20000 (PECB)<\/li>\n<li>Auditor L\u00edder ISO 27001 (BSI\/IRCA)<\/li>\n<li>Microsoft Certified Professional (MCP)<\/li>\n<li>Microsoft Technology Associate (MTA)<\/li>\n<li>Scrum Master Certified (SMC)<\/li>\n<li>Scrum Product Owner Certified (SPOC)<\/li>\n<li>Scrum Developer Certified (SDC)<\/li>\n<li>Scrum Agile Master Certified (SAMC)<\/li>\n<li>DevOps Master (EXIN)<\/li>\n<li>ITIL4 Foundation \u2013 IT Service Management<\/li>\n<li>Certified Lean &amp; Kanban Professional (SM)<\/li>\n<li>Certified User Experience Professional (GTA)<\/li>\n<li>Lean Change Agent (LCMA)<\/li>\n<\/ul>\n<\/div>\n<\/div>\n<\/div>\n","protected":false},"excerpt":{"rendered":"<p>ACERCA DEL CURSO En el curso L\u00edder DEVOPS, los candidatos conocer\u00e1n conceptos, principios y herramientas usados por el Liderazgo de DevOps para clarificar, planear y abordar una Transformaci\u00f3n de DevOps. Se mostrar\u00e1 c\u00f3mo se puede abordar e implementar el enfoque del Paquete Completo de DevOps dentro de una organizaci\u00f3n, as\u00ed como por qu\u00e9 se necesita [&hellip;]<\/p>\n","protected":false},"featured_media":7562,"template":"","meta":[],"product_brand":[],"product_cat":[75],"product_tag":[72],"class_list":{"0":"post-7560","1":"product","2":"type-product","3":"status-publish","4":"has-post-thumbnail","6":"product_cat-devops","7":"product_tag-virtual-en-vivo","9":"first","10":"instock","11":"sale","12":"taxable","13":"shipping-taxable","14":"purchasable","15":"product-type-simple"},"_links":{"self":[{"href":"https:\/\/proyectum.com\/ec\/wp-json\/wp\/v2\/product\/7560"}],"collection":[{"href":"https:\/\/proyectum.com\/ec\/wp-json\/wp\/v2\/product"}],"about":[{"href":"https:\/\/proyectum.com\/ec\/wp-json\/wp\/v2\/types\/product"}],"wp:featuredmedia":[{"embeddable":true,"href":"https:\/\/proyectum.com\/ec\/wp-json\/wp\/v2\/media\/7562"}],"wp:attachment":[{"href":"https:\/\/proyectum.com\/ec\/wp-json\/wp\/v2\/media?parent=7560"}],"wp:term":[{"taxonomy":"product_brand","embeddable":true,"href":"https:\/\/proyectum.com\/ec\/wp-json\/wp\/v2\/product_brand?post=7560"},{"taxonomy":"product_cat","embeddable":true,"href":"https:\/\/proyectum.com\/ec\/wp-json\/wp\/v2\/product_cat?post=7560"},{"taxonomy":"product_tag","embeddable":true,"href":"https:\/\/proyectum.com\/ec\/wp-json\/wp\/v2\/product_tag?post=7560"}],"curies":[{"name":"wp","href":"https:\/\/api.w.org\/{rel}","templated":true}]}}