{"id":7635,"date":"2020-10-22T18:13:23","date_gmt":"2020-10-22T23:13:23","guid":{"rendered":"https:\/\/proyectum.com\/ec\/?post_type=product&#038;p=7635"},"modified":"2024-08-12T09:44:59","modified_gmt":"2024-08-12T14:44:59","slug":"six-sigma-green-belt","status":"publish","type":"product","link":"https:\/\/proyectum.com\/ec\/product\/six-sigma-green-belt\/","title":{"rendered":"Six Sigma Green Belt"},"content":{"rendered":"<p>Curso y Certificaci\u00f3n en espa\u00f1ol<\/p>\n<div class=\"wrapper\">\n<div id=\"scrum-container\">\n<h2><strong>Resumen<\/strong><\/h2>\n<p>El curso <strong>Six Sigma Green Belt<\/strong> se enfoca en proveer al estudiante el conocimiento sobre las diversas herramientas y t\u00e9cnicas Six Sigma que se requieren para mejorar el proceso de producci\u00f3n, y minimizar los defectos en el producto final. \u00a0Mantiene un fuerte enfoque en la implementaci\u00f3n pr\u00e1ctica de estas herramientas y t\u00e9cnicas en la organizaci\u00f3n. \u00a0Tanto el costo del examen como de la certificaci\u00f3n est\u00e1n incluidos en el paquete.<\/p>\n<h2><strong>Formato del Examen de Certificaci\u00f3n<\/strong><\/h2>\n<ul>\n<li>Opci\u00f3n m\u00fatiple<\/li>\n<li>90 preguntas por examen<\/li>\n<li>Un punto por cada respuesta correcta<\/li>\n<li>No se quita puntos por preguntas equivocadas<\/li>\n<li>Duraci\u00f3n de 120 minutos<\/li>\n<li>Examen supervisado en l\u00ednea.<\/li>\n<\/ul>\n<h2><strong>Perfil de los Asistentes<\/strong><\/h2>\n<p>Este curso es altamente recomendado para personal y organizaciones que requieren un acercamiento estandarizado a la resoluci\u00f3n de problemas, y que tengan el prop\u00f3sito de una mejora cont\u00ednua en la Gesti\u00f3n de la Calidad.<\/p>\n<h2><strong>Prerequisitos<\/strong><\/h2>\n<p>Es preferible, pero no obligatorio, que el estudiante cuente con el nivel Six Sigma Yellow Belt.<\/p>\n<\/div>\n<\/div>\n","protected":false},"excerpt":{"rendered":"<p>Curso y Certificaci\u00f3n en espa\u00f1ol Resumen El curso Six Sigma Green Belt se enfoca en proveer al estudiante el conocimiento sobre las diversas herramientas y t\u00e9cnicas Six Sigma que se requieren para mejorar el proceso de producci\u00f3n, y minimizar los defectos en el producto final. \u00a0Mantiene un fuerte enfoque en la implementaci\u00f3n pr\u00e1ctica de estas [&hellip;]<\/p>\n","protected":false},"featured_media":8097,"template":"","meta":[],"product_brand":[],"product_cat":[69],"product_tag":[],"class_list":{"0":"post-7635","1":"product","2":"type-product","3":"status-publish","4":"has-post-thumbnail","6":"product_cat-uncategorized","8":"first","9":"instock","10":"taxable","11":"shipping-taxable","12":"purchasable","13":"product-type-simple"},"_links":{"self":[{"href":"https:\/\/proyectum.com\/ec\/wp-json\/wp\/v2\/product\/7635"}],"collection":[{"href":"https:\/\/proyectum.com\/ec\/wp-json\/wp\/v2\/product"}],"about":[{"href":"https:\/\/proyectum.com\/ec\/wp-json\/wp\/v2\/types\/product"}],"wp:featuredmedia":[{"embeddable":true,"href":"https:\/\/proyectum.com\/ec\/wp-json\/wp\/v2\/media\/8097"}],"wp:attachment":[{"href":"https:\/\/proyectum.com\/ec\/wp-json\/wp\/v2\/media?parent=7635"}],"wp:term":[{"taxonomy":"product_brand","embeddable":true,"href":"https:\/\/proyectum.com\/ec\/wp-json\/wp\/v2\/product_brand?post=7635"},{"taxonomy":"product_cat","embeddable":true,"href":"https:\/\/proyectum.com\/ec\/wp-json\/wp\/v2\/product_cat?post=7635"},{"taxonomy":"product_tag","embeddable":true,"href":"https:\/\/proyectum.com\/ec\/wp-json\/wp\/v2\/product_tag?post=7635"}],"curies":[{"name":"wp","href":"https:\/\/api.w.org\/{rel}","templated":true}]}}