{"id":7941,"date":"2022-02-23T14:20:59","date_gmt":"2022-02-23T19:20:59","guid":{"rendered":"https:\/\/proyectum.com\/ec\/?post_type=product&#038;p=7941"},"modified":"2024-01-16T12:51:00","modified_gmt":"2024-01-16T17:51:00","slug":"scrum-master-certificado-smc-2","status":"publish","type":"product","link":"https:\/\/proyectum.com\/ec\/product\/scrum-master-certificado-smc-2\/","title":{"rendered":"Curso Preparaci\u00f3n Certificaci\u00f3n Scrum Master Certificado SMC\u2122 Virtual en Vivo"},"content":{"rendered":"<p style=\"text-align: center;\"><strong>Curso Virtual en Vivo\u00a0<\/strong><\/p>\n<table class=\"comparison-table certification-details-table\" border=\"0\">\n<tbody>\n<tr>\n<th rowspan=\"2\">Certificaci\u00f3n<\/th>\n<th colspan=\"2\">Prerequisitos<\/th>\n<th rowspan=\"2\">Perfil Audiencia<\/th>\n<th rowspan=\"2\">Mantener la Certificaci\u00f3n (RCUs)<\/th>\n<\/tr>\n<tr class=\"second-row\">\n<th>Experiencia<\/th>\n<th>Educaci\u00f3n<\/th>\n<\/tr>\n<tr>\n<th>SMC\u2122<\/th>\n<th>Nunguna<\/th>\n<th>Preferible profesional certificado SDC\u2122<\/th>\n<th>Todos los interesados en certificarse SMC\u2122<\/th>\n<th>40 unidades de Recertificaci\u00f3n cada tres a\u00f1os<\/th>\n<\/tr>\n<\/tbody>\n<\/table>\n<h2>Visi\u00f3n general<\/h2>\n<p>Certificado en Scrum M\u00e1ster \u00abScrum Master Certified (SMC\u2122)\u00bb son facilitadores profesionales que aseguran que el Equipo Scrum tiene un entorno que contribuye a que se termine el proyecto exitosamente. \u00a0 \u00a0El Scrum Master gu\u00eda, facilita y ense\u00f1a buenas pr\u00e1cticas Scrum a todos los involucrados en el proyecto, elimina barreras para el equipo, asegura que se siguen los procesos de Scrum. \u00a0Los candidatos exitosos recibir\u00e1n la certificaci\u00f3n\u00a0Scrum Master Certified (SMC\u2122) otorgada por SCRUMstudy luego de pasar el examen.<\/p>\n<h2>Perfil de la Audiencia<\/h2>\n<p>Esta certificaci\u00f3n es la apropiada para todos los interesados en trabajar como Scrum Master.<\/p>\n<h2>Prerequisitos<\/h2>\n<p>Esta certificaci\u00f3n no tiene un prerrequisito formal. \u00a0Sinembargo. es preferible obtener la certificaci\u00f3n\u00a0Scrum Developer Certified (SDC\u2122) antes de aplicar a la certificaci\u00f3n\u00a0Scrum Master Certified\u00a0SMC\u2122. Los candidatos deben tomar el curso Online para tomar el examen.<\/p>\n<h2>Plan de estudios<\/h2>\n<table>\n<tbody>\n<tr>\n<td><strong>1.\u00a0 Descripci\u00f3n de Agile<\/strong><\/p>\n<p>\u2022 \u00a0 El surgimiento de Agile<\/p>\n<p>\u2022 \u00a0 El manifiesto de Agile<\/p>\n<p>\u2022 \u00a0 Principios del manifiesto \u00c1gil<\/p>\n<p>\u2022 \u00a0 Declaraci\u00f3n de\u00a0interdependencia<\/p>\n<p>\u2022 \u00a0 M\u00e9todos de Agile<\/p>\n<p>\u2022 \u00a0 Agile vs. Direcci\u00f3n\u00a0tradicional de proyectos<\/p>\n<p>&nbsp;<\/p>\n<p><strong>2.\u00a0 Descripci\u00f3n de Scrum<\/strong><\/p>\n<p>\u2022 \u00a0 Principios de Scrum<\/p>\n<p>\u2022 \u00a0 Aspectos de Scrum<\/p>\n<p>\u2022 \u00a0 Procesos de Scrum<\/p>\n<p>\u2022 \u00a0 Ventajas de Scrum<\/p>\n<p>&nbsp;<\/p>\n<p><strong>3. \u00a0Roles en Scrum<\/strong><\/p>\n<p>\u2022 \u00a0 Funciones de Scrum<\/p>\n<p>i.\u00a0 Propietario del producto<\/p>\n<p>ii. Scrum Master<\/p>\n<p>iii.Equipo de Scrum<\/p>\n<p>\u2022 \u00a0 Funciones no centrales<\/td>\n<td><\/td>\n<td><strong>4.\u00a0 Fases de Scrum<\/strong><\/p>\n<p>\u2022 \u00a0 Inicio<\/p>\n<p>\u2022 \u00a0 Plan y estimaci\u00f3n<\/p>\n<p>\u2022 \u00a0 Implementaci\u00f3n<\/p>\n<p>\u2022 \u00a0 Revisi\u00f3n y retrospectiva<\/p>\n<p>\u2022 \u00a0 Lanzamiento<\/p>\n<p>&nbsp;<\/p>\n<p><strong>5.\u00a0 Escalando Scrum<\/strong><\/p>\n<p>\u2022 \u00a0 Escalabilidad de Scrum<\/p>\n<p>\u2022 \u00a0 Scrum in programas y<\/p>\n<p>portfolios<\/p>\n<p>\u2022 \u00a0 Reuniones de Scrum de<\/p>\n<p>Scrums (SoS)<\/p>\n<p>\u2022 \u00a0 Transici\u00f3n a Scrum<\/p>\n<p>\u2022 \u00a0 Trazo de las funciones<\/p>\n<p>tradicionales de Scrum<\/p>\n<p>\u2022 \u00a0 Mantener involucrados a los<\/p>\n<p>socios<\/p>\n<p>\u2022 \u00a0 Importancia del apoyo<\/p>\n<p>ejecutivo<\/td>\n<\/tr>\n<\/tbody>\n<\/table>\n<h2><\/h2>\n<h2>Formato del examen<\/h2>\n<ul>\n<li>Preguntas de opci\u00f3n m\u00faltiple<\/li>\n<li>100 preguntas por examen<\/li>\n<li>Un punto por cada respuesta correcta<\/li>\n<li>No se quitan puntos por respuestas equivocadas<\/li>\n<li>Sesi\u00f3n de 120 minutos<\/li>\n<li>Examen Online vigilado<\/li>\n<\/ul>\n<p>&nbsp;<\/p>\n","protected":false},"excerpt":{"rendered":"<p>Curso Virtual en Vivo\u00a0 Certificaci\u00f3n Prerequisitos Perfil Audiencia Mantener la Certificaci\u00f3n (RCUs) Experiencia Educaci\u00f3n SMC\u2122 Nunguna Preferible profesional certificado SDC\u2122 Todos los interesados en certificarse SMC\u2122 40 unidades de Recertificaci\u00f3n cada tres a\u00f1os Visi\u00f3n general Certificado en Scrum M\u00e1ster \u00abScrum Master Certified (SMC\u2122)\u00bb son facilitadores profesionales que aseguran que el Equipo Scrum tiene un entorno [&hellip;]<\/p>\n","protected":false},"featured_media":7583,"template":"","meta":[],"product_brand":[],"product_cat":[74],"product_tag":[72],"class_list":{"0":"post-7941","1":"product","2":"type-product","3":"status-publish","4":"has-post-thumbnail","6":"product_cat-scrumstudy","7":"product_tag-virtual-en-vivo","9":"first","10":"instock","11":"sale","12":"taxable","13":"shipping-taxable","14":"purchasable","15":"product-type-simple"},"_links":{"self":[{"href":"https:\/\/proyectum.com\/ec\/wp-json\/wp\/v2\/product\/7941"}],"collection":[{"href":"https:\/\/proyectum.com\/ec\/wp-json\/wp\/v2\/product"}],"about":[{"href":"https:\/\/proyectum.com\/ec\/wp-json\/wp\/v2\/types\/product"}],"wp:featuredmedia":[{"embeddable":true,"href":"https:\/\/proyectum.com\/ec\/wp-json\/wp\/v2\/media\/7583"}],"wp:attachment":[{"href":"https:\/\/proyectum.com\/ec\/wp-json\/wp\/v2\/media?parent=7941"}],"wp:term":[{"taxonomy":"product_brand","embeddable":true,"href":"https:\/\/proyectum.com\/ec\/wp-json\/wp\/v2\/product_brand?post=7941"},{"taxonomy":"product_cat","embeddable":true,"href":"https:\/\/proyectum.com\/ec\/wp-json\/wp\/v2\/product_cat?post=7941"},{"taxonomy":"product_tag","embeddable":true,"href":"https:\/\/proyectum.com\/ec\/wp-json\/wp\/v2\/product_tag?post=7941"}],"curies":[{"name":"wp","href":"https:\/\/api.w.org\/{rel}","templated":true}]}}