{"id":8082,"date":"2023-07-16T19:58:35","date_gmt":"2023-07-17T00:58:35","guid":{"rendered":"https:\/\/proyectum.com\/ec\/?post_type=product&#038;p=8082"},"modified":"2024-05-09T22:31:25","modified_gmt":"2024-05-10T03:31:25","slug":"direccion-de-proyectos-hibridos","status":"publish","type":"product","link":"https:\/\/proyectum.com\/ec\/product\/direccion-de-proyectos-hibridos\/","title":{"rendered":"Direcci\u00f3n de Proyectos con Enfoques H\u00edbridos"},"content":{"rendered":"<p>En los \u00faltimos a\u00f1os has sido testigo de c\u00f3mo las organizaciones evolucionaron r\u00e1pidamente. Tambi\u00e9n, la cantidad de proyectos aument\u00f3 exponencialmente. A pesar de esto, pareciera que la Direcci\u00f3n de Proyectos de alguna manera qued\u00f3 atrapada en el pasado, y junto con ella, muchos directores de proyectos.<\/p>\n<p>Es verdad, tambi\u00e9n en los \u00faltimos a\u00f1os, el enfoque \u00e1gil se ha vuelto popular. Pero\u2026 \u00bfRealmente lo has podido implementar en tus proyectos? Tal vez s\u00ed, pero lo que seguramente te ha tocado ver con mayor frecuencia son proyectos donde se combinan los enfoques tradicionales y los \u00e1giles.<\/p>\n<p>Este enfoque h\u00edbrido es el que m\u00e1s vemos en la pr\u00e1ctica y es que en un mundo impulsado por el cambio, las empresas no pueden aplicar un solo enfoque a todos sus proyectos, debemos ocupar lo mejor de cada uno.<\/p>\n<p>Presentar de manera formal el enfoque h\u00edbrido para que puedas utilizarlo en los proyectos de tu organizaci\u00f3n. Comprender\u00e1s la importancia de determinar el contexto en el que se ejecuta tu proyecto para elegir el enfoque de direcci\u00f3n de proyectos adecuado para conseguir el valor esperado.<\/p>\n<p>Duraci\u00f3n: 24 horas de capacitaci\u00f3n efectiva<br \/>\nSesiones: 8 sesiones totales de 3 horas cada sesi\u00f3n<br \/>\nModalidad: Online con instructor en vivo<br \/>\nRequisitos: No requiere requisitos previos<br \/>\nAcreditaci\u00f3n: 24 PDUs<\/p>\n<p>\u00a1Aprovecha nuestros descuentos por grupos en TODOS nuestros cursos!<\/p>\n<p><strong>En este taller podr\u00e1n participar: <\/strong><\/p>\n<p>Directores de proyectos y miembros de equipos de proyectos.<br \/>\nPersonal de dirija o participe en proyectos.<br \/>\nGerentes a cargo del seguimiento de los proyectos de la organizaci\u00f3n.<br \/>\nTodos los profesionales en carreras de Ingenier\u00eda, Construcci\u00f3n, Computaci\u00f3n y cualquier otra profesi\u00f3n que deseen realizar proyectos, tanto personales como empresariales de manera exitosa.<br \/>\nProfesionales que deseen complementar sus carreras con excelentes conocimientos en direcci\u00f3n de proyectos.<\/p>\n<p><strong>Este curso consta de 10 m\u00f3dulos:<\/strong><\/p>\n<p>Introducci\u00f3n a la Direcci\u00f3n de Proyectos<br \/>\nLa Entrega de Valor y el Rol del director de proyecto<br \/>\nPrincipios de la Direcci\u00f3n de Proyectos<br \/>\nDominios de Desempe\u00f1o del proyecto<br \/>\nEl Contexto y los Ciclos de Vida<br \/>\nPredictivo<br \/>\nAdaptativo<br \/>\nIncremental<br \/>\nIterativo<br \/>\n\u00c1gil<br \/>\nH\u00edbrido<br \/>\nIniciar el proyecto<br \/>\nDesarrollar la soluci\u00f3n<br \/>\nEntregar la soluci\u00f3n<br \/>\nEn curso (On going)<br \/>\nAdaptaci\u00f3n<br \/>\nBeneficios de adaptar<br \/>\nEl proceso de adaptaci\u00f3n<br \/>\nAdaptaci\u00f3n de tu Forma de Trabajar (WoW)<br \/>\nM\u00e9tricas<\/p>\n<p><strong>Al matricular este taller usted contar\u00e1 con:<\/strong><\/p>\n<p>Formatos de Direcci\u00f3n de Proyectos que apoyan la din\u00e1mica del curso y que puedes utilizar en tus proyectos.<br \/>\nCapacitaci\u00f3n registrada ante el PMI\u00ae y que otorga 24 PDUs.<br \/>\nConstancia de participaci\u00f3n en el que se avalan 24 horas de capacitaci\u00f3n.<br \/>\nAcceso al curso online Scrum Fundamentals Certified y examen de certificaci\u00f3n.<br \/>\nSesiones impartidas por instructor certificado como PMP\u00ae<\/p>\n<p><strong>Al finalizar este taller usted ser\u00e1 capaz de:<\/strong><\/p>\n<p>Entender de forma clara el marco conceptual de la direcci\u00f3n de proyectos, desde que inicia hasta que termina un proyecto<br \/>\nDeterminar el contexto en el que gestionar\u00e1s el proyecto<br \/>\nElegir el mejor enfoque a aplicar en tu proyecto<br \/>\nDescribir y utilizar las principales t\u00e9cnicas y herramientas de direcci\u00f3n de proyectos<\/p>\n","protected":false},"excerpt":{"rendered":"<p>En los \u00faltimos a\u00f1os has sido testigo de c\u00f3mo las organizaciones evolucionaron r\u00e1pidamente. Tambi\u00e9n, la cantidad de proyectos aument\u00f3 exponencialmente. A pesar de esto, pareciera que la Direcci\u00f3n de Proyectos de alguna manera qued\u00f3 atrapada en el pasado, y junto con ella, muchos directores de proyectos. Es verdad, tambi\u00e9n en los \u00faltimos a\u00f1os, el enfoque [&hellip;]<\/p>\n","protected":false},"featured_media":8083,"template":"","meta":[],"product_brand":[],"product_cat":[69],"product_tag":[],"class_list":{"0":"post-8082","1":"product","2":"type-product","3":"status-publish","4":"has-post-thumbnail","6":"product_cat-uncategorized","8":"first","9":"instock","10":"sale","11":"taxable","12":"shipping-taxable","13":"purchasable","14":"product-type-simple"},"_links":{"self":[{"href":"https:\/\/proyectum.com\/ec\/wp-json\/wp\/v2\/product\/8082"}],"collection":[{"href":"https:\/\/proyectum.com\/ec\/wp-json\/wp\/v2\/product"}],"about":[{"href":"https:\/\/proyectum.com\/ec\/wp-json\/wp\/v2\/types\/product"}],"wp:featuredmedia":[{"embeddable":true,"href":"https:\/\/proyectum.com\/ec\/wp-json\/wp\/v2\/media\/8083"}],"wp:attachment":[{"href":"https:\/\/proyectum.com\/ec\/wp-json\/wp\/v2\/media?parent=8082"}],"wp:term":[{"taxonomy":"product_brand","embeddable":true,"href":"https:\/\/proyectum.com\/ec\/wp-json\/wp\/v2\/product_brand?post=8082"},{"taxonomy":"product_cat","embeddable":true,"href":"https:\/\/proyectum.com\/ec\/wp-json\/wp\/v2\/product_cat?post=8082"},{"taxonomy":"product_tag","embeddable":true,"href":"https:\/\/proyectum.com\/ec\/wp-json\/wp\/v2\/product_tag?post=8082"}],"curies":[{"name":"wp","href":"https:\/\/api.w.org\/{rel}","templated":true}]}}