{"id":8085,"date":"2023-07-25T20:42:03","date_gmt":"2023-07-26T01:42:03","guid":{"rendered":"https:\/\/proyectum.com\/ec\/?post_type=product&#038;p=8085"},"modified":"2024-09-18T17:09:04","modified_gmt":"2024-09-18T22:09:04","slug":"curso-de-preparacion-certificacion-capm","status":"publish","type":"product","link":"https:\/\/proyectum.com\/ec\/product\/curso-de-preparacion-certificacion-capm\/","title":{"rendered":"Curso de Preparaci\u00f3n Certificaci\u00f3n CAPM"},"content":{"rendered":"<div class=\"page\" title=\"Page 2\">\n<div class=\"section\">\n<div class=\"section\">\n<div class=\"layoutArea\">\n<div class=\"column\">\n<h1 style=\"text-align: center;\"><strong>Curso de Preparacio\u0301n CAPM\u00ae<\/strong><br \/>\n<strong>Con contenido preparado por PMI\u00ae<\/strong><\/h1>\n<h1 style=\"text-align: center;\"><strong>Modalidad Virtual en Vivo<\/strong><\/h1>\n<p>La certificacio\u0301n \u00abCertified Associate in Project Management\u00bb (CAPM\u00ae), es la primera de las ocho certificaciones de la Asociacio\u0301n de Directores de Proyectos ma\u0301s grande del mundo, el \u00abProject Management Institute\u00bb (PMI\u00ae).<\/p>\n<p>Esta certificacio\u0301n esta\u0301 especi\u0301ficamente disen\u0303ada para estudiantes y graduados de todas las carreras, que desean aprender y certificarse en los conceptos de Direcci\u00f3n de Proyectos del PMI\u00ae, pero que no tienen o poseen muy poca experiencia en proyectos.<\/p>\n<p>El certificarse CAPM\u00ae, es la forma ideal de ingresar al mundo de la Direcci\u00f3n de Proyectos, porque permite adquirir un excelente conocimiento en este campo que le ayudara\u0301 a escalar posiciones en el a\u0301rea profesional.<\/p>\n<h3><\/h3>\n<h3>Objetivos de Aprendizaje<\/h3>\n<p>Al final del curso los participantes sera\u0301n capaces de:<\/p>\n<p>Conocer profundamente los conceptos, conocimientos, herramientas, procesos y terminologi\u0301a del Project Management Institute PMI.<\/p>\n<p>Integrarse en proyectos de gran envergadura, siendo un valioso elemento para lograr el e\u0301xito del mismo.<\/p>\n<h3>Prerrequisitos:<\/h3>\n<p>Este curso no tiene prerrequisitos establecidos.<\/p>\n<\/div>\n<h3><\/h3>\n<h3>Dirigido a:<\/h3>\n<ul>\n<li>Profesionales que se este\u0301n iniciando como Directores de Proyecto<\/li>\n<li>Integrantes de equipos de proyecto<\/li>\n<\/ul>\n<h3>Requisitos de certificaci\u00f3n:<\/h3>\n<p>Para poder rendir el examen CAPM\u00ae el PMI\u00ae pide como requisito:<\/p>\n<ul>\n<li>Diploma de ensen\u0303anza secundaria (en Chile corresponde a la Licencia de Ensen\u0303anza Media)<\/li>\n<li>Una de las siguientes dos opciones:\n<ul>\n<li>1.500 horas de experiencia profesional en un equipo de proyecto<\/li>\n<li>23 horas de educacio\u0301n formal en Direccio\u0301n de Proyectos.\u00a0<strong>Este curso permite acreditar este requisito.<\/strong><\/li>\n<\/ul>\n<\/li>\n<\/ul>\n<div class=\"column\">\n<h3>Temario:<\/h3>\n<p>\u2022 Demostrar una comprensi\u00f3n de los diversos procesos y ciclos de vida del proyecto.<br \/>\n\u2022 Demostrar una comprensi\u00f3n de la planificaci\u00f3n de la gesti\u00f3n de proyectos.<br \/>\n\u2022 Demostrar una comprensi\u00f3n de los roles y responsabilidades del proyecto.<br \/>\n\u2022 Determinar c\u00f3mo seguir y ejecutar estrategias o marcos planificados.<br \/>\n\u2022 Demostrar una comprensi\u00f3n de las herramientas y t\u00e9cnicas comunes de resoluci\u00f3n de problemas.<br \/>\n\u2022 Explicar cu\u00e1ndo es apropiado utilizar un enfoque predictivo basado en un plan.<br \/>\n\u2022 Demostrar una comprensi\u00f3n del cronograma del plan de gesti\u00f3n de proyectos.<br \/>\n\u2022 Determinar c\u00f3mo documentar los controles de proyectos de proyectos predictivos basados en planes.<br \/>\n\u2022 Explicar cu\u00e1ndo es apropiado utilizar un enfoque adaptativo.<br \/>\n\u2022 Determinar c\u00f3mo planificar las iteraciones del proyecto.<br \/>\n\u2022 Determinar c\u00f3mo documentar los controles del proyecto para un proyecto adaptativo.<br \/>\n\u2022 Explicar los componentes de un plan adaptativo.<br \/>\n\u2022 Determinar c\u00f3mo preparar y ejecutar los pasos de gesti\u00f3n de tareas.<br \/>\n\u2022 Demostrar una comprensi\u00f3n de las funciones y responsabilidades del an\u00e1lisis empresarial (BA).<br \/>\n\u2022 Determinar c\u00f3mo llevar a cabo la comunicaci\u00f3n con las partes interesadas.<br \/>\n\u2022 Determinar c\u00f3mo reunir los requisitos.<br \/>\n\u2022 Demostrar una comprensi\u00f3n de las hojas de ruta del producto.<br \/>\n\u2022 Determinar c\u00f3mo las metodolog\u00edas de proyectos influyen en los procesos de an\u00e1lisis empresarial.<br \/>\n\u2022 Validar requerimientos a trav\u00e9s de la entrega de productos.<\/p>\n<\/div>\n<h3><\/h3>\n<h3>Incluye:<\/h3>\n<ul>\n<li><strong>11 Sesiones de contenidos de 3\u00a0 horas cada una, impartidas por Instructor certificado como CAPM y PMP\u00ae<\/strong>\u00a0y acreditado como instructor por el Project Management Institute \u2013 PMI<sup>\u00ae<\/sup>.<\/li>\n<li><strong>Instructor 100% en vivo<\/strong><\/li>\n<li><strong>Material <\/strong>en idioma <strong>espa\u00f1ol e ingl\u00e9s.<\/strong><\/li>\n<li>En la sesi\u00f3n #12 se realiza un examen completo de 150 preguntas de simulaci\u00f3n.\u00a0 La cual tiene 25 preguntas oficiales del PMI.<\/li>\n<li>En la sesi\u00f3n #13 se revisa y analizan los resultados del examen.<\/li>\n<li><strong>Plan personal<\/strong> de estudio por sesi\u00f3n.<\/li>\n<li><strong>70 plantillas de gesti\u00f3n de proyectos<\/strong><\/li>\n<li><strong>Acceso exclusivo al CONVERSATORIO PMP<\/strong>, de una hora semanal con instructor en vivo, en total 35 horas adicionales de capacitaci\u00f3n.<\/li>\n<li>35 horas de contenido de apoyo pregrabado<\/li>\n<li><strong>Capacitaci\u00f3n v\u00e1lida ante el PMI\u00ae<\/strong> para optar por hacer el examen de certificaci\u00f3n de CAPM.<\/li>\n<li><strong>Ex\u00e1menes<\/strong> de pr\u00e1ctica en cada sesi\u00f3n.<\/li>\n<li><strong>Diploma de participaci\u00f3n<\/strong>.<\/li>\n<li><strong>Apoyo para el registro a membres\u00eda al PMI\u00ae.<\/strong><\/li>\n<li><strong>Apoyo para matricula <\/strong>al examen de certificaci\u00f3n CAPM\u00ae.<\/li>\n<li><strong>Membres\u00eda anual<\/strong>\u00a0del PMI para descarga de libros de estudio y descuento en el examen de certificaci\u00f3n.<\/li>\n<\/ul>\n<p><strong>Valores agregados:<\/strong><\/p>\n<ul>\n<li>Garanti\u0301a de aprobacio\u0301n: Si usted no pasa el examen, Proyectum Ecuador:\n<ul>\n<li>Le hara\u0301 un programa personalizado de estudio para volver a dar el examen.<\/li>\n<li>Otorgara\u0301 acceso permanente a hacer preguntas vi\u0301a mail al instructor<\/li>\n<\/ul>\n<\/li>\n<li>Herramientas y acompan\u0303amiento para el proceso de certificacio\u0301n<\/li>\n<\/ul>\n<h3>Condiciones de validez de garant\u00eda:<\/h3>\n<ul>\n<li>Asistir al 100% de las clases.<\/li>\n<li>Hacer el 100% de las tareas dejadas por el instructor.<\/li>\n<li>Pasar el examen final de nuestro simulador con por lo menos 75% de promedio general.<\/li>\n<li>Rendir el examen de Certificacio\u0301n en un periodo ma\u0301ximo de 60 di\u0301as despue\u0301s de la conclusio\u0301n de nuestro programa.<\/li>\n<\/ul>\n<h3>Duraci\u00f3n del programa:<\/h3>\n<p>40 horas<\/p>\n<\/div>\n<p>&nbsp;<\/p>\n<p>&nbsp;<\/p>\n<\/div>\n<\/div>\n<\/div>\n","protected":false},"excerpt":{"rendered":"<p>Curso de Preparacio\u0301n CAPM\u00ae Con contenido preparado por PMI\u00ae Modalidad Virtual en Vivo La certificacio\u0301n \u00abCertified Associate in Project Management\u00bb (CAPM\u00ae), es la primera de las ocho certificaciones de la Asociacio\u0301n de Directores de Proyectos ma\u0301s grande del mundo, el \u00abProject Management Institute\u00bb (PMI\u00ae). Esta certificacio\u0301n esta\u0301 especi\u0301ficamente disen\u0303ada para estudiantes y graduados de todas [&hellip;]<\/p>\n","protected":false},"featured_media":8099,"template":"","meta":[],"product_brand":[],"product_cat":[69],"product_tag":[],"class_list":{"0":"post-8085","1":"product","2":"type-product","3":"status-publish","4":"has-post-thumbnail","6":"product_cat-uncategorized","8":"first","9":"instock","10":"sale","11":"taxable","12":"shipping-taxable","13":"purchasable","14":"product-type-simple"},"_links":{"self":[{"href":"https:\/\/proyectum.com\/ec\/wp-json\/wp\/v2\/product\/8085"}],"collection":[{"href":"https:\/\/proyectum.com\/ec\/wp-json\/wp\/v2\/product"}],"about":[{"href":"https:\/\/proyectum.com\/ec\/wp-json\/wp\/v2\/types\/product"}],"wp:featuredmedia":[{"embeddable":true,"href":"https:\/\/proyectum.com\/ec\/wp-json\/wp\/v2\/media\/8099"}],"wp:attachment":[{"href":"https:\/\/proyectum.com\/ec\/wp-json\/wp\/v2\/media?parent=8085"}],"wp:term":[{"taxonomy":"product_brand","embeddable":true,"href":"https:\/\/proyectum.com\/ec\/wp-json\/wp\/v2\/product_brand?post=8085"},{"taxonomy":"product_cat","embeddable":true,"href":"https:\/\/proyectum.com\/ec\/wp-json\/wp\/v2\/product_cat?post=8085"},{"taxonomy":"product_tag","embeddable":true,"href":"https:\/\/proyectum.com\/ec\/wp-json\/wp\/v2\/product_tag?post=8085"}],"curies":[{"name":"wp","href":"https:\/\/api.w.org\/{rel}","templated":true}]}}