{"id":8091,"date":"2023-08-03T14:09:26","date_gmt":"2023-08-03T19:09:26","guid":{"rendered":"https:\/\/proyectum.com\/ec\/?post_type=product&#038;p=8091"},"modified":"2024-01-16T13:12:23","modified_gmt":"2024-01-16T18:12:23","slug":"scrum-master-certificado-smc-bajo-demanda-inc-en-taller-copy","status":"publish","type":"product","link":"https:\/\/proyectum.com\/ec\/product\/scrum-master-certificado-smc-bajo-demanda-inc-en-taller-copy\/","title":{"rendered":"Scrum Developer Certificado SDC\u2122 Bajo Demanda"},"content":{"rendered":"<p style=\"text-align: center;\"><strong>Curso Online y Certificaci\u00f3n SDC\u2122<\/strong><\/p>\n<table class=\"comparison-table certification-details-table\" border=\"0\">\n<tbody>\n<tr>\n<th rowspan=\"2\">Certificaci\u00f3n<\/th>\n<th colspan=\"2\">Prerequisitos<\/th>\n<th rowspan=\"2\">Perfil Audiencia<\/th>\n<th rowspan=\"2\">Mantener la Certificaci\u00f3n (RCUs)<\/th>\n<\/tr>\n<tr class=\"second-row\">\n<th>Experiencia<\/th>\n<th>Educaci\u00f3n<\/th>\n<\/tr>\n<tr>\n<th>SDC\u2122<\/th>\n<th>Ninguna<\/th>\n<th>Ninguna<\/th>\n<th>Cualquier persona de un equipo SCRUM o que interact\u00faa con un equipo Scrum.<\/th>\n<th>25 unidades de Recertificaci\u00f3n cada tres a\u00f1os<\/th>\n<\/tr>\n<\/tbody>\n<\/table>\n<h2>Visi\u00f3n general<\/h2>\n<p>Desarrollador Certificado en Scrum \u00abScrum Developer Certified (SDC\u2122)\u00bb es una certificaci\u00f3n para miembros principiantes de Equipos Scrum y para quienes interactuan con un Equipo Scrum. \u00a0El objetivo de esta certificaci\u00f3n es asegurar que los miembros del Equipo Scrum conocen lo suficiente sobre Scrum para que puedan contribuir efectivamente a un proyecto Scrum. Todo el material del curso y las herramientas de preparaci\u00f3n estar\u00e1n disponibles Online en nuestra plataforma de SCRUMstudy.com. \u00a0El participante tendr\u00e1 a su disposici\u00f3n un examen Online vigilado al final del curso.<\/p>\n<p><strong>Perfil de la Audiencia<\/strong><\/p>\n<p>Este curso Online es altamente recomendado para todos los profesionales que trabajan en un Equipo Scrum o que interactuan con un Equipo Scrum. \u00a0Es tambi\u00e9n muy \u00fatil para quienes est\u00e1n interesados en entender los fundamentos de Scrum y como este m\u00e9todo puede ser usado efectivamente.<\/p>\n<p>&nbsp;<\/p>\n<h2>Plan de estudios<\/h2>\n<table>\n<tbody>\n<tr>\n<td><strong>1. Introducci\u00f3n a Scrum<\/strong><\/p>\n<p>\u2022 Descripci\u00f3n de Scrum<br \/>\n\u2022 Principios de Scrum, aspectos y<br \/>\nprocesos<\/p>\n<p><strong>2. Organizaci\u00f3n<\/strong><br \/>\n\u2022 Funciones centrales y no<br \/>\ncentrales<\/p>\n<p><strong>3. Justificaci\u00f3n del negocio<\/strong><br \/>\n\u2022 Entrega orientada al valor<br \/>\n\u2022 Factores usados para<br \/>\ndeterminar la justificaci\u00f3n del<br \/>\nnegocio<br \/>\n\u2022 Confirma la realizaci\u00f3n de<br \/>\nbeneficios<\/p>\n<p><strong>4. Calidad<\/strong><br \/>\n\u2022 Definici\u00f3n de calidad<br \/>\n\u2022 Calidad, enfoque y valor<br \/>\nempresarial<br \/>\n\u2022 Gesti\u00f3n de calidad en<br \/>\nScrum<\/p>\n<p><strong>5. Cambio<\/strong><\/p>\n<p>\u2022 Cambios aprobados y no<br \/>\naprobados<br \/>\n\u2022 Cambios en Scrum<\/p>\n<p><strong>6. Riesgos<\/strong><br \/>\n\u2022 Riesgos y problemas<br \/>\n\u2022 Procedimiento de<br \/>\nadministraci\u00f3n de riesgos<\/p>\n<p><strong>7. Introducci\u00f3n a las fases de<\/strong><br \/>\n<strong>proyecto de Scrum<\/strong><\/p>\n<p><strong>8. Iniciaci\u00f3n<\/strong><\/p>\n<p>\u2022 Creaci\u00f3n de procesos de visi\u00f3n<br \/>\nde proyecto<br \/>\n\u2022 Identificar procesos de Scrum<br \/>\nMaster e interesados (Stakeholders)<\/td>\n<td><\/td>\n<td>\n<table>\n<tbody>\n<tr>\n<td>\u2022 Formar equipos de Scrum y<br \/>\nprocesos de desarrollo de<br \/>\n\u00e9picas<br \/>\n\u2022 Elaboraci\u00f3n de listas de<br \/>\npendientes del producto y<br \/>\nprocesos para conducir la<br \/>\nplaneaci\u00f3n de lanzamiento<\/td>\n<\/tr>\n<\/tbody>\n<\/table>\n<\/td>\n<\/tr>\n<\/tbody>\n<\/table>\n<p><strong>9. Plan y estimaci\u00f3n<\/strong><br \/>\n\u2022 Elaboraci\u00f3n de procesos de<br \/>\nhistorias del usuario<br \/>\n\u2022 Procesos para aprobar, estimar<br \/>\ny comprometerse a las historias<br \/>\nde los usuarios<br \/>\n\u2022 Elaboraci\u00f3n de tareas y<br \/>\nprocesos de tareas de<br \/>\nestimaci\u00f3n<br \/>\n\u2022 Elaboraci\u00f3n de procesos de<br \/>\nlista de pendientes de Sprint<\/p>\n<p><strong>10. Implementaci\u00f3n<\/strong><br \/>\n\u2022 Elaboraci\u00f3n de entregables y<br \/>\nprocesos para realizar Stand-up<br \/>\ndiarios<br \/>\n\u2022 Mantenimiento priorizado de los<br \/>\npendientes del producto<\/p>\n<p><strong>11. Revisi\u00f3n y retrospectiva<\/strong><br \/>\n\u2022 Procesos para convenir Scrums<br \/>\nde Scrums<br \/>\n\u2022 Procesos para demostrar y<br \/>\nvalidar el Sprint<br \/>\n\u2022 Procesos de retrospectiva del<br \/>\nSprint<\/p>\n<p><strong>12. Lanzamiento<\/strong><br \/>\n\u2022 Env\u00edo de entregables y procesos<br \/>\nde retrospectiva del proyecto<\/p>\n<p><strong>13. Escalando Scrum<\/strong><br \/>\n\u2022 Escalabilidad de Scrum y trazo<br \/>\nde las funciones tradicionales.<\/p>\n<h2><\/h2>\n<h2>Formato del examen<\/h2>\n<ul>\n<li>Preguntas opci\u00f3n m\u00faltiple<\/li>\n<li>75 preguntas por examen<\/li>\n<li>Un punto por cada respuesta correcta<\/li>\n<li>No se restan puntos por respuestas equivocadas<\/li>\n<li>Necesitas responder correctamente a 57 preguntas para pasar<\/li>\n<li>90 minutos de duraci\u00f3n<\/li>\n<li>Examen Online vigilado<\/li>\n<\/ul>\n<p>&nbsp;<\/p>\n","protected":false},"excerpt":{"rendered":"<p>Curso Online y Certificaci\u00f3n SDC\u2122 Certificaci\u00f3n Prerequisitos Perfil Audiencia Mantener la Certificaci\u00f3n (RCUs) Experiencia Educaci\u00f3n SDC\u2122 Ninguna Ninguna Cualquier persona de un equipo SCRUM o que interact\u00faa con un equipo Scrum. 25 unidades de Recertificaci\u00f3n cada tres a\u00f1os Visi\u00f3n general Desarrollador Certificado en Scrum \u00abScrum Developer Certified (SDC\u2122)\u00bb es una certificaci\u00f3n para miembros principiantes de [&hellip;]<\/p>\n","protected":false},"featured_media":8093,"template":"","meta":[],"product_brand":[],"product_cat":[74],"product_tag":[73],"class_list":{"0":"post-8091","1":"product","2":"type-product","3":"status-publish","4":"has-post-thumbnail","6":"product_cat-scrumstudy","7":"product_tag-asincrono","9":"first","10":"instock","11":"sale","12":"taxable","13":"shipping-taxable","14":"purchasable","15":"product-type-simple"},"_links":{"self":[{"href":"https:\/\/proyectum.com\/ec\/wp-json\/wp\/v2\/product\/8091"}],"collection":[{"href":"https:\/\/proyectum.com\/ec\/wp-json\/wp\/v2\/product"}],"about":[{"href":"https:\/\/proyectum.com\/ec\/wp-json\/wp\/v2\/types\/product"}],"wp:featuredmedia":[{"embeddable":true,"href":"https:\/\/proyectum.com\/ec\/wp-json\/wp\/v2\/media\/8093"}],"wp:attachment":[{"href":"https:\/\/proyectum.com\/ec\/wp-json\/wp\/v2\/media?parent=8091"}],"wp:term":[{"taxonomy":"product_brand","embeddable":true,"href":"https:\/\/proyectum.com\/ec\/wp-json\/wp\/v2\/product_brand?post=8091"},{"taxonomy":"product_cat","embeddable":true,"href":"https:\/\/proyectum.com\/ec\/wp-json\/wp\/v2\/product_cat?post=8091"},{"taxonomy":"product_tag","embeddable":true,"href":"https:\/\/proyectum.com\/ec\/wp-json\/wp\/v2\/product_tag?post=8091"}],"curies":[{"name":"wp","href":"https:\/\/api.w.org\/{rel}","templated":true}]}}