{"id":6894,"date":"2018-09-12T22:58:34","date_gmt":"2018-09-13T01:58:34","guid":{"rendered":"https:\/\/www.proyectumglobal.cl\/?page_id=6894"},"modified":"2020-10-20T18:51:09","modified_gmt":"2020-10-21T00:51:09","slug":"consultoria","status":"publish","type":"page","link":"https:\/\/proyectum.com\/gt\/consultoria\/","title":{"rendered":"Consultor\u00eda"},"content":{"rendered":"<div class=\"wpb-content-wrapper\"><p>[vc_row full_width=\u00bbstretch_row\u00bb parallax=\u00bbcontent-moving\u00bb parallax_image=\u00bb6992&#8243; css=\u00bb.vc_custom_1538087893297{padding-top: 128px !important;padding-bottom: 128px !important;}\u00bb el_class=\u00bbbg-degrade-header\u00bb][vc_column][vc_custom_heading text=\u00bbCONSULTOR\u00cdA\u00bb font_container=\u00bbtag:h1|text_align:center|color:%23ffffff\u00bb use_theme_fonts=\u00bbyes\u00bb css=\u00bb.vc_custom_1538086041492{margin-bottom: 0px !important;}\u00bb][\/vc_column][\/vc_row][vc_row css=\u00bb.vc_custom_1488777218947{padding-top: 25px !important;padding-bottom: 60px !important;}\u00bb][vc_column width=\u00bb1\/2&#8243;][vc_column_text]<strong><span style=\"color: #00416b;\">Nuestros servicios de Consultor\u00eda tienen por finalidad permitir a nuestros clientes establecer un medio ambiente de procesos, herramientas y personas que creen las condiciones para ejecutar proyectos exitosos.<\/span><\/strong><\/p>\n<p>Nuestro equipo profesional combina experiencia pr\u00e1ctica con s\u00f3lidos fundamentos conceptuales, lo que nos permite abarcar todos los \u00e1mbitos de la Direcci\u00f3n de Proyectos.<\/p>\n<ul>\n<li>Nuestros socios consultores son personas de vasta experiencia ejecutiva y de consultor\u00eda, con una orientaci\u00f3n natural hacia resultados.<\/li>\n<li>Nuestra base de conocimiento es enriquecida con experiencias y pr\u00e1cticas probadas a nivel mundial.<\/li>\n<li>Con la implantaci\u00f3n de nuestras metodolog\u00edas y procesos de negocio, facilitamos la transferencia del conocimiento a nuestros clientes y ellos se pueden despreocupar de su mantenimiento y actualizaci\u00f3n<\/li>\n<li>Nuestro modelo de negocio nos permite gran flexibilidad en la estructuraci\u00f3n del servicio.<\/li>\n<\/ul>\n<p>[\/vc_column_text][\/vc_column][vc_column width=\u00bb1\/2&#8243; text_align=\u00bbleft\u00bb css=\u00bb.vc_custom_1536801436117{padding-left: 200px !important;}\u00bb]<div class=\"porto-u-heading  wpb_custom_95aa9a11c17ad45cfabaf210d84ee7cc porto-u-3008\"><div class=\"porto-u-main-heading\"><h2   style=\"font-weight:300;color:#dd952a;line-height:27px;\">CONSULTOR\u00cdA PROYECTUM<\/h2><\/div><style>.porto-u-3008.porto-u-heading{text-align:center}<\/style><\/div>[vc_wp_custommenu nav_menu=\u00bb54&#8243;]<div class=\"porto-u-heading  wpb_custom_95aa9a11c17ad45cfabaf210d84ee7cc porto-u-5625\"><div class=\"porto-u-main-heading\"><h2   style=\"font-weight:300;color:#dd952a;line-height:27px;\">\u00bfNECESITAS APOYO? PODEMOS AYUDARTE<\/h2><\/div><style>.porto-u-5625.porto-u-heading{text-align:center}<\/style><\/div>\n<div class=\"wpcf7 no-js\" id=\"wpcf7-f7572-o1\" lang=\"es-ES\" dir=\"ltr\" data-wpcf7-id=\"7572\">\n<div class=\"screen-reader-response\"><p role=\"status\" aria-live=\"polite\" aria-atomic=\"true\"><\/p> <ul><\/ul><\/div>\n<form action=\"\/gt\/wp-json\/wp\/v2\/pages\/6894#wpcf7-f7572-o1\" method=\"post\" class=\"wpcf7-form init\" aria-label=\"Formulario de contacto\" novalidate=\"novalidate\" data-status=\"init\">\n<div style=\"display: none;\">\n<input type=\"hidden\" name=\"_wpcf7\" value=\"7572\" \/>\n<input type=\"hidden\" name=\"_wpcf7_version\" value=\"6.0.6\" \/>\n<input type=\"hidden\" name=\"_wpcf7_locale\" value=\"es_ES\" \/>\n<input type=\"hidden\" name=\"_wpcf7_unit_tag\" value=\"wpcf7-f7572-o1\" \/>\n<input type=\"hidden\" name=\"_wpcf7_container_post\" value=\"0\" \/>\n<input type=\"hidden\" name=\"_wpcf7_posted_data_hash\" value=\"\" \/>\n<\/div>\n<p>Nombre *<br \/>\n    <span class=\"wpcf7-form-control-wrap\" data-name=\"Nombre\"><input size=\"40\" maxlength=\"400\" class=\"wpcf7-form-control wpcf7-text wpcf7-validates-as-required\" aria-required=\"true\" aria-invalid=\"false\" value=\"\" type=\"text\" name=\"Nombre\" \/><\/span> <\/p>\n\n<p>Correo electr\u00f3nico *<br \/>\n    <span class=\"wpcf7-form-control-wrap\" data-name=\"Email\"><input size=\"40\" maxlength=\"400\" class=\"wpcf7-form-control wpcf7-email wpcf7-validates-as-required wpcf7-text wpcf7-validates-as-email\" aria-required=\"true\" aria-invalid=\"false\" value=\"\" type=\"email\" name=\"Email\" \/><\/span> <\/p>\n\n<p>Tel\u00e9fono *<br \/>\n    <span class=\"wpcf7-form-control-wrap\" data-name=\"Telefono\"><input size=\"40\" maxlength=\"400\" class=\"wpcf7-form-control wpcf7-tel wpcf7-validates-as-required wpcf7-text wpcf7-validates-as-tel\" aria-required=\"true\" aria-invalid=\"false\" value=\"\" type=\"tel\" name=\"Telefono\" \/><\/span><\/p>\n\n<p>Empresa o instituci\u00f3n<br \/>\n    <span class=\"wpcf7-form-control-wrap\" data-name=\"Empresa\"><input size=\"40\" maxlength=\"400\" class=\"wpcf7-form-control wpcf7-text\" aria-invalid=\"false\" value=\"\" type=\"text\" name=\"Empresa\" \/><\/span> <\/p>\n\n<p>Mensaje<br \/>\n    <span class=\"wpcf7-form-control-wrap\" data-name=\"Mensaje\"><textarea cols=\"40\" rows=\"10\" maxlength=\"2000\" class=\"wpcf7-form-control wpcf7-textarea\" aria-invalid=\"false\" name=\"Mensaje\"><\/textarea><\/span> <\/p>\n<span class=\"wpcf7-form-control-wrap\" data-name=\"Mantenercontacto\"><span class=\"wpcf7-form-control wpcf7-checkbox\"><span class=\"wpcf7-list-item first\"><input type=\"checkbox\" name=\"Mantenercontacto[]\" value=\"Invitarme a webinars\" \/><span class=\"wpcf7-list-item-label\">Invitarme a webinars<\/span><\/span><span class=\"wpcf7-list-item last\"><input type=\"checkbox\" name=\"Mantenercontacto[]\" value=\"Enviarme bolet\u00edn\" \/><span class=\"wpcf7-list-item-label\">Enviarme bolet\u00edn<\/span><\/span><\/span><\/span>\n<\/div>\n    <div class=\"col-lg-6 text-right\"><input class=\"wpcf7-form-control wpcf7-submit has-spinner custom-btn-style-4 btn-enviar-form box\" type=\"submit\" value=\"Cont\u00e1ctanos\" \/><\/div>\n\n<i>Los campos con * son obligatorios<\/i><div class=\"wpcf7-response-output\" aria-hidden=\"true\"><\/div>\n<\/form>\n<\/div>\n[\/vc_column][\/vc_row]<\/p>\n<\/div>","protected":false},"excerpt":{"rendered":"<p>[vc_row full_width=\u00bbstretch_row\u00bb parallax=\u00bbcontent-moving\u00bb parallax_image=\u00bb6992&#8243; css=\u00bb.vc_custom_1538087893297{padding-top: 128px !important;padding-bottom: 128px !important;}\u00bb el_class=\u00bbbg-degrade-header\u00bb][vc_column][vc_custom_heading text=\u00bbCONSULTOR\u00cdA\u00bb font_container=\u00bbtag:h1|text_align:center|color:%23ffffff\u00bb use_theme_fonts=\u00bbyes\u00bb css=\u00bb.vc_custom_1538086041492{margin-bottom: 0px !important;}\u00bb][\/vc_column][\/vc_row][vc_row css=\u00bb.vc_custom_1488777218947{padding-top: 25px !important;padding-bottom: 60px !important;}\u00bb][vc_column width=\u00bb1\/2&#8243;][vc_column_text]Nuestros servicios de Consultor\u00eda tienen por finalidad permitir a nuestros clientes establecer un medio ambiente de procesos, herramientas y personas que creen las condiciones para ejecutar proyectos exitosos. Nuestro equipo profesional combina experiencia pr\u00e1ctica [&hellip;]<\/p>\n","protected":false},"author":2,"featured_media":0,"parent":0,"menu_order":0,"comment_status":"closed","ping_status":"closed","template":"","meta":{"content-type":"","footnotes":""},"class_list":["post-6894","page","type-page","status-publish","hentry"],"_links":{"self":[{"href":"https:\/\/proyectum.com\/gt\/wp-json\/wp\/v2\/pages\/6894"}],"collection":[{"href":"https:\/\/proyectum.com\/gt\/wp-json\/wp\/v2\/pages"}],"about":[{"href":"https:\/\/proyectum.com\/gt\/wp-json\/wp\/v2\/types\/page"}],"author":[{"embeddable":true,"href":"https:\/\/proyectum.com\/gt\/wp-json\/wp\/v2\/users\/2"}],"replies":[{"embeddable":true,"href":"https:\/\/proyectum.com\/gt\/wp-json\/wp\/v2\/comments?post=6894"}],"version-history":[{"count":0,"href":"https:\/\/proyectum.com\/gt\/wp-json\/wp\/v2\/pages\/6894\/revisions"}],"wp:attachment":[{"href":"https:\/\/proyectum.com\/gt\/wp-json\/wp\/v2\/media?parent=6894"}],"curies":[{"name":"wp","href":"https:\/\/api.w.org\/{rel}","templated":true}]}}