{"id":7002,"date":"2018-09-27T22:15:36","date_gmt":"2018-09-28T01:15:36","guid":{"rendered":"https:\/\/www.proyectumglobal.com\/mx\/?page_id=7002"},"modified":"2021-12-13T17:07:05","modified_gmt":"2021-12-13T23:07:05","slug":"calendario","status":"publish","type":"page","link":"https:\/\/proyectum.com\/gt\/calendario\/","title":{"rendered":"Calendario"},"content":{"rendered":"<div class=\"wpb-content-wrapper\"><p>[vc_row full_width=\u00bbstretch_row\u00bb css=\u00bb.vc_custom_1538087693828{padding-top: 128px !important;padding-bottom: 128px !important;background-image: url(https:\/\/www.proyectum.com\/cl\/wp-content\/uploads\/2018\/09\/capacitacion-banner.png?id=6991) !important;background-position: center !important;background-repeat: no-repeat !important;background-size: cover !important;}\u00bb el_class=\u00bbbg-degrade-header-alt\u00bb][vc_column][vc_custom_heading text=\u00bbCALENDARIO DE CURSOS\u00bb font_container=\u00bbtag:h1|text_align:center|color:%23ffffff\u00bb use_theme_fonts=\u00bbyes\u00bb css=\u00bb.vc_custom_1538097241656{margin-bottom: 0px !important;}\u00bb][\/vc_column][\/vc_row][vc_row css=\u00bb.vc_custom_1488777218947{padding-top: 25px !important;padding-bottom: 60px !important;}\u00bb][vc_column width=\u00bb1\/2&#8243;]<div class=\"  wpb_custom_c8b1584ca8467693c621f8c6ee509682\"><\/div>[vc_btn title=\u00bbM\u00e1s fechas en la regi\u00f3n &#8211; click aqu\u00ed\u00bb style=\u00bbmodern\u00bb shape=\u00bbrounded\u00bb size=\u00bblg\u00bb align=\u00bbcenter\u00bb i_icon_fontawesome=\u00bbfas fa-arrow-right\u00bb animation_duration=\u00bb2500&#8243; animation_delay=\u00bb500&#8243; button_block=\u00bbtrue\u00bb add_icon=\u00bbtrue\u00bb link=\u00bburl:https%3A%2F%2Fwww.proyectum.com%2Fsistema%2Fcursos%2Fcalendario%2F|title:Cursos%20regionales%20Proyectum%20||\u00bb animation_type=\u00bbflash\u00bb][vc_separator][\/vc_column][vc_column width=\u00bb1\/2&#8243; text_align=\u00bbleft\u00bb css=\u00bb.vc_custom_1536801436117{padding-left: 200px !important;}\u00bb]<div class=\"porto-u-heading  wpb_custom_95aa9a11c17ad45cfabaf210d84ee7cc porto-u-6674\"><div class=\"porto-u-main-heading\"><h2   style=\"color:#e2b03b;\">REG\u00cdSTRATE AQU\u00cd<\/h2><\/div><style>.porto-u-6674.porto-u-heading{text-align:center}<\/style><\/div>\n<div class=\"wpcf7 no-js\" id=\"wpcf7-f4045-o1\" lang=\"es-ES\" dir=\"ltr\" data-wpcf7-id=\"4045\">\n<div class=\"screen-reader-response\"><p role=\"status\" aria-live=\"polite\" aria-atomic=\"true\"><\/p> <ul><\/ul><\/div>\n<form action=\"\/gt\/wp-json\/wp\/v2\/pages\/7002#wpcf7-f4045-o1\" method=\"post\" class=\"wpcf7-form init\" aria-label=\"Formulario de contacto\" novalidate=\"novalidate\" data-status=\"init\">\n<div style=\"display: none;\">\n<input type=\"hidden\" name=\"_wpcf7\" value=\"4045\" \/>\n<input type=\"hidden\" name=\"_wpcf7_version\" value=\"6.0.6\" \/>\n<input type=\"hidden\" name=\"_wpcf7_locale\" value=\"es_ES\" \/>\n<input type=\"hidden\" name=\"_wpcf7_unit_tag\" value=\"wpcf7-f4045-o1\" \/>\n<input type=\"hidden\" name=\"_wpcf7_container_post\" value=\"0\" \/>\n<input type=\"hidden\" name=\"_wpcf7_posted_data_hash\" value=\"\" \/>\n<\/div>\n<p>Nombre *<br \/>\n    <span class=\"wpcf7-form-control-wrap\" data-name=\"Nombre\"><input size=\"40\" maxlength=\"400\" class=\"wpcf7-form-control wpcf7-text wpcf7-validates-as-required\" aria-required=\"true\" aria-invalid=\"false\" value=\"\" type=\"text\" name=\"Nombre\" \/><\/span> <\/p>\n\n<p>Correo electr\u00f3nico *<br \/>\n    <span class=\"wpcf7-form-control-wrap\" data-name=\"Email\"><input size=\"40\" maxlength=\"400\" class=\"wpcf7-form-control wpcf7-email wpcf7-validates-as-required wpcf7-text wpcf7-validates-as-email\" aria-required=\"true\" aria-invalid=\"false\" value=\"\" type=\"email\" name=\"Email\" \/><\/span> <\/p>\n\n<p>Tel\u00e9fono *<br \/>\n    <span class=\"wpcf7-form-control-wrap\" data-name=\"Telefono\"><input size=\"40\" maxlength=\"400\" class=\"wpcf7-form-control wpcf7-tel wpcf7-validates-as-required wpcf7-text wpcf7-validates-as-tel\" aria-required=\"true\" aria-invalid=\"false\" value=\"\" type=\"tel\" name=\"Telefono\" \/><\/span><\/p>\n\n<p>Empresa o instituci\u00f3n<br \/>\n    <span class=\"wpcf7-form-control-wrap\" data-name=\"Empresa\"><input size=\"40\" maxlength=\"400\" class=\"wpcf7-form-control wpcf7-text\" aria-invalid=\"false\" value=\"\" type=\"text\" name=\"Empresa\" \/><\/span> <\/p>\n\n<p>Curso donde desea inscribirse *<br \/>\n<span class=\"wpcf7-form-control-wrap\" data-name=\"Curso\"><select class=\"wpcf7-form-control wpcf7-select wpcf7-validates-as-required\" aria-required=\"true\" aria-invalid=\"false\" name=\"Curso\"><option value=\"\">&#8212;Por favor, elige una opci\u00f3n&#8212;<\/option><option value=\"Curso de Preparaci\u00f3n para la Certificaci\u00f3n PMP\">Curso de Preparaci\u00f3n para la Certificaci\u00f3n PMP<\/option><option value=\"Taller Gesti\u00f3n Agil de Proyectos con SCRUM\">Taller Gesti\u00f3n Agil de Proyectos con SCRUM<\/option><option value=\"DA Lean Scrum Master\">DA Lean Scrum Master<\/option><option value=\"Agile Essentials\">Agile Essentials<\/option><option value=\"Lean Essentials para proyectos\">Lean Essentials para proyectos<\/option><option value=\"Taller Direcci\u00f3n Exitosa de Proyectos\">Taller Direcci\u00f3n Exitosa de Proyectos<\/option><option value=\"Taller PMO\">Taller PMO<\/option><\/select><\/span><\/p>\n\n<p><span class=\"wpcf7-form-control-wrap\" data-name=\"TipoContacto\"><span class=\"wpcf7-form-control wpcf7-radio\"><span class=\"wpcf7-list-item first\"><input type=\"radio\" name=\"TipoContacto\" value=\"Solicito informaci\u00f3n\" \/><span class=\"wpcf7-list-item-label\">Solicito informaci\u00f3n<\/span><\/span><span class=\"wpcf7-list-item last\"><input type=\"radio\" name=\"TipoContacto\" value=\"Deseo matricularme\" \/><span class=\"wpcf7-list-item-label\">Deseo matricularme<\/span><\/span><\/span><\/span><\/p>\n\n<p>Mensaje<br \/>\n    <span class=\"wpcf7-form-control-wrap\" data-name=\"Mensaje\"><textarea cols=\"40\" rows=\"10\" maxlength=\"2000\" class=\"wpcf7-form-control wpcf7-textarea\" aria-invalid=\"false\" name=\"Mensaje\"><\/textarea><\/span> <\/p>\n\n<p><input class=\"wpcf7-form-control wpcf7-submit has-spinner\" type=\"submit\" value=\"Enviar\" \/><\/p>\n\n<i>Los campos con * son obligatorios<\/i><div class=\"wpcf7-response-output\" aria-hidden=\"true\"><\/div>\n<\/form>\n<\/div>\n<div class=\"porto-u-heading  wpb_custom_95aa9a11c17ad45cfabaf210d84ee7cc porto-u-4127\"><div class=\"porto-u-main-heading\"><h2   style=\"font-weight:bold;line-height:27px;\">CURSOS PROYECTUM<\/h2><\/div><style>.porto-u-4127.porto-u-heading{text-align:left}<\/style><\/div>[vc_tta_accordion][vc_tta_section title=\u00bbCERTIFICACIONES\u00bb tab_id=\u00bb1537992268425-9e4a4cbc-6b0c\u00bb][vc_wp_custommenu nav_menu=\u00bb47&#8243;][\/vc_tta_section][vc_tta_section title=\u00bbDIRECCION DE PROYECTOS\u00bb tab_id=\u00bb1537992268460-618971a0-346c\u00bb][vc_wp_custommenu nav_menu=\u00bb48&#8243;][\/vc_tta_section][vc_tta_section title=\u00bbFUNDAMENTOS AGILES &amp; DEVOPS\u00bb tab_id=\u00bb1537992323741-129d2b9f-2fec\u00bb][vc_wp_custommenu nav_menu=\u00bb49&#8243;][\/vc_tta_section][vc_tta_section title=\u00bbOTROS PROGRAMAS Y CURSOS\u00bb tab_id=\u00bb1537992349441-86ffaea1-7c3c\u00bb][vc_wp_custommenu nav_menu=\u00bb50&#8243;][\/vc_tta_section][\/vc_tta_accordion][\/vc_column][\/vc_row]<\/p>\n<\/div>","protected":false},"excerpt":{"rendered":"<p>[vc_row full_width=\u00bbstretch_row\u00bb css=\u00bb.vc_custom_1538087693828{padding-top: 128px !important;padding-bottom: 128px !important;background-image: url(https:\/\/www.proyectum.com\/cl\/wp-content\/uploads\/2018\/09\/capacitacion-banner.png?id=6991) !important;background-position: center !important;background-repeat: no-repeat !important;background-size: cover !important;}\u00bb el_class=\u00bbbg-degrade-header-alt\u00bb][vc_column][vc_custom_heading text=\u00bbCALENDARIO DE CURSOS\u00bb font_container=\u00bbtag:h1|text_align:center|color:%23ffffff\u00bb use_theme_fonts=\u00bbyes\u00bb css=\u00bb.vc_custom_1538097241656{margin-bottom: 0px !important;}\u00bb][\/vc_column][\/vc_row][vc_row css=\u00bb.vc_custom_1488777218947{padding-top: 25px !important;padding-bottom: 60px !important;}\u00bb][vc_column width=\u00bb1\/2&#8243;][vc_btn title=\u00bbM\u00e1s fechas en la regi\u00f3n &#8211; click aqu\u00ed\u00bb style=\u00bbmodern\u00bb shape=\u00bbrounded\u00bb size=\u00bblg\u00bb align=\u00bbcenter\u00bb i_icon_fontawesome=\u00bbfas fa-arrow-right\u00bb animation_duration=\u00bb2500&#8243; animation_delay=\u00bb500&#8243; button_block=\u00bbtrue\u00bb add_icon=\u00bbtrue\u00bb link=\u00bburl:https%3A%2F%2Fwww.proyectum.com%2Fsistema%2Fcursos%2Fcalendario%2F|title:Cursos%20regionales%20Proyectum%20||\u00bb animation_type=\u00bbflash\u00bb][vc_separator][\/vc_column][vc_column width=\u00bb1\/2&#8243; text_align=\u00bbleft\u00bb css=\u00bb.vc_custom_1536801436117{padding-left: 200px !important;}\u00bb][vc_tta_accordion][vc_tta_section [&hellip;]<\/p>\n","protected":false},"author":16,"featured_media":0,"parent":0,"menu_order":0,"comment_status":"closed","ping_status":"closed","template":"","meta":{"content-type":"","footnotes":""},"class_list":["post-7002","page","type-page","status-publish","hentry"],"_links":{"self":[{"href":"https:\/\/proyectum.com\/gt\/wp-json\/wp\/v2\/pages\/7002"}],"collection":[{"href":"https:\/\/proyectum.com\/gt\/wp-json\/wp\/v2\/pages"}],"about":[{"href":"https:\/\/proyectum.com\/gt\/wp-json\/wp\/v2\/types\/page"}],"author":[{"embeddable":true,"href":"https:\/\/proyectum.com\/gt\/wp-json\/wp\/v2\/users\/16"}],"replies":[{"embeddable":true,"href":"https:\/\/proyectum.com\/gt\/wp-json\/wp\/v2\/comments?post=7002"}],"version-history":[{"count":0,"href":"https:\/\/proyectum.com\/gt\/wp-json\/wp\/v2\/pages\/7002\/revisions"}],"wp:attachment":[{"href":"https:\/\/proyectum.com\/gt\/wp-json\/wp\/v2\/media?parent=7002"}],"curies":[{"name":"wp","href":"https:\/\/api.w.org\/{rel}","templated":true}]}}