{"id":7041,"date":"2018-11-07T11:03:44","date_gmt":"2018-11-07T14:03:44","guid":{"rendered":"https:\/\/www.proyectum.com\/cl\/?page_id=7041"},"modified":"2019-04-09T13:35:05","modified_gmt":"2019-04-09T16:35:05","slug":"curso-pmo-creacion-e-implementacion","status":"publish","type":"page","link":"https:\/\/proyectum.com\/gt\/capacitacion\/curso-pmo-creacion-e-implementacion\/","title":{"rendered":"Curso PMO: Creaci\u00f3n e Implementaci\u00f3n"},"content":{"rendered":"<div class=\"wpb-content-wrapper\"><p>[vc_row full_width=\u00bbstretch_row\u00bb css=\u00bb.vc_custom_1538081762258{padding-top: 58px !important;padding-bottom: 58px !important;background-image: url(https:\/\/www.proyectum.com\/cl\/wp-content\/uploads\/2018\/09\/curso-tipo.png?id=6990) !important;background-position: center !important;background-repeat: no-repeat !important;background-size: cover !important;}\u00bb][vc_column width=\u00bb2\/3&#8243;][vc_custom_heading text=\u00bbCurso PMO: Creaci\u00f3n e Implementaci\u00f3n\u00bb font_container=\u00bbtag:h1|font_size:35|text_align:center|color:%23ffffff\u00bb use_theme_fonts=\u00bbyes\u00bb css=\u00bb.vc_custom_1541599163226{margin-bottom: 0px !important;}\u00bb][\/vc_column][vc_column width=\u00bb1\/3&#8243;][vc_btn title=\u00bbQUIERO M\u00c1S INFORMACI\u00d3N\u00bb i_icon_fontawesome=\u00bbfa fa-question-circle\u00bb add_icon=\u00bbtrue\u00bb el_class=\u00bbbtn-saber-mas\u00bb link=\u00bburl:https%3A%2F%2Fwww.proyectum.com%2Fcl%2Finscripcion-cursos%2F|||\u00bb][\/vc_column][\/vc_row][vc_row css=\u00bb.vc_custom_1488777218947{padding-top: 25px !important;padding-bottom: 60px !important;}\u00bb][vc_column width=\u00bb2\/3&#8243; css=\u00bb.vc_custom_1538081880375{padding-right: 40px !important;}\u00bb][vc_column_text]Las organizaciones alrededor del mundo est\u00e1n implementando la disciplina y procesos formales de direcci\u00f3n de proyectos, para poder entregar sus iniciativas en tiempo y dentro del presupuesto dentro de un nivel aceptable de calidad. La unidad responsable de ello es la PMO.<\/p>\n<p>El establecer una Oficina de Proyectos puede ser visto como una tarea ardua y compleja. Sin embargo, este curso est\u00e1 dise\u00f1ado para ayudar al participante a adquirir una visi\u00f3n general de una organizaci\u00f3n de este tipo y a generar un modelo l\u00f3gico para establecer una Oficina de Proyectos y operarla para desplegar los productos y servicios de los proyectos a lo largo de toda la organizaci\u00f3n.[\/vc_column_text][vc_tta_tabs active_section=\u00bb1&#8243; css=\u00bb.vc_custom_1538062059766{margin-top: 20px !important;}\u00bb][vc_tta_section title=\u00bbAntecedentes\u00bb tab_id=\u00bb1541444757751-389b2c58-e32c\u00bb][vc_column_text]<\/p>\n<h3><span style=\"color: #00416b;\">\u00bfQui\u00e9nes deben participar?<\/span><\/h3>\n<ul>\n<li>Directivos o ejecutivos que est\u00e9n pensando en establecer una Oficina de Proyectos.<\/li>\n<li>Todos quienes vayan a formar parte de la Oficina de Proyectos.<\/li>\n<li>Jefes de Proyecto de una organizaci\u00f3n que desee implementar una PMO.<\/li>\n<li>Clientes y todos los grupos clave que tengan un inter\u00e9s en establecer una Oficina de Proyectos de \u00e9xito.<\/li>\n<\/ul>\n<h3><span style=\"color: #00416b;\">Pre-requisitos<\/span><\/h3>\n<ul>\n<li>Entendimiento de la disciplina de direcci\u00f3n de proyectos.<\/li>\n<\/ul>\n<p>[\/vc_column_text][\/vc_tta_section][vc_tta_section title=\u00bbObjetivos\u00bb tab_id=\u00bb1541455357238-d8636f7d-26cc\u00bb][vc_column_text]<\/p>\n<h3><span style=\"color: #00416b;\">Al finalizar el curso, los participantes ser\u00e1n capaces de:<\/span><\/h3>\n<ul>\n<li>Discutir el rol de la Oficina de Proyectos y el valor que \u00e9sta proporciona a la organizaci\u00f3n.<\/li>\n<li>Entender todos los servicios b\u00e1sicos de una Oficina de Proyectos.<\/li>\n<li>Desarrollar un plan general de despliegue del modelo operativo de una Oficina de Proyectos.<\/li>\n<li>Identificar servicios que una Oficina de Proyectos m\u00e1s sofisticada puede proveer.<\/li>\n<\/ul>\n<p>[\/vc_column_text][\/vc_tta_section][vc_tta_section title=\u00bbContenidos\u00bb tab_id=\u00bb1541598043271-e94dca70-1909&#8243;][vc_column_text]<\/p>\n<ul>\n<li>Definici\u00f3n y tipos de Oficinas de Proyectos.<\/li>\n<li>Servicios de una Oficina de Proyectos:\n<ul>\n<li>Reportes consolidados.<\/li>\n<li>Administraci\u00f3n de la metodolog\u00eda de direcci\u00f3n de proyectos.<\/li>\n<li>Capacitaci\u00f3n y acompa\u00f1amiento.<\/li>\n<li>Auditor\u00eda de proyectos.<\/li>\n<li>Administraci\u00f3n del repositorio de proyectos.<\/li>\n<li>Recolecci\u00f3n y c\u00e1lculo de indicadores.<\/li>\n<li>Evaluaci\u00f3n de la organizaci\u00f3n.<\/li>\n<\/ul>\n<\/li>\n<li>Despliegue de la Oficina de Proyectos.<\/li>\n<li>Roles de la Oficina de Proyectos.<\/li>\n<\/ul>\n<p>[\/vc_column_text][\/vc_tta_section][vc_tta_section title=\u00bbOtros\u00bb tab_id=\u00bb1541455369971-f2c4148a-d49e\u00bb][vc_column_text]<\/p>\n<h3><span style=\"color: #00416b;\">Duraci\u00f3n del curso:<\/span><\/h3>\n<p>16 horas<\/p>\n<h3><span style=\"color: #00416b;\">Incluye:<br \/>\n<\/span><\/h3>\n<p>Material del participante en espa\u00f1ol.<\/p>\n<h3><span style=\"color: #00416b;\">Certificado:<\/span><\/h3>\n<p>Se entrega un certificado oficial de Proyectum que acredita las PDUs correspondientes.[\/vc_column_text][\/vc_tta_section][\/vc_tta_tabs][vc_row_inner][vc_column_inner width=\u00bb1\/2&#8243;][vc_btn title=\u00bbQUIERO M\u00c1S INFORMACI\u00d3N\u00bb align=\u00bbcenter\u00bb i_icon_fontawesome=\u00bbfa fa-question-circle\u00bb add_icon=\u00bbtrue\u00bb el_class=\u00bbbtn-saber-mas\u00bb link=\u00bburl:https%3A%2F%2Fwww.proyectum.com%2Fcl%2Finscripcion-cursos%2F|||\u00bb][\/vc_column_inner][vc_column_inner width=\u00bb1\/2&#8243;][vc_btn title=\u00bbQUIERO INSCRIBIRME\u00bb align=\u00bbcenter\u00bb i_icon_fontawesome=\u00bbfa fa-question-circle\u00bb add_icon=\u00bbtrue\u00bb el_class=\u00bbbtn-saber-mas\u00bb link=\u00bburl:https%3A%2F%2Fwww.proyectum.com%2Fcl%2Finscripcion-cursos%2F|||\u00bb][\/vc_column_inner][\/vc_row_inner][\/vc_column][vc_column width=\u00bb1\/3&#8243; text_align=\u00bbleft\u00bb css=\u00bb.vc_custom_1538081853323{padding-left: 0px !important;}\u00bb]<div class=\"porto-u-heading  wpb_custom_95aa9a11c17ad45cfabaf210d84ee7cc porto-u-4321\"><div class=\"porto-u-main-heading\"><h2   style=\"font-weight:bold;line-height:27px;\">CURSOS PROYECTUM<\/h2><\/div><style>.porto-u-4321.porto-u-heading{text-align:left}<\/style><\/div>[vc_tta_accordion active_section=\u00bb2&#8243;][vc_tta_section title=\u00bbCERTIFICACIONES\u00bb tab_id=\u00bb1537992268425-9e4a4cbc-6b0c\u00bb][vc_wp_custommenu nav_menu=\u00bb47&#8243;][\/vc_tta_section][vc_tta_section title=\u00bbDIRECCION DE PROYECTOS\u00bb tab_id=\u00bb1537992268460-618971a0-346c\u00bb][vc_wp_custommenu nav_menu=\u00bb48&#8243;][\/vc_tta_section][vc_tta_section title=\u00bbFUNDAMENTOS AGILES &amp; DEVOPS\u00bb tab_id=\u00bb1537992323741-129d2b9f-2fec\u00bb][vc_wp_custommenu nav_menu=\u00bb49&#8243;][\/vc_tta_section][vc_tta_section title=\u00bbOTROS PROGRAMAS Y CURSOS\u00bb tab_id=\u00bb1537992349441-86ffaea1-7c3c\u00bb][vc_wp_custommenu nav_menu=\u00bb50&#8243;][\/vc_tta_section][\/vc_tta_accordion][vc_btn title=\u00bbQUIERO M\u00c1S INFORMACI\u00d3N\u00bb align=\u00bbcenter\u00bb i_icon_fontawesome=\u00bbfa fa-question-circle\u00bb add_icon=\u00bbtrue\u00bb el_class=\u00bbbtn-saber-mas\u00bb link=\u00bburl:https%3A%2F%2Fwww.proyectum.com%2Fcl%2Finscripcion-cursos%2F|||\u00bb][vc_btn title=\u00bbQUIERO INSCRIBIRME\u00bb align=\u00bbcenter\u00bb i_icon_fontawesome=\u00bbfa fa-question-circle\u00bb add_icon=\u00bbtrue\u00bb el_class=\u00bbbtn-saber-mas\u00bb link=\u00bburl:https%3A%2F%2Fwww.proyectum.com%2Fcl%2Finscripcion-cursos%2F|||\u00bb][\/vc_column][\/vc_row]<\/p>\n<\/div>","protected":false},"excerpt":{"rendered":"<p>[vc_row full_width=\u00bbstretch_row\u00bb css=\u00bb.vc_custom_1538081762258{padding-top: 58px !important;padding-bottom: 58px !important;background-image: url(https:\/\/www.proyectum.com\/cl\/wp-content\/uploads\/2018\/09\/curso-tipo.png?id=6990) !important;background-position: center !important;background-repeat: no-repeat !important;background-size: cover !important;}\u00bb][vc_column width=\u00bb2\/3&#8243;][vc_custom_heading text=\u00bbCurso PMO: Creaci\u00f3n e Implementaci\u00f3n\u00bb font_container=\u00bbtag:h1|font_size:35|text_align:center|color:%23ffffff\u00bb use_theme_fonts=\u00bbyes\u00bb css=\u00bb.vc_custom_1541599163226{margin-bottom: 0px !important;}\u00bb][\/vc_column][vc_column width=\u00bb1\/3&#8243;][vc_btn title=\u00bbQUIERO M\u00c1S INFORMACI\u00d3N\u00bb i_icon_fontawesome=\u00bbfa fa-question-circle\u00bb add_icon=\u00bbtrue\u00bb el_class=\u00bbbtn-saber-mas\u00bb link=\u00bburl:https%3A%2F%2Fwww.proyectum.com%2Fcl%2Finscripcion-cursos%2F|||\u00bb][\/vc_column][\/vc_row][vc_row css=\u00bb.vc_custom_1488777218947{padding-top: 25px !important;padding-bottom: 60px !important;}\u00bb][vc_column width=\u00bb2\/3&#8243; css=\u00bb.vc_custom_1538081880375{padding-right: 40px !important;}\u00bb][vc_column_text]Las organizaciones alrededor del mundo est\u00e1n implementando la disciplina y procesos formales [&hellip;]<\/p>\n","protected":false},"author":2,"featured_media":0,"parent":6889,"menu_order":0,"comment_status":"closed","ping_status":"closed","template":"","meta":{"content-type":"","footnotes":""},"class_list":["post-7041","page","type-page","status-publish","hentry"],"_links":{"self":[{"href":"https:\/\/proyectum.com\/gt\/wp-json\/wp\/v2\/pages\/7041"}],"collection":[{"href":"https:\/\/proyectum.com\/gt\/wp-json\/wp\/v2\/pages"}],"about":[{"href":"https:\/\/proyectum.com\/gt\/wp-json\/wp\/v2\/types\/page"}],"author":[{"embeddable":true,"href":"https:\/\/proyectum.com\/gt\/wp-json\/wp\/v2\/users\/2"}],"replies":[{"embeddable":true,"href":"https:\/\/proyectum.com\/gt\/wp-json\/wp\/v2\/comments?post=7041"}],"version-history":[{"count":0,"href":"https:\/\/proyectum.com\/gt\/wp-json\/wp\/v2\/pages\/7041\/revisions"}],"up":[{"embeddable":true,"href":"https:\/\/proyectum.com\/gt\/wp-json\/wp\/v2\/pages\/6889"}],"wp:attachment":[{"href":"https:\/\/proyectum.com\/gt\/wp-json\/wp\/v2\/media?parent=7041"}],"curies":[{"name":"wp","href":"https:\/\/api.w.org\/{rel}","templated":true}]}}