{"id":7048,"date":"2018-11-07T13:53:35","date_gmt":"2018-11-07T16:53:35","guid":{"rendered":"https:\/\/www.proyectum.com\/cl\/?page_id=7048"},"modified":"2022-09-22T11:24:57","modified_gmt":"2022-09-22T17:24:57","slug":"curso-gestion-agil-de-proyectos-con-scrum","status":"publish","type":"page","link":"https:\/\/proyectum.com\/gt\/capacitacion\/curso-gestion-agil-de-proyectos-con-scrum\/","title":{"rendered":"Curso Gesti\u00f3n \u00c1gil de Proyectos con SCRUM"},"content":{"rendered":"<div class=\"wpb-content-wrapper\"><p>[vc_row full_width=\u00bbstretch_row\u00bb css=\u00bb.vc_custom_1538081762258{padding-top: 58px !important;padding-bottom: 58px !important;background-image: url(https:\/\/www.proyectum.com\/cl\/wp-content\/uploads\/2018\/09\/curso-tipo.png?id=6990) !important;background-position: center !important;background-repeat: no-repeat !important;background-size: cover !important;}\u00bb][vc_column width=\u00bb2\/3&#8243;][vc_custom_heading text=\u00bbCURSO GESTI\u00d3N \u00c1GIL DE PROYECTOS CON SCRUM\u00bb font_container=\u00bbtag:h1|font_size:35|text_align:center|color:%23ffffff\u00bb use_theme_fonts=\u00bbyes\u00bb css=\u00bb.vc_custom_1541609239998{margin-bottom: 0px !important;}\u00bb][\/vc_column][vc_column width=\u00bb1\/3&#8243;][\/vc_column][\/vc_row][vc_row css=\u00bb.vc_custom_1488777218947{padding-top: 25px !important;padding-bottom: 60px !important;}\u00bb][vc_column width=\u00bb2\/3&#8243; css=\u00bb.vc_custom_1538081880375{padding-right: 40px !important;}\u00bb][vc_column_text]Los m\u00e9todos \u00e1giles surgen como respuesta a la necesidad de gestionar proyectos en ambientes en constante cambio, para los que se requiere alta productividad, equipos de trabajo motivados, autogestionados y una alta participaci\u00f3n del cliente.<\/p>\n<p>Este curso tiene por finalidad comprender los fundamentos de los m\u00e9todos \u00e1giles y entregar los elementos necesarios para comenzar la adopci\u00f3n de SCRUM, a trav\u00e9s de la simulaci\u00f3n de un caso que utiliza piezas de LEGO para ayudar a visualizar la aplicaci\u00f3n del m\u00e9todo, de manera m\u00e1s l\u00fadica y entretenida.<\/p>\n<p>Los participantes en este curso podr\u00e1n optar a la certificaci\u00f3n\u00a0<strong>SCRUM Master Certified<\/strong>, otorgada por Scrum Study.[\/vc_column_text][vc_tta_tabs active_section=\u00bb1&#8243; css=\u00bb.vc_custom_1538062059766{margin-top: 20px !important;}\u00bb][vc_tta_section title=\u00bbAntecedentes\u00bb tab_id=\u00bb1541444757751-389b2c58-e32c\u00bb][vc_column_text]<\/p>\n<h3><span style=\"color: #00416b;\">\u00bfQui\u00e9nes deben participar?<\/span><\/h3>\n<p>Profesionales que este\u0301n trabajando en un equipo DevOps o en una organizacio\u0301n que considere un estilo de trabajo DevOps. El grupo objetivo incluye:<\/p>\n<ul>\n<li>Jefes de Proyecto<\/li>\n<li>Equipo de desarrollo de software<\/li>\n<li>Analistas de negocio o sistema<\/li>\n<li>Todos los interesados en emprender negocios o conocer metodolog\u00edas nuevas que permitan gestionar activamente los cambios del entorno.<\/li>\n<\/ul>\n<h3><span style=\"color: #00416b;\">Pre-requisitos<\/span><\/h3>\n<ul>\n<li>No posee requisitos de inscripci\u00f3n<\/li>\n<\/ul>\n<p>[\/vc_column_text][\/vc_tta_section][vc_tta_section title=\u00bbObjetivos\u00bb tab_id=\u00bb1541455357238-d8636f7d-26cc\u00bb][vc_column_text]<strong style=\"color: #00416b;\">Al final del curso, los participantes ser\u00e1n capaces de:<\/strong><\/p>\n<ul>\n<li>Entender la filosof\u00eda \u00e1gil y conocer sus principios.<\/li>\n<li>Discriminar cuando es adecuado usar SCRUM.<\/li>\n<li>Entender y aplicar el Ciclo de SCRUM.<\/li>\n<li>Organizar un equipo de SCRUM y entender los roles participantes<\/li>\n<li>Entender las principales consideraciones para la adopci\u00f3n de SCRUM.<\/li>\n<\/ul>\n<p>[\/vc_column_text][\/vc_tta_section][vc_tta_section title=\u00bbContenidos\u00bb tab_id=\u00bb1541598043271-e94dca70-1909&#8243;][vc_column_text]<\/p>\n<ol>\n<li>Introducci\u00f3n a \u00c1giles<\/li>\n<li>Roles de SCRUM<\/li>\n<li>Ciclos de SCRUM<\/li>\n<li>Vision Statement<\/li>\n<li>Historias de Usuario<\/li>\n<li>Estimaci\u00f3n y Priorizaci\u00f3n<\/li>\n<li>Aplicaci\u00f3n pr\u00e1ctica de dos ciclos de SCRUM<\/li>\n<li>Recomendaciones para la adopci\u00f3n de SCRUM<\/li>\n<li>Escalabilidad de SCRUM<\/li>\n<\/ol>\n<p>[\/vc_column_text][\/vc_tta_section][vc_tta_section title=\u00bbOtros\u00bb tab_id=\u00bb1541455369971-f2c4148a-d49e\u00bb][vc_column_text]<\/p>\n<h3><span style=\"color: #00416b;\">Duraci\u00f3n del curso:<\/span><\/h3>\n<p>16 horas<\/p>\n<h3><span style=\"color: #00416b;\">Incluye:<br \/>\n<\/span><\/h3>\n<ul>\n<li>Voucher para rendir examen de certificaci\u00f3n SCRUM MASTER CERTIFIED<\/li>\n<li>Acceso a la plataforma on-line de SCRUMStudy con material del curso y para tomar el examen<\/li>\n<\/ul>\n<h3><span style=\"color: #00416b;\">Certificado:<\/span><\/h3>\n<p>Se entrega un certificado oficial de Proyectum que acredita las PDUs correspondientes.[\/vc_column_text][\/vc_tta_section][vc_tta_section title=\u00bbMetodolog\u00eda\u00bb tab_id=\u00bb1541609376097-11b19e31-0abc\u00bb][vc_column_text]Se entrega un certificado oficial de Proyectum que acredita las PDUs correspondientes.<\/p>\n<p>El curso es eminentemente pr\u00e1ctico, ya que la adopci\u00f3n de metodolog\u00edas \u00e1giles requiere de la experiencia concreta, desarrollando backlogs, historias de usuarios y artefactos necesarios para el soporte del desarrollo del proyecto.<\/p>\n<p>Durante el desarrollo del curso se abordar\u00e1n los conceptos detr\u00e1s de la metodolog\u00eda, para luego de cada cap\u00edtulo interiorizarse en un proyecto concreto con el apoyo del instructor. Las pr\u00e1cticas est\u00e1n orientadas al menos a los siguientes elementos cr\u00edticos:<\/p>\n<ul>\n<li>Definici\u00f3n del backlog.<\/li>\n<li>Priorizaci\u00f3n del backlog.<\/li>\n<li>Definici\u00f3n y redacci\u00f3n de historias de usuario.<\/li>\n<li>Estimaci\u00f3n del sprint.<\/li>\n<li>Definici\u00f3n de un sprint.<\/li>\n<li>Elaboraci\u00f3n de un sprint.<\/li>\n<li>Daily stand up meeting.<\/li>\n<li>Restrospective meeting.<\/li>\n<\/ul>\n<p>[\/vc_column_text][\/vc_tta_section][\/vc_tta_tabs][vc_separator]<div class=\"porto-u-heading  wpb_custom_95aa9a11c17ad45cfabaf210d84ee7cc porto-u-5600\"><div class=\"porto-u-main-heading\"><h2   style=\"color:#000000;\">PREGUNTA POR OPCIONES ONLINE<\/h2><\/div><style>.porto-u-5600.porto-u-heading{text-align:center}<\/style><\/div>[vc_column_text]<\/p>\n<ul>\n<li>SCRUM DEVELOPER CERTIFIED<\/li>\n<li>SCRUM MASTER CERTIFIED<\/li>\n<li>SCRUM PRODUCT OWNER CERTIFIED<\/li>\n<li>SCRUM AGILE MASTER CERTIFIED<\/li>\n<\/ul>\n<p>[\/vc_column_text][\/vc_column][vc_column width=\u00bb1\/3&#8243; text_align=\u00bbleft\u00bb css=\u00bb.vc_custom_1538081853323{padding-left: 0px !important;}\u00bb]<div class=\"porto-u-heading  wpb_custom_95aa9a11c17ad45cfabaf210d84ee7cc porto-u-5741\"><div class=\"porto-u-main-heading\"><h2  >REG\u00cdSTRATE AQU\u00cd<\/h2><\/div><style>.porto-u-5741.porto-u-heading{text-align:center}<\/style><\/div>[vc_raw_html]JTNDc2NyaXB0JTIwY2hhcnNldCUzRCUyMnV0Zi04JTIyJTIwdHlwZSUzRCUyMnRleHQlMkZqYXZhc2NyaXB0JTIyJTIwc3JjJTNEJTIyJTJGJTJGanMuaHNmb3Jtcy5uZXQlMkZmb3JtcyUyRnYyLmpzJTIyJTNFJTNDJTJGc2NyaXB0JTNFJTBBJTNDc2NyaXB0JTNFJTBBJTIwJTIwaGJzcHQuZm9ybXMuY3JlYXRlJTI4JTdCJTBBJTIwJTIwJTIwJTIwcmVnaW9uJTNBJTIwJTIybmExJTIyJTJDJTBBJTIwJTIwJTIwJTIwcG9ydGFsSWQlM0ElMjAlMjIyMjYwNDA2MCUyMiUyQyUwQSUyMCUyMCUyMCUyMGZvcm1JZCUzQSUyMCUyMmY2YzAyNDcyLTEzMTQtNGRhZC1iMDBiLTYyYzM4ODM5YjljOSUyMiUyQyUwQSUyMCUyMCUyMCUyMHZlcnNpb24lM0ElMjAlMjJWMl9QUkVSRUxFQVNFJTIyJTBBJTIwJTIwJTdEJTI5JTNCJTBBJTNDJTJGc2NyaXB0JTNF[\/vc_raw_html][vc_separator]<div class=\"porto-u-heading  wpb_custom_95aa9a11c17ad45cfabaf210d84ee7cc porto-u-7812\"><div class=\"porto-u-main-heading\"><h2   style=\"font-weight:bold;line-height:27px;\">CURSOS PROYECTUM<\/h2><\/div><style>.porto-u-7812.porto-u-heading{text-align:left}<\/style><\/div>[vc_tta_accordion active_section=\u00bb3&#8243;][vc_tta_section title=\u00bbCERTIFICACIONES\u00bb tab_id=\u00bb1537992268425-9e4a4cbc-6b0c\u00bb][vc_wp_custommenu nav_menu=\u00bb47&#8243;][\/vc_tta_section][vc_tta_section title=\u00bbDIRECCION DE PROYECTOS\u00bb tab_id=\u00bb1537992268460-618971a0-346c\u00bb][vc_wp_custommenu nav_menu=\u00bb48&#8243;][\/vc_tta_section][vc_tta_section title=\u00bbFUNDAMENTOS AGILES &amp; DEVOPS\u00bb tab_id=\u00bb1537992323741-129d2b9f-2fec\u00bb][vc_wp_custommenu nav_menu=\u00bb49&#8243;][\/vc_tta_section][vc_tta_section title=\u00bbOTROS PROGRAMAS Y CURSOS\u00bb tab_id=\u00bb1537992349441-86ffaea1-7c3c\u00bb][vc_wp_custommenu nav_menu=\u00bb50&#8243;][\/vc_tta_section][\/vc_tta_accordion][\/vc_column][\/vc_row]<\/p>\n<\/div>","protected":false},"excerpt":{"rendered":"<p>[vc_row full_width=\u00bbstretch_row\u00bb css=\u00bb.vc_custom_1538081762258{padding-top: 58px !important;padding-bottom: 58px !important;background-image: url(https:\/\/www.proyectum.com\/cl\/wp-content\/uploads\/2018\/09\/curso-tipo.png?id=6990) !important;background-position: center !important;background-repeat: no-repeat !important;background-size: cover !important;}\u00bb][vc_column width=\u00bb2\/3&#8243;][vc_custom_heading text=\u00bbCURSO GESTI\u00d3N \u00c1GIL DE PROYECTOS CON SCRUM\u00bb font_container=\u00bbtag:h1|font_size:35|text_align:center|color:%23ffffff\u00bb use_theme_fonts=\u00bbyes\u00bb css=\u00bb.vc_custom_1541609239998{margin-bottom: 0px !important;}\u00bb][\/vc_column][vc_column width=\u00bb1\/3&#8243;][\/vc_column][\/vc_row][vc_row css=\u00bb.vc_custom_1488777218947{padding-top: 25px !important;padding-bottom: 60px !important;}\u00bb][vc_column width=\u00bb2\/3&#8243; css=\u00bb.vc_custom_1538081880375{padding-right: 40px !important;}\u00bb][vc_column_text]Los m\u00e9todos \u00e1giles surgen como respuesta a la necesidad de gestionar proyectos en ambientes en constante cambio, para [&hellip;]<\/p>\n","protected":false},"author":2,"featured_media":0,"parent":6889,"menu_order":0,"comment_status":"closed","ping_status":"closed","template":"","meta":{"content-type":"","footnotes":""},"class_list":["post-7048","page","type-page","status-publish","hentry"],"_links":{"self":[{"href":"https:\/\/proyectum.com\/gt\/wp-json\/wp\/v2\/pages\/7048"}],"collection":[{"href":"https:\/\/proyectum.com\/gt\/wp-json\/wp\/v2\/pages"}],"about":[{"href":"https:\/\/proyectum.com\/gt\/wp-json\/wp\/v2\/types\/page"}],"author":[{"embeddable":true,"href":"https:\/\/proyectum.com\/gt\/wp-json\/wp\/v2\/users\/2"}],"replies":[{"embeddable":true,"href":"https:\/\/proyectum.com\/gt\/wp-json\/wp\/v2\/comments?post=7048"}],"version-history":[{"count":0,"href":"https:\/\/proyectum.com\/gt\/wp-json\/wp\/v2\/pages\/7048\/revisions"}],"up":[{"embeddable":true,"href":"https:\/\/proyectum.com\/gt\/wp-json\/wp\/v2\/pages\/6889"}],"wp:attachment":[{"href":"https:\/\/proyectum.com\/gt\/wp-json\/wp\/v2\/media?parent=7048"}],"curies":[{"name":"wp","href":"https:\/\/api.w.org\/{rel}","templated":true}]}}