{"id":7054,"date":"2018-11-07T14:31:22","date_gmt":"2018-11-07T17:31:22","guid":{"rendered":"https:\/\/www.proyectum.com\/cl\/?page_id=7054"},"modified":"2018-12-18T12:34:07","modified_gmt":"2018-12-18T15:34:07","slug":"curso-conociendo-safe","status":"publish","type":"page","link":"https:\/\/proyectum.com\/gt\/capacitacion\/curso-conociendo-safe\/","title":{"rendered":"Curso Conociendo SAFe\u00ae"},"content":{"rendered":"<div class=\"wpb-content-wrapper\"><p>[vc_row full_width=\u00bbstretch_row\u00bb css=\u00bb.vc_custom_1538081762258{padding-top: 58px !important;padding-bottom: 58px !important;background-image: url(https:\/\/www.proyectum.com\/cl\/wp-content\/uploads\/2018\/09\/curso-tipo.png?id=6990) !important;background-position: center !important;background-repeat: no-repeat !important;background-size: cover !important;}\u00bb][vc_column width=\u00bb2\/3&#8243;][vc_custom_heading text=\u00bbCURSO CONOCIENDO SAFe\u00ae\u00bb font_container=\u00bbtag:h1|font_size:35|text_align:center|color:%23ffffff\u00bb use_theme_fonts=\u00bbyes\u00bb css=\u00bb.vc_custom_1541611363758{margin-bottom: 0px !important;}\u00bb][\/vc_column][vc_column width=\u00bb1\/3&#8243;][vc_btn title=\u00bbQUIERO M\u00c1S INFORMACI\u00d3N\u00bb i_icon_fontawesome=\u00bbfa fa-question-circle\u00bb add_icon=\u00bbtrue\u00bb el_class=\u00bbbtn-saber-mas\u00bb link=\u00bburl:https%3A%2F%2Fwww.proyectum.com%2Fcl%2Finscripcion-cursos%2F|||\u00bb][\/vc_column][\/vc_row][vc_row css=\u00bb.vc_custom_1488777218947{padding-top: 25px !important;padding-bottom: 60px !important;}\u00bb][vc_column width=\u00bb2\/3&#8243; css=\u00bb.vc_custom_1538081880375{padding-right: 40px !important;}\u00bb][vc_column_text]Este curso esta\u0301 orientado a quienes deseen conocer en forma general los principios y pra\u0301cticas del\u00a0<strong>Scaled Agile Framework\u00ae<\/strong>\u00a0(SAFe), cuyo modelo de gestio\u0301n cubre el conjunto de la organizacio\u0301n, desde los equipos hasta los niveles de mayor responsabilidad, siendo considerado el ma\u0301s exitoso marco de trabajo para la adopcio\u0301n de Agile a nivel corporativo.<\/p>\n<p>Este curso entrega la informaci\u00f3n necesaria para decidir si la implementacio\u0301n de este Framework es la respuesta a las necesidades de una empresa, sobre todo si existe la convicci\u00f3n de las bondades de usar me\u0301todos a\u0301giles, pero los l\u00edderes a\u00fan no tienen certeza sobre c\u00f3mo manejar los desafi\u0301os de una implementacio\u0301n de este tipo.[\/vc_column_text][vc_tta_tabs active_section=\u00bb1&#8243; css=\u00bb.vc_custom_1538062059766{margin-top: 20px !important;}\u00bb][vc_tta_section title=\u00bbAntecedentes\u00bb tab_id=\u00bb1541444757751-389b2c58-e32c\u00bb][vc_column_text]<\/p>\n<h3><span style=\"color: #00416b;\">\u00bfQui\u00e9nes deben participar?<\/span><\/h3>\n<ul>\n<li>Ejecutivos, Li\u0301deres o Gerentes de \u00c1rea.<\/li>\n<li>Gerentes de Desarrollo, QA e Infraestructura.<\/li>\n<li>Directores de Proyecto y de Programa.<\/li>\n<li>Gerentes de Producto.<\/li>\n<li>Gerentes de Portafolio, Li\u0301deres de PMO y de Proceso.<\/li>\n<li>Arquitectos empresariales, de sistema y de solucio\u0301n.<\/li>\n<\/ul>\n<p>[\/vc_column_text][\/vc_tta_section][vc_tta_section title=\u00bbObjetivos\u00bb tab_id=\u00bb1541455357238-d8636f7d-26cc\u00bb][vc_column_text]<strong style=\"color: #00416b;\">Al final del curso, los participantes ser\u00e1n capaces de:<\/strong><\/p>\n<ul>\n<li>Entender como SAFe\u00ae ayuda a escalar los desarrollos Lean y Agile en una organizacio\u0301n.<\/li>\n<li>Comprender los conceptos de: Agile Release Train (ART), Cadena de Valor y Portafolio a\u0301gil.<\/li>\n<li>Entender los desafi\u0301os de una transformacio\u0301n Lean-Agile en su empresa.<\/li>\n<\/ul>\n<p>[\/vc_column_text][\/vc_tta_section][vc_tta_section title=\u00bbOtros\u00bb tab_id=\u00bb1541455369971-f2c4148a-d49e\u00bb][vc_column_text]<\/p>\n<h3><span style=\"color: #00416b;\">Duraci\u00f3n del curso:<\/span><\/h3>\n<p>4 horas<\/p>\n<h3><span style=\"color: #00416b;\">Acreditaci\u00f3n PDU:<\/span><\/h3>\n<p>4 PDUs<\/p>\n<h3><span style=\"color: #00416b;\">Pre-requisitos:<\/span><\/h3>\n<p>Ninguno[\/vc_column_text][\/vc_tta_section][\/vc_tta_tabs][vc_row_inner][vc_column_inner width=\u00bb1\/2&#8243;][vc_btn title=\u00bbQUIERO M\u00c1S INFORMACI\u00d3N\u00bb align=\u00bbcenter\u00bb i_icon_fontawesome=\u00bbfa fa-question-circle\u00bb add_icon=\u00bbtrue\u00bb el_class=\u00bbbtn-saber-mas\u00bb link=\u00bburl:https%3A%2F%2Fwww.proyectum.com%2Fcl%2Finscripcion-cursos%2F|||\u00bb][\/vc_column_inner][vc_column_inner width=\u00bb1\/2&#8243;][vc_btn title=\u00bbQUIERO INSCRIBIRME\u00bb align=\u00bbcenter\u00bb i_icon_fontawesome=\u00bbfa fa-question-circle\u00bb add_icon=\u00bbtrue\u00bb el_class=\u00bbbtn-saber-mas\u00bb link=\u00bburl:https%3A%2F%2Fwww.proyectum.com%2Fcl%2Finscripcion-cursos%2F|||\u00bb][\/vc_column_inner][\/vc_row_inner][\/vc_column][vc_column width=\u00bb1\/3&#8243; text_align=\u00bbleft\u00bb css=\u00bb.vc_custom_1538081853323{padding-left: 0px !important;}\u00bb]<div class=\"porto-u-heading  wpb_custom_95aa9a11c17ad45cfabaf210d84ee7cc porto-u-2393\"><div class=\"porto-u-main-heading\"><h2   style=\"font-weight:bold;line-height:27px;\">CURSOS PROYECTUM<\/h2><\/div><style>.porto-u-2393.porto-u-heading{text-align:left}<\/style><\/div>[vc_tta_accordion active_section=\u00bb3&#8243;][vc_tta_section title=\u00bbCERTIFICACIONES\u00bb tab_id=\u00bb1537992268425-9e4a4cbc-6b0c\u00bb][vc_wp_custommenu nav_menu=\u00bb47&#8243;][\/vc_tta_section][vc_tta_section title=\u00bbDIRECCION DE PROYECTOS\u00bb tab_id=\u00bb1537992268460-618971a0-346c\u00bb][vc_wp_custommenu nav_menu=\u00bb48&#8243;][\/vc_tta_section][vc_tta_section title=\u00bbFUNDAMENTOS AGILES &amp; DEVOPS\u00bb tab_id=\u00bb1537992323741-129d2b9f-2fec\u00bb][vc_wp_custommenu nav_menu=\u00bb49&#8243;][\/vc_tta_section][vc_tta_section title=\u00bbOTROS PROGRAMAS Y CURSOS\u00bb tab_id=\u00bb1537992349441-86ffaea1-7c3c\u00bb][vc_wp_custommenu nav_menu=\u00bb50&#8243;][\/vc_tta_section][\/vc_tta_accordion][vc_btn title=\u00bbQUIERO M\u00c1S INFORMACI\u00d3N\u00bb align=\u00bbcenter\u00bb i_icon_fontawesome=\u00bbfa fa-question-circle\u00bb add_icon=\u00bbtrue\u00bb el_class=\u00bbbtn-saber-mas\u00bb link=\u00bburl:https%3A%2F%2Fwww.proyectum.com%2Fcl%2Finscripcion-cursos%2F|||\u00bb][vc_btn title=\u00bbQUIERO INSCRIBIRME\u00bb align=\u00bbcenter\u00bb i_icon_fontawesome=\u00bbfa fa-question-circle\u00bb add_icon=\u00bbtrue\u00bb el_class=\u00bbbtn-saber-mas\u00bb link=\u00bburl:https%3A%2F%2Fwww.proyectum.com%2Fcl%2Finscripcion-cursos%2F|||\u00bb][\/vc_column][\/vc_row]<\/p>\n<\/div>","protected":false},"excerpt":{"rendered":"<p>[vc_row full_width=\u00bbstretch_row\u00bb css=\u00bb.vc_custom_1538081762258{padding-top: 58px !important;padding-bottom: 58px !important;background-image: url(https:\/\/www.proyectum.com\/cl\/wp-content\/uploads\/2018\/09\/curso-tipo.png?id=6990) !important;background-position: center !important;background-repeat: no-repeat !important;background-size: cover !important;}\u00bb][vc_column width=\u00bb2\/3&#8243;][vc_custom_heading text=\u00bbCURSO CONOCIENDO SAFe\u00ae\u00bb font_container=\u00bbtag:h1|font_size:35|text_align:center|color:%23ffffff\u00bb use_theme_fonts=\u00bbyes\u00bb css=\u00bb.vc_custom_1541611363758{margin-bottom: 0px !important;}\u00bb][\/vc_column][vc_column width=\u00bb1\/3&#8243;][vc_btn title=\u00bbQUIERO M\u00c1S INFORMACI\u00d3N\u00bb i_icon_fontawesome=\u00bbfa fa-question-circle\u00bb add_icon=\u00bbtrue\u00bb el_class=\u00bbbtn-saber-mas\u00bb link=\u00bburl:https%3A%2F%2Fwww.proyectum.com%2Fcl%2Finscripcion-cursos%2F|||\u00bb][\/vc_column][\/vc_row][vc_row css=\u00bb.vc_custom_1488777218947{padding-top: 25px !important;padding-bottom: 60px !important;}\u00bb][vc_column width=\u00bb2\/3&#8243; css=\u00bb.vc_custom_1538081880375{padding-right: 40px !important;}\u00bb][vc_column_text]Este curso esta\u0301 orientado a quienes deseen conocer en forma general los principios y [&hellip;]<\/p>\n","protected":false},"author":2,"featured_media":0,"parent":6889,"menu_order":0,"comment_status":"closed","ping_status":"closed","template":"","meta":{"content-type":"","footnotes":""},"class_list":["post-7054","page","type-page","status-publish","hentry"],"_links":{"self":[{"href":"https:\/\/proyectum.com\/gt\/wp-json\/wp\/v2\/pages\/7054"}],"collection":[{"href":"https:\/\/proyectum.com\/gt\/wp-json\/wp\/v2\/pages"}],"about":[{"href":"https:\/\/proyectum.com\/gt\/wp-json\/wp\/v2\/types\/page"}],"author":[{"embeddable":true,"href":"https:\/\/proyectum.com\/gt\/wp-json\/wp\/v2\/users\/2"}],"replies":[{"embeddable":true,"href":"https:\/\/proyectum.com\/gt\/wp-json\/wp\/v2\/comments?post=7054"}],"version-history":[{"count":0,"href":"https:\/\/proyectum.com\/gt\/wp-json\/wp\/v2\/pages\/7054\/revisions"}],"up":[{"embeddable":true,"href":"https:\/\/proyectum.com\/gt\/wp-json\/wp\/v2\/pages\/6889"}],"wp:attachment":[{"href":"https:\/\/proyectum.com\/gt\/wp-json\/wp\/v2\/media?parent=7054"}],"curies":[{"name":"wp","href":"https:\/\/api.w.org\/{rel}","templated":true}]}}