{"id":7058,"date":"2018-11-07T15:01:06","date_gmt":"2018-11-07T18:01:06","guid":{"rendered":"https:\/\/www.proyectum.com\/cl\/?page_id=7058"},"modified":"2019-04-09T13:10:46","modified_gmt":"2019-04-09T16:10:46","slug":"curso-direccion-de-programas","status":"publish","type":"page","link":"https:\/\/proyectum.com\/gt\/capacitacion\/curso-direccion-de-programas\/","title":{"rendered":"Curso Direcci\u00f3n de Programas"},"content":{"rendered":"<div class=\"wpb-content-wrapper\"><p>[vc_row full_width=\u00bbstretch_row\u00bb css=\u00bb.vc_custom_1538081762258{padding-top: 58px !important;padding-bottom: 58px !important;background-image: url(https:\/\/www.proyectum.com\/cl\/wp-content\/uploads\/2018\/09\/curso-tipo.png?id=6990) !important;background-position: center !important;background-repeat: no-repeat !important;background-size: cover !important;}\u00bb][vc_column width=\u00bb2\/3&#8243;][vc_custom_heading text=\u00bbCURSO DIRECCI\u00d3N DE PROGRAMAS\u00bb font_container=\u00bbtag:h1|font_size:35|text_align:center|color:%23ffffff\u00bb use_theme_fonts=\u00bbyes\u00bb css=\u00bb.vc_custom_1541613088091{margin-bottom: 0px !important;}\u00bb][\/vc_column][vc_column width=\u00bb1\/3&#8243;][vc_btn title=\u00bbQUIERO M\u00c1S INFORMACI\u00d3N\u00bb i_icon_fontawesome=\u00bbfa fa-question-circle\u00bb add_icon=\u00bbtrue\u00bb el_class=\u00bbbtn-saber-mas\u00bb link=\u00bburl:https%3A%2F%2Fwww.proyectum.com%2Fcl%2Finscripcion-cursos%2F|||\u00bb][\/vc_column][\/vc_row][vc_row css=\u00bb.vc_custom_1488777218947{padding-top: 25px !important;padding-bottom: 60px !important;}\u00bb][vc_column width=\u00bb2\/3&#8243; css=\u00bb.vc_custom_1538081880375{padding-right: 40px !important;}\u00bb][vc_column_text]Los d\u00edas en que las grandes iniciativas se manejaban como de proyectos monol\u00edticos, de alta complejidad, de muchos a\u00f1os de duraci\u00f3n y sin resultados visibles intermedios son cosa del pasado. Simplemente son muy dif\u00edciles de planear, administrar y dif\u00edcilmente logran cumplir las expectativas. El mejor enfoque es dividir las grandes iniciativas en m\u00faltiples proyectos m\u00e1s peque\u00f1os. Estos proyectos m\u00e1s peque\u00f1os son m\u00e1s f\u00e1ciles de manejar y tienen muchas m\u00e1s probabilidades de ser exitosos.<\/p>\n<p>Por supuesto, si cada proyecto fuera dirigido de manera aislada, toda la iniciativa estar\u00eda en riesgo de perder foco y salirse de control. Es aqu\u00ed cuando entra el concepto de programa. Un programa es una estructura organizacional que es establecida para coordinar y guiar una gran iniciativa integrada por varios proyectos. El programa provee una estructura tipo paraguas sobre la cual la iniciativa completa tiene visibilidad y continuidad para guiar a todos los proyectos subyacentes hacia el \u00e9xito generalizado.[\/vc_column_text][vc_tta_tabs active_section=\u00bb1&#8243; css=\u00bb.vc_custom_1538062059766{margin-top: 20px !important;}\u00bb][vc_tta_section title=\u00bbAntecedentes\u00bb tab_id=\u00bb1541444757751-389b2c58-e32c\u00bb][vc_column_text]<\/p>\n<h3><span style=\"color: #00416b;\">\u00bfQui\u00e9nes deben participar?<\/span><\/h3>\n<ul>\n<li>Quienes ya se desempe\u00f1an como Directores o Gerente de Programa.<\/li>\n<li>Jefes de proyecto, miembros senior del equipo y ejecutivos de \u00e1reas de negocio participantes en el programa.<\/li>\n<li>Ejecutivos de alto nivel.<\/li>\n<\/ul>\n<h3><span style=\"color: #00416b;\">Pre-requisitos<\/span><\/h3>\n<ul>\n<li>Conocimientos y experiencia en direcci\u00f3n de proyectos.<\/li>\n<\/ul>\n<p>[\/vc_column_text][\/vc_tta_section][vc_tta_section title=\u00bbObjetivos\u00bb tab_id=\u00bb1541455357238-d8636f7d-26cc\u00bb][vc_column_text]<\/p>\n<h3><span style=\"color: #00416b;\">Al final del curso, los participantes ser\u00e1n capaces\u00a0<\/span><\/h3>\n<ul>\n<li>Comprender el prop\u00f3sito de un programa y como genera valor a las grandes iniciativas.<\/li>\n<li>Entender los dominios de Direcci\u00f3n de Programas.<\/li>\n<li>Establecer y definir un programa.<\/li>\n<li>Los principales componentes para entregar los beneficios comprometidos por el programa.<\/li>\n<li>El trabajo para cerrar exitosamente un programa.<\/li>\n<li>Los procesos de soporte de la organizaci\u00f3n.<\/li>\n<\/ul>\n<p>[\/vc_column_text][\/vc_tta_section][vc_tta_section title=\u00bbContenidos\u00bb tab_id=\u00bb1541598043271-e94dca70-1909&#8243;][vc_column_text]<\/p>\n<ul>\n<li>Introducci\u00f3n\n<ul>\n<li>Dominios de Direcci\u00f3n de Programas<\/li>\n<li>Alineamiento Estrat\u00e9gico<\/li>\n<li>Gesti\u00f3n de Beneficios<\/li>\n<li>Compromiso de los Interesados<\/li>\n<li>Gobernabilidad<\/li>\n<li>Gesti\u00f3n del Ciclo de Vida y su relaci\u00f3n con los procesos de soporte\n<ul>\n<li>Fase de Definici\u00f3n del programa<\/li>\n<li>Fase de Entrega de Beneficios<\/li>\n<li>Fase de Cierre del programa<\/li>\n<\/ul>\n<\/li>\n<\/ul>\n<\/li>\n<li>Procesos de Soporte\n<ul>\n<li>Gesti\u00f3n de Comunicaciones<\/li>\n<li>Gesti\u00f3n Financiera<\/li>\n<li>Gesti\u00f3n de Integraci\u00f3n<\/li>\n<li>Gesti\u00f3n de Adquisiciones<\/li>\n<li>Gesti\u00f3n de Calidad<\/li>\n<li>Gesti\u00f3n de Recursos<\/li>\n<li>Gesti\u00f3n de Riesgo<\/li>\n<li>Gesti\u00f3n de Calendario<\/li>\n<li>Gesti\u00f3n de Alcance<\/li>\n<\/ul>\n<\/li>\n<\/ul>\n<p>Durante el curso se llevan a cabo varios ejercicios para reforzar los conceptos aprendidos.[\/vc_column_text][\/vc_tta_section][vc_tta_section title=\u00bbOtros\u00bb tab_id=\u00bb1541455369971-f2c4148a-d49e\u00bb][vc_column_text]<\/p>\n<h3><span style=\"color: #00416b;\">Duraci\u00f3n del curso:<\/span><\/h3>\n<p>16 horas<\/p>\n<h3><span style=\"color: #00416b;\">Incluye:<\/span><\/h3>\n<p>Material del participante en espa\u00f1ol.<\/p>\n<h3><span style=\"color: #00416b;\">Certificado:<\/span><\/h3>\n<p>Se entrega un certificado oficial de Proyectum que acredita las PDUs correspondientes.[\/vc_column_text][\/vc_tta_section][\/vc_tta_tabs][vc_row_inner][vc_column_inner width=\u00bb1\/2&#8243;][vc_btn title=\u00bbQUIERO M\u00c1S INFORMACI\u00d3N\u00bb align=\u00bbcenter\u00bb i_icon_fontawesome=\u00bbfa fa-question-circle\u00bb add_icon=\u00bbtrue\u00bb el_class=\u00bbbtn-saber-mas\u00bb link=\u00bburl:https%3A%2F%2Fwww.proyectum.com%2Fcl%2Finscripcion-cursos%2F|||\u00bb][\/vc_column_inner][vc_column_inner width=\u00bb1\/2&#8243;][vc_btn title=\u00bbQUIERO INSCRIBIRME\u00bb align=\u00bbcenter\u00bb i_icon_fontawesome=\u00bbfa fa-question-circle\u00bb add_icon=\u00bbtrue\u00bb el_class=\u00bbbtn-saber-mas\u00bb link=\u00bburl:https%3A%2F%2Fwww.proyectum.com%2Fcl%2Finscripcion-cursos%2F|||\u00bb][\/vc_column_inner][\/vc_row_inner][\/vc_column][vc_column width=\u00bb1\/3&#8243; text_align=\u00bbleft\u00bb css=\u00bb.vc_custom_1538081853323{padding-left: 0px !important;}\u00bb]<div class=\"porto-u-heading  wpb_custom_95aa9a11c17ad45cfabaf210d84ee7cc porto-u-4257\"><div class=\"porto-u-main-heading\"><h2   style=\"font-weight:bold;line-height:27px;\">CURSOS PROYECTUM<\/h2><\/div><style>.porto-u-4257.porto-u-heading{text-align:left}<\/style><\/div>[vc_tta_accordion active_section=\u00bb4&#8243;][vc_tta_section title=\u00bbCERTIFICACIONES\u00bb tab_id=\u00bb1537992268425-9e4a4cbc-6b0c\u00bb][vc_wp_custommenu nav_menu=\u00bb47&#8243;][\/vc_tta_section][vc_tta_section title=\u00bbDIRECCION DE PROYECTOS\u00bb tab_id=\u00bb1537992268460-618971a0-346c\u00bb][vc_wp_custommenu nav_menu=\u00bb48&#8243;][\/vc_tta_section][vc_tta_section title=\u00bbFUNDAMENTOS AGILES &amp; DEVOPS\u00bb tab_id=\u00bb1537992323741-129d2b9f-2fec\u00bb][vc_wp_custommenu nav_menu=\u00bb49&#8243;][\/vc_tta_section][vc_tta_section title=\u00bbOTROS PROGRAMAS Y CURSOS\u00bb tab_id=\u00bb1537992349441-86ffaea1-7c3c\u00bb][vc_wp_custommenu nav_menu=\u00bb50&#8243;][\/vc_tta_section][\/vc_tta_accordion][vc_btn title=\u00bbQUIERO M\u00c1S INFORMACI\u00d3N\u00bb align=\u00bbcenter\u00bb i_icon_fontawesome=\u00bbfa fa-question-circle\u00bb add_icon=\u00bbtrue\u00bb el_class=\u00bbbtn-saber-mas\u00bb link=\u00bburl:https%3A%2F%2Fwww.proyectum.com%2Fcl%2Finscripcion-cursos%2F|||\u00bb][vc_btn title=\u00bbQUIERO INSCRIBIRME\u00bb align=\u00bbcenter\u00bb i_icon_fontawesome=\u00bbfa fa-question-circle\u00bb add_icon=\u00bbtrue\u00bb el_class=\u00bbbtn-saber-mas\u00bb link=\u00bburl:https%3A%2F%2Fwww.proyectum.com%2Fcl%2Finscripcion-cursos%2F|||\u00bb][\/vc_column][\/vc_row]<\/p>\n<\/div>","protected":false},"excerpt":{"rendered":"<p>[vc_row full_width=\u00bbstretch_row\u00bb css=\u00bb.vc_custom_1538081762258{padding-top: 58px !important;padding-bottom: 58px !important;background-image: url(https:\/\/www.proyectum.com\/cl\/wp-content\/uploads\/2018\/09\/curso-tipo.png?id=6990) !important;background-position: center !important;background-repeat: no-repeat !important;background-size: cover !important;}\u00bb][vc_column width=\u00bb2\/3&#8243;][vc_custom_heading text=\u00bbCURSO DIRECCI\u00d3N DE PROGRAMAS\u00bb font_container=\u00bbtag:h1|font_size:35|text_align:center|color:%23ffffff\u00bb use_theme_fonts=\u00bbyes\u00bb css=\u00bb.vc_custom_1541613088091{margin-bottom: 0px !important;}\u00bb][\/vc_column][vc_column width=\u00bb1\/3&#8243;][vc_btn title=\u00bbQUIERO M\u00c1S INFORMACI\u00d3N\u00bb i_icon_fontawesome=\u00bbfa fa-question-circle\u00bb add_icon=\u00bbtrue\u00bb el_class=\u00bbbtn-saber-mas\u00bb link=\u00bburl:https%3A%2F%2Fwww.proyectum.com%2Fcl%2Finscripcion-cursos%2F|||\u00bb][\/vc_column][\/vc_row][vc_row css=\u00bb.vc_custom_1488777218947{padding-top: 25px !important;padding-bottom: 60px !important;}\u00bb][vc_column width=\u00bb2\/3&#8243; css=\u00bb.vc_custom_1538081880375{padding-right: 40px !important;}\u00bb][vc_column_text]Los d\u00edas en que las grandes iniciativas se manejaban como de proyectos monol\u00edticos, [&hellip;]<\/p>\n","protected":false},"author":2,"featured_media":0,"parent":6889,"menu_order":0,"comment_status":"closed","ping_status":"closed","template":"","meta":{"content-type":"","footnotes":""},"class_list":["post-7058","page","type-page","status-publish","hentry"],"_links":{"self":[{"href":"https:\/\/proyectum.com\/gt\/wp-json\/wp\/v2\/pages\/7058"}],"collection":[{"href":"https:\/\/proyectum.com\/gt\/wp-json\/wp\/v2\/pages"}],"about":[{"href":"https:\/\/proyectum.com\/gt\/wp-json\/wp\/v2\/types\/page"}],"author":[{"embeddable":true,"href":"https:\/\/proyectum.com\/gt\/wp-json\/wp\/v2\/users\/2"}],"replies":[{"embeddable":true,"href":"https:\/\/proyectum.com\/gt\/wp-json\/wp\/v2\/comments?post=7058"}],"version-history":[{"count":0,"href":"https:\/\/proyectum.com\/gt\/wp-json\/wp\/v2\/pages\/7058\/revisions"}],"up":[{"embeddable":true,"href":"https:\/\/proyectum.com\/gt\/wp-json\/wp\/v2\/pages\/6889"}],"wp:attachment":[{"href":"https:\/\/proyectum.com\/gt\/wp-json\/wp\/v2\/media?parent=7058"}],"curies":[{"name":"wp","href":"https:\/\/api.w.org\/{rel}","templated":true}]}}