{"id":7086,"date":"2018-11-07T17:08:29","date_gmt":"2018-11-07T20:08:29","guid":{"rendered":"https:\/\/www.proyectum.com\/cl\/?page_id=7086"},"modified":"2023-11-17T17:08:17","modified_gmt":"2023-11-17T23:08:17","slug":"implementacion-oficina-de-proyectos-pmo","status":"publish","type":"page","link":"https:\/\/proyectum.com\/gt\/consultoria\/implementacion-oficina-de-proyectos-pmo\/","title":{"rendered":"Implementaci\u00f3n Oficina de Proyectos (PMO)"},"content":{"rendered":"<div class=\"wpb-content-wrapper\"><p>[vc_row full_width=\u00bbstretch_row\u00bb css=\u00bb.vc_custom_1538081762258{padding-top: 58px !important;padding-bottom: 58px !important;background-image: url(https:\/\/www.proyectum.com\/cl\/wp-content\/uploads\/2018\/09\/curso-tipo.png?id=6990) !important;background-position: center !important;background-repeat: no-repeat !important;background-size: cover !important;}\u00bb][vc_column width=\u00bb2\/3&#8243;][vc_custom_heading text=\u00bbIMPLEMENTACI\u00d3N OFICINA DE PROYECTOS (PMO)\u00bb font_container=\u00bbtag:h1|font_size:35|text_align:center|color:%23ffffff\u00bb use_theme_fonts=\u00bbyes\u00bb css=\u00bb.vc_custom_1541620797793{margin-bottom: 0px !important;}\u00bb][\/vc_column][vc_column width=\u00bb1\/3&#8243;][vc_btn title=\u00bbQUIERO M\u00c1S INFORMACI\u00d3N\u00bb i_icon_fontawesome=\u00bb\u00bb add_icon=\u00bbtrue\u00bb el_class=\u00bbbtn-saber-mas\u00bb link=\u00bburl:https%3A%2F%2Fwww.proyectum.com%2Fgt%2Fcontacto%2F|||\u00bb][\/vc_column][\/vc_row][vc_row css=\u00bb.vc_custom_1488777218947{padding-top: 25px !important;padding-bottom: 60px !important;}\u00bb][vc_column width=\u00bb2\/3&#8243; css=\u00bb.vc_custom_1538081880375{padding-right: 40px !important;}\u00bb][vc_column_text]Para poner en pr\u00e1ctica sus estrategias, las organizaciones exitosas en todo el mundo est\u00e1n implementando procesos y disciplinas formales de Direcci\u00f3n de Proyectos para generar resultados a tiempo, dentro del presupuesto y con un adecuado nivel de calidad. Las Oficinas de Direcci\u00f3n de Proyectos (PMO) tienen como finalidad establecer un medio ambiente que favorezca el \u00e9xito de los proyectos.<\/p>\n<p>Sin embargo, no todos las implementaciones de PMO han generado los resultados deseados. Muchas PMO se focalizan mucho en sus actividades internas, tales como definir nuevos procesos y plantillas, y no generan valor para el resto de la organizaci\u00f3n. En Proyectum ponemos foco en asegurar que la PMO provea valor a la organizaci\u00f3n, concepto que llamamos <strong style=\"color: #00416b;\">PMO de Valor agregado.<\/strong><\/p>\n<p>Nuestros servicios est\u00e1n basados en una metodolog\u00eda altamente efectiva, cuyo objetivo es construir e implantar una Oficina de Programas, Proyecto y Procesos que ayude a capitalizar el valor de sus proyectos a la organizaci\u00f3n.<\/p>\n<p><img loading=\"lazy\" decoding=\"async\" class=\"size-full wp-image-7087 aligncenter\" src=\"https:\/\/www.proyectum.com\/cl\/wp-content\/uploads\/2018\/11\/diagrama-oficina-de-proyectos.png\" alt=\"\" width=\"471\" height=\"222\" srcset=\"https:\/\/proyectum.com\/gt\/wp-content\/uploads\/2018\/11\/diagrama-oficina-de-proyectos.png 471w, https:\/\/proyectum.com\/gt\/wp-content\/uploads\/2018\/11\/diagrama-oficina-de-proyectos-367x173.png 367w\" sizes=\"(max-width: 471px) 100vw, 471px\" \/><\/p>\n<p>Contamos con un enfoque de implementaci\u00f3n s\u00faper r\u00e1pido que garantiza resultados en un periodo de tiempo corto. En combinaci\u00f3n con este producto, su organizaci\u00f3n contar\u00e1 con todo lo necesario para crear una cultura de direcci\u00f3n de sus proyectos, todo lo necesario estar\u00e1 listo: Procesos, procedimientos, t\u00e9cnicas y formatos, indicadores, herramientas, etc.<\/p>\n<p><img loading=\"lazy\" decoding=\"async\" class=\"size-full wp-image-7088 aligncenter\" src=\"https:\/\/www.proyectum.com\/cl\/wp-content\/uploads\/2018\/11\/diagrama-oficina-de-proyectos-2.png\" alt=\"\" width=\"566\" height=\"215\" srcset=\"https:\/\/proyectum.com\/gt\/wp-content\/uploads\/2018\/11\/diagrama-oficina-de-proyectos-2.png 566w, https:\/\/proyectum.com\/gt\/wp-content\/uploads\/2018\/11\/diagrama-oficina-de-proyectos-2-367x139.png 367w\" sizes=\"(max-width: 566px) 100vw, 566px\" \/><\/p>\n<p>Con la creaci\u00f3n de una PMO usted tendr\u00e1 una organizaci\u00f3n interna que adem\u00e1s de proporcionar informaci\u00f3n para la toma de decisiones, contribuir\u00e1 al aprendizaje organizacional, creando una cultura perdurable de obtenci\u00f3n de resultados.[\/vc_column_text][vc_empty_space][vc_row_inner css=\u00bb.vc_custom_1541621526417{background-color: #ffffff !important;}\u00bb][vc_column_inner width=\u00bb2\/3&#8243;][vc_empty_space][vc_column_text]<\/p>\n<div class=\"avia-promocontent\">\n<h3 style=\"color: #00416b;\">El tiempo apremia, nuestro enfoque est\u00e1 probado alrededor del mundo.<\/h3>\n<\/div>\n<p>[\/vc_column_text][vc_empty_space][\/vc_column_inner][vc_column_inner width=\u00bb1\/3&#8243;][vc_empty_space][vc_btn title=\u00bbQuiero saber m\u00e1s\u00bb align=\u00bbcenter\u00bb i_icon_fontawesome=\u00bb\u00bb add_icon=\u00bbtrue\u00bb el_class=\u00bbbtn-saber-mas\u00bb link=\u00bburl:https%3A%2F%2Fwww.proyectum.com%2Fgt%2Fcontacto%2F|||\u00bb][vc_empty_space][\/vc_column_inner][\/vc_row_inner][\/vc_column][vc_column width=\u00bb1\/3&#8243; text_align=\u00bbleft\u00bb css=\u00bb.vc_custom_1538081853323{padding-left: 0px !important;}\u00bb]<div class=\"porto-u-heading  wpb_custom_95aa9a11c17ad45cfabaf210d84ee7cc porto-u-2235\"><div class=\"porto-u-main-heading\"><h2   style=\"font-weight:bold;line-height:27px;\">CONSULTOR\u00cdAS PROYECTUM<\/h2><\/div><style>.porto-u-2235.porto-u-heading{text-align:left}<\/style><\/div>[vc_wp_custommenu nav_menu=\u00bb51&#8243;][vc_btn title=\u00bbQUIERO M\u00c1S INFORMACI\u00d3N\u00bb align=\u00bbcenter\u00bb i_icon_fontawesome=\u00bb\u00bb add_icon=\u00bbtrue\u00bb el_class=\u00bbbtn-saber-mas\u00bb link=\u00bburl:https%3A%2F%2Fwww.proyectum.com%2Fgt%2Fcontacto%2F|||\u00bb][\/vc_column][\/vc_row]<\/p>\n<\/div>","protected":false},"excerpt":{"rendered":"<p>[vc_row full_width=\u00bbstretch_row\u00bb css=\u00bb.vc_custom_1538081762258{padding-top: 58px !important;padding-bottom: 58px !important;background-image: url(https:\/\/www.proyectum.com\/cl\/wp-content\/uploads\/2018\/09\/curso-tipo.png?id=6990) !important;background-position: center !important;background-repeat: no-repeat !important;background-size: cover !important;}\u00bb][vc_column width=\u00bb2\/3&#8243;][vc_custom_heading text=\u00bbIMPLEMENTACI\u00d3N OFICINA DE PROYECTOS (PMO)\u00bb font_container=\u00bbtag:h1|font_size:35|text_align:center|color:%23ffffff\u00bb use_theme_fonts=\u00bbyes\u00bb css=\u00bb.vc_custom_1541620797793{margin-bottom: 0px !important;}\u00bb][\/vc_column][vc_column width=\u00bb1\/3&#8243;][vc_btn title=\u00bbQUIERO M\u00c1S INFORMACI\u00d3N\u00bb i_icon_fontawesome=\u00bb\u00bb add_icon=\u00bbtrue\u00bb el_class=\u00bbbtn-saber-mas\u00bb link=\u00bburl:https%3A%2F%2Fwww.proyectum.com%2Fgt%2Fcontacto%2F|||\u00bb][\/vc_column][\/vc_row][vc_row css=\u00bb.vc_custom_1488777218947{padding-top: 25px !important;padding-bottom: 60px !important;}\u00bb][vc_column width=\u00bb2\/3&#8243; css=\u00bb.vc_custom_1538081880375{padding-right: 40px !important;}\u00bb][vc_column_text]Para poner en pr\u00e1ctica sus estrategias, las organizaciones exitosas en todo el mundo [&hellip;]<\/p>\n","protected":false},"author":2,"featured_media":0,"parent":6894,"menu_order":0,"comment_status":"closed","ping_status":"closed","template":"","meta":{"content-type":"","footnotes":""},"class_list":["post-7086","page","type-page","status-publish","hentry"],"_links":{"self":[{"href":"https:\/\/proyectum.com\/gt\/wp-json\/wp\/v2\/pages\/7086"}],"collection":[{"href":"https:\/\/proyectum.com\/gt\/wp-json\/wp\/v2\/pages"}],"about":[{"href":"https:\/\/proyectum.com\/gt\/wp-json\/wp\/v2\/types\/page"}],"author":[{"embeddable":true,"href":"https:\/\/proyectum.com\/gt\/wp-json\/wp\/v2\/users\/2"}],"replies":[{"embeddable":true,"href":"https:\/\/proyectum.com\/gt\/wp-json\/wp\/v2\/comments?post=7086"}],"version-history":[{"count":0,"href":"https:\/\/proyectum.com\/gt\/wp-json\/wp\/v2\/pages\/7086\/revisions"}],"up":[{"embeddable":true,"href":"https:\/\/proyectum.com\/gt\/wp-json\/wp\/v2\/pages\/6894"}],"wp:attachment":[{"href":"https:\/\/proyectum.com\/gt\/wp-json\/wp\/v2\/media?parent=7086"}],"curies":[{"name":"wp","href":"https:\/\/api.w.org\/{rel}","templated":true}]}}