{"id":7091,"date":"2018-11-07T17:57:08","date_gmt":"2018-11-07T20:57:08","guid":{"rendered":"https:\/\/www.proyectum.com\/cl\/?page_id=7091"},"modified":"2018-11-07T17:58:10","modified_gmt":"2018-11-07T20:58:10","slug":"taller-de-inicio-rapido-de-proyectos","status":"publish","type":"page","link":"https:\/\/proyectum.com\/gt\/consultoria\/taller-de-inicio-rapido-de-proyectos\/","title":{"rendered":"Taller de Inicio R\u00e1pido de Proyectos"},"content":{"rendered":"<div class=\"wpb-content-wrapper\"><p>[vc_row full_width=\u00bbstretch_row\u00bb css=\u00bb.vc_custom_1538081762258{padding-top: 58px !important;padding-bottom: 58px !important;background-image: url(https:\/\/www.proyectum.com\/cl\/wp-content\/uploads\/2018\/09\/curso-tipo.png?id=6990) !important;background-position: center !important;background-repeat: no-repeat !important;background-size: cover !important;}\u00bb][vc_column width=\u00bb2\/3&#8243;][vc_custom_heading text=\u00bbTALLER DE INICIO R\u00c1PIDO DE PROYECTOS\u00bb font_container=\u00bbtag:h1|font_size:35|text_align:center|color:%23ffffff\u00bb use_theme_fonts=\u00bbyes\u00bb css=\u00bb.vc_custom_1541623748306{margin-bottom: 0px !important;}\u00bb][\/vc_column][vc_column width=\u00bb1\/3&#8243;][vc_btn title=\u00bbQUIERO M\u00c1S INFORMACI\u00d3N\u00bb i_icon_fontawesome=\u00bbfa fa-question-circle\u00bb add_icon=\u00bbtrue\u00bb el_class=\u00bbbtn-saber-mas\u00bb link=\u00bburl:https%3A%2F%2Fwww.proyectum.com%2Fcl%2Finscripcion-cursos%2F|||\u00bb][\/vc_column][\/vc_row][vc_row css=\u00bb.vc_custom_1488777218947{padding-top: 25px !important;padding-bottom: 60px !important;}\u00bb][vc_column width=\u00bb2\/3&#8243; css=\u00bb.vc_custom_1538081880375{padding-right: 40px !important;}\u00bb][vc_column_text]Si alguna vez se ha estado involucrado en un proyecto poco exitoso, se suele mirar hacia atr\u00e1s para lamentarse de no haber dedicado m\u00e1s tiempo a la planificaci\u00f3n.<\/p>\n<p>La falta de planificaci\u00f3n anticipada es vista por muchos como la raz\u00f3n m\u00e1s com\u00fan de los problemas de un proyecto.<\/p>\n<p>Seamos realistas. Antes de comenzar un proyecto, es necesario dedicar un tiempo intenso a la planificaci\u00f3n del trabajo. Este tiempo no es \u2018overhead\u2019. Este es el espacio de tiempo en que el jefe de proyecto se asegura que el equipo de proyecto y el cliente tienen un entendimiento com\u00fan de las expectativas del proyecto.<\/p>\n<p>Proyectum puede conducir un Taller con los principales Stakeholders que le guiar\u00e1 por el proceso de definici\u00f3n del proyecto. Este comienza con una discusi\u00f3n del proyecto, antecedentes, contexto y beneficio empresarial. Esta discusi\u00f3n se asegura de que todos en el taller tienen un entendimiento com\u00fan del proyecto. A partir de ah\u00ed vamos a construir un consenso para lo siguiente:<\/p>\n<ul>\n<li>Objetivos del proyecto (lo que el proyecto cumplir\u00e1)<\/li>\n<li>El alcance del proyecto<\/li>\n<li>Supuestos del Proyecto<\/li>\n<li>Riesgos del proyecto y un plan inicial para cada riesgo de alto nivel<\/li>\n<li>Las estimaciones iniciales de la duraci\u00f3n del proyecto, el costo y el esfuerzo<\/li>\n<li>Equipo de proyecto necesario y necesidades de la organizaci\u00f3n<\/li>\n<li>Planteamiento general del proyecto<\/li>\n<li>Recomendaci\u00f3n sobre qui\u00e9n debe revisar y aprobar el Plan General del proyecto<\/li>\n<li>Pr\u00f3ximos pasos<\/li>\n<\/ul>\n<p>Esta informaci\u00f3n representa la base del proyecto y la ejecuci\u00f3n no debe iniciarse a menos que se conozca esta informaci\u00f3n.<\/p>\n<p>Al final del taller, usted debe estar en condiciones de redactar r\u00e1pidamente los siguientes documentos:<\/p>\n<ul>\n<li>Plan General del Proyecto, incluido el resumen, el alcance, esfuerzo estimado, el costo y duraci\u00f3n, supuestos, riesgos, organizaci\u00f3n y enfoque del proyecto.<\/li>\n<li>Procedimientos de Gesti\u00f3n del Proyecto<\/li>\n<li>Cronograma de alto nivel del proyecto, con los hitos m\u00e1s importantes<\/li>\n<li>Organigrama del Proyecto<\/li>\n<\/ul>\n<p>Despu\u00e9s del taller estaremos disponible para revisar el borrador de entregables de su proyecto. De hecho, incluso creamos el primer borrador de estos resultados para usted.<\/p>\n<p>Ya sea que usted est\u00e1 comenzando un proyecto crucial, o simplemente necesita ayuda general con todos los proyectos, Proyectum Servicios de Consultor\u00eda puede ayudarle a empezar bien, utilizando t\u00e9cnicas probadas y las plantillas de los Procesos de Proyectum.[\/vc_column_text][vc_empty_space][vc_row_inner css=\u00bb.vc_custom_1541621526417{background-color: #ffffff !important;}\u00bb][vc_column_inner width=\u00bb2\/3&#8243;][vc_empty_space][vc_column_text]<\/p>\n<div class=\"avia-promocontent\">\n<h3 style=\"color: #00416b;\">\u00bfQuieres saber m\u00e1s sobre nuestros servicios de consultor\u00eda?<\/h3>\n<\/div>\n<p>[\/vc_column_text][vc_empty_space][\/vc_column_inner][vc_column_inner width=\u00bb1\/3&#8243;][vc_empty_space][vc_btn title=\u00bbQuiero saber m\u00e1s\u00bb align=\u00bbcenter\u00bb i_icon_fontawesome=\u00bbfa fa-info-circle\u00bb add_icon=\u00bbtrue\u00bb el_class=\u00bbbtn-saber-mas\u00bb link=\u00bburl:https%3A%2F%2Fwww.proyectum.com%2Fcl%2Fcontacto%2F|||\u00bb][vc_empty_space][\/vc_column_inner][\/vc_row_inner][\/vc_column][vc_column width=\u00bb1\/3&#8243; text_align=\u00bbleft\u00bb css=\u00bb.vc_custom_1538081853323{padding-left: 0px !important;}\u00bb]<div class=\"porto-u-heading  wpb_custom_95aa9a11c17ad45cfabaf210d84ee7cc porto-u-4453\"><div class=\"porto-u-main-heading\"><h2   style=\"font-weight:bold;line-height:27px;\">CONSULTOR\u00cdAS PROYECTUM<\/h2><\/div><style>.porto-u-4453.porto-u-heading{text-align:left}<\/style><\/div>[vc_wp_custommenu nav_menu=\u00bb51&#8243;][vc_btn title=\u00bbQUIERO M\u00c1S INFORMACI\u00d3N\u00bb align=\u00bbcenter\u00bb i_icon_fontawesome=\u00bbfa fa-question-circle\u00bb add_icon=\u00bbtrue\u00bb el_class=\u00bbbtn-saber-mas\u00bb link=\u00bburl:https%3A%2F%2Fwww.proyectum.com%2Fcl%2Fcontacto%2F|||\u00bb][\/vc_column][\/vc_row]<\/p>\n<\/div>","protected":false},"excerpt":{"rendered":"<p>[vc_row full_width=\u00bbstretch_row\u00bb css=\u00bb.vc_custom_1538081762258{padding-top: 58px !important;padding-bottom: 58px !important;background-image: url(https:\/\/www.proyectum.com\/cl\/wp-content\/uploads\/2018\/09\/curso-tipo.png?id=6990) !important;background-position: center !important;background-repeat: no-repeat !important;background-size: cover !important;}\u00bb][vc_column width=\u00bb2\/3&#8243;][vc_custom_heading text=\u00bbTALLER DE INICIO R\u00c1PIDO DE PROYECTOS\u00bb font_container=\u00bbtag:h1|font_size:35|text_align:center|color:%23ffffff\u00bb use_theme_fonts=\u00bbyes\u00bb css=\u00bb.vc_custom_1541623748306{margin-bottom: 0px !important;}\u00bb][\/vc_column][vc_column width=\u00bb1\/3&#8243;][vc_btn title=\u00bbQUIERO M\u00c1S INFORMACI\u00d3N\u00bb i_icon_fontawesome=\u00bbfa fa-question-circle\u00bb add_icon=\u00bbtrue\u00bb el_class=\u00bbbtn-saber-mas\u00bb link=\u00bburl:https%3A%2F%2Fwww.proyectum.com%2Fcl%2Finscripcion-cursos%2F|||\u00bb][\/vc_column][\/vc_row][vc_row css=\u00bb.vc_custom_1488777218947{padding-top: 25px !important;padding-bottom: 60px !important;}\u00bb][vc_column width=\u00bb2\/3&#8243; css=\u00bb.vc_custom_1538081880375{padding-right: 40px !important;}\u00bb][vc_column_text]Si alguna vez se ha estado involucrado en un proyecto poco [&hellip;]<\/p>\n","protected":false},"author":2,"featured_media":0,"parent":6894,"menu_order":0,"comment_status":"closed","ping_status":"closed","template":"","meta":{"content-type":"","footnotes":""},"class_list":["post-7091","page","type-page","status-publish","hentry"],"_links":{"self":[{"href":"https:\/\/proyectum.com\/gt\/wp-json\/wp\/v2\/pages\/7091"}],"collection":[{"href":"https:\/\/proyectum.com\/gt\/wp-json\/wp\/v2\/pages"}],"about":[{"href":"https:\/\/proyectum.com\/gt\/wp-json\/wp\/v2\/types\/page"}],"author":[{"embeddable":true,"href":"https:\/\/proyectum.com\/gt\/wp-json\/wp\/v2\/users\/2"}],"replies":[{"embeddable":true,"href":"https:\/\/proyectum.com\/gt\/wp-json\/wp\/v2\/comments?post=7091"}],"version-history":[{"count":0,"href":"https:\/\/proyectum.com\/gt\/wp-json\/wp\/v2\/pages\/7091\/revisions"}],"up":[{"embeddable":true,"href":"https:\/\/proyectum.com\/gt\/wp-json\/wp\/v2\/pages\/6894"}],"wp:attachment":[{"href":"https:\/\/proyectum.com\/gt\/wp-json\/wp\/v2\/media?parent=7091"}],"curies":[{"name":"wp","href":"https:\/\/api.w.org\/{rel}","templated":true}]}}