{"id":7115,"date":"2018-11-07T18:43:35","date_gmt":"2018-11-07T21:43:35","guid":{"rendered":"https:\/\/www.proyectum.com\/cl\/?page_id=7115"},"modified":"2019-05-23T12:51:04","modified_gmt":"2019-05-23T15:51:04","slug":"servicios","status":"publish","type":"page","link":"https:\/\/proyectum.com\/gt\/servicios\/","title":{"rendered":"Servicios Profesionales"},"content":{"rendered":"<div class=\"wpb-content-wrapper\"><p>[vc_row full_width=\u00bbstretch_row\u00bb parallax=\u00bbcontent-moving\u00bb parallax_image=\u00bb6992&#8243; css=\u00bb.vc_custom_1538087893297{padding-top: 128px !important;padding-bottom: 128px !important;}\u00bb el_class=\u00bbbg-degrade-header\u00bb][vc_column][vc_custom_heading text=\u00bbSERVICIOS PROFESIONALES\u00bb font_container=\u00bbtag:h1|text_align:center|color:%23ffffff\u00bb use_theme_fonts=\u00bbyes\u00bb css=\u00bb.vc_custom_1541626951900{margin-bottom: 0px !important;}\u00bb][\/vc_column][\/vc_row][vc_row css=\u00bb.vc_custom_1488777218947{padding-top: 25px !important;padding-bottom: 60px !important;}\u00bb][vc_column width=\u00bb1\/2&#8243;][vc_column_text]Ponemos a disposici\u00f3n de nuestros clientes servicios otorgados a trav\u00e9s de profesionales de excelencia, que potenciando sus competencias personales con la formaci\u00f3n, metodolog\u00edas y supervisi\u00f3n de Proyectum, est\u00e1n en condiciones de desarrollar para nuestros clientes todos los procesos necesarios para asegurar un ambiente de proyectos exitosos.<\/p>\n<p>Nuestra compa\u00f1\u00eda es orientada al cliente, por lo que tenemos la flexibilidad para configurar nuestros servicios de acuerdo a sus necesidades.[\/vc_column_text][\/vc_column][vc_column width=\u00bb1\/2&#8243; text_align=\u00bbleft\u00bb css=\u00bb.vc_custom_1536801436117{padding-left: 200px !important;}\u00bb]<div class=\"porto-u-heading  wpb_custom_95aa9a11c17ad45cfabaf210d84ee7cc porto-u-8754\"><div class=\"porto-u-main-heading\"><h2   style=\"font-weight:bold;line-height:27px;\">SERVICIOS PROYECTUM<\/h2><\/div><style>.porto-u-8754.porto-u-heading{text-align:left}<\/style><\/div>[vc_wp_custommenu nav_menu=\u00bb54&#8243;][\/vc_column][\/vc_row]<\/p>\n<\/div>","protected":false},"excerpt":{"rendered":"<p>[vc_row full_width=\u00bbstretch_row\u00bb parallax=\u00bbcontent-moving\u00bb parallax_image=\u00bb6992&#8243; css=\u00bb.vc_custom_1538087893297{padding-top: 128px !important;padding-bottom: 128px !important;}\u00bb el_class=\u00bbbg-degrade-header\u00bb][vc_column][vc_custom_heading text=\u00bbSERVICIOS PROFESIONALES\u00bb font_container=\u00bbtag:h1|text_align:center|color:%23ffffff\u00bb use_theme_fonts=\u00bbyes\u00bb css=\u00bb.vc_custom_1541626951900{margin-bottom: 0px !important;}\u00bb][\/vc_column][\/vc_row][vc_row css=\u00bb.vc_custom_1488777218947{padding-top: 25px !important;padding-bottom: 60px !important;}\u00bb][vc_column width=\u00bb1\/2&#8243;][vc_column_text]Ponemos a disposici\u00f3n de nuestros clientes servicios otorgados a trav\u00e9s de profesionales de excelencia, que potenciando sus competencias personales con la formaci\u00f3n, metodolog\u00edas y supervisi\u00f3n de Proyectum, est\u00e1n en condiciones de desarrollar para [&hellip;]<\/p>\n","protected":false},"author":2,"featured_media":0,"parent":0,"menu_order":0,"comment_status":"closed","ping_status":"closed","template":"","meta":{"content-type":"","footnotes":""},"class_list":["post-7115","page","type-page","status-publish","hentry"],"_links":{"self":[{"href":"https:\/\/proyectum.com\/gt\/wp-json\/wp\/v2\/pages\/7115"}],"collection":[{"href":"https:\/\/proyectum.com\/gt\/wp-json\/wp\/v2\/pages"}],"about":[{"href":"https:\/\/proyectum.com\/gt\/wp-json\/wp\/v2\/types\/page"}],"author":[{"embeddable":true,"href":"https:\/\/proyectum.com\/gt\/wp-json\/wp\/v2\/users\/2"}],"replies":[{"embeddable":true,"href":"https:\/\/proyectum.com\/gt\/wp-json\/wp\/v2\/comments?post=7115"}],"version-history":[{"count":0,"href":"https:\/\/proyectum.com\/gt\/wp-json\/wp\/v2\/pages\/7115\/revisions"}],"wp:attachment":[{"href":"https:\/\/proyectum.com\/gt\/wp-json\/wp\/v2\/media?parent=7115"}],"curies":[{"name":"wp","href":"https:\/\/api.w.org\/{rel}","templated":true}]}}