{"id":7121,"date":"2018-11-07T19:58:26","date_gmt":"2018-11-07T22:58:26","guid":{"rendered":"https:\/\/www.proyectum.com\/cl\/?page_id=7121"},"modified":"2019-09-03T18:10:30","modified_gmt":"2019-09-03T21:10:30","slug":"servicio-de-direccion-de-proyectos","status":"publish","type":"page","link":"https:\/\/proyectum.com\/gt\/servicios\/servicio-de-direccion-de-proyectos\/","title":{"rendered":"Servicio de Direcci\u00f3n de Proyectos"},"content":{"rendered":"<div class=\"wpb-content-wrapper\"><p>[vc_row full_width=\u00bbstretch_row\u00bb css=\u00bb.vc_custom_1538081762258{padding-top: 58px !important;padding-bottom: 58px !important;background-image: url(https:\/\/www.proyectum.com\/cl\/wp-content\/uploads\/2018\/09\/curso-tipo.png?id=6990) !important;background-position: center !important;background-repeat: no-repeat !important;background-size: cover !important;}\u00bb][vc_column width=\u00bb2\/3&#8243;][vc_custom_heading text=\u00bbSERVICIO DE DIRECCI\u00d3N DE PROYECTOS\u00bb font_container=\u00bbtag:h1|font_size:35|text_align:center|color:%23ffffff\u00bb use_theme_fonts=\u00bbyes\u00bb css=\u00bb.vc_custom_1541631479379{margin-bottom: 0px !important;}\u00bb][\/vc_column][vc_column width=\u00bb1\/3&#8243;][\/vc_column][\/vc_row][vc_row css=\u00bb.vc_custom_1488777218947{padding-top: 25px !important;padding-bottom: 60px !important;}\u00bb][vc_column width=\u00bb2\/3&#8243; css=\u00bb.vc_custom_1538081880375{padding-right: 40px !important;}\u00bb][vc_column_text]Proyectum provee profesionales capacitados y experimentados en el rol de Director o Jefe de Proyecto, con las competencias requeridas para conducir con \u00e9xito las iniciativas de una organizaci\u00f3n, contando adem\u00e1s con el apoyo metodol\u00f3gico de nuestra empresa durante el desarrollo de sus actividades para lograr los objetivos establecidos.[\/vc_column_text][\/vc_column][vc_column width=\u00bb1\/3&#8243; text_align=\u00bbleft\u00bb css=\u00bb.vc_custom_1538081853323{padding-left: 0px !important;}\u00bb]<div class=\"porto-u-heading  wpb_custom_95aa9a11c17ad45cfabaf210d84ee7cc porto-u-7934\"><div class=\"porto-u-main-heading\"><h2   style=\"font-weight:bold;line-height:27px;\">SERVICIOS PROYECTUM<\/h2><\/div><style>.porto-u-7934.porto-u-heading{text-align:left}<\/style><\/div>[vc_wp_custommenu nav_menu=\u00bb52&#8243;][\/vc_column][\/vc_row][vc_row css=\u00bb.vc_custom_1567544999836{margin-top: 30px !important;margin-bottom: 30px !important;}\u00bb][vc_column][vc_custom_heading text=\u00bb\u00bfQuieres saber m\u00e1s sobre nuestros Servicios Profesionales?\u00bb font_container=\u00bbtag:h2|text_align:center|color:%2300416b\u00bb use_theme_fonts=\u00bbyes\u00bb]\n<div class=\"wpcf7 no-js\" id=\"wpcf7-f7134-o1\" lang=\"en-US\" dir=\"ltr\" data-wpcf7-id=\"7134\">\n<div class=\"screen-reader-response\"><p role=\"status\" aria-live=\"polite\" aria-atomic=\"true\"><\/p> <ul><\/ul><\/div>\n<form action=\"\/gt\/wp-json\/wp\/v2\/pages\/7121#wpcf7-f7134-o1\" method=\"post\" class=\"wpcf7-form init\" aria-label=\"Contact form\" novalidate=\"novalidate\" data-status=\"init\">\n<div style=\"display: none;\">\n<input type=\"hidden\" name=\"_wpcf7\" value=\"7134\" \/>\n<input type=\"hidden\" name=\"_wpcf7_version\" value=\"6.0.6\" \/>\n<input type=\"hidden\" name=\"_wpcf7_locale\" value=\"en_US\" \/>\n<input type=\"hidden\" name=\"_wpcf7_unit_tag\" value=\"wpcf7-f7134-o1\" \/>\n<input type=\"hidden\" name=\"_wpcf7_container_post\" value=\"0\" \/>\n<input type=\"hidden\" name=\"_wpcf7_posted_data_hash\" value=\"\" \/>\n<\/div>\n<div style=\"padding: 0 50px;\"><div class=\"row\">\n   <div class=\"col-lg-6 text-left\">\n      <div class=\"row\">\n         <div class=\"col-lg-12\">\n            <label class=\"text-title-form\"><i class=\"Simple-Line-Icons-user text-color-light\"><\/i> Nombre Completo<\/label><span class=\"wpcf7-form-control-wrap\" data-name=\"your-name\"><input size=\"40\" maxlength=\"400\" class=\"wpcf7-form-control wpcf7-text wpcf7-validates-as-required custom-contact-input\" aria-required=\"true\" aria-invalid=\"false\" placeholder=\"Escribe tu nombre y apellido\" value=\"\" type=\"text\" name=\"your-name\" \/><\/span>\n         <\/div>\n         <div class=\"col-lg-12\">\n            <label class=\"text-title-form\">\n            <i class=\"Simple-Line-Icons-envelope text-color-light\"><\/i> Correo Electr\u00f3nico<\/label><span class=\"wpcf7-form-control-wrap\" data-name=\"your-email\"><input size=\"40\" maxlength=\"400\" class=\"wpcf7-form-control wpcf7-email wpcf7-validates-as-required wpcf7-text wpcf7-validates-as-email custom-contact-input\" aria-required=\"true\" aria-invalid=\"false\" placeholder=\"A donde te escribiremos\" value=\"\" type=\"email\" name=\"your-email\" \/><\/span>\n         <\/div>\n      <\/div>\n      <div class=\"row\">\n         <div class=\"col-lg-12\"><label class=\"text-title-form\">\n            <i class=\"Simple-Line-Icons-call-out icons text-color-light\"><\/i> Tel\u00e9fono<\/label><span class=\"wpcf7-form-control-wrap\" data-name=\"your-phone\"><input size=\"40\" maxlength=\"400\" class=\"wpcf7-form-control wpcf7-text custom-contact-input\" aria-invalid=\"false\" placeholder=\"N\u00famero de contacto\" value=\"\" type=\"text\" name=\"your-phone\" \/><\/span>\n         <\/div>\n      <\/div>\n   <\/div>\n   <div class=\"col-lg-6 text-left\">\n      <div class=\"row\">\n         <div class=\"col-lg-12\">\n            <label class=\"text-title-form\"><i class=\"Simple-Line-Icons-call-out icons text-color-light\"><\/i> Empresa<\/label><span class=\"wpcf7-form-control-wrap\" data-name=\"tu-empresa\"><input size=\"40\" maxlength=\"400\" class=\"wpcf7-form-control wpcf7-text custom-contact-input\" aria-invalid=\"false\" placeholder=\"Tu lugar de trabajo\" value=\"\" type=\"text\" name=\"tu-empresa\" \/><\/span>\n         <\/div>\n      <\/div>\n      <div class=\"row\">\n         <div class=\"col-lg-12\">\n            <label class=\"text-title-form\">\n            <i class=\"Simple-Line-Icons-bubble icons text-color-light\"><\/i> Mensaje<\/label><span class=\"wpcf7-form-control-wrap\" data-name=\"txt-msg\"><textarea cols=\"40\" rows=\"10\" maxlength=\"2000\" class=\"wpcf7-form-control wpcf7-textarea wpcf7-validates-as-required custom-contact-input\" aria-required=\"true\" aria-invalid=\"false\" placeholder=\"\u00bfAlgo que nos quieras decir?\" name=\"txt-msg\"><\/textarea><\/span>\n         <\/div>\n      <\/div>\n   <\/div>\n<\/div>\n<div class=\"row center\">\n<div class=\"col-lg-6\">\n\n        <div class=\"text-left text-checkbox\"><span class=\"wpcf7-form-control-wrap\" data-name=\"boletin\"><span class=\"wpcf7-form-control wpcf7-acceptance optional\"><span class=\"wpcf7-list-item\"><label><input type=\"checkbox\" name=\"boletin\" value=\"1\" checked=\"checked\" aria-invalid=\"false\" \/><span class=\"wpcf7-list-item-label\">Deseo recibir el bolet\u00edn quincenal<\/span><\/label><\/span><\/span><\/span><\/div>\n<div class=\"text-left text-checkbox\"><span class=\"wpcf7-form-control-wrap\" data-name=\"webinars\"><span class=\"wpcf7-form-control wpcf7-acceptance optional\"><span class=\"wpcf7-list-item\"><label><input type=\"checkbox\" name=\"webinars\" value=\"1\" checked=\"checked\" aria-invalid=\"false\" \/><span class=\"wpcf7-list-item-label\">Deseo recibir invitaciones a webinars<\/span><\/label><\/span><\/span><\/span><\/div>\n<div class=\"text-left text-checkbox\"><span class=\"wpcf7-form-control-wrap\" data-name=\"politicas\"><span class=\"wpcf7-form-control wpcf7-acceptance\"><span class=\"wpcf7-list-item\"><label><input type=\"checkbox\" name=\"politicas\" value=\"1\" aria-invalid=\"false\" \/><span class=\"wpcf7-list-item-label\">He le\u00eddo la <a href=\"\/gt\/politicas-de-privacidad\/\" target=\"_blank\">pol\u00edtica de privacidad<\/a> y la acepto.<\/span><\/label><\/span><\/span><\/span><\/div>\n\n<\/div>\n    <div class=\"col-lg-6 text-right\"><input class=\"wpcf7-form-control wpcf7-submit has-spinner custom-btn-style-4 btn-enviar-form box\" type=\"submit\" value=\"Cont\u00e1ctanos\" \/><\/div>\n<\/div>\n<\/div><div class=\"wpcf7-response-output\" aria-hidden=\"true\"><\/div>\n<\/form>\n<\/div>\n[\/vc_column][\/vc_row]<\/p>\n<\/div>","protected":false},"excerpt":{"rendered":"<p>[vc_row full_width=\u00bbstretch_row\u00bb css=\u00bb.vc_custom_1538081762258{padding-top: 58px !important;padding-bottom: 58px !important;background-image: url(https:\/\/www.proyectum.com\/cl\/wp-content\/uploads\/2018\/09\/curso-tipo.png?id=6990) !important;background-position: center !important;background-repeat: no-repeat !important;background-size: cover !important;}\u00bb][vc_column width=\u00bb2\/3&#8243;][vc_custom_heading text=\u00bbSERVICIO DE DIRECCI\u00d3N DE PROYECTOS\u00bb font_container=\u00bbtag:h1|font_size:35|text_align:center|color:%23ffffff\u00bb use_theme_fonts=\u00bbyes\u00bb css=\u00bb.vc_custom_1541631479379{margin-bottom: 0px !important;}\u00bb][\/vc_column][vc_column width=\u00bb1\/3&#8243;][\/vc_column][\/vc_row][vc_row css=\u00bb.vc_custom_1488777218947{padding-top: 25px !important;padding-bottom: 60px !important;}\u00bb][vc_column width=\u00bb2\/3&#8243; css=\u00bb.vc_custom_1538081880375{padding-right: 40px !important;}\u00bb][vc_column_text]Proyectum provee profesionales capacitados y experimentados en el rol de Director o Jefe de Proyecto, con las competencias requeridas para [&hellip;]<\/p>\n","protected":false},"author":2,"featured_media":0,"parent":7115,"menu_order":0,"comment_status":"closed","ping_status":"closed","template":"","meta":{"content-type":"","footnotes":""},"class_list":["post-7121","page","type-page","status-publish","hentry"],"_links":{"self":[{"href":"https:\/\/proyectum.com\/gt\/wp-json\/wp\/v2\/pages\/7121"}],"collection":[{"href":"https:\/\/proyectum.com\/gt\/wp-json\/wp\/v2\/pages"}],"about":[{"href":"https:\/\/proyectum.com\/gt\/wp-json\/wp\/v2\/types\/page"}],"author":[{"embeddable":true,"href":"https:\/\/proyectum.com\/gt\/wp-json\/wp\/v2\/users\/2"}],"replies":[{"embeddable":true,"href":"https:\/\/proyectum.com\/gt\/wp-json\/wp\/v2\/comments?post=7121"}],"version-history":[{"count":0,"href":"https:\/\/proyectum.com\/gt\/wp-json\/wp\/v2\/pages\/7121\/revisions"}],"up":[{"embeddable":true,"href":"https:\/\/proyectum.com\/gt\/wp-json\/wp\/v2\/pages\/7115"}],"wp:attachment":[{"href":"https:\/\/proyectum.com\/gt\/wp-json\/wp\/v2\/media?parent=7121"}],"curies":[{"name":"wp","href":"https:\/\/api.w.org\/{rel}","templated":true}]}}