{"id":7260,"date":"2019-04-25T11:57:39","date_gmt":"2019-04-25T14:57:39","guid":{"rendered":"https:\/\/www.proyectum.com\/cl\/?page_id=7260"},"modified":"2019-09-04T00:16:52","modified_gmt":"2019-09-04T03:16:52","slug":"agile-consulting","status":"publish","type":"page","link":"https:\/\/proyectum.com\/gt\/consultoria\/agile-consulting\/","title":{"rendered":"Agile Consulting"},"content":{"rendered":"<div class=\"wpb-content-wrapper\"><p>[vc_row][vc_column width=\u00bb1\/3&#8243;][vc_single_image image=\u00bb7278&#8243; img_size=\u00bbmedium\u00bb alignment=\u00bbcenter\u00bb onclick=\u00bbcustom_link\u00bb link=\u00bb#agile_coach\u00bb][vc_custom_heading text=\u00bbAgile Coach\u00bb font_container=\u00bbtag:h2|font_size:18|text_align:center|color:%23174061&#8243; use_theme_fonts=\u00bbyes\u00bb css=\u00bb.vc_custom_1556210074662{margin-top: 20px !important;}\u00bb link=\u00bburl:%23agile_coach|||\u00bb][\/vc_column][vc_column width=\u00bb1\/3&#8243;][vc_single_image image=\u00bb7279&#8243; img_size=\u00bbmedium\u00bb alignment=\u00bbcenter\u00bb onclick=\u00bbcustom_link\u00bb link=\u00bb#Agile_Inception\u00bb][vc_custom_heading text=\u00bbAgile Inception\u00bb font_container=\u00bbtag:h2|font_size:18|text_align:center|color:%23174061&#8243; use_theme_fonts=\u00bbyes\u00bb css=\u00bb.vc_custom_1556210589427{margin-top: 20px !important;}\u00bb link=\u00bburl:%23Agile_Inception|||\u00bb][\/vc_column][vc_column width=\u00bb1\/3&#8243;][vc_single_image image=\u00bb7280&#8243; img_size=\u00bbmedium\u00bb alignment=\u00bbcenter\u00bb onclick=\u00bbcustom_link\u00bb css=\u00bb.vc_custom_1556210685431{margin-top: 20px !important;}\u00bb link=\u00bb#Facilitacion_Lean_Kanban\u00bb][vc_custom_heading text=\u00bbLean Kanban\u00bb font_container=\u00bbtag:h2|font_size:18|text_align:center|color:%23174061&#8243; use_theme_fonts=\u00bbyes\u00bb link=\u00bburl:%23Facilitacion_Lean_Kanban|||\u00bb][\/vc_column][\/vc_row][vc_row][vc_column][vc_single_image image=\u00bb7281&#8243; img_size=\u00bbmedium\u00bb alignment=\u00bbcenter\u00bb onclick=\u00bbcustom_link\u00bb link=\u00bb#retrospectiva\u00bb][vc_custom_heading text=\u00bbRetrospectivas\u00bb font_container=\u00bbtag:h2|font_size:18|text_align:center|color:%23174061&#8243; use_theme_fonts=\u00bbyes\u00bb css=\u00bb.vc_custom_1556210915234{margin-top: 20px !important;}\u00bb link=\u00bburl:%23retrospectiva|||\u00bb][\/vc_column][\/vc_row][vc_row el_id=\u00bbagile_coach\u00bb][vc_column][vc_custom_heading text=\u00bbAgile Coach\u00bb font_container=\u00bbtag:h2|font_size:20|text_align:left|color:%23174061&#8243; use_theme_fonts=\u00bbyes\u00bb css=\u00bb.vc_custom_1556210162520{margin-top: 20px !important;}\u00bb][vc_custom_heading text=\u00bbApoyamos a las c\u00e9lulas \u00e1giles a poner en pr\u00e1cticas la filosof\u00eda \u00e1gil en el desarrollo de productos a trav\u00e9s del adiestramiento y acompa\u00f1amiento en la implementaci\u00f3n del modelo o pr\u00e1ctica que se haya definido para facilitar la obtenci\u00f3n de los objetivos de negocio.\u00bb font_container=\u00bbtag:p|font_size:16|text_align:left|color:%23174061&#8243; use_theme_fonts=\u00bbyes\u00bb css=\u00bb.vc_custom_1556210129253{margin-top: 20px !important;}\u00bb][\/vc_column][\/vc_row][vc_row][vc_column width=\u00bb2\/3&#8243;][vc_custom_heading text=\u00bbEl Agile Coach se encarga de:\u00bb font_container=\u00bbtag:h2|font_size:20|text_align:left|color:%23174061&#8243; use_theme_fonts=\u00bbyes\u00bb css=\u00bb.vc_custom_1556210196908{margin-top: 20px !important;}\u00bb][vc_column_text el_class=\u00bbcolor-azul-textos\u00bb]<\/p>\n<ul>\n<li>Acompa\u00f1ar y entrenar a una organizaci\u00f3n para incorporar nuevos modelos de trabajo o de negocio mucho m\u00e1s adaptativos y flexibles para dar respuesta a las demandas de su actual entorno.<\/li>\n<li>Su alcance va desde la intervenci\u00f3n de un equipo o c\u00e9lula \u00e1gil hasta guiar la completa transformaci\u00f3n hacia la agilidad de negocio de una empresa tradicional.<\/li>\n<\/ul>\n<p>[\/vc_column_text][\/vc_column][vc_column width=\u00bb1\/3&#8243;][vc_single_image image=\u00bb7282&#8243; img_size=\u00bbmedium\u00bb alignment=\u00bbcenter\u00bb][\/vc_column][\/vc_row][vc_row el_id=\u00bbAgile_Inception\u00bb][vc_column][vc_custom_heading text=\u00bbFacilitaci\u00f3n Agile Inception\u00bb font_container=\u00bbtag:h2|font_size:20|text_align:left|color:%23174061&#8243; use_theme_fonts=\u00bbyes\u00bb css=\u00bb.vc_custom_1556210475297{margin-top: 20px !important;}\u00bb][vc_custom_heading text=\u00bbRealizamos sesiones facilitadas para apoyar al negocio a fijar un entendimiento compartido sobre las necesidades a ser satisfechas, logrando alineaci\u00f3n de las partes interesadas sobre las caracter\u00edsticas que debe tener el producto.\u00bb font_container=\u00bbtag:p|font_size:16|text_align:left|color:%23174061&#8243; use_theme_fonts=\u00bbyes\u00bb css=\u00bb.vc_custom_1556210498926{margin-top: 20px !important;}\u00bb][vc_column_text el_class=\u00bbcolor-azul-textos\u00bb]<\/p>\n<ul>\n<li>Modalidad: Sesiones de facilitaci\u00f3n de 2 a 5 d\u00edas.<\/li>\n<\/ul>\n<p>[\/vc_column_text][\/vc_column][\/vc_row][vc_row el_id=\u00bbFacilitacion_Lean_Kanban\u00bb][vc_column][vc_custom_heading text=\u00bbFacilitaci\u00f3n Lean Kanban\u00bb font_container=\u00bbtag:h2|font_size:20|text_align:left|color:%23174061&#8243; use_theme_fonts=\u00bbyes\u00bb css=\u00bb.vc_custom_1556210635533{margin-top: 20px !important;}\u00bb][vc_custom_heading text=\u00bbOfrecemos talleres de facilitaci\u00f3n a las c\u00e9lulas \u00e1giles para la incorporaci\u00f3n de la filosof\u00eda Lean a su esquema de trabajo a trav\u00e9s de la aplicaci\u00f3n de t\u00e9cnicas y herramientas que les permitan dar visibilidad al flujo de trabajo para identificar elementos que no aportan valor al cliente.\u00bb font_container=\u00bbtag:p|font_size:16|text_align:left|color:%23174061&#8243; use_theme_fonts=\u00bbyes\u00bb css=\u00bb.vc_custom_1556210747555{margin-top: 20px !important;}\u00bb][vc_column_text el_class=\u00bbcolor-azul-textos\u00bb]<\/p>\n<ul>\n<li>Modalidad: Taller de 8 horas m\u00e1s acompa\u00f1amiento en la facilitaci\u00f3n de 2 sesiones de 2 horas.<\/li>\n<\/ul>\n<p>[\/vc_column_text][\/vc_column][\/vc_row][vc_row el_id=\u00bbretrospectiva\u00bb][vc_column][vc_custom_heading text=\u00bbFacilitaci\u00f3n Retrospectivas\u00bb font_container=\u00bbtag:h2|font_size:20|text_align:left|color:%23174061&#8243; use_theme_fonts=\u00bbyes\u00bb css=\u00bb.vc_custom_1556210809269{margin-top: 20px !important;}\u00bb][vc_custom_heading text=\u00bbOfrecemos talleres de facilitaci\u00f3n dirigido a las c\u00e9lulas \u00e1giles para la incorporaci\u00f3n de t\u00e9cnicas y herramientas que les permitan obtener reflexiones poderosas sobre la din\u00e1mica del equipo, los procesos y los resultados obtenidos y traducirlas en planes de acci\u00f3n para la mejora continua.\u00bb font_container=\u00bbtag:p|font_size:16|text_align:left|color:%23174061&#8243; use_theme_fonts=\u00bbyes\u00bb css=\u00bb.vc_custom_1556210819601{margin-top: 20px !important;}\u00bb][vc_column_text el_class=\u00bbcolor-azul-textos\u00bb]<\/p>\n<ul>\n<li>Modalidad: Taller de 8 horas m\u00e1s acompa\u00f1amiento en la facilitaci\u00f3n de 2 sesiones de 4 horas.<\/li>\n<\/ul>\n<p>[\/vc_column_text][\/vc_column][\/vc_row][vc_row][vc_column][vc_custom_heading text=\u00bbSoluciones en agilidad empresarial\u00bb font_container=\u00bbtag:h2|font_size:30|text_align:left|color:%23f3b461&#8243; use_theme_fonts=\u00bbyes\u00bb css=\u00bb.vc_custom_1556211404063{margin-top: 40px !important;}\u00bb][vc_custom_heading text=\u00bbBusiness Agility\/Change Management\u00bb font_container=\u00bbtag:h2|font_size:20|text_align:left|color:%23174061&#8243; use_theme_fonts=\u00bbyes\u00bb css=\u00bb.vc_custom_1556211210941{margin-top: 20px !important;}\u00bb][vc_custom_heading text=\u00bbAyudamos a las organizaciones a identificar cu\u00e1les son las capacidades que deben ser desarrolladas para adaptarse mejor a la volatilidad del entorno en el que ellas se desenvuelven. Nuestros servicios abarcan:\u00bb font_container=\u00bbtag:p|font_size:16|text_align:left|color:%23174061&#8243; use_theme_fonts=\u00bbyes\u00bb css=\u00bb.vc_custom_1556211234333{margin-top: 20px !important;}\u00bb][vc_column_text el_class=\u00bbcolor-azul-textos\u00bb]<\/p>\n<ul>\n<li>Assesment Business Agility.<\/li>\n<li>Acompa\u00f1amiento en la implementaci\u00f3n de los planes de acci\u00f3n definidos producto del Assesment.<\/li>\n<\/ul>\n<p>[\/vc_column_text][\/vc_column][\/vc_row][vc_row css=\u00bb.vc_custom_1556211441305{margin-bottom: 60px !important;}\u00bb][vc_column][vc_custom_heading text=\u00bb\u00bfQu\u00e9 es Business Agility?\u00bb font_container=\u00bbtag:h2|font_size:20|text_align:left|color:%23174061&#8243; use_theme_fonts=\u00bbyes\u00bb css=\u00bb.vc_custom_1556211315674{margin-top: 20px !important;}\u00bb][vc_custom_heading text=\u00bbLa agilidad de negocio est\u00e1 asociada a la capacidad que deben desarrollar las organizaciones para adaptarse a los continuos cambios del entorno con el \u00fanico prop\u00f3sito de satisfacer plenamente las necesidades de sus clientes. La agilidad de negocio es aplicable a empresas que se enfrentan a entornos con cambios constantes y alta incertidumbre. Por tanto, para abordar la complejidad del mundo de hoy necesitamos crear organizaciones cuyo prop\u00f3sito est\u00e9 centrado en el aporte de valor a sus clientes.\u00bb font_container=\u00bbtag:p|font_size:16|text_align:left|color:%23174061&#8243; use_theme_fonts=\u00bbyes\u00bb css=\u00bb.vc_custom_1556211331498{margin-top: 20px !important;}\u00bb][\/vc_column][\/vc_row][vc_row][vc_column]\n<div class=\"wpcf7 no-js\" id=\"wpcf7-f7134-o1\" lang=\"en-US\" dir=\"ltr\" data-wpcf7-id=\"7134\">\n<div class=\"screen-reader-response\"><p role=\"status\" aria-live=\"polite\" aria-atomic=\"true\"><\/p> <ul><\/ul><\/div>\n<form action=\"\/gt\/wp-json\/wp\/v2\/pages\/7260#wpcf7-f7134-o1\" method=\"post\" class=\"wpcf7-form init\" aria-label=\"Contact form\" novalidate=\"novalidate\" data-status=\"init\">\n<div style=\"display: none;\">\n<input type=\"hidden\" name=\"_wpcf7\" value=\"7134\" \/>\n<input type=\"hidden\" name=\"_wpcf7_version\" value=\"6.0.6\" \/>\n<input type=\"hidden\" name=\"_wpcf7_locale\" value=\"en_US\" \/>\n<input type=\"hidden\" name=\"_wpcf7_unit_tag\" value=\"wpcf7-f7134-o1\" \/>\n<input type=\"hidden\" name=\"_wpcf7_container_post\" value=\"0\" \/>\n<input type=\"hidden\" name=\"_wpcf7_posted_data_hash\" value=\"\" \/>\n<\/div>\n<div style=\"padding: 0 50px;\"><div class=\"row\">\n   <div class=\"col-lg-6 text-left\">\n      <div class=\"row\">\n         <div class=\"col-lg-12\">\n            <label class=\"text-title-form\"><i class=\"Simple-Line-Icons-user text-color-light\"><\/i> Nombre Completo<\/label><span class=\"wpcf7-form-control-wrap\" data-name=\"your-name\"><input size=\"40\" maxlength=\"400\" class=\"wpcf7-form-control wpcf7-text wpcf7-validates-as-required custom-contact-input\" aria-required=\"true\" aria-invalid=\"false\" placeholder=\"Escribe tu nombre y apellido\" value=\"\" type=\"text\" name=\"your-name\" \/><\/span>\n         <\/div>\n         <div class=\"col-lg-12\">\n            <label class=\"text-title-form\">\n            <i class=\"Simple-Line-Icons-envelope text-color-light\"><\/i> Correo Electr\u00f3nico<\/label><span class=\"wpcf7-form-control-wrap\" data-name=\"your-email\"><input size=\"40\" maxlength=\"400\" class=\"wpcf7-form-control wpcf7-email wpcf7-validates-as-required wpcf7-text wpcf7-validates-as-email custom-contact-input\" aria-required=\"true\" aria-invalid=\"false\" placeholder=\"A donde te escribiremos\" value=\"\" type=\"email\" name=\"your-email\" \/><\/span>\n         <\/div>\n      <\/div>\n      <div class=\"row\">\n         <div class=\"col-lg-12\"><label class=\"text-title-form\">\n            <i class=\"Simple-Line-Icons-call-out icons text-color-light\"><\/i> Tel\u00e9fono<\/label><span class=\"wpcf7-form-control-wrap\" data-name=\"your-phone\"><input size=\"40\" maxlength=\"400\" class=\"wpcf7-form-control wpcf7-text custom-contact-input\" aria-invalid=\"false\" placeholder=\"N\u00famero de contacto\" value=\"\" type=\"text\" name=\"your-phone\" \/><\/span>\n         <\/div>\n      <\/div>\n   <\/div>\n   <div class=\"col-lg-6 text-left\">\n      <div class=\"row\">\n         <div class=\"col-lg-12\">\n            <label class=\"text-title-form\"><i class=\"Simple-Line-Icons-call-out icons text-color-light\"><\/i> Empresa<\/label><span class=\"wpcf7-form-control-wrap\" data-name=\"tu-empresa\"><input size=\"40\" maxlength=\"400\" class=\"wpcf7-form-control wpcf7-text custom-contact-input\" aria-invalid=\"false\" placeholder=\"Tu lugar de trabajo\" value=\"\" type=\"text\" name=\"tu-empresa\" \/><\/span>\n         <\/div>\n      <\/div>\n      <div class=\"row\">\n         <div class=\"col-lg-12\">\n            <label class=\"text-title-form\">\n            <i class=\"Simple-Line-Icons-bubble icons text-color-light\"><\/i> Mensaje<\/label><span class=\"wpcf7-form-control-wrap\" data-name=\"txt-msg\"><textarea cols=\"40\" rows=\"10\" maxlength=\"2000\" class=\"wpcf7-form-control wpcf7-textarea wpcf7-validates-as-required custom-contact-input\" aria-required=\"true\" aria-invalid=\"false\" placeholder=\"\u00bfAlgo que nos quieras decir?\" name=\"txt-msg\"><\/textarea><\/span>\n         <\/div>\n      <\/div>\n   <\/div>\n<\/div>\n<div class=\"row center\">\n<div class=\"col-lg-6\">\n\n        <div class=\"text-left text-checkbox\"><span class=\"wpcf7-form-control-wrap\" data-name=\"boletin\"><span class=\"wpcf7-form-control wpcf7-acceptance optional\"><span class=\"wpcf7-list-item\"><label><input type=\"checkbox\" name=\"boletin\" value=\"1\" checked=\"checked\" aria-invalid=\"false\" \/><span class=\"wpcf7-list-item-label\">Deseo recibir el bolet\u00edn quincenal<\/span><\/label><\/span><\/span><\/span><\/div>\n<div class=\"text-left text-checkbox\"><span class=\"wpcf7-form-control-wrap\" data-name=\"webinars\"><span class=\"wpcf7-form-control wpcf7-acceptance optional\"><span class=\"wpcf7-list-item\"><label><input type=\"checkbox\" name=\"webinars\" value=\"1\" checked=\"checked\" aria-invalid=\"false\" \/><span class=\"wpcf7-list-item-label\">Deseo recibir invitaciones a webinars<\/span><\/label><\/span><\/span><\/span><\/div>\n<div class=\"text-left text-checkbox\"><span class=\"wpcf7-form-control-wrap\" data-name=\"politicas\"><span class=\"wpcf7-form-control wpcf7-acceptance\"><span class=\"wpcf7-list-item\"><label><input type=\"checkbox\" name=\"politicas\" value=\"1\" aria-invalid=\"false\" \/><span class=\"wpcf7-list-item-label\">He le\u00eddo la <a href=\"\/gt\/politicas-de-privacidad\/\" target=\"_blank\">pol\u00edtica de privacidad<\/a> y la acepto.<\/span><\/label><\/span><\/span><\/span><\/div>\n\n<\/div>\n    <div class=\"col-lg-6 text-right\"><input class=\"wpcf7-form-control wpcf7-submit has-spinner custom-btn-style-4 btn-enviar-form box\" type=\"submit\" value=\"Cont\u00e1ctanos\" \/><\/div>\n<\/div>\n<\/div><div class=\"wpcf7-response-output\" aria-hidden=\"true\"><\/div>\n<\/form>\n<\/div>\n[\/vc_column][\/vc_row]<\/p>\n<\/div>","protected":false},"excerpt":{"rendered":"<p>[vc_row][vc_column width=\u00bb1\/3&#8243;][vc_single_image image=\u00bb7278&#8243; img_size=\u00bbmedium\u00bb alignment=\u00bbcenter\u00bb onclick=\u00bbcustom_link\u00bb link=\u00bb#agile_coach\u00bb][vc_custom_heading text=\u00bbAgile Coach\u00bb font_container=\u00bbtag:h2|font_size:18|text_align:center|color:%23174061&#8243; use_theme_fonts=\u00bbyes\u00bb css=\u00bb.vc_custom_1556210074662{margin-top: 20px !important;}\u00bb link=\u00bburl:%23agile_coach|||\u00bb][\/vc_column][vc_column width=\u00bb1\/3&#8243;][vc_single_image image=\u00bb7279&#8243; img_size=\u00bbmedium\u00bb alignment=\u00bbcenter\u00bb onclick=\u00bbcustom_link\u00bb link=\u00bb#Agile_Inception\u00bb][vc_custom_heading text=\u00bbAgile Inception\u00bb font_container=\u00bbtag:h2|font_size:18|text_align:center|color:%23174061&#8243; use_theme_fonts=\u00bbyes\u00bb css=\u00bb.vc_custom_1556210589427{margin-top: 20px !important;}\u00bb link=\u00bburl:%23Agile_Inception|||\u00bb][\/vc_column][vc_column width=\u00bb1\/3&#8243;][vc_single_image image=\u00bb7280&#8243; img_size=\u00bbmedium\u00bb alignment=\u00bbcenter\u00bb onclick=\u00bbcustom_link\u00bb css=\u00bb.vc_custom_1556210685431{margin-top: 20px !important;}\u00bb link=\u00bb#Facilitacion_Lean_Kanban\u00bb][vc_custom_heading text=\u00bbLean Kanban\u00bb font_container=\u00bbtag:h2|font_size:18|text_align:center|color:%23174061&#8243; use_theme_fonts=\u00bbyes\u00bb link=\u00bburl:%23Facilitacion_Lean_Kanban|||\u00bb][\/vc_column][\/vc_row][vc_row][vc_column][vc_single_image image=\u00bb7281&#8243; img_size=\u00bbmedium\u00bb alignment=\u00bbcenter\u00bb onclick=\u00bbcustom_link\u00bb link=\u00bb#retrospectiva\u00bb][vc_custom_heading text=\u00bbRetrospectivas\u00bb font_container=\u00bbtag:h2|font_size:18|text_align:center|color:%23174061&#8243; use_theme_fonts=\u00bbyes\u00bb css=\u00bb.vc_custom_1556210915234{margin-top: 20px !important;}\u00bb link=\u00bburl:%23retrospectiva|||\u00bb][\/vc_column][\/vc_row][vc_row [&hellip;]<\/p>\n","protected":false},"author":11,"featured_media":0,"parent":6894,"menu_order":0,"comment_status":"closed","ping_status":"closed","template":"","meta":{"content-type":"","footnotes":""},"class_list":["post-7260","page","type-page","status-publish","hentry"],"_links":{"self":[{"href":"https:\/\/proyectum.com\/gt\/wp-json\/wp\/v2\/pages\/7260"}],"collection":[{"href":"https:\/\/proyectum.com\/gt\/wp-json\/wp\/v2\/pages"}],"about":[{"href":"https:\/\/proyectum.com\/gt\/wp-json\/wp\/v2\/types\/page"}],"author":[{"embeddable":true,"href":"https:\/\/proyectum.com\/gt\/wp-json\/wp\/v2\/users\/11"}],"replies":[{"embeddable":true,"href":"https:\/\/proyectum.com\/gt\/wp-json\/wp\/v2\/comments?post=7260"}],"version-history":[{"count":0,"href":"https:\/\/proyectum.com\/gt\/wp-json\/wp\/v2\/pages\/7260\/revisions"}],"up":[{"embeddable":true,"href":"https:\/\/proyectum.com\/gt\/wp-json\/wp\/v2\/pages\/6894"}],"wp:attachment":[{"href":"https:\/\/proyectum.com\/gt\/wp-json\/wp\/v2\/media?parent=7260"}],"curies":[{"name":"wp","href":"https:\/\/api.w.org\/{rel}","templated":true}]}}