{"id":7341,"date":"2019-07-25T14:40:10","date_gmt":"2019-07-25T17:40:10","guid":{"rendered":"https:\/\/www.proyectum.com\/cl\/?page_id=7341"},"modified":"2020-02-28T22:38:56","modified_gmt":"2020-02-29T01:38:56","slug":"politicas-de-privacidad","status":"publish","type":"page","link":"https:\/\/proyectum.com\/gt\/politicas-de-privacidad\/","title":{"rendered":"Pol\u00edticas de Privacidad"},"content":{"rendered":"<div class=\"wpb-content-wrapper\"><p>[vc_row][vc_column][vc_custom_heading text=\u00bbPol\u00edticas de Privacidad\u00bb font_container=\u00bbtag:h2|text_align:center\u00bb use_theme_fonts=\u00bbyes\u00bb css=\u00bb.vc_custom_1566505108241{margin-top: 50px !important;margin-bottom: 50px !important;}\u00bb][\/vc_column][\/vc_row][vc_row][vc_column][vc_column_text]<strong>Pol\u00edtica de Privacidad<\/strong><\/p>\n<p>&nbsp;<\/p>\n<p>Proyectum Guatemala es responsable respecto del tratamiento (la obtenci\u00f3n, divulgaci\u00f3n, almacenamiento, uso, transferencia o disposici\u00f3n, en adelante, el \u201cTratamiento\u201d) de los Datos Personales que nos proporciones libre y voluntariamente, te informamos los t\u00e9rminos aplicables al presente Aviso de Privacidad:<\/p>\n<p><strong>\u00bfQu\u00e9 informaci\u00f3n recopilamos?<\/strong><\/p>\n<p>Los Datos Personales que libre y voluntariamente proporciones de manera personal y de forma directa a Proyectum por cualquier medio, incluyendo nuestro website (el \u201cPortal\u201d), as\u00ed como alguna interacci\u00f3n que sostengas con alguno de nuestros consultores o asociados de negocio en eventos organizados por Proyectum por s\u00ed mismo o en coloaboraci\u00f3n con terceros, los datos que de manera indirecta obtenga Proyectum, mediante transferencias por conducto de terceros autorizados por ti a compartir tu informaci\u00f3n, a trav\u00e9s de fuentes de acceso p\u00fablico y en general, que se obtengan con motivo de una relaci\u00f3n comercial y\/o jur\u00eddica que tengas o en su caso, celebres con Proyectum, son: (i) Datos Personales de identificaci\u00f3n, (ii) datos de contacto, (iii) datos laborales e (iv) imagen.<\/p>\n<p>Te informamos que es de nuestro especial inter\u00e9s cuidar los Datos Personales de los menores de edad en t\u00e9rminos de la Ley, por lo que en caso de obtener dichos datos, hemos establecido las siguientes medidas espec\u00edficas:<\/p>\n<ul>\n<li>Obtenemos el consentimiento de los padres y tutores en forma expresa y por escrito. Para el tratamiento de los Datos Personales de los menores de edad.<\/li>\n<li>Implementamos y mantenemos medidas de seguridad m\u00e1s estrictas a efecto de asegurar la confidencialidad de los Datos Personales de los menores.<\/li>\n<\/ul>\n<p><strong>\u00bfPara qu\u00e9 utilizamos tu informaci\u00f3n?<\/strong><\/p>\n<p>Los Datos Personales que recabamos sobre ti los destinamos para los siguientes prop\u00f3sitos:<\/p>\n<ol>\n<li>Identificar y confirmar su identidad.<\/li>\n<li>Establecer contacto contigo a trav\u00e9s de los contenidos que generamos peri\u00f3dicamente o bien a trav\u00e9s de avisos de eventos sobre temas para los que has manifestado inter\u00e9s.<\/li>\n<li>Administrar, operar y entregar los servicios que contratas con nosotros y cumplir con nuestras obligaciones derivadas de los mismos, incluyendo, pero no limitados a nuestros servicios en l\u00ednea.<\/li>\n<li>Uso de su imagen para promover e informar por medios impresos, digitales e inclusive por redes sociales como Twitter y Facebook, sobre las actividades de promoci\u00f3n de nuestros servicios y eventos, as\u00ed como de responsabilidad social corporativa que Proyectum realiza. Trat\u00e1ndose de nuestros ex alumnos, utilizamos sus datos \u00fanicamente para su registro, contacto y con su autorizaci\u00f3n, para la notificaci\u00f3n de avances en su proceso de formaci\u00f3n continua.<\/li>\n<\/ol>\n<p>Adicionalmente podremos utilizar sus Datos Personales para las siguientes finalidades secundarias:<\/p>\n<ul>\n<li>Enviarte nuestro bolet\u00edn electr\u00f3nico de noticias y actualizaci\u00f3n de temas diversos nacionales e internacionales.<\/li>\n<li>Notificarte ofertas y promociones de nuestros servicios y eventos, incluyendo de cuando en cuando, ofertas y promociones de empresas que forman parte de nuestra red de asociados.<\/li>\n<li>Evaluar tus aptitudes y talentos para incorporarse a nuestro exclusivo equipo de consultores y facilitadores o para cubrir alguna posici\u00f3n con alguno de nuestros clientes.<\/li>\n<li>Realizar encuestas, investigaciones y obtener retroalimentaci\u00f3n sobre como mejorar nuestros contenidos, servicios y eventos.<\/li>\n<li>Evaluar la calidad de nuestros servicios.<\/li>\n<li>Llevar a cabo evaluaciones comparativas (benchmarking) de tus actividades y procesos de negocio.<\/li>\n<li>En general, para realizar cualquier actividad tendiente a promover, mejorar y evaluar nuestros servicios.<\/li>\n<\/ul>\n<p>Aun cuando estas finalidades secundarias no son necesarias para la prestaci\u00f3n de nuestros servicios, las mismas nos permiten brindarle una mejor experiencia.<\/p>\n<p>Si no deseas que tus Datos Personales sean tratados para las finalidades secundarias antes se\u00f1aladas, te pedimos amablemente que nos env\u00edes un correo electr\u00f3nico a la direcci\u00f3n\u00a0contacto@proyectum.com, lo cual nos permitir\u00e1 registrarte en nuestro listado de exclusiones. En caso de que no manifiestes esta deseo de no participar en las finalidades secundarias, entendemos y asumimos que autorizas el uso de tu informaci\u00f3n personal para dichas finalidades secundarias.<\/p>\n<p><strong>\u00bfCon qui\u00e9n compartimos tu informaci\u00f3n?<\/strong><\/p>\n<p>Proyectum podr\u00e1 compartir tus Datos Personales con otras Oficinas de Proyectum y\/o con nuestros proveedores y asociados de negocio para cumplir con las finalidades se\u00f1aladas en este Aviso. Para consulta de las Oficinas Proyectum, puedes acceder a la p\u00e1gina: www.proyectum.com\/oficinas<\/p>\n<p>En caso de que un cliente haya contratado nuestros servicios para la b\u00fasqueda y\/o contrataci\u00f3n de talento, tus datos personales podr\u00edan ser compartidos parcialmente y en estricta confidencialidad con personal de nuestros clientes, como parte del proceso de contrataci\u00f3n establecido.<\/p>\n<p>Para poder hacer lo anterior, deber\u00e1s dar consentimiento espec\u00edfico para que podamos compartir la informaci\u00f3n, como parte de nuestros procesos de selecci\u00f3n y contrataci\u00f3n.<\/p>\n<p>Proyectum podr\u00e1 revelar o permitir el acceso a los Datos Personales que nos proporciones, para cumplir con la legislaci\u00f3n aplicable o por requerimiento de la autoridad competente.<\/p>\n<p><strong>\u00bfQu\u00e9 medidas de seguridad y control utilizamos para la protecci\u00f3n de sus Datos Personales?<\/strong><\/p>\n<p>Para llevar a cabo el tratamiento de tus Datos Personales, Proyectum tiene implementadas medidas de seguridad de \u00edndole tecnol\u00f3gico, f\u00edsico y\/o administrativo que permiten la disponibilidad, integridad, confidencialidad y uso autorizado de tus Datos Personales, mismas que son igualmente exigibles a nuestros colaboradores y a nuestros proveedores de servicios y asociados.<\/p>\n<p>En el momento que te registras en nuestro Portal, tus Datos Personales son incorporados a una base de datos propiedad de Proyectum, en donde tus datos se almacenan y son protegidos para evitar su p\u00e9rdida, uso indebido o alteraci\u00f3n.<\/p>\n<p>Las ligas a sitios externos del Portal, no son responsabilidad de Proyectum, por lo que no asumimos responsabilidad alguna con respecto al contenido y pol\u00edticas de privacidad en dichos sitios de terceros.<\/p>\n<p>Proyectum podr\u00e1 utilizar \u201ccookies\u201d o \u201cdirecciones de IP\u201d para confirmar tu identificaci\u00f3n al tener acceso a nuestro Portal, con el solo prop\u00f3sito de otorgarte un servicio personalizado debido a que mediante el registro del uso en nuestro Portal por parte de los usuarios, nos permite identificar sus h\u00e1bitos y preferencias para ofrecer promociones y campa\u00f1as publicitarias de nuestros servicios. Mediante el uso de los \u201ccookies\u201d, no recabamos Datos Personales de los usuarios en t\u00e9rminos de la Ley.<\/p>\n<p><strong>\u00bfCu\u00e1l es el \u00e1rea responsable del manejo y administraci\u00f3n de los Datos Personales?<\/strong><\/p>\n<p>El responsable del manejo y la administraci\u00f3n de tus Datos Personales es el administrador de nuestras bases de datos de contactos, a quien puedes acudir mediante el correo electr\u00f3nico\u00a0contacto@proyectum.com\u00a0o directamente en el domicilio de Proyectum seg\u00fan lo se\u00f1alado en este Aviso.<\/p>\n<p><strong>\u00bfC\u00f3mo puedes revocar el consentimiento otorgado y ejercer tus derechos ARCO?<\/strong><\/p>\n<p>Puedes revocar el consentimiento que has otorgado a Proyectum para el tratamiento de tus Datos Personales contactando al correo electr\u00f3nico\u00a0contacto@proyectum.com, indicando tu nombre completo, datos de contacto y especificando la revocaci\u00f3n que solicitas.<\/p>\n<p>Puede ejercer los derechos de acceso, rectificaci\u00f3n, cancelaci\u00f3n y oposici\u00f3n al tratamiento de tus Datos Personales (en adelante, derechos \u201cARCO\u201d), por s\u00ed o mediante representante legal debidamente acreditado, enviando una solicitud al correo electr\u00f3nico\u00a0contacto@proyectum.com\u00a0que deber\u00e1 contener por lo menos:<\/p>\n<p>Nombre y domicilio u otro medio para comunicar la respuesta a tu solicitud;<br \/>\nLos documentos que acrediten tu identidad o, en su caso, la representaci\u00f3n legal;<br \/>\nLa descripci\u00f3n clara y precisa de los Datos Personales respecto de los que se solicita ejercer alguno de los derechos ARCO,<br \/>\nLa manifestaci\u00f3n expresa del derecho ARCO que desees ejercer y<br \/>\nCualquier otro elemento que facilite la localizaci\u00f3n de los Datos Personales.<br \/>\nModificaciones al Aviso de Privacidad<br \/>\nNos reservamos el derecho de cambiar o actualizar este Aviso de Privacidad en cualquier momento. En caso de que exista alg\u00fan cambio en este Aviso de Privacidad, se te comunicar\u00e1 a trav\u00e9s de nuestro Portal.<\/p>\n<p>Manifiestas que los Datos Personales que proporcionas a Proyectum, han sido proporcionados de manera libre, informada, voluntaria e inequ\u00edvoca y que consientes a que Proyectum lleve a cabo el tratamiento de los mismos en t\u00e9rminos de la Ley y lo dispuesto en este Aviso.<\/p>\n<p>Fecha de \u00faltima actualizaci\u00f3n de este Aviso de Privacidad: 27 de Feb 2020.[\/vc_column_text][\/vc_column][\/vc_row]<\/p>\n<\/div>","protected":false},"excerpt":{"rendered":"<p>[vc_row][vc_column][vc_custom_heading text=\u00bbPol\u00edticas de Privacidad\u00bb font_container=\u00bbtag:h2|text_align:center\u00bb use_theme_fonts=\u00bbyes\u00bb css=\u00bb.vc_custom_1566505108241{margin-top: 50px !important;margin-bottom: 50px !important;}\u00bb][\/vc_column][\/vc_row][vc_row][vc_column][vc_column_text]Pol\u00edtica de Privacidad &nbsp; Proyectum Guatemala es responsable respecto del tratamiento (la obtenci\u00f3n, divulgaci\u00f3n, almacenamiento, uso, transferencia o disposici\u00f3n, en adelante, el \u201cTratamiento\u201d) de los Datos Personales que nos proporciones libre y voluntariamente, te informamos los t\u00e9rminos aplicables al presente Aviso de Privacidad: \u00bfQu\u00e9 informaci\u00f3n [&hellip;]<\/p>\n","protected":false},"author":11,"featured_media":0,"parent":0,"menu_order":0,"comment_status":"closed","ping_status":"closed","template":"","meta":{"content-type":"","footnotes":""},"class_list":["post-7341","page","type-page","status-publish","hentry"],"_links":{"self":[{"href":"https:\/\/proyectum.com\/gt\/wp-json\/wp\/v2\/pages\/7341"}],"collection":[{"href":"https:\/\/proyectum.com\/gt\/wp-json\/wp\/v2\/pages"}],"about":[{"href":"https:\/\/proyectum.com\/gt\/wp-json\/wp\/v2\/types\/page"}],"author":[{"embeddable":true,"href":"https:\/\/proyectum.com\/gt\/wp-json\/wp\/v2\/users\/11"}],"replies":[{"embeddable":true,"href":"https:\/\/proyectum.com\/gt\/wp-json\/wp\/v2\/comments?post=7341"}],"version-history":[{"count":0,"href":"https:\/\/proyectum.com\/gt\/wp-json\/wp\/v2\/pages\/7341\/revisions"}],"wp:attachment":[{"href":"https:\/\/proyectum.com\/gt\/wp-json\/wp\/v2\/media?parent=7341"}],"curies":[{"name":"wp","href":"https:\/\/api.w.org\/{rel}","templated":true}]}}