{"id":7566,"date":"2020-10-15T15:48:30","date_gmt":"2020-10-15T21:48:30","guid":{"rendered":"https:\/\/www.proyectum.com\/gt\/?page_id=7566"},"modified":"2025-03-10T09:57:53","modified_gmt":"2025-03-10T15:57:53","slug":"curso-direccion-de-portafolios","status":"publish","type":"page","link":"https:\/\/proyectum.com\/gt\/capacitacion\/curso-direccion-de-portafolios\/","title":{"rendered":"Taller de Gesti\u00f3n de Portafolios de Proyectos"},"content":{"rendered":"<div class=\"wpb-content-wrapper\"><p>[vc_row full_width=\u00bbstretch_row\u00bb css=\u00bb.vc_custom_1538081762258{padding-top: 58px !important;padding-bottom: 58px !important;background-image: url(https:\/\/www.proyectum.com\/cl\/wp-content\/uploads\/2018\/09\/curso-tipo.png?id=6990) !important;background-position: center !important;background-repeat: no-repeat !important;background-size: cover !important;}\u00bb][vc_column width=\u00bb2\/3&#8243;][vc_custom_heading text=\u00bbTALLER DE GESTI\u00d3N DE PORTAFOLIOS DE PROYECTOS\u00bb font_container=\u00bbtag:h1|font_size:30|text_align:center|color:%23ffffff\u00bb use_theme_fonts=\u00bbyes\u00bb css=\u00bb.vc_custom_1699915318057{margin-bottom: 0px !important;}\u00bb][vc_column_text]<\/p>\n<p style=\"text-align: center;\"><span style=\"color: #ff9900; font-size: 20px;\">PROJECT PORTFOLIO MANAGEMENT WORKSHOP\u00a0<\/span><\/p>\n<p>[\/vc_column_text][\/vc_column][vc_column width=\u00bb1\/3&#8243;][vc_single_image image=\u00bb7565&#8243; img_size=\u00bb125&#215;125&#8243; alignment=\u00bbcenter\u00bb animation_duration=\u00bb2000&#8243; animation_delay=\u00bb50&#8243; animation_type=\u00bbpulse\u00bb][\/vc_column][\/vc_row][vc_row css=\u00bb.vc_custom_1488777218947{padding-top: 25px !important;padding-bottom: 60px !important;}\u00bb][vc_column width=\u00bb2\/3&#8243; css=\u00bb.vc_custom_1538081880375{padding-right: 40px !important;}\u00bb][vc_column_text css=\u00bb\u00bb]<span style=\"color: #ff9900; font-size: 17px;\">\u00bfSabes cu\u00e1les son los proyectos correctos que debe realizar tu organizaci\u00f3n ?<\/span><\/p>\n<p>La gesti\u00f3n de portafolios de proyectos te ayuda a responder esta pregunta. Los proyectos y programas que mayor valor agregan a tu estrategia, son aquellos que debes realizar. Ninguna organizaci\u00f3n cuenta recursos infinitos para realizar todo lo que se le ocurre. La selecci\u00f3n y evaluaci\u00f3n de proyectos son elementos que forman parte de un proceso que asegura que tu organizaci\u00f3n invierta los escasos recursos que tiene en aquellos proyectos y actividades que de verdad le aportan mayor valor a los clientes y a apoya los objetivos estrat\u00e9gicos.<\/p>\n<p>Este taller te ense\u00f1a sobre los elementos centrales de la gesti\u00f3n de portafolio de proyectos que deben ser comprendidos para luego implementarlos.[\/vc_column_text][vc_tta_tabs active_section=\u00bb1&#8243; css=\u00bb.vc_custom_1538062059766{margin-top: 20px !important;}\u00bb][vc_tta_section title=\u00bbDescripci\u00f3n \u00bb tab_id=\u00bb1741621018370-1b88fba5-6985&#8243;][vc_column_text css=\u00bb\u00bb]<\/p>\n<h3><span style=\"color: #00416b;\">Descripci\u00f3n<\/span><\/h3>\n<p>En este taller se muestra a los participantes los conceptos m\u00e1s relevantes de la gesti\u00f3n de portafolios o carteras de proyectos, que deben ser comprendidos antes de considerar iniciar una implementaci\u00f3n. El taller provee una visi\u00f3n sobre c\u00f3mo el trabajo se gestiona en un portafolio para evaluar y priorizar las iniciativas e inversiones en proyectos y programas, y establecer el trabajo que se realizar\u00e1 y el trabajo que no ser\u00e1 realizado.<\/p>\n<p>La gesti\u00f3n de portafolios es una herramienta cuyos procesos ayudan a una organizaci\u00f3n a asegurar que los recursos disponibles se invierten en las iniciativas que mayor valor y beneficios producen, al mismo tiempo que las iniciativas responden a los objetivos estrat\u00e9gicos de la organizaci\u00f3n.[\/vc_column_text][\/vc_tta_section][vc_tta_section title=\u00bbObjetivos\u00bb tab_id=\u00bb1541455357238-d8636f7d-26cc\u00bb][vc_column_text css=\u00bb\u00bb]<\/p>\n<h3><span style=\"color: #00416b;\">Al final del curso, los participantes ser\u00e1n capaces de:<\/span><\/h3>\n<ul>\n<li class=\"p1\">Conocer los conceptos b\u00e1sicos de la gesti\u00f3n de portafolios<\/li>\n<li class=\"p1\">Reconocer los ciclos de gesti\u00f3n de portafolios y sus procesos<\/li>\n<li class=\"p1\">Identificar los procesos que componen los ciclos de planificaci\u00f3n y de entrega de un portafolio<\/li>\n<li class=\"p1\">Reconocer un modelo general de priorizaci\u00f3n del trabajo<\/li>\n<li class=\"p1\">Reconocer los roles involucrados en la gesti\u00f3n de portafolios<\/li>\n<\/ul>\n<p>[\/vc_column_text][\/vc_tta_section][vc_tta_section title=\u00bbContenidos\u00bb tab_id=\u00bb1541598043271-e94dca70-1909&#8243;][vc_column_text css=\u00bb\u00bb]<\/p>\n<h3><span style=\"color: #00416b;\">Contenido del taller:<\/span><\/h3>\n<ul>\n<li>Fundamentos de la gesti\u00f3n de portafolios<\/li>\n<li>Definir el portafolio<\/li>\n<li>Ciclo de planificaci\u00f3n del portafolio<\/li>\n<li>Ciclo de delivery o ejecuci\u00f3n del portafolio<\/li>\n<li>Consideraciones de implementaci\u00f3n<\/li>\n<\/ul>\n<p>[\/vc_column_text][\/vc_tta_section][vc_tta_section title=\u00bbQuienes deben asistir\u00bb tab_id=\u00bb1541444757751-389b2c58-e32c\u00bb][vc_column_text css=\u00bb\u00bb]<\/p>\n<h3><span style=\"color: #00416b;\">\u00bfQui\u00e9nes deben asistir?<\/span><\/h3>\n<ul>\n<li>L\u00edderes ejecutivos que gestionan la estrategia de su unidad o su organizaci\u00f3n.<\/li>\n<li>L\u00edderes ejecutivos que deseen establecer un proceso de gesti\u00f3n del portafolio de inversiones en proyectos.<\/li>\n<li>L\u00edderes de oficinas de proyectos y portafolios PMO, Oficinas de Transformaci\u00f3n, Oficinas de Estrategia.<\/li>\n<li>Profesionales responsables de apoyar el delivery de valor a la estrategia de la organizaci\u00f3n.<\/li>\n<\/ul>\n<h3><span style=\"color: #00416b;\">Pre-requisitos<\/span><\/h3>\n<ul>\n<li>Entendimiento b\u00e1sico de la disciplina de direcci\u00f3n de proyectos.<\/li>\n<\/ul>\n<p>[\/vc_column_text][\/vc_tta_section][vc_tta_section title=\u00bbOtros\u00bb tab_id=\u00bb1541455369971-f2c4148a-d49e\u00bb][vc_column_text]<\/p>\n<h3><span style=\"color: #00416b;\">Duraci\u00f3n \/ PDU&#8217;s del curso:<\/span><\/h3>\n<p>16\u00a0 horas \/ 16 PDU<\/p>\n<p>6 T\u00e9cnicos &#8211; 6 Estrategia &#8211; 4 Liderazgo<\/p>\n<h3><span style=\"color: #00416b;\">Incluye:<\/span><\/h3>\n<p>Material del participante en espa\u00f1ol.<\/p>\n<h3><span style=\"color: #00416b;\">Certificado:<\/span><\/h3>\n<p>Se entrega un certificado oficial de Proyectum que acredita las PDUs correspondientes.<\/p>\n<p>[\/vc_column_text][\/vc_tta_section][\/vc_tta_tabs][vc_row_inner][vc_column_inner width=\u00bb1\/2&#8243;][\/vc_column_inner][vc_column_inner width=\u00bb1\/2&#8243;][\/vc_column_inner][\/vc_row_inner][\/vc_column][vc_column width=\u00bb1\/3&#8243; text_align=\u00bbleft\u00bb css=\u00bb.vc_custom_1538081853323{padding-left: 0px !important;}\u00bb]<div class=\"porto-u-heading  wpb_custom_95aa9a11c17ad45cfabaf210d84ee7cc porto-u-2227\"><div class=\"porto-u-main-heading\"><h2  >REG\u00cdSTRATE AQU\u00cd<\/h2><\/div><style>.porto-u-2227.porto-u-heading{text-align:center}<\/style><\/div>\n<div class=\"wpcf7 no-js\" id=\"wpcf7-f7564-o1\" lang=\"es-ES\" dir=\"ltr\" data-wpcf7-id=\"7564\">\n<div class=\"screen-reader-response\"><p role=\"status\" aria-live=\"polite\" aria-atomic=\"true\"><\/p> <ul><\/ul><\/div>\n<form action=\"\/gt\/wp-json\/wp\/v2\/pages\/7566#wpcf7-f7564-o1\" method=\"post\" class=\"wpcf7-form init\" aria-label=\"Formulario de contacto\" novalidate=\"novalidate\" data-status=\"init\">\n<div style=\"display: none;\">\n<input type=\"hidden\" name=\"_wpcf7\" value=\"7564\" \/>\n<input type=\"hidden\" name=\"_wpcf7_version\" value=\"6.0.6\" \/>\n<input type=\"hidden\" name=\"_wpcf7_locale\" value=\"es_ES\" \/>\n<input type=\"hidden\" name=\"_wpcf7_unit_tag\" value=\"wpcf7-f7564-o1\" \/>\n<input type=\"hidden\" name=\"_wpcf7_container_post\" value=\"0\" \/>\n<input type=\"hidden\" name=\"_wpcf7_posted_data_hash\" value=\"\" \/>\n<\/div>\n<p>Nombre *<br \/>\n    <span class=\"wpcf7-form-control-wrap\" data-name=\"Nombre\"><input size=\"40\" maxlength=\"400\" class=\"wpcf7-form-control wpcf7-text wpcf7-validates-as-required\" aria-required=\"true\" aria-invalid=\"false\" value=\"\" type=\"text\" name=\"Nombre\" \/><\/span> <\/p>\n\n<p>Correo electr\u00f3nico *<br \/>\n    <span class=\"wpcf7-form-control-wrap\" data-name=\"Email\"><input size=\"40\" maxlength=\"400\" class=\"wpcf7-form-control wpcf7-email wpcf7-validates-as-required wpcf7-text wpcf7-validates-as-email\" aria-required=\"true\" aria-invalid=\"false\" value=\"\" type=\"email\" name=\"Email\" \/><\/span> <\/p>\n\n<p>Tel\u00e9fono *<br \/>\n    <span class=\"wpcf7-form-control-wrap\" data-name=\"Telefono\"><input size=\"40\" maxlength=\"400\" class=\"wpcf7-form-control wpcf7-tel wpcf7-validates-as-required wpcf7-text wpcf7-validates-as-tel\" aria-required=\"true\" aria-invalid=\"false\" value=\"\" type=\"tel\" name=\"Telefono\" \/><\/span><\/p>\n\n<p>Empresa o instituci\u00f3n<br \/>\n    <span class=\"wpcf7-form-control-wrap\" data-name=\"Empresa\"><input size=\"40\" maxlength=\"400\" class=\"wpcf7-form-control wpcf7-text\" aria-invalid=\"false\" value=\"\" type=\"text\" name=\"Empresa\" \/><\/span> <\/p>\n\n<p><span class=\"wpcf7-form-control-wrap\" data-name=\"TipoContacto\"><span class=\"wpcf7-form-control wpcf7-radio\"><span class=\"wpcf7-list-item first\"><input type=\"radio\" name=\"TipoContacto\" value=\"Solicito informaci\u00f3n\" \/><span class=\"wpcf7-list-item-label\">Solicito informaci\u00f3n<\/span><\/span><span class=\"wpcf7-list-item last\"><input type=\"radio\" name=\"TipoContacto\" value=\"Deseo matricularme\" \/><span class=\"wpcf7-list-item-label\">Deseo matricularme<\/span><\/span><\/span><\/span><\/p>\n\n<p>Mensaje<br \/>\n    <span class=\"wpcf7-form-control-wrap\" data-name=\"Mensaje\"><textarea cols=\"40\" rows=\"10\" maxlength=\"2000\" class=\"wpcf7-form-control wpcf7-textarea\" aria-invalid=\"false\" name=\"Mensaje\"><\/textarea><\/span> <\/p>\n<span class=\"wpcf7-form-control-wrap\" data-name=\"Mantenercontacto\"><span class=\"wpcf7-form-control wpcf7-checkbox\"><span class=\"wpcf7-list-item first\"><input type=\"checkbox\" name=\"Mantenercontacto[]\" value=\"Invitarme a webinars\" \/><span class=\"wpcf7-list-item-label\">Invitarme a webinars<\/span><\/span><span class=\"wpcf7-list-item last\"><input type=\"checkbox\" name=\"Mantenercontacto[]\" value=\"Enviarme bolet\u00edn\" \/><span class=\"wpcf7-list-item-label\">Enviarme bolet\u00edn<\/span><\/span><\/span><\/span>\n<p><input class=\"wpcf7-form-control wpcf7-submit has-spinner\" type=\"submit\" value=\"Enviar\" \/><\/p>\n\n<i>Los campos con * son obligatorios<\/i><div class=\"wpcf7-response-output\" aria-hidden=\"true\"><\/div>\n<\/form>\n<\/div>\n<div class=\"porto-u-heading  wpb_custom_95aa9a11c17ad45cfabaf210d84ee7cc porto-u-5038\"><div class=\"porto-u-main-heading\"><h2   style=\"font-weight:bold;line-height:27px;\">CURSOS PROYECTUM<\/h2><\/div><style>.porto-u-5038.porto-u-heading{text-align:left}<\/style><\/div>[vc_tta_accordion active_section=\u00bb4&#8243;][vc_tta_section title=\u00bbCERTIFICACIONES\u00bb tab_id=\u00bb1537992268425-9e4a4cbc-6b0c\u00bb][vc_wp_custommenu nav_menu=\u00bb47&#8243;][\/vc_tta_section][vc_tta_section title=\u00bbDIRECCION DE PROYECTOS\u00bb tab_id=\u00bb1537992268460-618971a0-346c\u00bb][vc_wp_custommenu nav_menu=\u00bb48&#8243;][\/vc_tta_section][vc_tta_section title=\u00bbFUNDAMENTOS AGILES &amp; DEVOPS\u00bb tab_id=\u00bb1537992323741-129d2b9f-2fec\u00bb][vc_wp_custommenu nav_menu=\u00bb49&#8243;][\/vc_tta_section][vc_tta_section title=\u00bbOTROS PROGRAMAS Y CURSOS\u00bb tab_id=\u00bb1537992349441-86ffaea1-7c3c\u00bb][vc_wp_custommenu nav_menu=\u00bb50&#8243;][\/vc_tta_section][\/vc_tta_accordion][\/vc_column][\/vc_row]<\/p>\n<\/div>","protected":false},"excerpt":{"rendered":"<p>[vc_row full_width=\u00bbstretch_row\u00bb css=\u00bb.vc_custom_1538081762258{padding-top: 58px !important;padding-bottom: 58px !important;background-image: url(https:\/\/www.proyectum.com\/cl\/wp-content\/uploads\/2018\/09\/curso-tipo.png?id=6990) !important;background-position: center !important;background-repeat: no-repeat !important;background-size: cover !important;}\u00bb][vc_column width=\u00bb2\/3&#8243;][vc_custom_heading text=\u00bbTALLER DE GESTI\u00d3N DE PORTAFOLIOS DE PROYECTOS\u00bb font_container=\u00bbtag:h1|font_size:30|text_align:center|color:%23ffffff\u00bb use_theme_fonts=\u00bbyes\u00bb css=\u00bb.vc_custom_1699915318057{margin-bottom: 0px !important;}\u00bb][vc_column_text] PROJECT PORTFOLIO MANAGEMENT WORKSHOP\u00a0 [\/vc_column_text][\/vc_column][vc_column width=\u00bb1\/3&#8243;][vc_single_image image=\u00bb7565&#8243; img_size=\u00bb125&#215;125&#8243; alignment=\u00bbcenter\u00bb animation_duration=\u00bb2000&#8243; animation_delay=\u00bb50&#8243; animation_type=\u00bbpulse\u00bb][\/vc_column][\/vc_row][vc_row css=\u00bb.vc_custom_1488777218947{padding-top: 25px !important;padding-bottom: 60px !important;}\u00bb][vc_column width=\u00bb2\/3&#8243; css=\u00bb.vc_custom_1538081880375{padding-right: 40px !important;}\u00bb][vc_column_text css=\u00bb\u00bb]\u00bfSabes cu\u00e1les son los proyectos correctos [&hellip;]<\/p>\n","protected":false},"author":16,"featured_media":0,"parent":6889,"menu_order":0,"comment_status":"closed","ping_status":"closed","template":"","meta":{"content-type":"","footnotes":""},"class_list":["post-7566","page","type-page","status-publish","hentry"],"_links":{"self":[{"href":"https:\/\/proyectum.com\/gt\/wp-json\/wp\/v2\/pages\/7566"}],"collection":[{"href":"https:\/\/proyectum.com\/gt\/wp-json\/wp\/v2\/pages"}],"about":[{"href":"https:\/\/proyectum.com\/gt\/wp-json\/wp\/v2\/types\/page"}],"author":[{"embeddable":true,"href":"https:\/\/proyectum.com\/gt\/wp-json\/wp\/v2\/users\/16"}],"replies":[{"embeddable":true,"href":"https:\/\/proyectum.com\/gt\/wp-json\/wp\/v2\/comments?post=7566"}],"version-history":[{"count":0,"href":"https:\/\/proyectum.com\/gt\/wp-json\/wp\/v2\/pages\/7566\/revisions"}],"up":[{"embeddable":true,"href":"https:\/\/proyectum.com\/gt\/wp-json\/wp\/v2\/pages\/6889"}],"wp:attachment":[{"href":"https:\/\/proyectum.com\/gt\/wp-json\/wp\/v2\/media?parent=7566"}],"curies":[{"name":"wp","href":"https:\/\/api.w.org\/{rel}","templated":true}]}}