{"id":7579,"date":"2020-12-22T11:19:55","date_gmt":"2020-12-22T17:19:55","guid":{"rendered":"https:\/\/www.proyectum.com\/gt\/?page_id=7579"},"modified":"2022-10-14T16:37:12","modified_gmt":"2022-10-14T22:37:12","slug":"disciplined-agile-scrum-master","status":"publish","type":"page","link":"https:\/\/proyectum.com\/gt\/capacitacion\/disciplined-agile-scrum-master\/","title":{"rendered":"Disciplined Agile Scrum Master &#8211; DASM\u00ae"},"content":{"rendered":"<div class=\"wpb-content-wrapper\"><p>[vc_row full_width=\u00bbstretch_row\u00bb css=\u00bb.vc_custom_1538081762258{padding-top: 58px !important;padding-bottom: 58px !important;background-image: url(https:\/\/www.proyectum.com\/cl\/wp-content\/uploads\/2018\/09\/curso-tipo.png?id=6990) !important;background-position: center !important;background-repeat: no-repeat !important;background-size: cover !important;}\u00bb][vc_column width=\u00bb2\/3&#8243;][vc_custom_heading text=\u00bbDisciplined Agile Scrum Master &#8211; DASM\u00ae\u00bb font_container=\u00bbtag:h1|font_size:40|text_align:center|color:%23ffffff\u00bb use_theme_fonts=\u00bbyes\u00bb animation_duration=\u00bb2000&#8243; css=\u00bb.vc_custom_1665765078560{margin-bottom: 0px !important;}\u00bb animation_type=\u00bbbounce\u00bb][vc_custom_heading text=\u00bbComprende la agilidad | Certif\u00edcate | Mejora tu posici\u00f3n\u00bb font_container=\u00bbtag:h2|font_size:20|text_align:center|color:%23dd9933&#8243; use_theme_fonts=\u00bbyes\u00bb animation_duration=\u00bb2000&#8243; css=\u00bb.vc_custom_1665765269775{margin-bottom: 0px !important;}\u00bb animation_type=\u00bbbounce\u00bb][\/vc_column][vc_column width=\u00bb1\/3&#8243;][\/vc_column][\/vc_row][vc_row css=\u00bb.vc_custom_1488777218947{padding-top: 25px !important;padding-bottom: 60px !important;}\u00bb][vc_column width=\u00bb2\/3&#8243; css=\u00bb.vc_custom_1538081880375{padding-right: 40px !important;}\u00bb][vc_custom_heading text=\u00bbCERTIF\u00cdCATE DASM\u00ae\u00bb font_container=\u00bbtag:h1|font_size:36|text_align:center|color:%23dd9933&#8243; use_theme_fonts=\u00bbyes\u00bb css=\u00bb.vc_custom_1665786613316{margin-bottom: 0px !important;}\u00bb][vc_column_text css=\u00bb.vc_custom_1665773842928{margin-bottom: 4px !important;}\u00bb]<\/p>\n<h2 class=\"vc_custom_heading align-left\"><span style=\"color: #084fa0;\">AHORA \u00c1GIL ES EL ENFOQUE DE REFERENCIA PARA REALIZAR PROYECTOS Y PRODUCTOS<\/span><\/h2>\n<div class=\"wpb_text_column wpb_content_element \">\n<div class=\"wpb_wrapper\">\n<ul>\n<li><span style=\"color: #084fa0;\">Ser DASM tea ayudar\u00e1 a comprender qu\u00e9 es la agilidad y c\u00f3mo hacer que funcione para ti y para tu organizaci\u00f3n<\/span><\/li>\n<li><span style=\"color: #084fa0;\">Las organizaciones valoran m\u00e1s a los profesionales que est\u00e1n certificados<\/span><\/li>\n<li><span style=\"color: #084fa0;\">Es el momento de dar el siguiente paso en tu carrera profesional<\/span><\/li>\n<\/ul>\n<\/div>\n<\/div>\n<div class=\"wpb_text_column wpb_content_element \">\n<div class=\"wpb_wrapper\"><\/div>\n<\/div>\n<p>[\/vc_column_text][vc_column_text css=\u00bb.vc_custom_1665782766023{padding-top: 10px !important;}\u00bb]<\/p>\n<h2><\/h2>\n<h2 class=\"vc_custom_heading align-left\"><span style=\"color: #084fa0;\">CURSO PARA LA CERTIFICACI\u00d3N DASM\u00ae<\/span><\/h2>\n<p><img loading=\"lazy\" decoding=\"async\" class=\"alignleft\" src=\"https:\/\/www.proyectum.com\/sistema\/wp-content\/uploads\/2021\/12\/Certificacion-Taller-PMP.svg\" alt=\"Certificacion Taller PMP\" width=\"219\" height=\"158\" \/><\/p>\n<div class=\"wpb_text_column wpb_content_element \">\n<div class=\"wpb_wrapper\">\n<ul>\n<li><span style=\"color: #084fa0;\">Como DASM certificado, vas comprender c\u00f3mo personalizar la forma de trabajar seg\u00fan el enfoque que tenga sentido para la situaci\u00f3n que enfrenta tu equipo y tu organizaci\u00f3n<\/span><\/li>\n<li><span style=\"color: #084fa0;\">Lidera con \u00e9xito equipos \u00e1giles, prepara tu carrera para el futuro en un mundo en el que \u00e1gil se est\u00e1 convirtiendo r\u00e1pidamente en el camino a seguir<\/span><\/li>\n<li><span style=\"color: #084fa0;\">6 sesiones de 3 horas cada una<\/span><\/li>\n<\/ul>\n<p>&nbsp;<\/p>\n<\/div>\n<\/div>\n<div class=\"wpb_text_column wpb_content_element \">\n<div class=\"wpb_wrapper\"><\/div>\n<\/div>\n<p>[\/vc_column_text]<div class=\"porto-u-heading  wpb_custom_95aa9a11c17ad45cfabaf210d84ee7cc porto-u-9198\"><div class=\"porto-u-main-heading\"><h2   style=\"color:#084fa0;\">\u00bfPOR QU\u00c9 CERTIFICARTE DASM CON PROYECTUM?<\/h2><\/div><style>.porto-u-9198.porto-u-heading{text-align:left}<\/style><\/div>[vc_masonry_media_grid element_width=\u00bb6&#8243; grid_id=\u00bbvc_gid:1665774262116-c4f361a0-434b-0&#8243; include=\u00bb7762,7760,7761,7759&#8243;][vc_separator color=\u00bbwhite\u00bb]<div class=\"porto-u-heading  wpb_custom_95aa9a11c17ad45cfabaf210d84ee7cc porto-u-5521\"><div class=\"porto-u-main-heading\"><h2   style=\"color:#084fa0;\">LO QUE DEBES SABER DEL CURSO DASM <\/h2><\/div><style>.porto-u-5521.porto-u-heading{text-align:left}<\/style><\/div>[vc_column_text]<span style=\"color: #084fa0;\"><strong><img decoding=\"async\" src=\"https:\/\/www.proyectum.com\/sistema\/wp-content\/uploads\/2021\/12\/Estudiar-PMP.svg\" alt=\"Estudiar PMP\" \/>\u00a0 La din\u00e1mica del curso requiere el compromiso de estudiar para cada sesi\u00f3n<\/strong>. <\/span><\/p>\n<ul>\n<li><span style=\"color: #084fa0;\">Deber\u00e1s asumir el compromiso de llegar leer los primeros 6 cap\u00edtulos del libro Choose your WoW (Choose your Way of Work &#8211; Elije tu forma de trabajo)\u00a0<\/span><\/li>\n<\/ul>\n<p><span style=\"color: #084fa0;\"><strong><img decoding=\"async\" src=\"https:\/\/www.proyectum.com\/sistema\/wp-content\/uploads\/2021\/12\/PMOK-y-Guia-Agil.svg\" alt=\"PMOK y Guia Agil\" \/>\u00a0 En este curso contar\u00e1s con los siguientes recursos:<\/strong><\/span><\/p>\n<ul>\n<li><span style=\"color: #084fa0;\">Material del estudiante Oficial del PMI para DASM\u00a0<\/span><\/li>\n<li><span style=\"color: #084fa0;\">Libro Choose your WoW\u00a0 en ingl\u00e9s, descargable de la plataforma del curso DASM\u00a0<\/span><\/li>\n<li><span style=\"color: #084fa0;\">Acceso a ejercicios pr\u00e1cticos en la pizarra electr\u00f3nica Mural<\/span><\/li>\n<\/ul>\n<p>[\/vc_column_text][vc_separator color=\u00bbwhite\u00bb]<div class=\"porto-u-heading  wpb_custom_95aa9a11c17ad45cfabaf210d84ee7cc porto-u-5939\"><div class=\"porto-u-main-heading\"><h2   style=\"color:#084fa0;\">LO QUE APRENDER\u00c1S<\/h2><\/div><style>.porto-u-5939.porto-u-heading{text-align:left}<\/style><\/div>[vc_column_text]<a href=\"https:\/\/www.proyectum.com\/gt\/wp-content\/uploads\/2022\/10\/undraw-team-working.png\"><img loading=\"lazy\" decoding=\"async\" class=\" wp-image-7763 alignleft\" src=\"https:\/\/www.proyectum.com\/gt\/wp-content\/uploads\/2022\/10\/undraw-team-working-300x170.png\" alt=\"\" width=\"269\" height=\"152\" \/><\/a><\/p>\n<p>&nbsp;<\/p>\n<ul>\n<li><span style=\"color: #084fa0;\">Comprender\u00e1s qu\u00e9 es Disciplined Agile<\/span><\/li>\n<li><span style=\"color: #084fa0;\">Conocer\u00e1s las 4 vistas de Disciplined Agile<\/span><\/li>\n<li><span style=\"color: #084fa0;\">Conocer\u00e1s m\u00faltiples opciones de ciclo de vida para hacer el trabajo<\/span><\/li>\n<li><span style=\"color: #084fa0;\">Comprender\u00e1s c\u00f3mo elegir la forma de trabajar, de acuerdo al contexto del equipo<\/span><\/li>\n<\/ul>\n<p>[\/vc_column_text][vc_separator color=\u00bbwhite\u00bb][vc_video link=\u00bbhttps:\/\/vimeo.com\/520997477\/29b71e5c8a\u00bb title=\u00bbBusiness Agility starts here !\u00bb][\/vc_column][vc_column width=\u00bb1\/3&#8243; text_align=\u00bbleft\u00bb css=\u00bb.vc_custom_1538081853323{padding-left: 0px !important;}\u00bb]<div class=\"porto-u-heading  wpb_custom_95aa9a11c17ad45cfabaf210d84ee7cc porto-u-9178\"><div class=\"porto-u-main-heading\"><h2   style=\"color:#084fa0;\">TU JORNADA A LA AGILIDAD INICIA AQU\u00cd, REG\u00cdSTRATE<\/h2><\/div><style>.porto-u-9178.porto-u-heading{text-align:center}<\/style><\/div>[vc_raw_html]JTNDc2NyaXB0JTIwY2hhcnNldCUzRCUyMnV0Zi04JTIyJTIwdHlwZSUzRCUyMnRleHQlMkZqYXZhc2NyaXB0JTIyJTIwc3JjJTNEJTIyJTJGJTJGanMuaHNmb3Jtcy5uZXQlMkZmb3JtcyUyRnYyLmpzJTIyJTNFJTNDJTJGc2NyaXB0JTNFJTBBJTNDc2NyaXB0JTNFJTBBJTIwJTIwaGJzcHQuZm9ybXMuY3JlYXRlJTI4JTdCJTBBJTIwJTIwJTIwJTIwcmVnaW9uJTNBJTIwJTIybmExJTIyJTJDJTBBJTIwJTIwJTIwJTIwcG9ydGFsSWQlM0ElMjAlMjIyMjYwNDA2MCUyMiUyQyUwQSUyMCUyMCUyMCUyMGZvcm1JZCUzQSUyMCUyMmYxYjI0MDU1LTdjODItNDI4OS04MzBkLTYyZjM4ZjI4MGQzZiUyMiUyQyUwQSUyMCUyMCUyMCUyMHZlcnNpb24lM0ElMjAlMjJWMl9QUkVSRUxFQVNFJTIyJTBBJTIwJTIwJTdEJTI5JTNCJTBBJTNDJTJGc2NyaXB0JTNF[\/vc_raw_html][vc_separator]<div class=\"porto-u-heading  wpb_custom_95aa9a11c17ad45cfabaf210d84ee7cc porto-u-3036\"><div class=\"porto-u-main-heading\"><h2   style=\"font-weight:bold;line-height:27px;\">CURSOS PROYECTUM<\/h2><\/div><style>.porto-u-3036.porto-u-heading{text-align:left}<\/style><\/div>[vc_tta_accordion active_section=\u00bb3&#8243;][vc_tta_section title=\u00bbCERTIFICACIONES\u00bb tab_id=\u00bb1537992268425-9e4a4cbc-6b0c\u00bb][vc_wp_custommenu nav_menu=\u00bb47&#8243;][\/vc_tta_section][vc_tta_section title=\u00bbDIRECCION DE PROYECTOS\u00bb tab_id=\u00bb1537992268460-618971a0-346c\u00bb][vc_wp_custommenu nav_menu=\u00bb48&#8243;][\/vc_tta_section][vc_tta_section title=\u00bbFUNDAMENTOS AGILES &amp; DEVOPS\u00bb tab_id=\u00bb1537992323741-129d2b9f-2fec\u00bb][vc_wp_custommenu nav_menu=\u00bb49&#8243;][\/vc_tta_section][vc_tta_section title=\u00bbOTROS PROGRAMAS Y CURSOS\u00bb tab_id=\u00bb1537992349441-86ffaea1-7c3c\u00bb][vc_wp_custommenu nav_menu=\u00bb50&#8243;][\/vc_tta_section][\/vc_tta_accordion][\/vc_column][\/vc_row]<\/p>\n<\/div>","protected":false},"excerpt":{"rendered":"<p>[vc_row full_width=\u00bbstretch_row\u00bb css=\u00bb.vc_custom_1538081762258{padding-top: 58px !important;padding-bottom: 58px !important;background-image: url(https:\/\/www.proyectum.com\/cl\/wp-content\/uploads\/2018\/09\/curso-tipo.png?id=6990) !important;background-position: center !important;background-repeat: no-repeat !important;background-size: cover !important;}\u00bb][vc_column width=\u00bb2\/3&#8243;][vc_custom_heading text=\u00bbDisciplined Agile Scrum Master &#8211; DASM\u00ae\u00bb font_container=\u00bbtag:h1|font_size:40|text_align:center|color:%23ffffff\u00bb use_theme_fonts=\u00bbyes\u00bb animation_duration=\u00bb2000&#8243; css=\u00bb.vc_custom_1665765078560{margin-bottom: 0px !important;}\u00bb animation_type=\u00bbbounce\u00bb][vc_custom_heading text=\u00bbComprende la agilidad | Certif\u00edcate | Mejora tu posici\u00f3n\u00bb font_container=\u00bbtag:h2|font_size:20|text_align:center|color:%23dd9933&#8243; use_theme_fonts=\u00bbyes\u00bb animation_duration=\u00bb2000&#8243; css=\u00bb.vc_custom_1665765269775{margin-bottom: 0px !important;}\u00bb animation_type=\u00bbbounce\u00bb][\/vc_column][vc_column width=\u00bb1\/3&#8243;][\/vc_column][\/vc_row][vc_row css=\u00bb.vc_custom_1488777218947{padding-top: 25px !important;padding-bottom: 60px !important;}\u00bb][vc_column width=\u00bb2\/3&#8243; css=\u00bb.vc_custom_1538081880375{padding-right: 40px !important;}\u00bb][vc_custom_heading [&hellip;]<\/p>\n","protected":false},"author":16,"featured_media":0,"parent":6889,"menu_order":0,"comment_status":"closed","ping_status":"closed","template":"","meta":{"content-type":"","footnotes":""},"class_list":["post-7579","page","type-page","status-publish","hentry"],"_links":{"self":[{"href":"https:\/\/proyectum.com\/gt\/wp-json\/wp\/v2\/pages\/7579"}],"collection":[{"href":"https:\/\/proyectum.com\/gt\/wp-json\/wp\/v2\/pages"}],"about":[{"href":"https:\/\/proyectum.com\/gt\/wp-json\/wp\/v2\/types\/page"}],"author":[{"embeddable":true,"href":"https:\/\/proyectum.com\/gt\/wp-json\/wp\/v2\/users\/16"}],"replies":[{"embeddable":true,"href":"https:\/\/proyectum.com\/gt\/wp-json\/wp\/v2\/comments?post=7579"}],"version-history":[{"count":0,"href":"https:\/\/proyectum.com\/gt\/wp-json\/wp\/v2\/pages\/7579\/revisions"}],"up":[{"embeddable":true,"href":"https:\/\/proyectum.com\/gt\/wp-json\/wp\/v2\/pages\/6889"}],"wp:attachment":[{"href":"https:\/\/proyectum.com\/gt\/wp-json\/wp\/v2\/media?parent=7579"}],"curies":[{"name":"wp","href":"https:\/\/api.w.org\/{rel}","templated":true}]}}