{"id":7641,"date":"2021-06-22T20:23:52","date_gmt":"2021-06-23T02:23:52","guid":{"rendered":"https:\/\/www.proyectum.com\/gt\/?page_id=7641"},"modified":"2021-10-01T16:31:11","modified_gmt":"2021-10-01T22:31:11","slug":"curso-direccion-exitosa-de-proyectos-online-2","status":"publish","type":"page","link":"https:\/\/proyectum.com\/gt\/capacitacion\/curso-direccion-exitosa-de-proyectos-online-2\/","title":{"rendered":"Direcci\u00f3n Exitosa de Proyectos &#8211; Online"},"content":{"rendered":"<div class=\"wpb-content-wrapper\"><p>[vc_row][vc_column][\/vc_column][\/vc_row][vc_row css=\u00bb.vc_custom_1488777218947{padding-top: 25px !important;padding-bottom: 60px !important;}\u00bb][vc_column width=\u00bb2\/3&#8243; css=\u00bb.vc_custom_1538081880375{padding-right: 40px !important;}\u00bb]<div class=\"porto-u-heading  wpb_custom_95aa9a11c17ad45cfabaf210d84ee7cc porto-u-2049\"><div class=\"porto-u-main-heading\"><h2   style=\"color:#dd9933;\">TALLER DIRECCI\u00d3N EXITOSA DE PROYECTOS<\/h2><\/div><style>.porto-u-2049.porto-u-heading{text-align:center}<\/style><\/div>[vc_column_text]<\/p>\n<h3><span style=\"color: #ff9900;\">Lo que aprender\u00e1s<\/span><\/h3>\n<p>La estrategia de tu organizaci\u00f3n se logra por medio de iniciativas que requieren proyectos, casi todo el trabajo puede organizarse como un proyecto. En este taller aprender\u00e1s a crear un proyecto\u00a0 desde cero, y el conocimiento adquirido te permite utilizar un conjunto formal de procesos y t\u00e9cnicas de direcci\u00f3n de proyectos para definir el esfuerzo y recursos necesarios, y luego c\u00f3mo dirigir y controlar el trabajo.<\/p>\n<p>El utilizar los procesos de la direcci\u00f3n de proyectos le permite a un l\u00edder de proyecto y a su equipo, gestionar de forma pro activa el alcance, el cronograma, los costos, los riesgos, la calidad y la comunicaci\u00f3n, as\u00ed como las adquisiciones y los interesados en el proyecto. Entendiendo y utilizando los conceptos que se ense\u00f1an en este taller, se incrementan las probabilidades de \u00e9xito en tus proyectos.<\/p>\n<h3><span style=\"color: #ff9900;\">Ventajas de tomar este taller<\/span><\/h3>\n<ul>\n<li>Conocer\u00e1s la teor\u00eda fundamental necesaria para dirigir un proyecto<\/li>\n<li>Practicar\u00e1s lo aprendido en un caso de estudio<\/li>\n<li>Tendr\u00e1s acceso a varios formatos o templates como herramientas de gesti\u00f3n, con los cuales puedes iniciar tu propia metodolog\u00eda<\/li>\n<li>Te divertir\u00e1s realizando los ejercicios en equipo<\/li>\n<\/ul>\n<h3><span style=\"color: #ff9900;\">Para empresas<\/span><\/h3>\n<p>Pregunta por nuestro servicio in-company para realizar el taller para varios equipos en tu organizaci\u00f3n, este taller ha sido el preferido para empresas como CMI, Trecsa, 5B, Rainforest Alliance, y otras.[\/vc_column_text][vc_tta_tabs active_section=\u00bb1&#8243; css=\u00bb.vc_custom_1538062059766{margin-top: 20px !important;}\u00bb][vc_tta_section title=\u00bbAntecedentes\u00bb tab_id=\u00bb1541444757751-389b2c58-e32c\u00bb][vc_column_text]<\/p>\n<h3><span style=\"color: #00416b;\">\u00bfQui\u00e9nes deben participar?<\/span><\/h3>\n<ul>\n<li>L\u00edderes de proyecto y miembros de equipos que gestionen y trabajen en proyectos.<\/li>\n<li>Ejecutivos que dirijan l\u00edderes de proyectos y den seguimiento a estatus de proyectos.<\/li>\n<li>Usuarios, clientes y todos los involucrados que participen en proyectos.<\/li>\n<\/ul>\n<h3><span style=\"color: #00416b;\">Pre-requisitos<\/span><\/h3>\n<ul>\n<li>Ninguno, este curso provee un panorama general de todos los aspectos de gesti\u00f3n de proyectos.<\/li>\n<\/ul>\n<p>[\/vc_column_text][\/vc_tta_section][vc_tta_section title=\u00bbObjetivos\u00bb tab_id=\u00bb1541455357238-d8636f7d-26cc\u00bb][vc_column_text]<\/p>\n<h3><span style=\"color: #00416b;\">Al finalizar el curso, los participantes sera\u0301n capaces de:<\/span><\/h3>\n<ul>\n<li style=\"list-style-type: none;\">\n<ul>\n<li>Entender por qu\u00e9 el trabajo debe ser organizado y dirigido con la estructura de un proyecto.<\/li>\n<li>Identificar los diferentes roles y responsabilidades asociados con proyectos.<\/li>\n<li>Definir los diferentes aspectos de un proyecto.<\/li>\n<li>Construir y mantener un plan de trabajo apropiado.<\/li>\n<li>Identificar pro activamente y gestionar el alcance, incidencias y aspectos de comunicaci\u00f3n.<\/li>\n<li>Identificar y gestionar riesgos del proyecto.<\/li>\n<li>Determinar los m\u00e9todos apropiados para gestionar la documentaci\u00f3n de proyectos.<\/li>\n<li>Identificar el nivel apropiado de calidad requerida y gestionar para alcanzar ese nivel.<\/li>\n<li>Identificar un conjunto de m\u00e9tricas para validar niveles de calidad y determinar el \u00e9xito de un proyecto.<\/li>\n<\/ul>\n<\/li>\n<\/ul>\n<p>[\/vc_column_text][\/vc_tta_section][vc_tta_section title=\u00bbContenidos\u00bb tab_id=\u00bb1541598043271-e94dca70-1909&#8243;][vc_column_text]<\/p>\n<ul>\n<li>Panorama general<\/li>\n<li>Definiendo un proyecto<\/li>\n<li>Construyendo el plan de trabajo<\/li>\n<li>Gesti\u00f3n del plan de trabajo<\/li>\n<li>Gesti\u00f3n de alcance<\/li>\n<li>Gesti\u00f3n de la comunicaci\u00f3n<\/li>\n<li>Gesti\u00f3n de costos<\/li>\n<li>Gesti\u00f3n de la calidad<\/li>\n<li>Gesti\u00f3n de riesgos<\/li>\n<li>Cierre del proyecto<\/li>\n<\/ul>\n<p>El taller incluye muchos ejercicios pr\u00e1cticos, as\u00ed como casos de estudio que se utilizan a lo largo del curso.[\/vc_column_text][\/vc_tta_section][vc_tta_section title=\u00bbOtros\u00bb tab_id=\u00bb1541455369971-f2c4148a-d49e\u00bb][vc_column_text]<\/p>\n<h3><span style=\"color: #00416b;\">Duraci\u00f3n del curso:<\/span><\/h3>\n<p>Versi\u00f3n &#8211; 16 horas<\/p>\n<h3><span style=\"color: #00416b;\">Incluye:<br \/>\n<\/span><\/h3>\n<ol>\n<li>Material del Participante en espa\u00f1ol.<\/li>\n<li>Plantillas de los Productos de Trabajo de Direcci\u00f3n de Proyectos usados en el curso.<\/li>\n<\/ol>\n<h3><span style=\"color: #00416b;\">Certificado:<\/span><\/h3>\n<p>Se entrega un certificado oficial de Proyectum que acredita las PDUs correspondientes.[\/vc_column_text][\/vc_tta_section][\/vc_tta_tabs][\/vc_column][vc_column width=\u00bb1\/3&#8243; text_align=\u00bbleft\u00bb css=\u00bb.vc_custom_1538081853323{padding-left: 0px !important;}\u00bb][vc_separator color=\u00bbwhite\u00bb]<div class=\"porto-u-heading  wpb_custom_95aa9a11c17ad45cfabaf210d84ee7cc porto-u-7223\"><div class=\"porto-u-main-heading\"><h2   style=\"color:#1372dd;line-height:27px;\">REGISTRATE<\/h2><\/div><style>.porto-u-7223.porto-u-heading{text-align:center}<\/style><\/div>\n<div class=\"wpcf7 no-js\" id=\"wpcf7-f7483-o1\" lang=\"es-ES\" dir=\"ltr\" data-wpcf7-id=\"7483\">\n<div class=\"screen-reader-response\"><p role=\"status\" aria-live=\"polite\" aria-atomic=\"true\"><\/p> <ul><\/ul><\/div>\n<form action=\"\/gt\/wp-json\/wp\/v2\/pages\/7641#wpcf7-f7483-o1\" method=\"post\" class=\"wpcf7-form init\" aria-label=\"Formulario de contacto\" novalidate=\"novalidate\" data-status=\"init\">\n<div style=\"display: none;\">\n<input type=\"hidden\" name=\"_wpcf7\" value=\"7483\" \/>\n<input type=\"hidden\" name=\"_wpcf7_version\" value=\"6.0.6\" \/>\n<input type=\"hidden\" name=\"_wpcf7_locale\" value=\"es_ES\" \/>\n<input type=\"hidden\" name=\"_wpcf7_unit_tag\" value=\"wpcf7-f7483-o1\" \/>\n<input type=\"hidden\" name=\"_wpcf7_container_post\" value=\"0\" \/>\n<input type=\"hidden\" name=\"_wpcf7_posted_data_hash\" value=\"\" \/>\n<\/div>\n<p>Nombre *<br \/>\n    <span class=\"wpcf7-form-control-wrap\" data-name=\"Nombre\"><input size=\"40\" maxlength=\"400\" class=\"wpcf7-form-control wpcf7-text wpcf7-validates-as-required\" aria-required=\"true\" aria-invalid=\"false\" value=\"\" type=\"text\" name=\"Nombre\" \/><\/span> <\/p>\n\n<p>Correo electr\u00f3nico *<br \/>\n    <span class=\"wpcf7-form-control-wrap\" data-name=\"Email\"><input size=\"40\" maxlength=\"400\" class=\"wpcf7-form-control wpcf7-email wpcf7-validates-as-required wpcf7-text wpcf7-validates-as-email\" aria-required=\"true\" aria-invalid=\"false\" value=\"\" type=\"email\" name=\"Email\" \/><\/span> <\/p>\n\n<p>Tel\u00e9fono *<br \/>\n    <span class=\"wpcf7-form-control-wrap\" data-name=\"Telefono\"><input size=\"40\" maxlength=\"400\" class=\"wpcf7-form-control wpcf7-tel wpcf7-validates-as-required wpcf7-text wpcf7-validates-as-tel\" aria-required=\"true\" aria-invalid=\"false\" value=\"\" type=\"tel\" name=\"Telefono\" \/><\/span><\/p>\n\n<p>Empresa o instituci\u00f3n<br \/>\n    <span class=\"wpcf7-form-control-wrap\" data-name=\"Empresa\"><input size=\"40\" maxlength=\"400\" class=\"wpcf7-form-control wpcf7-text\" aria-invalid=\"false\" value=\"\" type=\"text\" name=\"Empresa\" \/><\/span> <\/p>\n\n<p><span class=\"wpcf7-form-control-wrap\" data-name=\"TipoContacto\"><span class=\"wpcf7-form-control wpcf7-radio\"><span class=\"wpcf7-list-item first\"><input type=\"radio\" name=\"TipoContacto\" value=\"Deseo Inscribirme\" \/><span class=\"wpcf7-list-item-label\">Deseo Inscribirme<\/span><\/span><span class=\"wpcf7-list-item last\"><input type=\"radio\" name=\"TipoContacto\" value=\"Busco m\u00e1s informaci\u00f3n\" \/><span class=\"wpcf7-list-item-label\">Busco m\u00e1s informaci\u00f3n<\/span><\/span><\/span><\/span><\/p>\n<p>Mensaje<br \/>\n    <span class=\"wpcf7-form-control-wrap\" data-name=\"Mensaje\"><textarea cols=\"40\" rows=\"10\" maxlength=\"2000\" class=\"wpcf7-form-control wpcf7-textarea\" aria-invalid=\"false\" name=\"Mensaje\"><\/textarea><\/span> <\/p>\n\n<p><input class=\"wpcf7-form-control wpcf7-submit has-spinner\" type=\"submit\" value=\"Enviar\" \/><\/p>\n\n<i>Los campos con * son obligatorios<\/i><div class=\"wpcf7-response-output\" aria-hidden=\"true\"><\/div>\n<\/form>\n<\/div>\n<div class=\"porto-u-heading  wpb_custom_95aa9a11c17ad45cfabaf210d84ee7cc porto-u-8562\"><div class=\"porto-u-main-heading\"><h2   style=\"font-weight:bold;line-height:27px;\">CURSOS PROYECTUM<\/h2><\/div><style>.porto-u-8562.porto-u-heading{text-align:left}<\/style><\/div>[vc_tta_accordion active_section=\u00bb2&#8243;][vc_tta_section title=\u00bbCERTIFICACIONES\u00bb tab_id=\u00bb1537992268425-9e4a4cbc-6b0c\u00bb][vc_wp_custommenu nav_menu=\u00bb47&#8243;][\/vc_tta_section][vc_tta_section title=\u00bbDIRECCION DE PROYECTOS\u00bb tab_id=\u00bb1537992268460-618971a0-346c\u00bb][vc_wp_custommenu nav_menu=\u00bb48&#8243;][\/vc_tta_section][vc_tta_section title=\u00bbFUNDAMENTOS AGILES &amp; DEVOPS\u00bb tab_id=\u00bb1537992323741-129d2b9f-2fec\u00bb][vc_wp_custommenu nav_menu=\u00bb49&#8243;][\/vc_tta_section][vc_tta_section title=\u00bbOTROS PROGRAMAS Y CURSOS\u00bb tab_id=\u00bb1537992349441-86ffaea1-7c3c\u00bb][vc_wp_custommenu nav_menu=\u00bb50&#8243;][\/vc_tta_section][\/vc_tta_accordion][\/vc_column][\/vc_row]<\/p>\n<\/div>","protected":false},"excerpt":{"rendered":"<p>[vc_row][vc_column][\/vc_column][\/vc_row][vc_row css=\u00bb.vc_custom_1488777218947{padding-top: 25px !important;padding-bottom: 60px !important;}\u00bb][vc_column width=\u00bb2\/3&#8243; css=\u00bb.vc_custom_1538081880375{padding-right: 40px !important;}\u00bb][vc_column_text] Lo que aprender\u00e1s La estrategia de tu organizaci\u00f3n se logra por medio de iniciativas que requieren proyectos, casi todo el trabajo puede organizarse como un proyecto. En este taller aprender\u00e1s a crear un proyecto\u00a0 desde cero, y el conocimiento adquirido te permite utilizar un conjunto [&hellip;]<\/p>\n","protected":false},"author":16,"featured_media":0,"parent":6889,"menu_order":0,"comment_status":"closed","ping_status":"closed","template":"","meta":{"content-type":"","footnotes":""},"class_list":["post-7641","page","type-page","status-publish","hentry"],"_links":{"self":[{"href":"https:\/\/proyectum.com\/gt\/wp-json\/wp\/v2\/pages\/7641"}],"collection":[{"href":"https:\/\/proyectum.com\/gt\/wp-json\/wp\/v2\/pages"}],"about":[{"href":"https:\/\/proyectum.com\/gt\/wp-json\/wp\/v2\/types\/page"}],"author":[{"embeddable":true,"href":"https:\/\/proyectum.com\/gt\/wp-json\/wp\/v2\/users\/16"}],"replies":[{"embeddable":true,"href":"https:\/\/proyectum.com\/gt\/wp-json\/wp\/v2\/comments?post=7641"}],"version-history":[{"count":0,"href":"https:\/\/proyectum.com\/gt\/wp-json\/wp\/v2\/pages\/7641\/revisions"}],"up":[{"embeddable":true,"href":"https:\/\/proyectum.com\/gt\/wp-json\/wp\/v2\/pages\/6889"}],"wp:attachment":[{"href":"https:\/\/proyectum.com\/gt\/wp-json\/wp\/v2\/media?parent=7641"}],"curies":[{"name":"wp","href":"https:\/\/api.w.org\/{rel}","templated":true}]}}