{"id":7993,"date":"2024-07-22T11:36:51","date_gmt":"2024-07-22T17:36:51","guid":{"rendered":"https:\/\/proyectum.com\/gt\/oportunidad_laboral-copy\/"},"modified":"2024-07-23T14:54:18","modified_gmt":"2024-07-23T20:54:18","slug":"oportunidad_laboral_procesos","status":"publish","type":"page","link":"https:\/\/proyectum.com\/gt\/oportunidad_laboral_procesos\/","title":{"rendered":"Oportunidad Laboral Procesos"},"content":{"rendered":"<div class=\"wpb-content-wrapper\"><p>[vc_row full_width=\u00bbstretch_row\u00bb css=\u00bb.vc_custom_1615830217979{padding-top: 58px !important;padding-bottom: 58px !important;background-image: url(https:\/\/www.proyectum.com\/gt\/wp-content\/uploads\/2021\/03\/Foto-Top-pa\u0301gina-Web-ProyectumGT.png?id=7615) !important;background-position: center !important;background-repeat: no-repeat !important;background-size: cover !important;}\u00bb][vc_column width=\u00bb2\/3&#8243;][vc_custom_heading text=\u00bbOportunidades Laborales\u00bb font_container=\u00bbtag:h1|font_size:35|text_align:center|color:%23ffffff\u00bb use_theme_fonts=\u00bbyes\u00bb css=\u00bb.vc_custom_1615829615182{margin-bottom: 0px !important;}\u00bb][vc_column_text]<\/p>\n<p style=\"text-align: center\"><span style=\"color: #ffffff;font-size: 18px\">\u00a0<span style=\"color: #ff9900\">M\u00a0 a\u00a0 k\u00a0 i\u00a0 n\u00a0 g\u00a0 \u00a0 \u00a0S\u00a0 t\u00a0 r\u00a0 a\u00a0 t\u00a0 e\u00a0 g\u00a0 y\u00a0 \u00a0 W\u00a0 o\u00a0 r\u00a0 k\u00a0<\/span><\/span><\/p>\n<p>[\/vc_column_text][\/vc_column][vc_column width=\u00bb1\/3&#8243;][\/vc_column][\/vc_row][vc_row css=\u00bb.vc_custom_1488777218947{padding-top: 25px !important;padding-bottom: 60px !important;}\u00bb][vc_column width=\u00bb2\/3&#8243; css=\u00bb.vc_custom_1538081880375{padding-right: 40px !important;}\u00bb]<div class=\"porto-u-heading  wpb_custom_95aa9a11c17ad45cfabaf210d84ee7cc porto-u-3594\"><div class=\"porto-u-main-heading\"><h2   style=\"color:#003366;\">POSICIONES ABIERTAS CON CLIENTES<\/h2><\/div><div class=\"porto-u-sub-heading\" style=\"\">Se responder\u00e1 solamente si cumples con los requisitos.<\/div><style>.porto-u-3594.porto-u-heading{text-align:center}<\/style><\/div><div class=\"porto-toggles wpb_content_element  toggle-primary\" data-view=\"one-toggle\">[vc_toggle title=\u00bbAnalista de Procesos\u00bb open=\u00bbtrue\u00bb css=\u00bb\u00bb]<\/p>\n<h2><span style=\"color: #3366ff;\"><b>Analista de procesos\u00a0<\/b><\/span><\/h2>\n<h3>Para proyecto de 3 a 6 meses buscamos analista de procesos en modalidad outsourcing con uno de nuestros clientes.<\/h3>\n<h3><span style=\"color: #3366ff;\"><b>Descripci\u00f3n:\u00a0<\/b><\/span><\/h3>\n<h3><span style=\"font-weight: 400; font-size: 14px; color: #333333;\">El Analista de Procesos es responsable de:<br \/>\n\u2022 Modelar y optimizar los procesos de negocio utilizando la notaci\u00f3n est\u00e1ndar BPMN.<br \/>\n\u2022 Documentar y analizar los procesos \u2013 situaci\u00f3n actual<br \/>\n\u2022 Analizar las brechas y oportunidades de mejora del proceso actual<br \/>\n\u2022 Proponer soluciones efectivas y modelar procesos meta &#8211; situaci\u00f3n futura<br \/>\n\u2022 colaborar estrechamente con diversas \u00e1reas de la operaci\u00f3n para asegurar la correcta identificaci\u00f3n de procesos y mejoras.<\/span><\/h3>\n<h3><span style=\"color: #3366ff;\"><b>Competencias:<\/b><\/span><\/h3>\n<ul>\n<li style=\"font-weight: 400;\"><span style=\"font-size: 14px; color: #333333;\">El candidato ideal deber\u00e1 demostrar s\u00f3lidas competencias en modelar y documentar y proponer mejoras procesos de negocio utilizando notaci\u00f3n BPMN &#8211; Business Process Model and Notation<\/span><\/li>\n<li><span style=\"font-size: 14px; color: #333333;\">Capacidad de utilizar aplicaciones de modelado de procesos de negocio\u00a0<\/span><\/li>\n<li><span style=\"font-size: 14px; color: #333333;\">Comunicarse de forma efectiva con distintos roles tales como operarios, supervisores, gerentes.\u00a0<\/span><\/li>\n<li><span style=\"font-size: 14px; color: #333333;\">Capacidad de s\u00edntesis para preparar reportes de avance y propuestas de mejora.\u00a0<\/span><\/li>\n<\/ul>\n<h3><span style=\"color: #3366ff;\"><b>Requisitos de conocimiento y experiencia:<\/b><\/span><\/h3>\n<ul>\n<li><span style=\"font-size: 14px; color: #333333;\">Experiencia de al menos 3 a\u00f1os realizando modelado de procesos de negocio\u00a0<\/span><\/li>\n<li><span style=\"font-size: 14px; color: #333333;\">Experiencia en modelado de procesos de manufactura<\/span><\/li>\n<li><span style=\"font-size: 14px; color: #333333;\">Conocimiento de herramientas de mapeo de procesos\u00a0\u00a0<\/span><\/li>\n<li><span style=\"font-size: 14px; color: #333333;\">Conocimiento y experiencia en el uso de BPM\u00a0<\/span><\/li>\n<\/ul>\n<h3><span style=\"color: #3366ff;\"><b>Educaci\u00f3n requerida:<\/b><\/span><\/h3>\n<ul>\n<li style=\"font-weight: 400;\"><span style=\"font-size: 14px; color: #333333;\">Estudiante de \u00faltimos a\u00f1os o egresado de ingenier\u00eda industrial o carrera af\u00edn.<\/span><\/li>\n<\/ul>\n<h3><span style=\"color: #3366ff;\"><b>Modalidad del trabajo:<\/b><\/span><\/h3>\n<ul>\n<li><span style=\"font-weight: 400; font-size: 14px; color: #333333;\">La posici\u00f3n est\u00e1 definida para trabajar un 60% del tiempo en plantas de manufactura y un 40% en oficina o en casa en\u00a0 modalidad virtual &#8211; home office aproximadamente en horario de 8am\u00a0 a 5 pm.<\/span><\/li>\n<li><span style=\"font-size: 14px; color: #333333;\">Las plantas de manufactura se encuentran en la Ciudad de Guatemala y una se encuentra en el municipio de Santa Luc\u00eda Cotzumalguapa, Escuintla. Se espera que el analista viaje eventualmente a la planta en Santa Luc\u00eda Cotzumalguapa.\u00a0<\/span><\/li>\n<li><span style=\"font-size: 14px;\"><span style=\"color: #333333;\">Salario por mes a convenir dependiendo de la experiencia.<\/span>\u00a0<\/span><\/li>\n<\/ul>\n<p>&nbsp;[\/vc_toggle]<\/div>[vc_separator css=\u00bb\u00bb]<div class=\"porto-u-heading  wpb_custom_95aa9a11c17ad45cfabaf210d84ee7cc porto-u-5224\"><div class=\"porto-u-main-heading\"><h2   style=\"color:#066ce0;\">\u00a1 Aplica en el formulario a continuaci\u00f3n!<\/h2><\/div><style>.porto-u-5224.porto-u-heading{text-align:left}<\/style><\/div>\n<div class=\"wpcf7 no-js\" id=\"wpcf7-f7666-o1\" lang=\"es-ES\" dir=\"ltr\" data-wpcf7-id=\"7666\">\n<div class=\"screen-reader-response\"><p role=\"status\" aria-live=\"polite\" aria-atomic=\"true\"><\/p> <ul><\/ul><\/div>\n<form action=\"\/gt\/wp-json\/wp\/v2\/pages\/7993#wpcf7-f7666-o1\" method=\"post\" class=\"wpcf7-form init\" aria-label=\"Formulario de contacto\" enctype=\"multipart\/form-data\" novalidate=\"novalidate\" data-status=\"init\">\n<div style=\"display: none;\">\n<input type=\"hidden\" name=\"_wpcf7\" value=\"7666\" \/>\n<input type=\"hidden\" name=\"_wpcf7_version\" value=\"6.0.6\" \/>\n<input type=\"hidden\" name=\"_wpcf7_locale\" value=\"es_ES\" \/>\n<input type=\"hidden\" name=\"_wpcf7_unit_tag\" value=\"wpcf7-f7666-o1\" \/>\n<input type=\"hidden\" name=\"_wpcf7_container_post\" value=\"0\" \/>\n<input type=\"hidden\" name=\"_wpcf7_posted_data_hash\" value=\"\" \/>\n<\/div>\n<p>Nombre y apellido *<br \/>\n    <span class=\"wpcf7-form-control-wrap\" data-name=\"Nombre\"><input size=\"40\" maxlength=\"400\" class=\"wpcf7-form-control wpcf7-text wpcf7-validates-as-required\" aria-required=\"true\" aria-invalid=\"false\" value=\"\" type=\"text\" name=\"Nombre\" \/><\/span> <\/p>\n\n<p>Correo electr\u00f3nico *<br \/>\n    <span class=\"wpcf7-form-control-wrap\" data-name=\"Email\"><input size=\"40\" maxlength=\"400\" class=\"wpcf7-form-control wpcf7-email wpcf7-validates-as-required wpcf7-text wpcf7-validates-as-email\" aria-required=\"true\" aria-invalid=\"false\" value=\"\" type=\"email\" name=\"Email\" \/><\/span> <\/p>\n\n<p>Cel_Whatsapp *<br \/>\n    <span class=\"wpcf7-form-control-wrap\" data-name=\"Telefono\"><input size=\"40\" maxlength=\"400\" class=\"wpcf7-form-control wpcf7-tel wpcf7-validates-as-required wpcf7-text wpcf7-validates-as-tel\" aria-required=\"true\" aria-invalid=\"false\" value=\"\" type=\"tel\" name=\"Telefono\" \/><\/span><\/p>\n\n<p>\u00bfCu\u00e1ntos a\u00f1os tiene de experiencia haciendo modelado de procesos? *<br \/>\n<span class=\"wpcf7-form-control-wrap\" data-name=\"radio-819\"><span class=\"wpcf7-form-control wpcf7-radio\"><span class=\"wpcf7-list-item first\"><label><input type=\"radio\" name=\"radio-819\" value=\"dos a\u00f1os o menos\" checked=\"checked\" \/><span class=\"wpcf7-list-item-label\">dos a\u00f1os o menos<\/span><\/label><\/span><span class=\"wpcf7-list-item\"><label><input type=\"radio\" name=\"radio-819\" value=\"tres a\u00f1os\" \/><span class=\"wpcf7-list-item-label\">tres a\u00f1os<\/span><\/label><\/span><span class=\"wpcf7-list-item last\"><label><input type=\"radio\" name=\"radio-819\" value=\"m\u00e1s de tres a\u00f1os\" \/><span class=\"wpcf7-list-item-label\">m\u00e1s de tres a\u00f1os<\/span><\/label><\/span><\/span><\/span><\/p>\n<p>\u00bfCu\u00e1les herramientas de modelado de procesos has utilizado? *<br \/>\n <span class=\"wpcf7-form-control-wrap\" data-name=\"Apps_modelado\"><input size=\"40\" maxlength=\"400\" class=\"wpcf7-form-control wpcf7-text wpcf7-validates-as-required\" aria-required=\"true\" aria-invalid=\"false\" value=\"\" type=\"text\" name=\"Apps_modelado\" \/><\/span> <\/p>\n\n<p>\u00bf\u00bf Cu\u00e1l consideras que es tu nivel de conocimientos utilizando BPMN - Business Process Model and Notation ? Por favor marca en la escala: siendo 2 conozco poco de BPMN y 10 Soy Experto en BPMN *<br \/>\n    <span class=\"wpcf7-form-control-wrap\" data-name=\"radio-720\"><span class=\"wpcf7-form-control wpcf7-radio\"><span class=\"wpcf7-list-item first\"><label><span class=\"wpcf7-list-item-label\">2<\/span><input type=\"radio\" name=\"radio-720\" value=\"2\" checked=\"checked\" \/><\/label><\/span><span class=\"wpcf7-list-item\"><label><span class=\"wpcf7-list-item-label\">4<\/span><input type=\"radio\" name=\"radio-720\" value=\"4\" \/><\/label><\/span><span class=\"wpcf7-list-item\"><label><span class=\"wpcf7-list-item-label\">6<\/span><input type=\"radio\" name=\"radio-720\" value=\"6\" \/><\/label><\/span><span class=\"wpcf7-list-item\"><label><span class=\"wpcf7-list-item-label\">8<\/span><input type=\"radio\" name=\"radio-720\" value=\"8\" \/><\/label><\/span><span class=\"wpcf7-list-item last\"><label><span class=\"wpcf7-list-item-label\">10<\/span><input type=\"radio\" name=\"radio-720\" value=\"10\" \/><\/label><\/span><\/span><\/span><\/p>\n<p>\u00bfHas tenido capacitaci\u00f3n en BPMN? *<br \/>\n    <span class=\"wpcf7-form-control-wrap\" data-name=\"radio-851\"><span class=\"wpcf7-form-control wpcf7-radio\"><span class=\"wpcf7-list-item first\"><label><input type=\"radio\" name=\"radio-851\" value=\"Si\" \/><span class=\"wpcf7-list-item-label\">Si<\/span><\/label><\/span><span class=\"wpcf7-list-item last\"><label><input type=\"radio\" name=\"radio-851\" value=\"No\" checked=\"checked\" \/><span class=\"wpcf7-list-item-label\">No<\/span><\/label><\/span><\/span><\/span><\/p>\n\n<p>Puedes cargar tu hoja de vida en formato pdf a continuaci\u00f3n (M\u00e1ximo 3 MB) *<br \/> <\/p>\n<span class=\"wpcf7-form-control-wrap\" data-name=\"file-317\"><input size=\"40\" class=\"wpcf7-form-control wpcf7-file\" accept=\".pdf,.doc,.docx\" aria-invalid=\"false\" type=\"file\" name=\"file-317\" \/><\/span>\n<p><input class=\"wpcf7-form-control wpcf7-submit has-spinner\" type=\"submit\" value=\"Enviar la aplicaci\u00f3n\" \/><\/p>\n\n<i>Los campos con * son obligatorios<\/i><div class=\"wpcf7-response-output\" aria-hidden=\"true\"><\/div>\n<\/form>\n<\/div>\n[\/vc_column][vc_column width=\u00bb1\/3&#8243; text_align=\u00bbleft\u00bb css=\u00bb.vc_custom_1538081853323{padding-left: 0px !important;}\u00bb][vc_single_image image=\u00bb7965&#8243; img_size=\u00bbmedium\u00bb alignment=\u00bbcenter\u00bb css=\u00bb\u00bb animation_duration=\u00bb1500&#8243; animation_delay=\u00bb500&#8243; title=\u00bbATP PMI\u00ae\u00bb animation_type=\u00bbpulse\u00bb][vc_separator gap=\u00bbtall\u00bb]<div class=\"porto-u-heading  wpb_custom_95aa9a11c17ad45cfabaf210d84ee7cc porto-u-1334\"><div class=\"porto-u-main-heading\"><h2   style=\"line-height:27px;\">CURSOS PROYECTUM<\/h2><\/div><style>.porto-u-1334.porto-u-heading{text-align:center}<\/style><\/div>[vc_tta_accordion active_section=\u00bb1&#8243; collapsible_all=\u00bbtrue\u00bb][vc_tta_section title=\u00bbCERTIFICACIONES\u00bb tab_id=\u00bb1615833399419-607263f6-6a37&#8243;]<div class=\"widget_sidebar_menu main-sidebar-menu wpb_custom_fa56fd63c3b694fcdb3812eb30a338f1\"><div class=\"sidebar-menu-wrap\"><ul id=\"menu-lateral_certificaciones\" class=\"sidebar-menu\"><li id=\"nav-menu-item-7438\" class=\"menu-item menu-item-type-post_type menu-item-object-page  narrow \"><a href=\"https:\/\/proyectum.com\/gt\/capacitacion\/curso-de-preparacion-a-la-certificacion-pmp-2\/\">Curso de Preparaci\u00f3n a la Certificaci\u00f3n PMP\u00ae<\/a><\/li>\n<li id=\"nav-menu-item-8076\" class=\"menu-item menu-item-type-post_type menu-item-object-page  narrow \"><a target=\"_blank\" href=\"https:\/\/proyectum.com\/gt\/capacitacion\/po-lab\/\">Taller PO-lab<\/a><\/li>\n<li id=\"nav-menu-item-7617\" class=\"menu-item menu-item-type-post_type menu-item-object-page  narrow \"><a href=\"https:\/\/proyectum.com\/gt\/capacitacion\/curso-gestion-agil-de-proyectos-con-scrum-online\/\">Curso Gesti\u00f3n \u00c1gil de Proyectos con SCRUM-Online<\/a><\/li>\n<li id=\"nav-menu-item-7618\" class=\"menu-item menu-item-type-post_type menu-item-object-page  narrow \"><a href=\"https:\/\/proyectum.com\/gt\/capacitacion\/disciplined-agile-scrum-master\/\">Disciplined Agile Scrum Master \u2013 DASM\u00ae<\/a><\/li>\n<li id=\"nav-menu-item-7619\" class=\"menu-item menu-item-type-post_type menu-item-object-page  narrow \"><a href=\"https:\/\/proyectum.com\/gt\/capacitacion\/disciplined-agile-senior-scrum-master\/\">Disciplined Agile Senior Scrum Master \u2013 DASSM\u00ae<\/a><\/li>\n<li id=\"nav-menu-item-7439\" class=\"menu-item menu-item-type-post_type menu-item-object-page  narrow \"><a href=\"https:\/\/proyectum.com\/gt\/capacitacion\/curso-de-preparacion-a-la-certificacion-capm\/\">Curso de Preparaci\u00f3n a la Certificaci\u00f3n CAPM\u00ae<\/a><\/li>\n<li id=\"nav-menu-item-7440\" class=\"menu-item menu-item-type-post_type menu-item-object-page  narrow \"><a href=\"https:\/\/proyectum.com\/gt\/capacitacion\/curso-de-preparacion-product-owner-certified-spoc\/\">Curso de Preparaci\u00f3n Product Owner Certified (SPOC\u2122)<\/a><\/li>\n<li id=\"nav-menu-item-7441\" class=\"menu-item menu-item-type-post_type menu-item-object-page  narrow \"><a href=\"https:\/\/proyectum.com\/gt\/capacitacion\/curso-de-preparacion-scrum-master-certified\/\">Curso de Preparaci\u00f3n Scrum Master Certified (SMC\u2122)<\/a><\/li>\n<\/ul><\/div><\/div>[\/vc_tta_section][vc_tta_section title=\u00bbDIRECCION DE PROYECTOS\u00bb tab_id=\u00bb1537992268460-618971a0-346c\u00bb][vc_raw_html el_class=\u00bbcourses-list\u00bb]JTNDdWwlM0UlMEElMjAlMjAlM0NsaSUzRSUzQ2ElMjBocmVmJTNEJTIyJTIzJTIyJTNFRnVuZGFtZW50b3MlMjBkZSUyMGRpcmVjY2lvbiUyMGRlJTIwcHJveWVjdG9zJTNDJTJGbGklM0UlMEElMjAlMjAlM0NsaSUzRSUzQ2ElMjBocmVmJTNEJTIyJTIzJTIyJTNFVGFsbGVyJTIwZGUlMjBzaW11bGFjaW9uJTIwZGUlMjBwcm95ZWN0b3MlM0MlMkZsaSUzRSUwQSUyMCUyMCUzQ2xpJTNFJTNDYSUyMGhyZWYlM0QlMjIlMjMlMjIlM0VQTU8lM0ElMjBDcmVhY2lvbiUyMGUlMjBpbXBsZW1lbnRhY2lvbiUzQyUyRmxpJTNFJTBBJTIwJTIwJTNDbGklM0UlM0NhJTIwaHJlZiUzRCUyMiUyMyUyMiUzRU1TJTIwUHJvamVjdCUyMHBhcmElMjBHZXN0aSVDMyVCM24lMjBkZSUyMENyb25vZ3JhbWElM0MlMkZsaSUzRSUwQSUzQyUyRnVsJTNF[\/vc_raw_html][\/vc_tta_section][vc_tta_section title=\u00bbFUNDAMENTOS AGILES &amp; DEVOPS\u00bb tab_id=\u00bb1537992323741-129d2b9f-2fec\u00bb][vc_raw_html el_class=\u00bbcourses-list\u00bb]JTNDdWwlM0UlMEElMjAlMjAlM0NsaSUzRSUzQ2ElMjBocmVmJTNEJTIyJTIzJTIyJTNFRGV2T3BzJTIwTWFzdGVyJTNDJTJGbGklM0UlMEElMjAlMjAlM0NsaSUzRSUzQ2ElMjBocmVmJTNEJTIyJTIzJTIyJTNFR2VzdGklQzMlQjNuJTIwJUMzJTgxZ2lsJTIwZGUlMjBQcm95ZWN0b3MlMjBjb24lMjBTQ1JVTSUzQyUyRmxpJTNFJTBBJTIwJTIwJTNDbGklM0UlM0NhJTIwaHJlZiUzRCUyMiUyMyUyMiUzRUludHJvZHVjY2lvJUNDJTgxbiUyMGElMjBTQ1JVTSUzQyUyRmxpJTNFJTBBJTIwJTIwJTNDbGklM0UlM0NhJTIwaHJlZiUzRCUyMiUyMyUyMiUzRUludHJvZHVjY2lvJUNDJTgxbiUyMGElMjBBZ2lsZSUzQyUyRmxpJTNFJTBBJTIwJTIwJTNDbGklM0UlM0NhJTIwaHJlZiUzRCUyMiUyMyUyMiUzRUNvbm9jaWVuZG8lMjBTQUZlJUMyJUFFJTNDJTJGbGklM0UlMEElMjAlMjAlM0NsaSUzRSUzQ2ElMjBocmVmJTNEJTIyJTIzJTIyJTNFTGklQ0MlODFkZXIlMjBTQUZlJUMyJUFFJTIwY29uJTIwY2VydGlmaWNhY2lvJUNDJTgxbiUyMFNBJTIwJTI4U0FGZSVDMiVBRSUyMEFnaWxpc3QlMjklM0MlMkZsaSUzRSUwQSUzQyUyRnVsJTNF[\/vc_raw_html][\/vc_tta_section][vc_tta_section title=\u00bbOTROS PROGRAMAS Y CURSOS\u00bb tab_id=\u00bb1537992349441-86ffaea1-7c3c\u00bb][vc_raw_html el_class=\u00bbcourses-list\u00bb]JTNDdWwlM0UlMEElMjAlMjAlM0NsaSUzRSUzQ2ElMjBocmVmJTNEJTIyJTIzJTIyJTNFRGlyZWNjaW9uJTIwZGUlMjBwcm9ncmFtYXMlM0MlMkZsaSUzRSUwQSUyMCUyMCUzQ2xpJTNFJTNDYSUyMGhyZWYlM0QlMjIlMjMlMjIlM0VEaXJlY2Npb24lMjBkZSUyMHBvcnRhZm9saW9zJTNDJTJGbGklM0UlMEElM0MlMkZ1bCUzRQ==[\/vc_raw_html][\/vc_tta_section][\/vc_tta_accordion][\/vc_column][\/vc_row]<\/p>\n<\/div>","protected":false},"excerpt":{"rendered":"<p>[vc_row full_width=\u00bbstretch_row\u00bb css=\u00bb.vc_custom_1615830217979{padding-top: 58px !important;padding-bottom: 58px !important;background-image: url(https:\/\/www.proyectum.com\/gt\/wp-content\/uploads\/2021\/03\/Foto-Top-pa\u0301gina-Web-ProyectumGT.png?id=7615) !important;background-position: center !important;background-repeat: no-repeat !important;background-size: cover !important;}\u00bb][vc_column width=\u00bb2\/3&#8243;][vc_custom_heading text=\u00bbOportunidades Laborales\u00bb font_container=\u00bbtag:h1|font_size:35|text_align:center|color:%23ffffff\u00bb use_theme_fonts=\u00bbyes\u00bb css=\u00bb.vc_custom_1615829615182{margin-bottom: 0px !important;}\u00bb][vc_column_text] \u00a0M\u00a0 a\u00a0 k\u00a0 i\u00a0 n\u00a0 g\u00a0 \u00a0 \u00a0S\u00a0 t\u00a0 r\u00a0 a\u00a0 t\u00a0 e\u00a0 g\u00a0 y\u00a0 \u00a0 W\u00a0 o\u00a0 r\u00a0 k\u00a0 [\/vc_column_text][\/vc_column][vc_column width=\u00bb1\/3&#8243;][\/vc_column][\/vc_row][vc_row css=\u00bb.vc_custom_1488777218947{padding-top: 25px !important;padding-bottom: 60px !important;}\u00bb][vc_column width=\u00bb2\/3&#8243; css=\u00bb.vc_custom_1538081880375{padding-right: 40px !important;}\u00bb][vc_separator css=\u00bb\u00bb][\/vc_column][vc_column [&hellip;]<\/p>\n","protected":false},"author":16,"featured_media":0,"parent":0,"menu_order":0,"comment_status":"closed","ping_status":"closed","template":"","meta":{"content-type":"","footnotes":""},"class_list":["post-7993","page","type-page","status-publish","hentry"],"_links":{"self":[{"href":"https:\/\/proyectum.com\/gt\/wp-json\/wp\/v2\/pages\/7993"}],"collection":[{"href":"https:\/\/proyectum.com\/gt\/wp-json\/wp\/v2\/pages"}],"about":[{"href":"https:\/\/proyectum.com\/gt\/wp-json\/wp\/v2\/types\/page"}],"author":[{"embeddable":true,"href":"https:\/\/proyectum.com\/gt\/wp-json\/wp\/v2\/users\/16"}],"replies":[{"embeddable":true,"href":"https:\/\/proyectum.com\/gt\/wp-json\/wp\/v2\/comments?post=7993"}],"version-history":[{"count":0,"href":"https:\/\/proyectum.com\/gt\/wp-json\/wp\/v2\/pages\/7993\/revisions"}],"wp:attachment":[{"href":"https:\/\/proyectum.com\/gt\/wp-json\/wp\/v2\/media?parent=7993"}],"curies":[{"name":"wp","href":"https:\/\/api.w.org\/{rel}","templated":true}]}}