{"id":93,"date":"2017-03-03T21:20:14","date_gmt":"2017-03-03T21:20:14","guid":{"rendered":"http:\/\/sw-themes.com\/porto_dummy\/?page_id=93"},"modified":"2019-11-04T12:58:12","modified_gmt":"2019-11-04T15:58:12","slug":"nuestro-equipo","status":"publish","type":"page","link":"https:\/\/proyectum.com\/gt\/quienes-somos\/nuestro-equipo\/","title":{"rendered":"Nuestro Equipo"},"content":{"rendered":"<div class=\"wpb-content-wrapper\"><p>[vc_row full_width=\u00bbstretch_row\u00bb parallax=\u00bbcontent-moving-fade\u00bb parallax_image=\u00bb7205&#8243; css=\u00bb.vc_custom_1551369924868{padding-top: 128px !important;padding-bottom: 128px !important;}\u00bb][vc_column][vc_custom_heading text=\u00bbNUESTRO EQUIPO\u00bb font_container=\u00bbtag:h1|text_align:center|color:%23ffffff\u00bb use_theme_fonts=\u00bbyes\u00bb][\/vc_column][\/vc_row][vc_row full_width=\u00bbstretch_row\u00bb css=\u00bb.vc_custom_1489225872797{padding-top: 28px !important;padding-bottom: 10px !important;}\u00bb][vc_column][vc_custom_heading text=\u00bbNuestro equipo\u00bb font_container=\u00bbtag:h2|text_align:center\u00bb use_theme_fonts=\u00bbyes\u00bb text_transform=\u00bbtext-uppercase\u00bb css=\u00bb.vc_custom_1572882617240{margin-bottom: 0px !important;}\u00bb][vc_empty_space][vc_column_text el_class=\u00bbtext-color-dark m-b-lg\u00bb]<\/p>\n<p style=\"text-align: center;\">En Proyectum contamos con personal profesional altamente capacitado y con vasta experiencia en el \u00e1rea de direcci\u00f3n de proyectos, programas y portafolios, en enfoque tradicional y en enfoque \u00e1gil. Nuestro equipo\u00a0 se mantiene constantemente actualizado con las tendencias en Project Management. Participamos activamente en la divulgaci\u00f3n de conocimientos estando presentes en los congresos nacionales e internacionales que imparten los cap\u00edtulos regionales del PMI Global.<\/p>\n<p>[\/vc_column_text][\/vc_column][\/vc_row][vc_row][vc_column]<div class=\"porto-members porto-membersojx2 wpb_content_element wpb_custom_623bb2693d80b667b2afdb1a3b462a5b\">\r\n\t<div class=\"page-members clearfix\" id=\"porto_members_7g3i\">\r\n\r\n\t\t\r\n\t\t\r\n\t\t\r\n\t\t\t\t\t<div class=\"members-container member-row row ccols-wrap ccols-sm-2 ccols-md-3 ccols-xl-4 ccols-1\">\r\n\t\t\t\r\n\t<article class=\"member post-336 type-member status-publish has-post-thumbnail hentry\">\r\n\t\t<h3 class=\"entry-title\" style=\"display: none;\">H\u00e9ctor P\u00e9rez<\/h3><span class=\"vcard\" style=\"display: none;\"><span class=\"fn\"><a href=\"https:\/\/proyectum.com\/gt\/author\/pgonzalez\/\" title=\"Entradas de Pablo Gonz\u00e1lez\" rel=\"author\">Pablo Gonz\u00e1lez<\/a><\/span><\/span><span class=\"updated\" style=\"display:none\">2022-08-17T19:06:45-06:00<\/span>\t\t<div class=\"member-item  member-item-3\">\r\n\t\t\t<div class=\"thumb-info thumb-info-hide-wrapper-bg\">\r\n\r\n\t\t\t\t<div class=\"thumb-info-wrapper \">\r\n\t\t\t\t\t\t\t\t\t\t<div class=\"thumb-member-container \">\r\n\t\t\t\t\t\t<a class=\"text-decoration-none member-image\" href=\"https:\/\/proyectum.com\/gt\/member\/hector-perez\/\" data-ajax-on-modal>\r\n\t\t\t\t\t\t<img loading=\"lazy\" decoding=\"async\" class=\"img-responsive\" width=\"367\" height=\"367\" src=\"https:\/\/proyectum.com\/gt\/wp-content\/uploads\/2018\/11\/HECTOR-PEREZ-FOTO-367x367.png\" alt=\"\" \/>\r\n\t\t\t\t\t\t<\/a>\r\n\r\n\t\t\t\t\t\t\t\t\t\t\t<\/div>\r\n\t\t\t\t\t<a class=\"text-decoration-none member-info-container\" href=\"https:\/\/proyectum.com\/gt\/member\/hector-perez\/\" data-ajax-on-modal>\r\n\t\t\t\t\t\t\t\t\t\t\t\t\t\t\t\t<\/a>\r\n\t\t\t\t<\/div>\r\n\t\t\t\t<!--Thumb info wrapper end-->\r\n\t\t\t\t<!--Thumb info container -->\r\n\t\t\t\t<div class=\"thumb-info-container\"> \r\n\t\t\t\t\t<a class=\"text-decoration-none member-info-container\" href=\"https:\/\/proyectum.com\/gt\/member\/hector-perez\/\" data-ajax-on-modal>\r\n\t\t\t\t\t\t\t\t\t\t\t\t\t\t\t\t<div class=\"thumb-info-caption\">\r\n\t\t\t\t\t\t\t<div class=\"thumb-info-caption-title\">\r\n\t\t\t\t\t\t\t\t\t\t\t\t\t\t\t\t<h4 class=\"member-name m-b-none text-lg\">H\u00e9ctor P\u00e9rez<\/h4>\r\n\t\t\t\t\t\t\t\t<p class=\"member-role\">Director General<\/p>\t\t\t\t\t\t\t\t<i class=\"view-more Simple-Line-Icons-arrow-right-circle font-weight-semibold\"><\/i>\r\n\t\t\t\t\t\t\t<\/div>\r\n\t\t\t\t\t\t<\/div>\r\n\t\t\t\t\t\t\t\t\t\t<\/a>\r\n\r\n\t\t\t\t\t\t\t\t\t\t\t\t\t\t<\/div>\r\n\t\t\t<\/div>\r\n\t\t<\/div>\r\n\t<\/article>\r\n\t\r\n\t<article class=\"member post-335 type-member status-publish has-post-thumbnail hentry\">\r\n\t\t<h3 class=\"entry-title\" style=\"display: none;\">Guisela Villatoro<\/h3><span class=\"vcard\" style=\"display: none;\"><span class=\"fn\"><a href=\"https:\/\/proyectum.com\/gt\/author\/pgonzalez\/\" title=\"Entradas de Pablo Gonz\u00e1lez\" rel=\"author\">Pablo Gonz\u00e1lez<\/a><\/span><\/span><span class=\"updated\" style=\"display:none\">2021-09-23T12:47:37-06:00<\/span>\t\t<div class=\"member-item  member-item-3\">\r\n\t\t\t<div class=\"thumb-info thumb-info-hide-wrapper-bg\">\r\n\r\n\t\t\t\t<div class=\"thumb-info-wrapper \">\r\n\t\t\t\t\t\t\t\t\t\t<div class=\"thumb-member-container \">\r\n\t\t\t\t\t\t<a class=\"text-decoration-none member-image\" href=\"https:\/\/proyectum.com\/gt\/member\/guisela-villatoro\/\" data-ajax-on-modal>\r\n\t\t\t\t\t\t<img loading=\"lazy\" decoding=\"async\" class=\"img-responsive\" width=\"367\" height=\"367\" src=\"https:\/\/proyectum.com\/gt\/wp-content\/uploads\/2018\/11\/Foto-Guis-Nueva-367x367.png\" alt=\"\" \/>\r\n\t\t\t\t\t\t<\/a>\r\n\r\n\t\t\t\t\t\t\t\t\t\t\t<\/div>\r\n\t\t\t\t\t<a class=\"text-decoration-none member-info-container\" href=\"https:\/\/proyectum.com\/gt\/member\/guisela-villatoro\/\" data-ajax-on-modal>\r\n\t\t\t\t\t\t\t\t\t\t\t\t\t\t\t\t<\/a>\r\n\t\t\t\t<\/div>\r\n\t\t\t\t<!--Thumb info wrapper end-->\r\n\t\t\t\t<!--Thumb info container -->\r\n\t\t\t\t<div class=\"thumb-info-container\"> \r\n\t\t\t\t\t<a class=\"text-decoration-none member-info-container\" href=\"https:\/\/proyectum.com\/gt\/member\/guisela-villatoro\/\" data-ajax-on-modal>\r\n\t\t\t\t\t\t\t\t\t\t\t\t\t\t\t\t<div class=\"thumb-info-caption\">\r\n\t\t\t\t\t\t\t<div class=\"thumb-info-caption-title\">\r\n\t\t\t\t\t\t\t\t\t\t\t\t\t\t\t\t<h4 class=\"member-name m-b-none text-lg\">Guisela Villatoro<\/h4>\r\n\t\t\t\t\t\t\t\t<p class=\"member-role\">Directora Acad\u00e9mica y Admon. <\/p>\t\t\t\t\t\t\t\t<i class=\"view-more Simple-Line-Icons-arrow-right-circle font-weight-semibold\"><\/i>\r\n\t\t\t\t\t\t\t<\/div>\r\n\t\t\t\t\t\t<\/div>\r\n\t\t\t\t\t\t\t\t\t\t<\/a>\r\n\r\n\t\t\t\t\t\t\t\t\t\t\t\t\t\t<\/div>\r\n\t\t\t<\/div>\r\n\t\t<\/div>\r\n\t<\/article>\r\n\t\r\n\t<article class=\"member post-334 type-member status-publish has-post-thumbnail hentry\">\r\n\t\t<h3 class=\"entry-title\" style=\"display: none;\">Jos\u00e9 Luis P\u00e9rez<\/h3><span class=\"vcard\" style=\"display: none;\"><span class=\"fn\"><a href=\"https:\/\/proyectum.com\/gt\/author\/pgonzalez\/\" title=\"Entradas de Pablo Gonz\u00e1lez\" rel=\"author\">Pablo Gonz\u00e1lez<\/a><\/span><\/span><span class=\"updated\" style=\"display:none\">2022-08-17T19:06:13-06:00<\/span>\t\t<div class=\"member-item  member-item-3\">\r\n\t\t\t<div class=\"thumb-info thumb-info-hide-wrapper-bg\">\r\n\r\n\t\t\t\t<div class=\"thumb-info-wrapper \">\r\n\t\t\t\t\t\t\t\t\t\t<div class=\"thumb-member-container \">\r\n\t\t\t\t\t\t<a class=\"text-decoration-none member-image\" href=\"https:\/\/proyectum.com\/gt\/member\/jose-luis-perez\/\" data-ajax-on-modal>\r\n\t\t\t\t\t\t<img loading=\"lazy\" decoding=\"async\" class=\"img-responsive\" width=\"367\" height=\"367\" src=\"https:\/\/proyectum.com\/gt\/wp-content\/uploads\/2018\/11\/Foto-JLPZ-2-367x367.jpg\" alt=\"\" \/>\r\n\t\t\t\t\t\t<\/a>\r\n\r\n\t\t\t\t\t\t\t\t\t\t\t<\/div>\r\n\t\t\t\t\t<a class=\"text-decoration-none member-info-container\" href=\"https:\/\/proyectum.com\/gt\/member\/jose-luis-perez\/\" data-ajax-on-modal>\r\n\t\t\t\t\t\t\t\t\t\t\t\t\t\t\t\t<\/a>\r\n\t\t\t\t<\/div>\r\n\t\t\t\t<!--Thumb info wrapper end-->\r\n\t\t\t\t<!--Thumb info container -->\r\n\t\t\t\t<div class=\"thumb-info-container\"> \r\n\t\t\t\t\t<a class=\"text-decoration-none member-info-container\" href=\"https:\/\/proyectum.com\/gt\/member\/jose-luis-perez\/\" data-ajax-on-modal>\r\n\t\t\t\t\t\t\t\t\t\t\t\t\t\t\t\t<div class=\"thumb-info-caption\">\r\n\t\t\t\t\t\t\t<div class=\"thumb-info-caption-title\">\r\n\t\t\t\t\t\t\t\t\t\t\t\t\t\t\t\t<h4 class=\"member-name m-b-none text-lg\">Jos\u00e9 Luis P\u00e9rez<\/h4>\r\n\t\t\t\t\t\t\t\t<p class=\"member-role\">Director Comercial<\/p>\t\t\t\t\t\t\t\t<i class=\"view-more Simple-Line-Icons-arrow-right-circle font-weight-semibold\"><\/i>\r\n\t\t\t\t\t\t\t<\/div>\r\n\t\t\t\t\t\t<\/div>\r\n\t\t\t\t\t\t\t\t\t\t<\/a>\r\n\r\n\t\t\t\t\t\t\t\t\t\t\t\t\t\t<\/div>\r\n\t\t\t<\/div>\r\n\t\t<\/div>\r\n\t<\/article>\r\n\t\r\n\t<article class=\"member post-333 type-member status-publish has-post-thumbnail hentry\">\r\n\t\t<h3 class=\"entry-title\" style=\"display: none;\">Giselle P\u00e9rez<\/h3><span class=\"vcard\" style=\"display: none;\"><span class=\"fn\"><a href=\"https:\/\/proyectum.com\/gt\/author\/pgonzalez\/\" title=\"Entradas de Pablo Gonz\u00e1lez\" rel=\"author\">Pablo Gonz\u00e1lez<\/a><\/span><\/span><span class=\"updated\" style=\"display:none\">2021-01-12T12:57:42-06:00<\/span>\t\t<div class=\"member-item  member-item-3\">\r\n\t\t\t<div class=\"thumb-info thumb-info-hide-wrapper-bg\">\r\n\r\n\t\t\t\t<div class=\"thumb-info-wrapper \">\r\n\t\t\t\t\t\t\t\t\t\t<div class=\"thumb-member-container \">\r\n\t\t\t\t\t\t<a class=\"text-decoration-none member-image\" href=\"https:\/\/proyectum.com\/gt\/member\/giselle-perez\/\" data-ajax-on-modal>\r\n\t\t\t\t\t\t<img loading=\"lazy\" decoding=\"async\" class=\"img-responsive\" width=\"367\" height=\"367\" src=\"https:\/\/proyectum.com\/gt\/wp-content\/uploads\/2018\/11\/4BEF5CD2-E633-4A1B-935E-BC96E7F9364F-367x367.jpg\" alt=\"\" \/>\r\n\t\t\t\t\t\t<\/a>\r\n\r\n\t\t\t\t\t\t\t\t\t\t\t<\/div>\r\n\t\t\t\t\t<a class=\"text-decoration-none member-info-container\" href=\"https:\/\/proyectum.com\/gt\/member\/giselle-perez\/\" data-ajax-on-modal>\r\n\t\t\t\t\t\t\t\t\t\t\t\t\t\t\t\t<\/a>\r\n\t\t\t\t<\/div>\r\n\t\t\t\t<!--Thumb info wrapper end-->\r\n\t\t\t\t<!--Thumb info container -->\r\n\t\t\t\t<div class=\"thumb-info-container\"> \r\n\t\t\t\t\t<a class=\"text-decoration-none member-info-container\" href=\"https:\/\/proyectum.com\/gt\/member\/giselle-perez\/\" data-ajax-on-modal>\r\n\t\t\t\t\t\t\t\t\t\t\t\t\t\t\t\t<div class=\"thumb-info-caption\">\r\n\t\t\t\t\t\t\t<div class=\"thumb-info-caption-title\">\r\n\t\t\t\t\t\t\t\t\t\t\t\t\t\t\t\t<h4 class=\"member-name m-b-none text-lg\">Giselle P\u00e9rez<\/h4>\r\n\t\t\t\t\t\t\t\t<p class=\"member-role\">Presencia Digital y Dise\u00f1o, <\/p>\t\t\t\t\t\t\t\t<i class=\"view-more Simple-Line-Icons-arrow-right-circle font-weight-semibold\"><\/i>\r\n\t\t\t\t\t\t\t<\/div>\r\n\t\t\t\t\t\t<\/div>\r\n\t\t\t\t\t\t\t\t\t\t<\/a>\r\n\r\n\t\t\t\t\t\t\t\t\t\t\t\t\t\t<\/div>\r\n\t\t\t<\/div>\r\n\t\t<\/div>\r\n\t<\/article>\r\n\t\t\t\t<\/div>\r\n\t\t\r\n\t\t\r\n\t<\/div>\r\n\r\n\t\r\n\t<\/div>[\/vc_column][\/vc_row][vc_row][vc_column][vc_column_text]<br \/>\n<script>\n$(function() {\n    $('.share-googeplus').hide()\n})\n<\/script>[\/vc_column_text][\/vc_column][\/vc_row]<\/p>\n<\/div>","protected":false},"excerpt":{"rendered":"<p>[vc_row full_width=\u00bbstretch_row\u00bb parallax=\u00bbcontent-moving-fade\u00bb parallax_image=\u00bb7205&#8243; css=\u00bb.vc_custom_1551369924868{padding-top: 128px !important;padding-bottom: 128px !important;}\u00bb][vc_column][vc_custom_heading text=\u00bbNUESTRO EQUIPO\u00bb font_container=\u00bbtag:h1|text_align:center|color:%23ffffff\u00bb use_theme_fonts=\u00bbyes\u00bb][\/vc_column][\/vc_row][vc_row full_width=\u00bbstretch_row\u00bb css=\u00bb.vc_custom_1489225872797{padding-top: 28px !important;padding-bottom: 10px !important;}\u00bb][vc_column][vc_custom_heading text=\u00bbNuestro equipo\u00bb font_container=\u00bbtag:h2|text_align:center\u00bb use_theme_fonts=\u00bbyes\u00bb text_transform=\u00bbtext-uppercase\u00bb css=\u00bb.vc_custom_1572882617240{margin-bottom: 0px !important;}\u00bb][vc_empty_space][vc_column_text el_class=\u00bbtext-color-dark m-b-lg\u00bb] En Proyectum contamos con personal profesional altamente capacitado y con vasta experiencia en el \u00e1rea de direcci\u00f3n de proyectos, programas y portafolios, en enfoque tradicional y [&hellip;]<\/p>\n","protected":false},"author":2,"featured_media":0,"parent":89,"menu_order":0,"comment_status":"closed","ping_status":"closed","template":"","meta":{"content-type":"","footnotes":""},"class_list":["post-93","page","type-page","status-publish","hentry"],"_links":{"self":[{"href":"https:\/\/proyectum.com\/gt\/wp-json\/wp\/v2\/pages\/93"}],"collection":[{"href":"https:\/\/proyectum.com\/gt\/wp-json\/wp\/v2\/pages"}],"about":[{"href":"https:\/\/proyectum.com\/gt\/wp-json\/wp\/v2\/types\/page"}],"author":[{"embeddable":true,"href":"https:\/\/proyectum.com\/gt\/wp-json\/wp\/v2\/users\/2"}],"replies":[{"embeddable":true,"href":"https:\/\/proyectum.com\/gt\/wp-json\/wp\/v2\/comments?post=93"}],"version-history":[{"count":0,"href":"https:\/\/proyectum.com\/gt\/wp-json\/wp\/v2\/pages\/93\/revisions"}],"up":[{"embeddable":true,"href":"https:\/\/proyectum.com\/gt\/wp-json\/wp\/v2\/pages\/89"}],"wp:attachment":[{"href":"https:\/\/proyectum.com\/gt\/wp-json\/wp\/v2\/media?parent=93"}],"curies":[{"name":"wp","href":"https:\/\/api.w.org\/{rel}","templated":true}]}}