{"id":10132,"date":"2021-01-08T16:43:10","date_gmt":"2021-01-08T22:43:10","guid":{"rendered":"https:\/\/proyectum.com\/hn\/?page_id=10132"},"modified":"2023-07-31T17:46:59","modified_gmt":"2023-07-31T23:46:59","slug":"pensamiento_estrategico_lean","status":"publish","type":"page","link":"https:\/\/proyectum.com\/hn\/capacitacion\/pensamiento_estrategico_lean\/","title":{"rendered":"Pensamiento Estrat\u00e9gico LEAN"},"content":{"rendered":"<div class=\"wpb-content-wrapper\"><p>[vc_row full_width=\u00bbstretch_row_content\u00bb css=\u00bb.vc_custom_1584804929969{padding-top: 58px !important;padding-bottom: 58px !important;background-image: url(https:\/\/proyectum.com\/hn\/wp-content\/uploads\/2018\/09\/curso-tipo.png?id=6990) !important;background-position: center !important;background-repeat: no-repeat !important;background-size: cover !important;}\u00bb][vc_column width=\u00bb1\/2&#8243;][vc_custom_heading text=\u00bbPensamiento Estrat\u00e9gico LEAN\u00bb font_container=\u00bbtag:h1|font_size:40|text_align:center|color:%23ffffff\u00bb use_theme_fonts=\u00bbyes\u00bb css=\u00bb.vc_custom_1620923857632{padding-top: 55px !important;padding-left: 75px !important;}\u00bb][\/vc_column][vc_column width=\u00bb1\/2&#8243;][vc_single_image image=\u00bb9634&#8243; img_size=\u00bb200&#215;170&#8243; css=\u00bb.vc_custom_1602877877665{padding-left: 250px !important;}\u00bb][\/vc_column][\/vc_row][vc_column][\/vc_column][vc_row][vc_column width=\u00bb2\/3&#8243;][vc_column_text css=\u00bb.vc_custom_1690846944815{padding-top: 20px !important;}\u00bb]<span style=\"color: #000000;\"><strong>Lean le ayudar\u00e1 a centrarse en el flujo de valor para el cliente de forma r\u00e1pida, sostenible, confiable y con alta calidad.<\/strong> Lean no es una soluci\u00f3n empaquetada; m\u00e1s bien es una gu\u00eda para la transformaci\u00f3n de una organizaci\u00f3n hacia la agilidad empresarial. El pensamiento Lean examina todo el sistema y todos los flujos de valor. Para lograr esto, Lean emplea conceptos como eliminaci\u00f3n de desperdicio, costo de demora, calidad, retroalimentaci\u00f3n y respuesta r\u00e1pida y el rol de la gerencia.<\/span><\/p>\n<p><span style=\"color: #000000;\"><strong>Este taller le ense\u00f1ar\u00e1 c\u00f3mo crear un entorno que promueva lograr la agilidad dentro de su equipo<\/strong> mientras trabaja hacia la realizaci\u00f3n r\u00e1pida de valor utilizando el pensamiento Lean. Se utilizan juegos, simulaciones y discusiones grupales para reforzar las pr\u00e1cticas aprendidas durante este taller.<\/span><\/p>\n<ul>\n<li><span style=\"color: #000000;\"><strong>Duraci\u00f3n:<\/strong> 8 horas (2 sesiones de 4 horas cada una)<\/span><\/li>\n<li><span style=\"color: #000000;\"><strong>Modalidad:<\/strong> Online<\/span><\/li>\n<li><span style=\"color: #000000;\"><strong>Requisitos:<\/strong> No tiene requisitos<\/span><\/li>\n<li><span style=\"color: #000000;\"><strong>Acreditaci\u00f3n:<\/strong> 8 PDUs estrat\u00e9gicos<\/span><\/li>\n<li><span style=\"color: #000000;\"><strong>Precio: <\/strong>$199+15%<span style=\"font-size: 13px;\">IVA<\/span><\/span><\/li>\n<\/ul>\n<p>[\/vc_column_text][vc_btn title=\u00bbDescargue el volante aqu\u00ed\u00bb i_icon_fontawesome=\u00bbfa fa-file-pdf-o\u00bb add_icon=\u00bbtrue\u00bb link=\u00bburl:https%3A%2F%2Fproyectum.com%2Fhn%2Fwp-content%2Fuploads%2F2021%2F02%2FSLTfP.pdf||target:%20_blank|\u00bb][vc_tta_tabs][vc_tta_section title=\u00bbPerfil\u00bb tab_id=\u00bb1586282350362-cf1f74eb-ced4&#8243;][vc_column_text]<span style=\"color: #000000;\"><strong>En este programa podr\u00e1n participar:<\/strong><\/span><\/p>\n<ul>\n<li><span style=\"color: #000000;\">Ejecutivos, L\u00edderes o Gerentes de \u00e1rea.<\/span><\/li>\n<li><span style=\"color: #000000;\">Gerentes de Desarrollo, QA e Infraestructura.<\/span><\/li>\n<li><span style=\"color: #000000;\">Directores de Proyecto y de Programa.<\/span><\/li>\n<li><span style=\"color: #000000;\">Gerentes de Producto.<\/span><\/li>\n<li><span style=\"color: #000000;\">Gerentes de Portafolio, L\u00edderes de PMO y de Proceso.<\/span><\/li>\n<li><span style=\"color: #000000;\">Arquitectos empresariales, de sistemas y de soluci\u00f3n.<\/span><\/li>\n<\/ul>\n<p>[\/vc_column_text][\/vc_tta_section][vc_tta_section title=\u00bbContenido\u00bb tab_id=\u00bb1586282350363-3af196ba-9a3e\u00bb][vc_column_text]<span style=\"color: #000000;\"><strong>Durante el curso usted aprender\u00e1 sobre:<\/strong><\/span><\/p>\n<ol>\n<li><span style=\"color: #000000;\">Qu\u00e9 es Lean y qu\u00e9 no es Lean<\/span><\/li>\n<li><span style=\"color: #000000;\">Valor: comprender el valor de los productos y servicios que ofrecemos<\/span><\/li>\n<li><span style=\"color: #000000;\">El flujo de valor: comprender c\u00f3mo proporcionamos este valor<\/span><\/li>\n<li><span style=\"color: #000000;\">Flujo: comprender c\u00f3mo hacer nuestro trabajo m\u00e1s eficazmente<\/span><\/li>\n<li><span style=\"color: #000000;\">Pull: entender una forma diferente de gestionar el trabajo<\/span><\/li>\n<li><span style=\"color: #000000;\">Perfecci\u00f3n: buscamos la perfecci\u00f3n, no tanto por lograrla sino por mejorar continuamente<\/span><\/li>\n<\/ol>\n<p>[\/vc_column_text][\/vc_tta_section][vc_tta_section title=\u00bbIncluye\u00bb tab_id=\u00bb1586282494032-81e78e02-6cb8&#8243;][vc_column_text]<span style=\"color: #000000;\"><strong>Al matricular todos los m\u00f3dulos de este programa, usted contar\u00e1 con:<\/strong><\/span><\/p>\n<ul>\n<li><span style=\"color: #000000;\">8 horas de capacitaci\u00f3n efectiva<\/span><\/li>\n<li><span style=\"color: #000000;\">T\u00edtulo de participaci\u00f3n<\/span><\/li>\n<li><span style=\"color: #000000;\">Presentaciones utilizadas durante el curso<\/span><\/li>\n<li><span style=\"color: #000000;\">Ex\u00e1menes por sesi\u00f3n<\/span><\/li>\n<li><span style=\"color: #000000;\"> Herramientas virtuales did\u00e1cticas<\/span><\/li>\n<li><span style=\"color: #000000;\">Instructor certificado y experimentado<\/span><\/li>\n<\/ul>\n<p>[\/vc_column_text][\/vc_tta_section][vc_tta_section title=\u00bbObjetivos\u00bb tab_id=\u00bb1586282495978-8bf42fa2-ce7d\u00bb][vc_column_text]<span style=\"color: #000000;\"><strong>Al finalizar el curso los participantes estar\u00e1n en capacidad de:<\/strong><\/span><\/p>\n<ul>\n<li><span style=\"color: #000000;\">Conocer\u00e1n los fundamentos de Lean: la atenci\u00f3n a la estructura, el tiempo y la educaci\u00f3n<\/span><\/li>\n<li><span style=\"color: #000000;\">Conocer\u00e1n los principios de Lean<\/span><\/li>\n<li><span style=\"color: #000000;\">Conocer\u00e1n el aspecto del tiempo de Lean<\/span><\/li>\n<li><span style=\"color: #000000;\">Conducir\u00e1n el ejercicio de mapa de flujo de valor<\/span><\/li>\n<li><span style=\"color: #000000;\">Conocer\u00e1n c\u00f3mo es un flujo de valor eficaz en una organizaci\u00f3n<\/span><\/li>\n<li><span style=\"color: #000000;\">Discutir\u00e1n el papel de la administraci\u00f3n y su efecto en la cultura.<\/span><\/li>\n<li><span style=\"color: #000000;\">Describir\u00e1n c\u00f3mo utilizar el planificar-hacer-estudiar-actuar (PDSA) para la mejora continua<\/span><\/li>\n<\/ul>\n<p>[\/vc_column_text][\/vc_tta_section][\/vc_tta_tabs][\/vc_column][vc_column width=\u00bb1\/3&#8243;][vc_images_carousel images=\u00bb7267&#8243; img_size=\u00bbmedium\u00bb onclick=\u00bblink_no\u00bb speed=\u00bb2500&#8243; autoplay=\u00bbyes\u00bb hide_pagination_control=\u00bbyes\u00bb hide_prev_next_buttons=\u00bbyes\u00bb wrap=\u00bbyes\u00bb css=\u00bb.vc_custom_1607962451628{padding-top: 40px !important;padding-right: 70px !important;padding-left: 70px !important;}\u00bb]<div class=\"porto-u-heading  wpb_custom_95aa9a11c17ad45cfabaf210d84ee7cc porto-u-5033\"><div class=\"porto-u-main-heading\"><h2  >CAPACITACI\u00d3N<\/h2><\/div><style>.porto-u-5033.porto-u-heading{text-align:center}<\/style><\/div>[\/vc_column][\/vc_row][vc_row full_width=\u00bbstretch_row_content_no_spaces\u00bb equal_height=\u00bbyes\u00bb][vc_column el_class=\u00bbbackground-color-primary\u00bb]<div class=\"porto-container container\">[vc_custom_heading text=\u00bb\u00bfQUIERES M\u00c1S INFORMACI\u00d3N DE PENSAMIENTO ESTRAT\u00c9GICO LEAN?\u00bb font_container=\u00bbtag:h2|text_align:left|color:%23f7f6f4&#8243; use_theme_fonts=\u00bbyes\u00bb text_transform=\u00bbtext-uppercase\u00bb][vc_column_text]<span style=\"color: #a19ae6;\">D\u00e9janos tus datos y te escribiremos<\/span>[\/vc_column_text]\n<div class=\"wpcf7 no-js\" id=\"wpcf7-f7483-o1\" lang=\"es-ES\" dir=\"ltr\">\n<div class=\"screen-reader-response\"><p role=\"status\" aria-live=\"polite\" aria-atomic=\"true\"><\/p> <ul><\/ul><\/div>\n<form action=\"\/hn\/wp-json\/wp\/v2\/pages\/10132#wpcf7-f7483-o1\" method=\"post\" class=\"wpcf7-form init\" aria-label=\"Formulario de contacto\" novalidate=\"novalidate\" data-status=\"init\">\n<div style=\"display: none;\">\n<input type=\"hidden\" name=\"_wpcf7\" value=\"7483\" \/>\n<input type=\"hidden\" name=\"_wpcf7_version\" value=\"5.9.8\" \/>\n<input type=\"hidden\" name=\"_wpcf7_locale\" value=\"es_ES\" \/>\n<input type=\"hidden\" name=\"_wpcf7_unit_tag\" value=\"wpcf7-f7483-o1\" \/>\n<input type=\"hidden\" name=\"_wpcf7_container_post\" value=\"0\" \/>\n<input type=\"hidden\" name=\"_wpcf7_posted_data_hash\" value=\"\" \/>\n<\/div>\n<div style=\"display:none\"><span class=\"wpcf7-form-control-wrap\" data-name=\"donde\"><input size=\"40\" maxlength=\"400\" class=\"wpcf7-form-control wpcf7-text custom-contact-input donde\" aria-invalid=\"false\" value=\"\" type=\"text\" name=\"donde\" \/><\/span><\/div>\n<div class=\"row\">\n    <div class=\"col-lg-6\">\n        <i class=\"Simple-Line-Icons-user text-color-light\"><\/i><span class=\"wpcf7-form-control-wrap\" data-name=\"your-name\"><input size=\"40\" maxlength=\"400\" class=\"wpcf7-form-control wpcf7-text wpcf7-validates-as-required custom-contact-input\" aria-required=\"true\" aria-invalid=\"false\" placeholder=\"Nombre *\" value=\"\" type=\"text\" name=\"your-name\" \/><\/span>\n    <\/div>\n    <div class=\"col-lg-6\">\n        <i class=\"Simple-Line-Icons-envelope text-color-light\"><\/i><span class=\"wpcf7-form-control-wrap\" data-name=\"your-email\"><input size=\"40\" maxlength=\"400\" class=\"wpcf7-form-control wpcf7-email wpcf7-validates-as-required wpcf7-text wpcf7-validates-as-email custom-contact-input\" aria-required=\"true\" aria-invalid=\"false\" placeholder=\"Email *\" value=\"\" type=\"email\" name=\"your-email\" \/><\/span>\n    <\/div>\n<\/div>\n<div class=\"row\">\n    <div class=\"col-lg-6\">\n        <i class=\"Simple-Line-Icons-call-out icons text-color-light\"><\/i><span class=\"wpcf7-form-control-wrap\" data-name=\"your-phone\"><input size=\"40\" maxlength=\"400\" class=\"wpcf7-form-control wpcf7-text custom-contact-input\" aria-invalid=\"false\" placeholder=\"Tel\u00e9fono\" value=\"\" type=\"text\" name=\"your-phone\" \/><\/span>\n    <\/div>\n<\/div>\n<div class=\"row\">\n    <div class=\"col-md-12\">\n        <div class=\"row\">\n            <div class=\"text-left text-checkbox\"><span class=\"wpcf7-form-control-wrap\" data-name=\"resumen\"><span class=\"wpcf7-form-control wpcf7-acceptance optional\"><span class=\"wpcf7-list-item\"><label><input type=\"checkbox\" name=\"resumen\" value=\"1\" aria-invalid=\"false\" \/><span class=\"wpcf7-list-item-label\">Deseo recibir los res\u00famenes de libros<\/span><\/label><\/span><\/span><\/span><\/div>\n            <div class=\"text-left text-checkbox\"><span class=\"wpcf7-form-control-wrap\" data-name=\"webinars\"><span class=\"wpcf7-form-control wpcf7-acceptance optional\"><span class=\"wpcf7-list-item\"><label><input type=\"checkbox\" name=\"webinars\" value=\"1\" aria-invalid=\"false\" \/><span class=\"wpcf7-list-item-label\">Deseo recibir invitaciones a webinars<\/span><\/label><\/span><\/span><\/span><\/div>\n            <div class=\"text-left text-checkbox\"><span class=\"wpcf7-form-control-wrap\" data-name=\"boletin\"><span class=\"wpcf7-form-control wpcf7-acceptance optional\"><span class=\"wpcf7-list-item\"><label><input type=\"checkbox\" name=\"boletin\" value=\"1\" aria-invalid=\"false\" \/><span class=\"wpcf7-list-item-label\">Deseo recibir el bolet\u00edn quincenal<\/span><\/label><\/span><\/span><\/span><\/div>\n        <\/div>\n    <\/div>\n<\/div>\n<div class=\"row center\">\n    <div class=\"col-lg-12\"><input class=\"wpcf7-form-control wpcf7-submit has-spinner custom-btn-style-4\" type=\"submit\" value=\"ENVIAR\" \/><\/div>\n<\/div>\n\n<style>\n.text-checkbox{\ndisplay:block !important;\nwidth: 100%;\ncolor: #fff;\n}\n.wpcf7-form > .row > *{ margin-bottom: 25px; }\n.wpcf7-form i{ position: absolute; top: 10px; }\n.wpcf7-form-control.custom-contact-input {\n    width: 100%;\n    background: none;\n    border: 0px;\n    border-bottom: 1px solid rgba(255, 255, 255, 0.2);\n    box-shadow: none;\n    padding: 10px 10px 10px 30px;\n    color: #fff;\n    -webkit-appearance: none;\n    -moz-appearance: none;\n    -ms-appearance: none;\n    -o-appearance: none;\n    appearance: none;\n}\n.custom-select-style:after {\n    content: '';\n    display: block;\n    position: absolute;\n    top: 50%;\n    right: 25px;\n    width: 10px;\n    height: 10px;\n    border-right: 1px solid #c8d4ea;\n    border-bottom: 1px solid #c8d4ea;\n    z-index: 0;\n    -webkit-transform: translateY(-50%) rotate(45deg);\n    -moz-transform: translateY(-50%) rotate(45deg);\n    -ms-transform: translateY(-50%) rotate(45deg);\n    -o-transform: translateY(-50%) rotate(45deg);\n    transform: translateY(-50%) rotate(45deg);\n}\nselect.custom-contact-input option { color: #818898; }\n.wpcf7-submit.custom-btn-style-4 {\n    background: transparent !important;\n    color: #FFF;\n    font-weight: 900 !important;\n    border: 2px solid #fff !important;\n    padding: 10px 20px !important;\n    font-size: 14px;\n    border-radius: 0px !important;\n}\n.wpcf7-submit.custom-btn-style-4:hover {\n    background: #FFF !important;\n    color: #6a80a9 !important;\n}\n::-webkit-input-placeholder { color: #c8d4ea; }\n::-moz-placeholder { color: #c8d4ea; }\n:-ms-input-placeholder { color: #c8d4ea; }\n:-moz-placeholder{ color: #c8d4ea; }\n@media(max-width: 991px){\n\t.wpcf7-form > .row > *{ margin-bottom: 15px; }\n\t.wpcf7-form .row.center{ margin-top: 10px; }\n}\n<\/style><div class=\"wpcf7-response-output\" aria-hidden=\"true\"><\/div>\n<\/form>\n<\/div>\n<\/div>[\/vc_column][\/vc_row]<\/p>\n<\/div>","protected":false},"excerpt":{"rendered":"<p>[vc_row full_width=\u00bbstretch_row_content\u00bb css=\u00bb.vc_custom_1584804929969{padding-top: 58px !important;padding-bottom: 58px !important;background-image: url(https:\/\/proyectum.com\/hn\/wp-content\/uploads\/2018\/09\/curso-tipo.png?id=6990) !important;background-position: center !important;background-repeat: no-repeat !important;background-size: cover !important;}\u00bb][vc_column width=\u00bb1\/2&#8243;][vc_custom_heading text=\u00bbPensamiento Estrat\u00e9gico LEAN\u00bb font_container=\u00bbtag:h1|font_size:40|text_align:center|color:%23ffffff\u00bb use_theme_fonts=\u00bbyes\u00bb css=\u00bb.vc_custom_1620923857632{padding-top: 55px !important;padding-left: 75px !important;}\u00bb][\/vc_column][vc_column width=\u00bb1\/2&#8243;][vc_single_image image=\u00bb9634&#8243; img_size=\u00bb200&#215;170&#8243; css=\u00bb.vc_custom_1602877877665{padding-left: 250px !important;}\u00bb][\/vc_column][\/vc_row][vc_column][\/vc_column][vc_row][vc_column width=\u00bb2\/3&#8243;][vc_column_text css=\u00bb.vc_custom_1690846944815{padding-top: 20px !important;}\u00bb]Lean le ayudar\u00e1 a centrarse en el flujo de valor para el cliente de forma r\u00e1pida, sostenible, confiable y con [&hellip;]<\/p>\n","protected":false},"author":27,"featured_media":0,"parent":7466,"menu_order":0,"comment_status":"closed","ping_status":"closed","template":"","meta":{"_acf_changed":false,"_joinchat":[],"footnotes":""},"acf":[],"yoast_head":"<!-- This site is optimized with the Yoast SEO plugin v24.5 - https:\/\/yoast.com\/wordpress\/plugins\/seo\/ -->\n<title>Pensamiento Estrat\u00e9gico LEAN - Proyectum Honduras<\/title>\n<meta name=\"robots\" content=\"index, follow, max-snippet:-1, max-image-preview:large, max-video-preview:-1\" \/>\n<link rel=\"canonical\" href=\"https:\/\/proyectum.com\/hn\/capacitacion\/pensamiento_estrategico_lean\/\" \/>\n<meta property=\"og:locale\" content=\"es_ES\" \/>\n<meta property=\"og:type\" content=\"article\" \/>\n<meta property=\"og:title\" content=\"Pensamiento Estrat\u00e9gico LEAN - Proyectum Honduras\" \/>\n<meta property=\"og:description\" content=\"[vc_row full_width=\u00bbstretch_row_content\u00bb css=\u00bb.vc_custom_1584804929969{padding-top: 58px !important;padding-bottom: 58px !important;background-image: url(https:\/\/proyectum.com\/hn\/wp-content\/uploads\/2018\/09\/curso-tipo.png?id=6990) !important;background-position: center !important;background-repeat: no-repeat !important;background-size: cover !important;}\u00bb][vc_column width=\u00bb1\/2&#8243;][vc_custom_heading text=\u00bbPensamiento Estrat\u00e9gico LEAN\u00bb font_container=\u00bbtag:h1|font_size:40|text_align:center|color:%23ffffff\u00bb use_theme_fonts=\u00bbyes\u00bb css=\u00bb.vc_custom_1620923857632{padding-top: 55px !important;padding-left: 75px !important;}\u00bb][\/vc_column][vc_column width=\u00bb1\/2&#8243;][vc_single_image image=\u00bb9634&#8243; img_size=\u00bb200&#215;170&#8243; css=\u00bb.vc_custom_1602877877665{padding-left: 250px !important;}\u00bb][\/vc_column][\/vc_row][vc_column][\/vc_column][vc_row][vc_column width=\u00bb2\/3&#8243;][vc_column_text css=\u00bb.vc_custom_1690846944815{padding-top: 20px !important;}\u00bb]Lean le ayudar\u00e1 a centrarse en el flujo de valor para el cliente de forma r\u00e1pida, sostenible, confiable y con [&hellip;]\" \/>\n<meta property=\"og:url\" content=\"https:\/\/proyectum.com\/hn\/capacitacion\/pensamiento_estrategico_lean\/\" \/>\n<meta property=\"og:site_name\" content=\"Proyectum Honduras\" \/>\n<meta property=\"article:publisher\" content=\"https:\/\/www.facebook.com\/proyectumcr\/\" \/>\n<meta property=\"article:modified_time\" content=\"2023-07-31T23:46:59+00:00\" \/>\n<meta name=\"twitter:card\" content=\"summary_large_image\" \/>\n<meta name=\"twitter:label1\" content=\"Tiempo de lectura\" \/>\n\t<meta name=\"twitter:data1\" content=\"3 minutos\" \/>\n<script type=\"application\/ld+json\" class=\"yoast-schema-graph\">{\"@context\":\"https:\/\/schema.org\",\"@graph\":[{\"@type\":\"WebPage\",\"@id\":\"https:\/\/proyectum.com\/hn\/capacitacion\/pensamiento_estrategico_lean\/\",\"url\":\"https:\/\/proyectum.com\/hn\/capacitacion\/pensamiento_estrategico_lean\/\",\"name\":\"Pensamiento Estrat\u00e9gico LEAN - Proyectum Honduras\",\"isPartOf\":{\"@id\":\"https:\/\/proyectum.com\/hn\/#website\"},\"datePublished\":\"2021-01-08T22:43:10+00:00\",\"dateModified\":\"2023-07-31T23:46:59+00:00\",\"breadcrumb\":{\"@id\":\"https:\/\/proyectum.com\/hn\/capacitacion\/pensamiento_estrategico_lean\/#breadcrumb\"},\"inLanguage\":\"es\",\"potentialAction\":[{\"@type\":\"ReadAction\",\"target\":[\"https:\/\/proyectum.com\/hn\/capacitacion\/pensamiento_estrategico_lean\/\"]}]},{\"@type\":\"BreadcrumbList\",\"@id\":\"https:\/\/proyectum.com\/hn\/capacitacion\/pensamiento_estrategico_lean\/#breadcrumb\",\"itemListElement\":[{\"@type\":\"ListItem\",\"position\":1,\"name\":\"Home\",\"item\":\"https:\/\/proyectum.com\/hn\/\"},{\"@type\":\"ListItem\",\"position\":2,\"name\":\"Capacitaciones\",\"item\":\"https:\/\/proyectum.com\/hn\/capacitacion\/\"},{\"@type\":\"ListItem\",\"position\":3,\"name\":\"Pensamiento Estrat\u00e9gico LEAN\"}]},{\"@type\":\"WebSite\",\"@id\":\"https:\/\/proyectum.com\/hn\/#website\",\"url\":\"https:\/\/proyectum.com\/hn\/\",\"name\":\"Proyectum Costa Rica\",\"description\":\"Direcci\u00f3n de proyectos y agilidad\",\"publisher\":{\"@id\":\"https:\/\/proyectum.com\/hn\/#organization\"},\"potentialAction\":[{\"@type\":\"SearchAction\",\"target\":{\"@type\":\"EntryPoint\",\"urlTemplate\":\"https:\/\/proyectum.com\/hn\/?s={search_term_string}\"},\"query-input\":{\"@type\":\"PropertyValueSpecification\",\"valueRequired\":true,\"valueName\":\"search_term_string\"}}],\"inLanguage\":\"es\"},{\"@type\":\"Organization\",\"@id\":\"https:\/\/proyectum.com\/hn\/#organization\",\"name\":\"Proyectum Costa Rica\",\"url\":\"https:\/\/proyectum.com\/hn\/\",\"logo\":{\"@type\":\"ImageObject\",\"inLanguage\":\"es\",\"@id\":\"https:\/\/proyectum.com\/hn\/#\/schema\/logo\/image\/\",\"url\":\"https:\/\/i1.wp.com\/proyectum.com\/hn\/wp-content\/uploads\/proyectum-logo-snippet.png?fit=600%2C315&ssl=1\",\"contentUrl\":\"https:\/\/i1.wp.com\/proyectum.com\/hn\/wp-content\/uploads\/proyectum-logo-snippet.png?fit=600%2C315&ssl=1\",\"width\":600,\"height\":315,\"caption\":\"Proyectum Costa Rica\"},\"image\":{\"@id\":\"https:\/\/proyectum.com\/hn\/#\/schema\/logo\/image\/\"},\"sameAs\":[\"https:\/\/www.facebook.com\/proyectumcr\/\",\"https:\/\/www.instagram.com\/proyectumcostarica\/\",\"https:\/\/www.linkedin.com\/company\/proyectum-costarica\/\",\"https:\/\/www.youtube.com\/channel\/UCljouWimyhK_cNcC2jniUgw\"]}]}<\/script>\n<!-- \/ Yoast SEO plugin. -->","yoast_head_json":{"title":"Pensamiento Estrat\u00e9gico LEAN - Proyectum Honduras","robots":{"index":"index","follow":"follow","max-snippet":"max-snippet:-1","max-image-preview":"max-image-preview:large","max-video-preview":"max-video-preview:-1"},"canonical":"https:\/\/proyectum.com\/hn\/capacitacion\/pensamiento_estrategico_lean\/","og_locale":"es_ES","og_type":"article","og_title":"Pensamiento Estrat\u00e9gico LEAN - Proyectum Honduras","og_description":"[vc_row full_width=\u00bbstretch_row_content\u00bb css=\u00bb.vc_custom_1584804929969{padding-top: 58px !important;padding-bottom: 58px !important;background-image: url(https:\/\/proyectum.com\/hn\/wp-content\/uploads\/2018\/09\/curso-tipo.png?id=6990) !important;background-position: center !important;background-repeat: no-repeat !important;background-size: cover !important;}\u00bb][vc_column width=\u00bb1\/2&#8243;][vc_custom_heading text=\u00bbPensamiento Estrat\u00e9gico LEAN\u00bb font_container=\u00bbtag:h1|font_size:40|text_align:center|color:%23ffffff\u00bb use_theme_fonts=\u00bbyes\u00bb css=\u00bb.vc_custom_1620923857632{padding-top: 55px !important;padding-left: 75px !important;}\u00bb][\/vc_column][vc_column width=\u00bb1\/2&#8243;][vc_single_image image=\u00bb9634&#8243; img_size=\u00bb200&#215;170&#8243; css=\u00bb.vc_custom_1602877877665{padding-left: 250px !important;}\u00bb][\/vc_column][\/vc_row][vc_column][\/vc_column][vc_row][vc_column width=\u00bb2\/3&#8243;][vc_column_text css=\u00bb.vc_custom_1690846944815{padding-top: 20px !important;}\u00bb]Lean le ayudar\u00e1 a centrarse en el flujo de valor para el cliente de forma r\u00e1pida, sostenible, confiable y con [&hellip;]","og_url":"https:\/\/proyectum.com\/hn\/capacitacion\/pensamiento_estrategico_lean\/","og_site_name":"Proyectum Honduras","article_publisher":"https:\/\/www.facebook.com\/proyectumcr\/","article_modified_time":"2023-07-31T23:46:59+00:00","twitter_card":"summary_large_image","twitter_misc":{"Tiempo de lectura":"3 minutos"},"schema":{"@context":"https:\/\/schema.org","@graph":[{"@type":"WebPage","@id":"https:\/\/proyectum.com\/hn\/capacitacion\/pensamiento_estrategico_lean\/","url":"https:\/\/proyectum.com\/hn\/capacitacion\/pensamiento_estrategico_lean\/","name":"Pensamiento Estrat\u00e9gico LEAN - Proyectum Honduras","isPartOf":{"@id":"https:\/\/proyectum.com\/hn\/#website"},"datePublished":"2021-01-08T22:43:10+00:00","dateModified":"2023-07-31T23:46:59+00:00","breadcrumb":{"@id":"https:\/\/proyectum.com\/hn\/capacitacion\/pensamiento_estrategico_lean\/#breadcrumb"},"inLanguage":"es","potentialAction":[{"@type":"ReadAction","target":["https:\/\/proyectum.com\/hn\/capacitacion\/pensamiento_estrategico_lean\/"]}]},{"@type":"BreadcrumbList","@id":"https:\/\/proyectum.com\/hn\/capacitacion\/pensamiento_estrategico_lean\/#breadcrumb","itemListElement":[{"@type":"ListItem","position":1,"name":"Home","item":"https:\/\/proyectum.com\/hn\/"},{"@type":"ListItem","position":2,"name":"Capacitaciones","item":"https:\/\/proyectum.com\/hn\/capacitacion\/"},{"@type":"ListItem","position":3,"name":"Pensamiento Estrat\u00e9gico LEAN"}]},{"@type":"WebSite","@id":"https:\/\/proyectum.com\/hn\/#website","url":"https:\/\/proyectum.com\/hn\/","name":"Proyectum Costa Rica","description":"Direcci\u00f3n de proyectos y agilidad","publisher":{"@id":"https:\/\/proyectum.com\/hn\/#organization"},"potentialAction":[{"@type":"SearchAction","target":{"@type":"EntryPoint","urlTemplate":"https:\/\/proyectum.com\/hn\/?s={search_term_string}"},"query-input":{"@type":"PropertyValueSpecification","valueRequired":true,"valueName":"search_term_string"}}],"inLanguage":"es"},{"@type":"Organization","@id":"https:\/\/proyectum.com\/hn\/#organization","name":"Proyectum Costa Rica","url":"https:\/\/proyectum.com\/hn\/","logo":{"@type":"ImageObject","inLanguage":"es","@id":"https:\/\/proyectum.com\/hn\/#\/schema\/logo\/image\/","url":"https:\/\/i1.wp.com\/proyectum.com\/hn\/wp-content\/uploads\/proyectum-logo-snippet.png?fit=600%2C315&ssl=1","contentUrl":"https:\/\/i1.wp.com\/proyectum.com\/hn\/wp-content\/uploads\/proyectum-logo-snippet.png?fit=600%2C315&ssl=1","width":600,"height":315,"caption":"Proyectum Costa Rica"},"image":{"@id":"https:\/\/proyectum.com\/hn\/#\/schema\/logo\/image\/"},"sameAs":["https:\/\/www.facebook.com\/proyectumcr\/","https:\/\/www.instagram.com\/proyectumcostarica\/","https:\/\/www.linkedin.com\/company\/proyectum-costarica\/","https:\/\/www.youtube.com\/channel\/UCljouWimyhK_cNcC2jniUgw"]}]}},"jetpack_sharing_enabled":true,"_links":{"self":[{"href":"https:\/\/proyectum.com\/hn\/wp-json\/wp\/v2\/pages\/10132"}],"collection":[{"href":"https:\/\/proyectum.com\/hn\/wp-json\/wp\/v2\/pages"}],"about":[{"href":"https:\/\/proyectum.com\/hn\/wp-json\/wp\/v2\/types\/page"}],"author":[{"embeddable":true,"href":"https:\/\/proyectum.com\/hn\/wp-json\/wp\/v2\/users\/27"}],"replies":[{"embeddable":true,"href":"https:\/\/proyectum.com\/hn\/wp-json\/wp\/v2\/comments?post=10132"}],"version-history":[{"count":17,"href":"https:\/\/proyectum.com\/hn\/wp-json\/wp\/v2\/pages\/10132\/revisions"}],"predecessor-version":[{"id":10725,"href":"https:\/\/proyectum.com\/hn\/wp-json\/wp\/v2\/pages\/10132\/revisions\/10725"}],"up":[{"embeddable":true,"href":"https:\/\/proyectum.com\/hn\/wp-json\/wp\/v2\/pages\/7466"}],"wp:attachment":[{"href":"https:\/\/proyectum.com\/hn\/wp-json\/wp\/v2\/media?parent=10132"}],"curies":[{"name":"wp","href":"https:\/\/api.w.org\/{rel}","templated":true}]}}