{"id":10684,"date":"2023-06-07T09:32:54","date_gmt":"2023-06-07T15:32:54","guid":{"rendered":"https:\/\/proyectum.com\/hn\/?page_id=10684"},"modified":"2023-09-11T17:49:19","modified_gmt":"2023-09-11T23:49:19","slug":"nuestros-servicios","status":"publish","type":"page","link":"https:\/\/proyectum.com\/hn\/nuestros-servicios\/","title":{"rendered":"Nuestros servicios"},"content":{"rendered":"<div class=\"wpb-content-wrapper\"><p>[vc_row full_width=\u00bbstretch_row\u00bb css=\u00bb.vc_custom_1694476155821{padding-top: 50px !important;padding-bottom: 50px !important;background-image: url(https:\/\/proyectum.com\/hn\/wp-content\/uploads\/2023\/09\/Lego-Serious.png?id=10792) !important;background-position: center !important;background-repeat: no-repeat !important;background-size: cover !important;}\u00bb][vc_column][vc_custom_heading text=\u00bbConozca nuestros servicios de consultor\u00eda\u00bb font_container=\u00bbtag:h1|font_size:50|text_align:center|color:%23ffffff\u00bb use_theme_fonts=\u00bbyes\u00bb][\/vc_column][\/vc_row][vc_row][vc_column][vc_separator color=\u00bbwhite\u00bb][\/vc_column][\/vc_row][vc_row gap=\u00bb15&#8243;][vc_column width=\u00bb1\/2&#8243;][vc_single_image image=\u00bb10698&#8243; img_size=\u00bbfull\u00bb alignment=\u00bbcenter\u00bb][vc_custom_heading text=\u00bbCoaching a Ejecutivos\u00bb font_container=\u00bbtag:h1|font_size:25|text_align:center|line_height:1&#8243; use_theme_fonts=\u00bbyes\u00bb][vc_column_text]<\/p>\n<p style=\"text-align: center;\">Trabajamos en conjunto con los ejecutivos para hacer conocer la estrategia organizacional, los sus objetivos empresariales y as\u00ed brindarles acompa\u00f1amiento de c\u00f3mo hacerlos realidad.<\/p>\n<p>[\/vc_column_text][\/vc_column][vc_column width=\u00bb1\/2&#8243;][vc_single_image image=\u00bb10697&#8243; img_size=\u00bbfull\u00bb alignment=\u00bbcenter\u00bb][vc_custom_heading text=\u00bbCoaching a Directores de Proyectos\u00bb font_container=\u00bbtag:h1|font_size:25|text_align:center|line_height:1&#8243; use_theme_fonts=\u00bbyes\u00bb][vc_column_text]<\/p>\n<p style=\"text-align: center;\">Brindamos acompa\u00f1amiento a sus Directores de Proyectos en la implementaci\u00f3n metodolog\u00edas con las mejores pr\u00e1cticas internacionales, marcos de trabajo \u00e1giles, y habilidades blandas, trabajamos con ellos para hacerlos Directores de Proyectos exitosos.<\/p>\n<p>[\/vc_column_text][\/vc_column][\/vc_row][vc_row][vc_column][vc_separator color=\u00bbwhite\u00bb][\/vc_column][\/vc_row][vc_row gap=\u00bb15&#8243;][vc_column width=\u00bb1\/2&#8243;][vc_single_image image=\u00bb10696&#8243; img_size=\u00bbfull\u00bb alignment=\u00bbcenter\u00bb][vc_custom_heading text=\u00bbCoaching a Oficinas de Gesti\u00f3n de Proyectos (PMO)\u00bb font_container=\u00bbtag:h1|font_size:25|text_align:center|line_height:1&#8243; use_theme_fonts=\u00bbyes\u00bb][vc_column_text]<\/p>\n<p style=\"text-align: center;\">Brindamos acompa\u00f1amiento a las PMOs para definir los est\u00e1ndares de procesos e implementaci\u00f3n de metodolog\u00edas tradicionales y\/o metodolog\u00edas \u00e1giles en las organizaciones.<\/p>\n<p>[\/vc_column_text][\/vc_column][vc_column width=\u00bb1\/2&#8243;][vc_single_image image=\u00bb10695&#8243; img_size=\u00bb750&#215;500&#8243; alignment=\u00bbcenter\u00bb][vc_custom_heading text=\u00bbDiagn\u00f3stico en madurez empresarial en gesti\u00f3n de proyectos\u00bb font_container=\u00bbtag:h1|font_size:25|text_align:center|line_height:1&#8243; use_theme_fonts=\u00bbyes\u00bb][vc_column_text]<\/p>\n<p style=\"text-align: center;\">Realizamos an\u00e1lisis con diferentes herramientas para determinar la madurez de cada organizaci\u00f3n para gestionar proyectos. Este an\u00e1lisis se realiza en 4 etapas, donde conversamos con diferentes Directores de Proyectos y Ejecutivos de la organizaci\u00f3n para determinar la forma en que la gestionan proyectos y con base a los resultados obtenidos se realiza un consolidado con los principales hallazgos.<\/p>\n<p>[\/vc_column_text][\/vc_column][\/vc_row][vc_row][vc_column][vc_separator color=\u00bbwhite\u00bb][\/vc_column][\/vc_row][vc_row gap=\u00bb15&#8243;][vc_column width=\u00bb1\/2&#8243;][vc_single_image image=\u00bb10694&#8243; img_size=\u00bbfull\u00bb alignment=\u00bbcenter\u00bb][vc_custom_heading text=\u00bbDiagn\u00f3stico de gesti\u00f3n de Oficinas de Proyectos\u00bb font_container=\u00bbtag:h1|font_size:25|text_align:center|line_height:1&#8243; use_theme_fonts=\u00bbyes\u00bb][vc_column_text]<\/p>\n<p style=\"text-align: center;\">Realizamos an\u00e1lisis con diferentes herramientas para determinar la madurez de la oficina de gesti\u00f3n de proyectos (PMO) con el fin de conocer los principales puntos de mejora de la PMO en diversas \u00e1reas, que luego acompa\u00f1amos a la organizaci\u00f3n con un proyecto \u00e1gil para proveer, mentor\u00eda, pr\u00e1cticas en gesti\u00f3n de proyectos y capacitaci\u00f3n que lleve a la PMO a los niveles deseados por la organizaci\u00f3n.<\/p>\n<p>[\/vc_column_text][\/vc_column][vc_column width=\u00bb1\/2&#8243;][vc_single_image image=\u00bb10693&#8243; img_size=\u00bb700&#215;465&#8243; alignment=\u00bbcenter\u00bb][vc_custom_heading text=\u00bbCapacitaci\u00f3n en gesti\u00f3n de proyectos\u00bb font_container=\u00bbtag:h1|font_size:25|text_align:center|line_height:1&#8243; use_theme_fonts=\u00bbyes\u00bb][vc_column_text]<\/p>\n<p style=\"text-align: center;\">Capacitamos a sus Directores de Proyectos y Ejecutivos en temas relacionados a la gesti\u00f3n de proyectos con las mejores pr\u00e1cticas internacionales, marcos de trabajo \u00e1giles, habilidades blandas, y herramientas de gesti\u00f3n de proyectos. \u00a0Nuestras capacitaciones utilizan t\u00e9cnicas modernas de ense\u00f1anza a ejecutivos y profesionales que aseguran la absorci\u00f3n de los conocimientos.<\/p>\n<p>[\/vc_column_text][\/vc_column][\/vc_row][vc_row][vc_column][vc_separator color=\u00bbwhite\u00bb][\/vc_column][\/vc_row][vc_row gap=\u00bb15&#8243;][vc_column width=\u00bb1\/2&#8243;][vc_single_image image=\u00bb10692&#8243; img_size=\u00bbfull\u00bb alignment=\u00bbcenter\u00bb][vc_custom_heading text=\u00bbGesti\u00f3n de Proyectos Estrat\u00e9gicos\u00bb font_container=\u00bbtag:h1|font_size:25|text_align:center|line_height:1&#8243; use_theme_fonts=\u00bbyes\u00bb][vc_column_text]<\/p>\n<p style=\"text-align: center;\">Contamos con profesionales capacitados y experimentados en el rol de Director o Jefe de Proyecto, con las competencias requeridas para conducir con \u00e9xito las iniciativas de su organizaci\u00f3n, respaldado por el apoyo metodol\u00f3gico de nuestra firma durante el desarrollo de sus actividades para lograr los objetivos establecidos.<\/p>\n<p>[\/vc_column_text][\/vc_column][vc_column width=\u00bb1\/2&#8243;][vc_single_image image=\u00bb10691&#8243; img_size=\u00bbfull\u00bb alignment=\u00bbcenter\u00bb][vc_custom_heading text=\u00bbGesti\u00f3n en Agilidad Empresarial\u00bb font_container=\u00bbtag:h1|font_size:25|text_align:center|line_height:1&#8243; use_theme_fonts=\u00bbyes\u00bb][vc_column_text]<\/p>\n<p style=\"text-align: center;\">Hoy es cr\u00edtico que las organizaciones sean m\u00e1s r\u00e1pidas y eficientes en proveer valor a sus clientes implementando un sistema organizacional de \u201cmejora contin\u00faa guiada\u201d.\u00a0 Por esto brindamos consultor\u00eda y acompa\u00f1amiento a sus ejecutivos para desarrollar un plan \u00e1gil de cambio organizacional que los lleve a contar con una cultura organizacional m\u00e1s \u00e1gil seg\u00fan las necesidades de sus clientes, funcionarios, ejecutivos y accionistas.<\/p>\n<p>[\/vc_column_text][\/vc_column][\/vc_row][vc_row][vc_column][vc_separator color=\u00bbwhite\u00bb][\/vc_column][\/vc_row][vc_row gap=\u00bb15&#8243;][vc_column width=\u00bb1\/2&#8243;][vc_single_image image=\u00bb10690&#8243; img_size=\u00bb700&#215;465&#8243; alignment=\u00bbcenter\u00bb][vc_custom_heading text=\u00bbGesti\u00f3n de cambio de cultura organizacional\u00bb font_container=\u00bbtag:h1|font_size:25|text_align:center|line_height:1&#8243; use_theme_fonts=\u00bbyes\u00bb][vc_column_text]<\/p>\n<p style=\"text-align: center;\">Ayudamos a su organizaci\u00f3n a implementar un cambio en la cultura organizaci\u00f3n, haci\u00e9ndola m\u00e1s exitosa y buscando que esta sea orientada a resultados, con un esp\u00edritu de hacer que su gente tambi\u00e9n sea m\u00e1s exitosa.<\/p>\n<p>[\/vc_column_text][\/vc_column][vc_column width=\u00bb1\/2&#8243;][vc_single_image image=\u00bb10689&#8243; img_size=\u00bb700&#215;466&#8243; alignment=\u00bbcenter\u00bb][vc_custom_heading text=\u00bbGesti\u00f3n de Proyectos \u00c1giles\u00bb font_container=\u00bbtag:h1|font_size:25|text_align:center|line_height:1&#8243; use_theme_fonts=\u00bbyes\u00bb][vc_column_text]<\/p>\n<p style=\"text-align: center;\">Contamos con profesionales capacitados y experimentados en el rol de Scrum Master, L\u00edder de Equipo, Propietario del Producto y\/o Due\u00f1o del Producto, con las competencias requeridas para conducir con \u00e9xito las iniciativas de su organizaci\u00f3n bajo marcos de trabajo \u00e1giles, respaldado por el apoyo metodol\u00f3gico de nuestra firma durante el desarrollo de sus actividades para lograr los objetivos establecidos.<\/p>\n<p>[\/vc_column_text][\/vc_column][\/vc_row][vc_row][vc_column][vc_separator color=\u00bbwhite\u00bb][\/vc_column][\/vc_row][vc_row gap=\u00bb15&#8243;][vc_column width=\u00bb1\/2&#8243;][vc_single_image image=\u00bb10688&#8243; img_size=\u00bb700&#215;465&#8243; alignment=\u00bbcenter\u00bb][vc_custom_heading text=\u00bbRescate de Proyectos\u00bb font_container=\u00bbtag:h1|font_size:25|text_align:center|line_height:1&#8243; use_theme_fonts=\u00bbyes\u00bb][vc_column_text]<\/p>\n<p style=\"text-align: center;\">Los proyectos, en general son esfuerzos complejos que est\u00e1n supeditados a gran incertidumbre, que en algunas ocasiones produce problemas graves a los proyectos, haci\u00e9ndolos entrar en crisis.\u00a0 Estas lamentables situaciones, podr\u00eda hacer que toda la inversi\u00f3n en tiempo, esfuerzo y oportunidad se pierda.\u00a0 Nuestra firma ofrece el apoyo a las organizaciones que tengan proyectos en estas condiciones, a fin de realizar un diagn\u00f3stico especializado de ellos y ayudar a los ejecutivos a conocer las verdaderas opciones de su rescate, y en caso de que existan posibilidades de realizar este rescate, proveer un plan de acci\u00f3n que podemos apoyar a implementar, o bien tomar el liderazgo para implementarlo.<\/p>\n<p>[\/vc_column_text][\/vc_column][vc_column width=\u00bb1\/2&#8243;][vc_single_image image=\u00bb10687&#8243; img_size=\u00bb700&#215;465&#8243; alignment=\u00bbcenter\u00bb][vc_custom_heading text=\u00bbImplementaci\u00f3n de Oficinas de Proyectos (PMO)\u00bb font_container=\u00bbtag:h1|font_size:25|text_align:center|line_height:1&#8243; use_theme_fonts=\u00bbyes\u00bb][vc_column_text]<\/p>\n<p style=\"text-align: center;\">Las oficinas de proyectos son esenciales para el \u00e9xito de los proyectos en las organizaciones, pero estas deben de propiciar un cambio constante, ordenado y que brinde cada vez, mas valor a la organizaci\u00f3n.\u00a0 Siguiendo una metodolog\u00eda propia AGILE PMO, logramos establecer a partir de un diagn\u00f3stico una ruta de mejora constante, con revisiones peri\u00f3dicas, garantiz\u00e1ndose que al final de iteraciones planificadas, se brinde cada vez mas valor a la organizaci\u00f3n por medio de diversos pilares, tales como procesos, procedimientos, mapeo de valor, integraci\u00f3n con ejecutivos, capacitaci\u00f3n t\u00e9cnica y ejecutiva, as\u00ed como el establecimiento de una infraestructura operativa y de cultura organizacional que promueva la eficiencia y eficacia de la nueva PMO.<\/p>\n<p>[\/vc_column_text][\/vc_column][\/vc_row]<\/p>\n<\/div>","protected":false},"excerpt":{"rendered":"<p>[vc_row full_width=\u00bbstretch_row\u00bb css=\u00bb.vc_custom_1694476155821{padding-top: 50px !important;padding-bottom: 50px !important;background-image: url(https:\/\/proyectum.com\/hn\/wp-content\/uploads\/2023\/09\/Lego-Serious.png?id=10792) !important;background-position: center !important;background-repeat: no-repeat !important;background-size: cover !important;}\u00bb][vc_column][vc_custom_heading text=\u00bbConozca nuestros servicios de consultor\u00eda\u00bb font_container=\u00bbtag:h1|font_size:50|text_align:center|color:%23ffffff\u00bb use_theme_fonts=\u00bbyes\u00bb][\/vc_column][\/vc_row][vc_row][vc_column][vc_separator color=\u00bbwhite\u00bb][\/vc_column][\/vc_row][vc_row gap=\u00bb15&#8243;][vc_column width=\u00bb1\/2&#8243;][vc_single_image image=\u00bb10698&#8243; img_size=\u00bbfull\u00bb alignment=\u00bbcenter\u00bb][vc_custom_heading text=\u00bbCoaching a Ejecutivos\u00bb font_container=\u00bbtag:h1|font_size:25|text_align:center|line_height:1&#8243; use_theme_fonts=\u00bbyes\u00bb][vc_column_text] Trabajamos en conjunto con los ejecutivos para hacer conocer la estrategia organizacional, los sus objetivos empresariales y as\u00ed brindarles acompa\u00f1amiento de c\u00f3mo [&hellip;]<\/p>\n","protected":false},"author":30,"featured_media":0,"parent":0,"menu_order":0,"comment_status":"closed","ping_status":"closed","template":"","meta":{"_acf_changed":false,"_joinchat":[],"footnotes":""},"acf":[],"yoast_head":"<!-- This site is optimized with the Yoast SEO plugin v24.5 - https:\/\/yoast.com\/wordpress\/plugins\/seo\/ -->\n<title>Nuestros servicios - Proyectum Honduras<\/title>\n<meta name=\"robots\" content=\"index, follow, max-snippet:-1, max-image-preview:large, max-video-preview:-1\" \/>\n<link rel=\"canonical\" href=\"https:\/\/proyectum.com\/hn\/nuestros-servicios\/\" \/>\n<meta property=\"og:locale\" content=\"es_ES\" \/>\n<meta property=\"og:type\" content=\"article\" \/>\n<meta property=\"og:title\" content=\"Nuestros servicios - Proyectum Honduras\" \/>\n<meta property=\"og:description\" content=\"[vc_row full_width=\u00bbstretch_row\u00bb css=\u00bb.vc_custom_1694476155821{padding-top: 50px !important;padding-bottom: 50px !important;background-image: url(https:\/\/proyectum.com\/hn\/wp-content\/uploads\/2023\/09\/Lego-Serious.png?id=10792) !important;background-position: center !important;background-repeat: no-repeat !important;background-size: cover !important;}\u00bb][vc_column][vc_custom_heading text=\u00bbConozca nuestros servicios de consultor\u00eda\u00bb font_container=\u00bbtag:h1|font_size:50|text_align:center|color:%23ffffff\u00bb use_theme_fonts=\u00bbyes\u00bb][\/vc_column][\/vc_row][vc_row][vc_column][vc_separator color=\u00bbwhite\u00bb][\/vc_column][\/vc_row][vc_row gap=\u00bb15&#8243;][vc_column width=\u00bb1\/2&#8243;][vc_single_image image=\u00bb10698&#8243; img_size=\u00bbfull\u00bb alignment=\u00bbcenter\u00bb][vc_custom_heading text=\u00bbCoaching a Ejecutivos\u00bb font_container=\u00bbtag:h1|font_size:25|text_align:center|line_height:1&#8243; use_theme_fonts=\u00bbyes\u00bb][vc_column_text] Trabajamos en conjunto con los ejecutivos para hacer conocer la estrategia organizacional, los sus objetivos empresariales y as\u00ed brindarles acompa\u00f1amiento de c\u00f3mo [&hellip;]\" \/>\n<meta property=\"og:url\" content=\"https:\/\/proyectum.com\/hn\/nuestros-servicios\/\" \/>\n<meta property=\"og:site_name\" content=\"Proyectum Honduras\" \/>\n<meta property=\"article:publisher\" content=\"https:\/\/www.facebook.com\/proyectumcr\/\" \/>\n<meta property=\"article:modified_time\" content=\"2023-09-11T23:49:19+00:00\" \/>\n<meta name=\"twitter:card\" content=\"summary_large_image\" \/>\n<meta name=\"twitter:label1\" content=\"Tiempo de lectura\" \/>\n\t<meta name=\"twitter:data1\" content=\"4 minutos\" \/>\n<script type=\"application\/ld+json\" class=\"yoast-schema-graph\">{\"@context\":\"https:\/\/schema.org\",\"@graph\":[{\"@type\":\"WebPage\",\"@id\":\"https:\/\/proyectum.com\/hn\/nuestros-servicios\/\",\"url\":\"https:\/\/proyectum.com\/hn\/nuestros-servicios\/\",\"name\":\"Nuestros servicios - Proyectum Honduras\",\"isPartOf\":{\"@id\":\"https:\/\/proyectum.com\/hn\/#website\"},\"datePublished\":\"2023-06-07T15:32:54+00:00\",\"dateModified\":\"2023-09-11T23:49:19+00:00\",\"breadcrumb\":{\"@id\":\"https:\/\/proyectum.com\/hn\/nuestros-servicios\/#breadcrumb\"},\"inLanguage\":\"es\",\"potentialAction\":[{\"@type\":\"ReadAction\",\"target\":[\"https:\/\/proyectum.com\/hn\/nuestros-servicios\/\"]}]},{\"@type\":\"BreadcrumbList\",\"@id\":\"https:\/\/proyectum.com\/hn\/nuestros-servicios\/#breadcrumb\",\"itemListElement\":[{\"@type\":\"ListItem\",\"position\":1,\"name\":\"Home\",\"item\":\"https:\/\/proyectum.com\/hn\/\"},{\"@type\":\"ListItem\",\"position\":2,\"name\":\"Nuestros servicios\"}]},{\"@type\":\"WebSite\",\"@id\":\"https:\/\/proyectum.com\/hn\/#website\",\"url\":\"https:\/\/proyectum.com\/hn\/\",\"name\":\"Proyectum Costa Rica\",\"description\":\"Direcci\u00f3n de proyectos y agilidad\",\"publisher\":{\"@id\":\"https:\/\/proyectum.com\/hn\/#organization\"},\"potentialAction\":[{\"@type\":\"SearchAction\",\"target\":{\"@type\":\"EntryPoint\",\"urlTemplate\":\"https:\/\/proyectum.com\/hn\/?s={search_term_string}\"},\"query-input\":{\"@type\":\"PropertyValueSpecification\",\"valueRequired\":true,\"valueName\":\"search_term_string\"}}],\"inLanguage\":\"es\"},{\"@type\":\"Organization\",\"@id\":\"https:\/\/proyectum.com\/hn\/#organization\",\"name\":\"Proyectum Costa Rica\",\"url\":\"https:\/\/proyectum.com\/hn\/\",\"logo\":{\"@type\":\"ImageObject\",\"inLanguage\":\"es\",\"@id\":\"https:\/\/proyectum.com\/hn\/#\/schema\/logo\/image\/\",\"url\":\"https:\/\/i1.wp.com\/proyectum.com\/hn\/wp-content\/uploads\/proyectum-logo-snippet.png?fit=600%2C315&ssl=1\",\"contentUrl\":\"https:\/\/i1.wp.com\/proyectum.com\/hn\/wp-content\/uploads\/proyectum-logo-snippet.png?fit=600%2C315&ssl=1\",\"width\":600,\"height\":315,\"caption\":\"Proyectum Costa Rica\"},\"image\":{\"@id\":\"https:\/\/proyectum.com\/hn\/#\/schema\/logo\/image\/\"},\"sameAs\":[\"https:\/\/www.facebook.com\/proyectumcr\/\",\"https:\/\/www.instagram.com\/proyectumcostarica\/\",\"https:\/\/www.linkedin.com\/company\/proyectum-costarica\/\",\"https:\/\/www.youtube.com\/channel\/UCljouWimyhK_cNcC2jniUgw\"]}]}<\/script>\n<!-- \/ Yoast SEO plugin. -->","yoast_head_json":{"title":"Nuestros servicios - Proyectum Honduras","robots":{"index":"index","follow":"follow","max-snippet":"max-snippet:-1","max-image-preview":"max-image-preview:large","max-video-preview":"max-video-preview:-1"},"canonical":"https:\/\/proyectum.com\/hn\/nuestros-servicios\/","og_locale":"es_ES","og_type":"article","og_title":"Nuestros servicios - Proyectum Honduras","og_description":"[vc_row full_width=\u00bbstretch_row\u00bb css=\u00bb.vc_custom_1694476155821{padding-top: 50px !important;padding-bottom: 50px !important;background-image: url(https:\/\/proyectum.com\/hn\/wp-content\/uploads\/2023\/09\/Lego-Serious.png?id=10792) !important;background-position: center !important;background-repeat: no-repeat !important;background-size: cover !important;}\u00bb][vc_column][vc_custom_heading text=\u00bbConozca nuestros servicios de consultor\u00eda\u00bb font_container=\u00bbtag:h1|font_size:50|text_align:center|color:%23ffffff\u00bb use_theme_fonts=\u00bbyes\u00bb][\/vc_column][\/vc_row][vc_row][vc_column][vc_separator color=\u00bbwhite\u00bb][\/vc_column][\/vc_row][vc_row gap=\u00bb15&#8243;][vc_column width=\u00bb1\/2&#8243;][vc_single_image image=\u00bb10698&#8243; img_size=\u00bbfull\u00bb alignment=\u00bbcenter\u00bb][vc_custom_heading text=\u00bbCoaching a Ejecutivos\u00bb font_container=\u00bbtag:h1|font_size:25|text_align:center|line_height:1&#8243; use_theme_fonts=\u00bbyes\u00bb][vc_column_text] Trabajamos en conjunto con los ejecutivos para hacer conocer la estrategia organizacional, los sus objetivos empresariales y as\u00ed brindarles acompa\u00f1amiento de c\u00f3mo [&hellip;]","og_url":"https:\/\/proyectum.com\/hn\/nuestros-servicios\/","og_site_name":"Proyectum Honduras","article_publisher":"https:\/\/www.facebook.com\/proyectumcr\/","article_modified_time":"2023-09-11T23:49:19+00:00","twitter_card":"summary_large_image","twitter_misc":{"Tiempo de lectura":"4 minutos"},"schema":{"@context":"https:\/\/schema.org","@graph":[{"@type":"WebPage","@id":"https:\/\/proyectum.com\/hn\/nuestros-servicios\/","url":"https:\/\/proyectum.com\/hn\/nuestros-servicios\/","name":"Nuestros servicios - Proyectum Honduras","isPartOf":{"@id":"https:\/\/proyectum.com\/hn\/#website"},"datePublished":"2023-06-07T15:32:54+00:00","dateModified":"2023-09-11T23:49:19+00:00","breadcrumb":{"@id":"https:\/\/proyectum.com\/hn\/nuestros-servicios\/#breadcrumb"},"inLanguage":"es","potentialAction":[{"@type":"ReadAction","target":["https:\/\/proyectum.com\/hn\/nuestros-servicios\/"]}]},{"@type":"BreadcrumbList","@id":"https:\/\/proyectum.com\/hn\/nuestros-servicios\/#breadcrumb","itemListElement":[{"@type":"ListItem","position":1,"name":"Home","item":"https:\/\/proyectum.com\/hn\/"},{"@type":"ListItem","position":2,"name":"Nuestros servicios"}]},{"@type":"WebSite","@id":"https:\/\/proyectum.com\/hn\/#website","url":"https:\/\/proyectum.com\/hn\/","name":"Proyectum Costa Rica","description":"Direcci\u00f3n de proyectos y agilidad","publisher":{"@id":"https:\/\/proyectum.com\/hn\/#organization"},"potentialAction":[{"@type":"SearchAction","target":{"@type":"EntryPoint","urlTemplate":"https:\/\/proyectum.com\/hn\/?s={search_term_string}"},"query-input":{"@type":"PropertyValueSpecification","valueRequired":true,"valueName":"search_term_string"}}],"inLanguage":"es"},{"@type":"Organization","@id":"https:\/\/proyectum.com\/hn\/#organization","name":"Proyectum Costa Rica","url":"https:\/\/proyectum.com\/hn\/","logo":{"@type":"ImageObject","inLanguage":"es","@id":"https:\/\/proyectum.com\/hn\/#\/schema\/logo\/image\/","url":"https:\/\/i1.wp.com\/proyectum.com\/hn\/wp-content\/uploads\/proyectum-logo-snippet.png?fit=600%2C315&ssl=1","contentUrl":"https:\/\/i1.wp.com\/proyectum.com\/hn\/wp-content\/uploads\/proyectum-logo-snippet.png?fit=600%2C315&ssl=1","width":600,"height":315,"caption":"Proyectum Costa Rica"},"image":{"@id":"https:\/\/proyectum.com\/hn\/#\/schema\/logo\/image\/"},"sameAs":["https:\/\/www.facebook.com\/proyectumcr\/","https:\/\/www.instagram.com\/proyectumcostarica\/","https:\/\/www.linkedin.com\/company\/proyectum-costarica\/","https:\/\/www.youtube.com\/channel\/UCljouWimyhK_cNcC2jniUgw"]}]}},"jetpack_sharing_enabled":true,"_links":{"self":[{"href":"https:\/\/proyectum.com\/hn\/wp-json\/wp\/v2\/pages\/10684"}],"collection":[{"href":"https:\/\/proyectum.com\/hn\/wp-json\/wp\/v2\/pages"}],"about":[{"href":"https:\/\/proyectum.com\/hn\/wp-json\/wp\/v2\/types\/page"}],"author":[{"embeddable":true,"href":"https:\/\/proyectum.com\/hn\/wp-json\/wp\/v2\/users\/30"}],"replies":[{"embeddable":true,"href":"https:\/\/proyectum.com\/hn\/wp-json\/wp\/v2\/comments?post=10684"}],"version-history":[{"count":6,"href":"https:\/\/proyectum.com\/hn\/wp-json\/wp\/v2\/pages\/10684\/revisions"}],"predecessor-version":[{"id":10881,"href":"https:\/\/proyectum.com\/hn\/wp-json\/wp\/v2\/pages\/10684\/revisions\/10881"}],"wp:attachment":[{"href":"https:\/\/proyectum.com\/hn\/wp-json\/wp\/v2\/media?parent=10684"}],"curies":[{"name":"wp","href":"https:\/\/api.w.org\/{rel}","templated":true}]}}