{"id":7349,"date":"2020-01-22T05:38:00","date_gmt":"2020-01-22T11:38:00","guid":{"rendered":"https:\/\/proyectum.com\/hn\/?page_id=7349"},"modified":"2021-05-13T10:47:55","modified_gmt":"2021-05-13T16:47:55","slug":"dassm-disciplined-agile-senior-scrum-master","status":"publish","type":"page","link":"https:\/\/proyectum.com\/hn\/capacitacion\/dassm-disciplined-agile-senior-scrum-master\/","title":{"rendered":"Disciplined Agile Senior Scrum Master DASSM-PMI\u00ae"},"content":{"rendered":"<div class=\"wpb-content-wrapper\"><p>[vc_row full_width=\u00bbstretch_row\u00bb css=\u00bb.vc_custom_1580509873226{padding-top: 58px !important;padding-bottom: 58px !important;background-image: url(https:\/\/proyectum.com\/hn\/wp-content\/uploads\/2018\/09\/curso-tipo.png?id=6990) !important;background-position: center !important;background-repeat: no-repeat !important;background-size: cover !important;}\u00bb][vc_column width=\u00bb1\/2&#8243;][vc_custom_heading text=\u00bbDisciplined Agile Senior Scrum Master DASSM-PMI\u00bb font_container=\u00bbtag:h1|font_size:40|text_align:center|color:%23ffffff\u00bb use_theme_fonts=\u00bbyes\u00bb css=\u00bb.vc_custom_1604423398819{margin-bottom: 0px !important;padding-top: 25px !important;}\u00bb][\/vc_column][vc_column width=\u00bb1\/2&#8243;][vc_single_image image=\u00bb9634&#8243; img_size=\u00bb200&#215;170&#8243; css=\u00bb.vc_custom_1602870056064{padding-left: 250px !important;}\u00bb][\/vc_column][\/vc_row][vc_row css=\u00bb.vc_custom_1488777218947{padding-top: 25px !important;padding-bottom: 60px !important;}\u00bb][vc_column width=\u00bb2\/3&#8243; css=\u00bb.vc_custom_1579695241240{padding-right: 40px !important;}\u00bb][vc_column_text]<\/p>\n<div><span style=\"color: #000000;\">Como l\u00edder de equipo, te esfuerzas por ser m\u00e1s \u00e1gil y ayudar a tu equipo a ser m\u00e1s productivo.  Para tener \u00e9xito, necesitas una mentalidad \u00e1gil, combinada con liderazgo y habilidades de Gesti\u00f3n del Equipo.  Al mismo tiempo, requieres hacer lo propio en el contexto de tu organizaci\u00f3n y su cultura.<\/span><\/div>\n<div><\/div>\n<div><span style=\"color: #000000;\">La nueva capacitaci\u00f3n y certificaci\u00f3n <em><strong>Disciplined Agile Senior Scrum Master<\/strong> (<strong>DASSM<\/strong>) del Project Management Institute,<\/em> proporciona herramientas y estrategias para ayudarte a liderar un equipo \u00e1gil, influir en las personas y eliminar los impedimentos.  Utilizando estrategias \u00e1giles del mundo real, aprender\u00e1s c\u00f3mo adaptar la Manera de Trabajar de tu equipo (Way of Working, WoW) para optimizar la productividad y mejorar continuamente. <\/span><span style=\"color: #000000;\">Al terminar este taller, estar\u00e1s listo para certificarte <strong>DASSM<\/strong>.<\/span><\/div>\n<div><\/div>\n<div><\/div>\n<div><\/div>\n<div>\n<ul>\n<li><span style=\"color: #000000;\"><strong>Duraci\u00f3n:<\/strong> 16 horas (4h el lunes, y 3h los K, M, J, V)<\/span><\/li>\n<li><span style=\"color: #000000;\"><strong>Modalidad:<\/strong> Online, con instructor en vivo.<\/span><\/li>\n<li><span style=\"color: #000000;\"><strong>Requisitos:<\/strong> 2 a\u00f1os de experiencia en Proyectos \u00c1giles (esta experiencia ser\u00e1 evaluada por el PMI)<\/span><\/li>\n<li><span style=\"color: #000000;\"><strong>Acreditaci\u00f3n: <\/strong>10.5 PDUs T<\/span><span style=\"color: #000000;\">\u00e9cnicos y 3.5 PDUs Liderazgo<\/span><\/li>\n<li><span style=\"color: #000000;\"><strong>Precio: <\/strong>$750 (+13% <span style=\"font-size: 13px;\">IVA<\/span>)<\/span><\/li>\n<\/ul>\n<p><strong><span style=\"font-size: 14px;\">NOTA:<\/span> <\/strong><span style=\"font-size: 13px;\">Este es un curso con material provisto por el PMI, e impartido por instructores certificados por el PMI, as\u00ed como brindados bajo los est\u00e1ndares de calidad exigidos a todos los ATP (Autorized Training Partner) del PMI. <\/span><\/p>\n<\/div>\n<p>[\/vc_column_text][vc_btn title=\u00bbDescargue el volante aqu\u00ed\u00bb i_icon_fontawesome=\u00bbfa fa-file-pdf-o\u00bb add_icon=\u00bbtrue\u00bb link=\u00bburl:https%3A%2F%2Fproyectum.com%2Fhn%2Fwp-content%2Fuploads%2F2021%2F02%2FDASSM.pdf||target:%20_blank|\u00bb][vc_tta_tabs active_section=\u00bb1&#8243; css=\u00bb.vc_custom_1538062059766{margin-top: 20px !important;}\u00bb][vc_tta_section title=\u00bbPerfil\u00bb tab_id=\u00bb1541444757751-389b2c58-e32c\u00bb][vc_column_text]<span style=\"color: #000000;\"><strong>En este taller podr\u00e1n participar: <\/strong><\/span><\/p>\n<ul>\n<li><span style=\"color: #000000;\">Ejecutivos, L\u00edderes o Gerentes de \u00e1rea.<\/span><\/li>\n<li><span style=\"color: #000000;\">Gerentes de Desarrollo, QA e Infraestructura.<\/span><\/li>\n<li><span style=\"color: #000000;\">Directores de Proyecto y de Programa.<\/span><\/li>\n<li><span style=\"color: #000000;\">Gerentes de Producto.<\/span><\/li>\n<li><span style=\"color: #000000;\">Gerentes de Portafolio, L\u00edderes de PMO y de Proceso.<\/span><\/li>\n<li><span style=\"color: #000000;\">Arquitectos empresariales, de sistema y de soluci\u00f3n.<\/span><\/li>\n<\/ul>\n<p>[\/vc_column_text][\/vc_tta_section][vc_tta_section title=\u00bbContenido\u00bb tab_id=\u00bb1579695571754-4227bf7c-dfe0&#8243;][vc_column_text]<span style=\"color: #000000;\"><strong>1. Fundamentos de Disciplined Agile<\/strong><\/span><\/p>\n<p><span style=\"color: #000000;\"><em><strong>1.1 La Mentalidad de Disciplined Agile<\/strong><\/em><\/span><\/p>\n<ul>\n<li><span style=\"color: #000000;\">Los siete principios de Disciplined Agile.<\/span><\/li>\n<li><span style=\"color: #000000;\">El Manifiesto de Disciplined Agile<\/span><\/li>\n<\/ul>\n<div><span style=\"color: #000000;\"><em><strong>1.2 Visi\u00f3n General<\/strong><\/em><\/span><\/div>\n<ul>\n<li><span style=\"color: #000000;\">Capas de agilidad organizacional.<\/span><\/li>\n<li><span style=\"color: #000000;\">Ciclos de vida \u2013 Equipo y flujo de valor (DA FLEX).<\/span><\/li>\n<li><span style=\"color: #000000;\">Diagramas de objetivos \u2013 C\u00f3mo leerlos y c\u00f3mo usarlos.<\/span><\/li>\n<li><span style=\"color: #000000;\">Sistemas adaptativos complejos (CAS).<\/span><\/li>\n<\/ul>\n<div><span style=\"color: #000000;\"><em><strong>1.3 Gente y Equipos<\/strong><\/em><\/span><\/div>\n<ul>\n<li><span style=\"color: #000000;\">Roles y responsabilidades.<\/span><\/li>\n<li><span style=\"color: #000000;\">Estructuras de equipos.<\/span><\/li>\n<\/ul>\n<div><span style=\"color: #000000;\"><em><strong>1.4 Agilidad del equipo<\/strong><\/em><\/span><\/div>\n<ul>\n<li><span style=\"color: #000000;\">Disciplined Agile Delivery (DAD).<\/span><\/li>\n<li><span style=\"color: #000000;\">Equipos de negocio \u00e1giles.<\/span><\/li>\n<li><span style=\"color: #000000;\">Equipos de servicio \u00e1giles.<\/span><\/li>\n<\/ul>\n<div><span style=\"color: #000000;\"><em><strong>1.5 Agilidad Organizacional<\/strong><\/em><\/span><\/div>\n<ul>\n<li><span style=\"color: #000000;\">Disciplined DevOps.<\/span><\/li>\n<li><span style=\"color: #000000;\">Disciplined IT (DAIT).<\/span><\/li>\n<li><span style=\"color: #000000;\">Disciplined Agile Enterprise (DAE).<\/span><\/li>\n<li><span style=\"color: #000000;\">Disciplined Agile &#8211; FLEX.<\/span><\/li>\n<\/ul>\n<p><span style=\"color: #000000;\"><strong>2. \u00c1gil Pragm\u00e1tico y Elige tu Forma de Trabajar, Choose your WoW<\/strong><\/span><\/p>\n<h4><span style=\"color: #000000;\"><em><strong>2.1 Agilidad Pragm\u00e1tica<\/strong><\/em><\/span><\/h4>\n<ul>\n<li><span style=\"color: #000000;\">Mirar m\u00e1s all\u00e1 de su equipo \u00e1gil: organizaciones, regulaciones, clientes y otras demandas.<\/span><\/li>\n<li><span style=\"color: #000000;\">Estrategias para el seguimiento y los informes financieros que respaldan la agilidad empresarial.<\/span><\/li>\n<li><span style=\"color: #000000;\">Gesti\u00f3n de la carrera y estrategias de recompensas.<\/span><\/li>\n<li><span style=\"color: #000000;\">Abordar el riesgo en equipo \u00e1giles.<\/span><\/li>\n<li><span style=\"color: #000000;\">\u00bfQu\u00e9 son las Barandas (guardrails) y c\u00f3mo las aprovechas para tu equipo?<\/span><\/li>\n<li><span style=\"color: #000000;\">Mide lo que importa.<\/span><\/li>\n<\/ul>\n<h4><span style=\"color: #000000;\"><em><strong>2.2 Escoger tu Forma de Trabajar (WoW)<\/strong><\/em><\/span><\/h4>\n<ul>\n<li><span style=\"color: #000000;\">\u00bfCu\u00e1l es el contexto que enfrenta tu equipo?<\/span><\/li>\n<li><span style=\"color: #000000;\">Escoger el ciclo de vida que mejor calza.<\/span><\/li>\n<li><span style=\"color: #000000;\">Comprender, seleccionar y aplicar los objetivos del proceso en el contexto de tu equipo.<\/span><\/li>\n<li><span style=\"color: #000000;\">Dise\u00f1ar la forma inicial de trabajar de tu equipo (WoW).<\/span><\/li>\n<li><span style=\"color: #000000;\">Retrospectivas disciplinadas y Mejoramiento Continuo Guiado (GCI)<\/span><\/li>\n<\/ul>\n<p>[\/vc_column_text][\/vc_tta_section][vc_tta_section title=\u00bbIncluye\u00bb tab_id=\u00bb1541455369971-f2c4148a-d49e\u00bb][vc_column_text]<span style=\"color: #000000;\"><strong>Al matricular este taller usted contar\u00e1 con:<\/strong><\/span><\/p>\n<ul>\n<li><span style=\"color: #000000;\">Instructor con m\u00e1s de 20 a\u00f1os de experiencia  Certificado por Disciplined Agile de PMI\u00ae.<\/span><\/li>\n<li><span style=\"color: #000000;\">Material del curso en ingl\u00e9s en formato PDF.<\/span><\/li>\n<li><span style=\"color: #000000;\">Se entrega un diploma de participaci\u00f3n de Proyectum que acredita las PDUs correspondientes.<\/span><\/li>\n<li><span style=\"color: #000000;\">Incluye un voucher para un intento al examen de la <strong>Certificaci\u00f3n Disciplined Agile Senior Scrum Master DASSM<\/strong>, <strong>dentro de los 30 d\u00edas posteriores<\/strong> a la finalizaci\u00f3n del curso. Con valor de USD$400.<\/span><\/li>\n<\/ul>\n<p>[\/vc_column_text][\/vc_tta_section][vc_tta_section title=\u00bbObjetivos\u00bb tab_id=\u00bb1541455357238-d8636f7d-26cc\u00bb][vc_column_text]<span style=\"color: #000000;\"><strong>Al finalizar este taller usted ser\u00e1 capaz de:<\/strong><\/span><\/p>\n<ul>\n<li><span style=\"color: #000000;\">Aplicar los valores, principios y pr\u00e1cticas \u00c1giles en tu equipo.<\/span><\/li>\n<li><span style=\"color: #000000;\">Describir c\u00f3mo crear el ambiente dentro del cual se pueda lograr Flujo de Valor.<\/span><\/li>\n<li><span style=\"color: #000000;\">Determinar los pasos requeridos para alcanzar la Agilidad Empresarial y lo que necesitas hacer dentro de tu organizaci\u00f3n.<\/span><\/li>\n<li><span style=\"color: #000000;\">Escoger las pr\u00e1cticas y t\u00e9cnicas apropiadas, dado tu entorno de trabajo, para Mejorar Continuamente tu Forma de Trabajar WoW.<\/span><\/li>\n<li><span style=\"color: #000000;\">Identificar Soluciones Personalizadas para abordar las necesidades comunes que aun existan, de la organizaci\u00f3n y gerencia, incluso siendo \u00e1giles.<\/span><\/li>\n<\/ul>\n<p>[\/vc_column_text][\/vc_tta_section][vc_tta_section title=\u00bbPre requisitos\u00bb tab_id=\u00bb1608325817465-0df13165-8b2e\u00bb][vc_column_text]<\/p>\n<ul>\n<li><span style=\"color: #000000;\">Dos a\u00f1os de experiencia trabajando en un equipo \u00e1gil en un rol de liderazgo, como DA Scrum Master, Scrum Master, Product Owner, Architecture Owner, etc.<\/span><\/li>\n<\/ul>\n<ul>\n<li><span style=\"color: #000000;\">Comprar el libro \u201c<strong>Choose your WoW! A Disciplined Agile Delivery Handbook for Optimizing Your Way o Working<\/strong>\u201d Scott W. Ambler &amp; Mark Lines. Miembros de PMI\u00ae lo pueden descargar gratuitamente.<\/span><\/li>\n<\/ul>\n<p>[\/vc_column_text][\/vc_tta_section][\/vc_tta_tabs][vc_row_inner][vc_column_inner][vc_raw_html]JTNDZGl2JTIwY2xhc3MlM0QlMjJidXR0b24tc2FsZS1jb3VzZS1wYWdlJTIyJTNFJTNDYSUyMGhyZWYlM0QlMjIlMkZjciUyRmNoZWNrb3V0LXBhZ2UlMkYlM0Z0aXRsZSUzRERBTFNNJTIwRk9SJTIwUFJPSkVDVCUyMFNVQ0NFU1MlMjZjb2RlJTNEZGZwc19jJTIyJTNFQ29tcHJhciUzQyUyRmElM0UlM0MlMkZkaXYlM0U=[\/vc_raw_html][\/vc_column_inner][\/vc_row_inner][\/vc_column][vc_column width=\u00bb1\/3&#8243;]<div class=\"porto-u-heading  wpb_custom_95aa9a11c17ad45cfabaf210d84ee7cc porto-u-8052\"><style>.porto-u-8052.porto-u-heading{text-align:center}<\/style><\/div>[vc_images_carousel images=\u00bb7267&#8243; img_size=\u00bbmedium\u00bb onclick=\u00bbcustom_link\u00bb custom_links_target=\u00bb_blank\u00bb speed=\u00bb2500&#8243; autoplay=\u00bbyes\u00bb hide_pagination_control=\u00bbyes\u00bb hide_prev_next_buttons=\u00bbyes\u00bb wrap=\u00bbyes\u00bb css=\u00bb.vc_custom_1603235952851{padding-top: 30px !important;padding-right: 70px !important;padding-bottom: 50px !important;padding-left: 70px !important;}\u00bb]<div class=\"porto-u-heading  wpb_custom_95aa9a11c17ad45cfabaf210d84ee7cc porto-u-1163\"><div class=\"porto-u-main-heading\"><h2  >CAPACITACI\u00d3N<\/h2><\/div><style>.porto-u-1163.porto-u-heading{text-align:center}<\/style><\/div>[\/vc_column][\/vc_row][vc_row full_width=\u00bbstretch_row_content_no_spaces\u00bb equal_height=\u00bbyes\u00bb][vc_column el_class=\u00bbbackground-color-primary\u00bb css=\u00bb.vc_custom_1528971916644{padding-top: 60px !important;padding-bottom: 55px !important;padding-left: 15px !important;}\u00bb]<div class=\"porto-container container\">[vc_custom_heading text=\u00bb\u00bfQuieres m\u00e1s informaci\u00f3n sobre el curso de Disciplined Agile Senior Scrum Master DASSM-PMI\u00ae?\u00bb font_container=\u00bbtag:h2|text_align:left|color:%23ffffff\u00bb use_theme_fonts=\u00bbyes\u00bb text_transform=\u00bbtext-uppercase\u00bb css=\u00bb.vc_custom_1620924413915{margin-bottom: 0px !important;}\u00bb][vc_column_text el_class=\u00bbtext-color-dark m-b-md\u00bb]<span style=\"font-size: 16px; color: #c6d4ee;\">D\u00e9janos tus datos para que te llamemos<\/span>[\/vc_column_text][vc_raw_html]JTNDaWZyYW1lJTIwc3R5bGUlM0QlMjJib3JkZXIlM0ElMjAwcHglMjFpbXBvcnRhbnQlM0IlMjIlMjBzcmMlM0QlMjJodHRwcyUzQSUyRiUyRnd3dy5wcm95ZWN0dW0uY29tJTJGc2lzdGVtYSUyRmZvcm11bGFyaW8tamV0cGFjay1kYXNzbSUyRiUyMiUyMHdpZHRoJTNEJTIyMTAwMHB4JTIyJTIwaGVpZ2h0JTNEJTIyNzAwcHglMjIlM0UlM0MlMkZpZnJhbWUlM0U=[\/vc_raw_html]<\/div>[\/vc_column][\/vc_row]<\/p>\n<\/div>","protected":false},"excerpt":{"rendered":"<p>[vc_row full_width=\u00bbstretch_row\u00bb css=\u00bb.vc_custom_1580509873226{padding-top: 58px !important;padding-bottom: 58px !important;background-image: url(https:\/\/proyectum.com\/hn\/wp-content\/uploads\/2018\/09\/curso-tipo.png?id=6990) !important;background-position: center !important;background-repeat: no-repeat !important;background-size: cover !important;}\u00bb][vc_column width=\u00bb1\/2&#8243;][vc_custom_heading text=\u00bbDisciplined Agile Senior Scrum Master DASSM-PMI\u00bb font_container=\u00bbtag:h1|font_size:40|text_align:center|color:%23ffffff\u00bb use_theme_fonts=\u00bbyes\u00bb css=\u00bb.vc_custom_1604423398819{margin-bottom: 0px !important;padding-top: 25px !important;}\u00bb][\/vc_column][vc_column width=\u00bb1\/2&#8243;][vc_single_image image=\u00bb9634&#8243; img_size=\u00bb200&#215;170&#8243; css=\u00bb.vc_custom_1602870056064{padding-left: 250px !important;}\u00bb][\/vc_column][\/vc_row][vc_row css=\u00bb.vc_custom_1488777218947{padding-top: 25px !important;padding-bottom: 60px !important;}\u00bb][vc_column width=\u00bb2\/3&#8243; css=\u00bb.vc_custom_1579695241240{padding-right: 40px !important;}\u00bb][vc_column_text] Como l\u00edder de equipo, te esfuerzas por ser m\u00e1s \u00e1gil y [&hellip;]<\/p>\n","protected":false},"author":27,"featured_media":0,"parent":7466,"menu_order":0,"comment_status":"closed","ping_status":"closed","template":"","meta":{"_acf_changed":false,"_joinchat":[],"footnotes":""},"acf":[],"yoast_head":"<!-- This site is optimized with the Yoast SEO plugin v24.5 - https:\/\/yoast.com\/wordpress\/plugins\/seo\/ -->\n<title>Disciplined Agile Senior Scrum Master DASSM-PMI\u00ae - Proyectum Honduras<\/title>\n<meta name=\"robots\" content=\"index, follow, max-snippet:-1, max-image-preview:large, max-video-preview:-1\" \/>\n<link rel=\"canonical\" href=\"https:\/\/proyectum.com\/hn\/capacitacion\/dassm-disciplined-agile-senior-scrum-master\/\" \/>\n<meta property=\"og:locale\" content=\"es_ES\" \/>\n<meta property=\"og:type\" content=\"article\" \/>\n<meta property=\"og:title\" content=\"Disciplined Agile Senior Scrum Master DASSM-PMI\u00ae - Proyectum Honduras\" \/>\n<meta property=\"og:description\" content=\"[vc_row full_width=\u00bbstretch_row\u00bb css=\u00bb.vc_custom_1580509873226{padding-top: 58px !important;padding-bottom: 58px !important;background-image: url(https:\/\/proyectum.com\/hn\/wp-content\/uploads\/2018\/09\/curso-tipo.png?id=6990) !important;background-position: center !important;background-repeat: no-repeat !important;background-size: cover !important;}\u00bb][vc_column width=\u00bb1\/2&#8243;][vc_custom_heading text=\u00bbDisciplined Agile Senior Scrum Master DASSM-PMI\u00bb font_container=\u00bbtag:h1|font_size:40|text_align:center|color:%23ffffff\u00bb use_theme_fonts=\u00bbyes\u00bb css=\u00bb.vc_custom_1604423398819{margin-bottom: 0px !important;padding-top: 25px !important;}\u00bb][\/vc_column][vc_column width=\u00bb1\/2&#8243;][vc_single_image image=\u00bb9634&#8243; img_size=\u00bb200&#215;170&#8243; css=\u00bb.vc_custom_1602870056064{padding-left: 250px !important;}\u00bb][\/vc_column][\/vc_row][vc_row css=\u00bb.vc_custom_1488777218947{padding-top: 25px !important;padding-bottom: 60px !important;}\u00bb][vc_column width=\u00bb2\/3&#8243; css=\u00bb.vc_custom_1579695241240{padding-right: 40px !important;}\u00bb][vc_column_text] Como l\u00edder de equipo, te esfuerzas por ser m\u00e1s \u00e1gil y [&hellip;]\" \/>\n<meta property=\"og:url\" content=\"https:\/\/proyectum.com\/hn\/capacitacion\/dassm-disciplined-agile-senior-scrum-master\/\" \/>\n<meta property=\"og:site_name\" content=\"Proyectum Honduras\" \/>\n<meta property=\"article:publisher\" content=\"https:\/\/www.facebook.com\/proyectumcr\/\" \/>\n<meta property=\"article:modified_time\" content=\"2021-05-13T16:47:55+00:00\" \/>\n<meta name=\"twitter:card\" content=\"summary_large_image\" \/>\n<meta name=\"twitter:label1\" content=\"Tiempo de lectura\" \/>\n\t<meta name=\"twitter:data1\" content=\"4 minutos\" \/>\n<script type=\"application\/ld+json\" class=\"yoast-schema-graph\">{\"@context\":\"https:\/\/schema.org\",\"@graph\":[{\"@type\":\"WebPage\",\"@id\":\"https:\/\/proyectum.com\/hn\/capacitacion\/dassm-disciplined-agile-senior-scrum-master\/\",\"url\":\"https:\/\/proyectum.com\/hn\/capacitacion\/dassm-disciplined-agile-senior-scrum-master\/\",\"name\":\"Disciplined Agile Senior Scrum Master DASSM-PMI\u00ae - Proyectum Honduras\",\"isPartOf\":{\"@id\":\"https:\/\/proyectum.com\/hn\/#website\"},\"datePublished\":\"2020-01-22T11:38:00+00:00\",\"dateModified\":\"2021-05-13T16:47:55+00:00\",\"breadcrumb\":{\"@id\":\"https:\/\/proyectum.com\/hn\/capacitacion\/dassm-disciplined-agile-senior-scrum-master\/#breadcrumb\"},\"inLanguage\":\"es\",\"potentialAction\":[{\"@type\":\"ReadAction\",\"target\":[\"https:\/\/proyectum.com\/hn\/capacitacion\/dassm-disciplined-agile-senior-scrum-master\/\"]}]},{\"@type\":\"BreadcrumbList\",\"@id\":\"https:\/\/proyectum.com\/hn\/capacitacion\/dassm-disciplined-agile-senior-scrum-master\/#breadcrumb\",\"itemListElement\":[{\"@type\":\"ListItem\",\"position\":1,\"name\":\"Home\",\"item\":\"https:\/\/proyectum.com\/hn\/\"},{\"@type\":\"ListItem\",\"position\":2,\"name\":\"Capacitaciones\",\"item\":\"https:\/\/proyectum.com\/hn\/capacitacion\/\"},{\"@type\":\"ListItem\",\"position\":3,\"name\":\"Disciplined Agile Senior Scrum Master DASSM-PMI\u00ae\"}]},{\"@type\":\"WebSite\",\"@id\":\"https:\/\/proyectum.com\/hn\/#website\",\"url\":\"https:\/\/proyectum.com\/hn\/\",\"name\":\"Proyectum Costa Rica\",\"description\":\"Direcci\u00f3n de proyectos y agilidad\",\"publisher\":{\"@id\":\"https:\/\/proyectum.com\/hn\/#organization\"},\"potentialAction\":[{\"@type\":\"SearchAction\",\"target\":{\"@type\":\"EntryPoint\",\"urlTemplate\":\"https:\/\/proyectum.com\/hn\/?s={search_term_string}\"},\"query-input\":{\"@type\":\"PropertyValueSpecification\",\"valueRequired\":true,\"valueName\":\"search_term_string\"}}],\"inLanguage\":\"es\"},{\"@type\":\"Organization\",\"@id\":\"https:\/\/proyectum.com\/hn\/#organization\",\"name\":\"Proyectum Costa Rica\",\"url\":\"https:\/\/proyectum.com\/hn\/\",\"logo\":{\"@type\":\"ImageObject\",\"inLanguage\":\"es\",\"@id\":\"https:\/\/proyectum.com\/hn\/#\/schema\/logo\/image\/\",\"url\":\"https:\/\/i1.wp.com\/proyectum.com\/hn\/wp-content\/uploads\/proyectum-logo-snippet.png?fit=600%2C315&ssl=1\",\"contentUrl\":\"https:\/\/i1.wp.com\/proyectum.com\/hn\/wp-content\/uploads\/proyectum-logo-snippet.png?fit=600%2C315&ssl=1\",\"width\":600,\"height\":315,\"caption\":\"Proyectum Costa Rica\"},\"image\":{\"@id\":\"https:\/\/proyectum.com\/hn\/#\/schema\/logo\/image\/\"},\"sameAs\":[\"https:\/\/www.facebook.com\/proyectumcr\/\",\"https:\/\/www.instagram.com\/proyectumcostarica\/\",\"https:\/\/www.linkedin.com\/company\/proyectum-costarica\/\",\"https:\/\/www.youtube.com\/channel\/UCljouWimyhK_cNcC2jniUgw\"]}]}<\/script>\n<!-- \/ Yoast SEO plugin. -->","yoast_head_json":{"title":"Disciplined Agile Senior Scrum Master DASSM-PMI\u00ae - Proyectum Honduras","robots":{"index":"index","follow":"follow","max-snippet":"max-snippet:-1","max-image-preview":"max-image-preview:large","max-video-preview":"max-video-preview:-1"},"canonical":"https:\/\/proyectum.com\/hn\/capacitacion\/dassm-disciplined-agile-senior-scrum-master\/","og_locale":"es_ES","og_type":"article","og_title":"Disciplined Agile Senior Scrum Master DASSM-PMI\u00ae - Proyectum Honduras","og_description":"[vc_row full_width=\u00bbstretch_row\u00bb css=\u00bb.vc_custom_1580509873226{padding-top: 58px !important;padding-bottom: 58px !important;background-image: url(https:\/\/proyectum.com\/hn\/wp-content\/uploads\/2018\/09\/curso-tipo.png?id=6990) !important;background-position: center !important;background-repeat: no-repeat !important;background-size: cover !important;}\u00bb][vc_column width=\u00bb1\/2&#8243;][vc_custom_heading text=\u00bbDisciplined Agile Senior Scrum Master DASSM-PMI\u00bb font_container=\u00bbtag:h1|font_size:40|text_align:center|color:%23ffffff\u00bb use_theme_fonts=\u00bbyes\u00bb css=\u00bb.vc_custom_1604423398819{margin-bottom: 0px !important;padding-top: 25px !important;}\u00bb][\/vc_column][vc_column width=\u00bb1\/2&#8243;][vc_single_image image=\u00bb9634&#8243; img_size=\u00bb200&#215;170&#8243; css=\u00bb.vc_custom_1602870056064{padding-left: 250px !important;}\u00bb][\/vc_column][\/vc_row][vc_row css=\u00bb.vc_custom_1488777218947{padding-top: 25px !important;padding-bottom: 60px !important;}\u00bb][vc_column width=\u00bb2\/3&#8243; css=\u00bb.vc_custom_1579695241240{padding-right: 40px !important;}\u00bb][vc_column_text] Como l\u00edder de equipo, te esfuerzas por ser m\u00e1s \u00e1gil y [&hellip;]","og_url":"https:\/\/proyectum.com\/hn\/capacitacion\/dassm-disciplined-agile-senior-scrum-master\/","og_site_name":"Proyectum Honduras","article_publisher":"https:\/\/www.facebook.com\/proyectumcr\/","article_modified_time":"2021-05-13T16:47:55+00:00","twitter_card":"summary_large_image","twitter_misc":{"Tiempo de lectura":"4 minutos"},"schema":{"@context":"https:\/\/schema.org","@graph":[{"@type":"WebPage","@id":"https:\/\/proyectum.com\/hn\/capacitacion\/dassm-disciplined-agile-senior-scrum-master\/","url":"https:\/\/proyectum.com\/hn\/capacitacion\/dassm-disciplined-agile-senior-scrum-master\/","name":"Disciplined Agile Senior Scrum Master DASSM-PMI\u00ae - Proyectum Honduras","isPartOf":{"@id":"https:\/\/proyectum.com\/hn\/#website"},"datePublished":"2020-01-22T11:38:00+00:00","dateModified":"2021-05-13T16:47:55+00:00","breadcrumb":{"@id":"https:\/\/proyectum.com\/hn\/capacitacion\/dassm-disciplined-agile-senior-scrum-master\/#breadcrumb"},"inLanguage":"es","potentialAction":[{"@type":"ReadAction","target":["https:\/\/proyectum.com\/hn\/capacitacion\/dassm-disciplined-agile-senior-scrum-master\/"]}]},{"@type":"BreadcrumbList","@id":"https:\/\/proyectum.com\/hn\/capacitacion\/dassm-disciplined-agile-senior-scrum-master\/#breadcrumb","itemListElement":[{"@type":"ListItem","position":1,"name":"Home","item":"https:\/\/proyectum.com\/hn\/"},{"@type":"ListItem","position":2,"name":"Capacitaciones","item":"https:\/\/proyectum.com\/hn\/capacitacion\/"},{"@type":"ListItem","position":3,"name":"Disciplined Agile Senior Scrum Master DASSM-PMI\u00ae"}]},{"@type":"WebSite","@id":"https:\/\/proyectum.com\/hn\/#website","url":"https:\/\/proyectum.com\/hn\/","name":"Proyectum Costa Rica","description":"Direcci\u00f3n de proyectos y agilidad","publisher":{"@id":"https:\/\/proyectum.com\/hn\/#organization"},"potentialAction":[{"@type":"SearchAction","target":{"@type":"EntryPoint","urlTemplate":"https:\/\/proyectum.com\/hn\/?s={search_term_string}"},"query-input":{"@type":"PropertyValueSpecification","valueRequired":true,"valueName":"search_term_string"}}],"inLanguage":"es"},{"@type":"Organization","@id":"https:\/\/proyectum.com\/hn\/#organization","name":"Proyectum Costa Rica","url":"https:\/\/proyectum.com\/hn\/","logo":{"@type":"ImageObject","inLanguage":"es","@id":"https:\/\/proyectum.com\/hn\/#\/schema\/logo\/image\/","url":"https:\/\/i1.wp.com\/proyectum.com\/hn\/wp-content\/uploads\/proyectum-logo-snippet.png?fit=600%2C315&ssl=1","contentUrl":"https:\/\/i1.wp.com\/proyectum.com\/hn\/wp-content\/uploads\/proyectum-logo-snippet.png?fit=600%2C315&ssl=1","width":600,"height":315,"caption":"Proyectum Costa Rica"},"image":{"@id":"https:\/\/proyectum.com\/hn\/#\/schema\/logo\/image\/"},"sameAs":["https:\/\/www.facebook.com\/proyectumcr\/","https:\/\/www.instagram.com\/proyectumcostarica\/","https:\/\/www.linkedin.com\/company\/proyectum-costarica\/","https:\/\/www.youtube.com\/channel\/UCljouWimyhK_cNcC2jniUgw"]}]}},"jetpack_sharing_enabled":true,"_links":{"self":[{"href":"https:\/\/proyectum.com\/hn\/wp-json\/wp\/v2\/pages\/7349"}],"collection":[{"href":"https:\/\/proyectum.com\/hn\/wp-json\/wp\/v2\/pages"}],"about":[{"href":"https:\/\/proyectum.com\/hn\/wp-json\/wp\/v2\/types\/page"}],"author":[{"embeddable":true,"href":"https:\/\/proyectum.com\/hn\/wp-json\/wp\/v2\/users\/27"}],"replies":[{"embeddable":true,"href":"https:\/\/proyectum.com\/hn\/wp-json\/wp\/v2\/comments?post=7349"}],"version-history":[{"count":113,"href":"https:\/\/proyectum.com\/hn\/wp-json\/wp\/v2\/pages\/7349\/revisions"}],"predecessor-version":[{"id":10602,"href":"https:\/\/proyectum.com\/hn\/wp-json\/wp\/v2\/pages\/7349\/revisions\/10602"}],"up":[{"embeddable":true,"href":"https:\/\/proyectum.com\/hn\/wp-json\/wp\/v2\/pages\/7466"}],"wp:attachment":[{"href":"https:\/\/proyectum.com\/hn\/wp-json\/wp\/v2\/media?parent=7349"}],"curies":[{"name":"wp","href":"https:\/\/api.w.org\/{rel}","templated":true}]}}