{"id":89,"date":"2017-03-03T21:15:53","date_gmt":"2017-03-03T21:15:53","guid":{"rendered":"http:\/\/sw-themes.com\/porto_dummy\/?page_id=89"},"modified":"2023-09-08T18:51:13","modified_gmt":"2023-09-09T00:51:13","slug":"quienes-somos","status":"publish","type":"page","link":"https:\/\/proyectum.com\/hn\/quienes-somos\/","title":{"rendered":"Qui\u00e9nes somos"},"content":{"rendered":"<div class=\"wpb-content-wrapper\"><p>[vc_row full_width=\u00bbstretch_row\u00bb parallax=\u00bbcontent-moving\u00bb parallax_image=\u00bb6995&#8243; css=\u00bb.vc_custom_1538088125850{padding-top: 128px !important;padding-bottom: 128px !important;}\u00bb el_class=\u00bbbg-degrade-header\u00bb][vc_column][vc_custom_heading text=\u00bbQUI\u00c9NES SOMOS\u00bb font_container=\u00bbtag:h1|text_align:center|color:%23ffffff\u00bb use_theme_fonts=\u00bbyes\u00bb css=\u00bb.vc_custom_1538088134807{margin-bottom: 0px !important;}\u00bb][\/vc_column][\/vc_row][vc_row css=\u00bb.vc_custom_1488777218947{padding-top: 25px !important;padding-bottom: 60px !important;}\u00bb][vc_column]<div class=\"porto-u-heading  wpb_custom_95aa9a11c17ad45cfabaf210d84ee7cc porto-u-3773\"><div class=\"porto-u-main-heading\"><h2   style=\"font-weight:bold;line-height:27px;\">SOBRE NOSOTROS<\/h2><\/div><style>.porto-u-3773.porto-u-heading{text-align:center}<\/style><\/div>[vc_column_text css=\u00bb.vc_custom_1617053617779{margin-top: 30px !important;}\u00bb]<\/p>\n<p style=\"text-align: center;\">Proyectum es una empresa especializada en consultor\u00eda y capacitaci\u00f3n en gesti\u00f3n de proyectos. Ayudamos a las organizaciones a implementar sus objetivos estrat\u00e9gicos a trav\u00e9s de la implementaci\u00f3n exitosa de sus proyectos.<\/p>\n<p style=\"text-align: center;\"><span style=\"font-size: 24px; color: #000000;\"><strong>\u00abMaking strategy work\u00bb<\/strong><\/span><\/p>\n<p>[\/vc_column_text][vc_video link=\u00bbhttps:\/\/youtu.be\/C3rX7EjWCqI\u00bb el_width=\u00bb50&#8243; align=\u00bbcenter\u00bb][vc_row_inner][vc_column_inner width=\u00bb1\/2&#8243;]<div class=\"porto-sicon-box  wpb_custom_1efe903570d178ff0a9b7bfa5febd3a4 style_1 default-icon\"><div class=\"porto-sicon-header\"><h3 class=\"porto-sicon-title\" style=\"\">Proyectum Latinoam\u00e9rica<\/h3><\/div> <!-- header --><\/div><!-- porto-sicon-box -->[vc_column_text]Nuestra firma est\u00e1 presente en M\u00e9xico, Chile, Ecuador, Rep\u00fablica Dominicana, Panam\u00e1, Guatemala, El Salvador, Per\u00fa, Costa Rica, Colombia y Honduras, poniendo al servicio de nuestros mercados los productos Proyectum, la capacitaci\u00f3n y los servicios con nuestros est\u00e1ndares, con el conocimiento de la realidad de nuestros pa\u00edses.<\/p>\n<p>Tenemos una gama completa de servicios de consultor\u00eda, incluyendo la implementaci\u00f3n de la gesti\u00f3n de proyectos, creaci\u00f3n y gesti\u00f3n de la Oficina de Gesti\u00f3n de Proyectos (PMO), la definici\u00f3n de los procesos de gesti\u00f3n de cartera estrat\u00e9gica de proyectos, entre otros, as\u00ed como un extenso curr\u00edculum en cursos de formaci\u00f3n.<\/p>\n<p>Nuestras soluciones est\u00e1n respaldadas por un conjunto de metodolog\u00edas desarrolladas durante los a\u00f1os, que abarcan la gesti\u00f3n de proyectos, oficinas de gesti\u00f3n y carteras de proyectos.<\/p>\n<ul>\n<li>Oficinas en 11 pa\u00edses<\/li>\n<li>Portafolio educativo de m\u00e1s de 60 cursos<\/li>\n<li>ATP de PMI\u00ae (Authorized Training Partner)<\/li>\n<\/ul>\n<p>[\/vc_column_text][\/vc_column_inner][vc_column_inner width=\u00bb1\/2&#8243;]<div class=\"porto-sicon-box  wpb_custom_1efe903570d178ff0a9b7bfa5febd3a4 style_1 default-icon\"><div class=\"porto-sicon-header\"><h3 class=\"porto-sicon-title\" style=\"\">Proyectum en Honduras<\/h3><\/div> <!-- header --><\/div><!-- porto-sicon-box -->[vc_column_text]Proyectum Honduras, es una empresa cuyo foco es ofrecer servicios de consultor\u00eda y formaci\u00f3n a grandes empresas.<\/p>\n<p>Somos una organizaci\u00f3n multinacional de consultor\u00eda, capacitaci\u00f3n y formaci\u00f3n continua, apoyamos a nuestros clientes a implementar su estrategia, mejorar sus resultados, procesos y pr\u00e1cticas de negocio, utilizando como base la filosof\u00eda \u00e1gil y direcci\u00f3n profesional de proyectos. Creemos en la agilidad de negocios en la entrega de valor continuo al cliente, en el trabajo colaborativo, en entender las necesidades de nuestro entorno y ponemos todos nuestro esfuerzos y conocimientos en la implementaci\u00f3n de soluciones de valor para nuestros clientes.[\/vc_column_text][\/vc_column_inner][\/vc_row_inner][\/vc_column][\/vc_row][vc_row full_width=\u00bbstretch_row\u00bb css=\u00bb.vc_custom_1488887722850{padding-top: 60px !important;padding-bottom: 45px !important;background-color: #6a80a9 !important;}\u00bb][vc_column width=\u00bb1\/2&#8243;]<div class=\"porto-sicon-box  vc_custom_1536773333438  wpb_custom_74c312c6382c672d88415152636ca045 style_1 left-icon\"><div class=\"porto-sicon-left\"><div id=\"porto-icon-113786768269e10fb0d7fba\" class=\"porto-just-icon-wrapper porto-sicon-img\" style=\"font-size: 45px;\"><img loading=\"lazy\" decoding=\"async\" class=\"img-icon\" alt=\"\" src=\"https:\/\/i0.wp.com\/proyectum.com\/hn\/wp-content\/uploads\/2017\/03\/custom-icon-2-1.png?fit=45%2C47&#038;ssl=1\" width=\"45\" height=\"47\" \/><\/div><\/div><div class=\"porto-sicon-body\"><div class=\"porto-sicon-header\"><h3 class=\"porto-sicon-title\" style=\"font-weight:700;font-size:25px;line-height:27px;\">MISI\u00d3N<\/h3><\/div> <!-- header --><\/div><\/div><!-- porto-sicon-box -->[vc_column_text]<span style=\"color: #f5f5f5;\">Nos especializamos en consultor\u00eda, implementaci\u00f3n estrat\u00e9gica del negocio y formaci\u00f3n profesional; mediante el desarrollo de su oficina de gesti\u00f3n de proyectos, la gesti\u00f3n estrat\u00e9gica de portafolios, programas y proyectos.<\/span>[\/vc_column_text]<div class=\"porto-sicon-box  vc_custom_1536773306846  wpb_custom_74c312c6382c672d88415152636ca045 style_1 left-icon\"><div class=\"porto-sicon-left\"><div id=\"porto-icon-58521517069e10fb0d8daa\" class=\"porto-just-icon-wrapper porto-sicon-img\" style=\"font-size: 45px;\"><img loading=\"lazy\" decoding=\"async\" class=\"img-icon\" alt=\"\" src=\"https:\/\/i0.wp.com\/proyectum.com\/hn\/wp-content\/uploads\/2017\/03\/custom-icon-1-1.png?fit=45%2C47&#038;ssl=1\" width=\"45\" height=\"47\" \/><\/div><\/div><div class=\"porto-sicon-body\"><div class=\"porto-sicon-header\"><h3 class=\"porto-sicon-title\" style=\"font-weight:700;font-size:25px;line-height:27px;\">VISI\u00d3N<\/h3><\/div> <!-- header --><\/div><\/div><!-- porto-sicon-box -->[vc_column_text]<span style=\"color: #f5f5f5;\">Ser el mejor socio de negocios de las empresas p\u00fablicas y privadas l\u00edderes de la regi\u00f3n haciendo realidad sus planes y proyectos estrat\u00e9gicos.<\/span>[\/vc_column_text][\/vc_column][vc_column width=\u00bb1\/2&#8243;]<div class=\"porto-sicon-box  vc_custom_1536773619284  wpb_custom_74c312c6382c672d88415152636ca045 style_1 left-icon\"><div class=\"porto-sicon-left\"><div id=\"porto-icon-189883773569e10fb0d95bd\" class=\"porto-just-icon-wrapper porto-sicon-img\" style=\"font-size: 45px;\"><img loading=\"lazy\" decoding=\"async\" class=\"img-icon\" alt=\"\" src=\"https:\/\/i0.wp.com\/proyectum.com\/hn\/wp-content\/uploads\/2017\/03\/custom-icon-1-1.png?fit=45%2C47&#038;ssl=1\" width=\"45\" height=\"47\" \/><\/div><\/div><div class=\"porto-sicon-body\"><div class=\"porto-sicon-header\"><h3 class=\"porto-sicon-title\" style=\"font-weight:700;font-size:25px;line-height:27px;\">VALORES<\/h3><\/div> <!-- header --><\/div><\/div><!-- porto-sicon-box -->[vc_column_text]<span style=\"color: #f5f5f5;\">Siendo considerados como aquellos principios \u00e9ticos sobre los que se asienta la cultura de la empresa y permiten crear las pautas de comportamiento:<\/span><\/p>\n<p><span style=\"color: #f5f5f5;\"><strong>Excelencia:<\/strong> <\/span><br \/>\n<span style=\"color: #f5f5f5;\">Llevamos nuestro profesionalismo y calidad al nivel \u00f3ptimo.<\/span><\/p>\n<p><span style=\"color: #f5f5f5;\"><strong>Integridad:<\/strong> <\/span><br \/>\n<span style=\"color: #f5f5f5;\">Actuamos con determinaci\u00f3n, honestidad y coherencia con nuestros valores.<\/span><\/p>\n<p><span style=\"color: #f5f5f5;\"><strong>Trabajo en equipo:<\/strong> <\/span><br \/>\n<span style=\"color: #f5f5f5;\">Con el aporte de todos, buscamos el logro de los objetivos de su organizaci\u00f3n.<\/span><\/p>\n<p><span style=\"color: #f5f5f5;\"><strong>Liderazgo:<\/strong> <\/span><br \/>\n<span style=\"color: #f5f5f5;\">Potenciamos su negocio para que provea productos de excelencia y servicios de clase mundial<\/span>[\/vc_column_text][\/vc_column][\/vc_row][vc_row full_width=\u00bbstretch_row_content_no_spaces\u00bb equal_height=\u00bbyes\u00bb][vc_column css=\u00bb.vc_custom_1694220665567{padding-top: 60px !important;padding-bottom: 55px !important;padding-left: 15px !important;}\u00bb el_class=\u00bbbackground-color-primary\u00bb]<div class=\"porto-container container\">[vc_custom_heading text=\u00bbTe llamamos\u00bb font_container=\u00bbtag:h2|text_align:left|color:%23ffffff\u00bb use_theme_fonts=\u00bbyes\u00bb text_transform=\u00bbtext-uppercase\u00bb css=\u00bb.vc_custom_1581511955361{margin-bottom: 0px !important;}\u00bb][vc_column_text]<span style=\"font-size: 16px; color: #c6d4ee;\">D\u00e9janos tus datos para que te llamemos<\/span>[\/vc_column_text]\n<div class=\"wpcf7 no-js\" id=\"wpcf7-f281-o1\" lang=\"en-US\" dir=\"ltr\">\n<div class=\"screen-reader-response\"><p role=\"status\" aria-live=\"polite\" aria-atomic=\"true\"><\/p> <ul><\/ul><\/div>\n<form action=\"\/hn\/wp-json\/wp\/v2\/pages\/89#wpcf7-f281-o1\" method=\"post\" class=\"wpcf7-form init\" aria-label=\"Contact form\" novalidate=\"novalidate\" data-status=\"init\">\n<div style=\"display: none;\">\n<input type=\"hidden\" name=\"_wpcf7\" value=\"281\" \/>\n<input type=\"hidden\" name=\"_wpcf7_version\" value=\"5.9.8\" \/>\n<input type=\"hidden\" name=\"_wpcf7_locale\" value=\"en_US\" \/>\n<input type=\"hidden\" name=\"_wpcf7_unit_tag\" value=\"wpcf7-f281-o1\" \/>\n<input type=\"hidden\" name=\"_wpcf7_container_post\" value=\"0\" \/>\n<input type=\"hidden\" name=\"_wpcf7_posted_data_hash\" value=\"\" \/>\n<\/div>\n<div class=\"row\">\n\t<div class=\"col-lg-6\">\n\t\t<i class=\"Simple-Line-Icons-user text-color-light\"><\/i><span class=\"wpcf7-form-control-wrap\" data-name=\"your-name\"><input size=\"40\" maxlength=\"400\" class=\"wpcf7-form-control wpcf7-text wpcf7-validates-as-required custom-contact-input\" aria-required=\"true\" aria-invalid=\"false\" placeholder=\"Nombre *\" value=\"\" type=\"text\" name=\"your-name\" \/><\/span>\n\t<\/div>\n\t<div class=\"col-lg-6\">\n\t\t<i class=\"Simple-Line-Icons-envelope text-color-light\"><\/i><span class=\"wpcf7-form-control-wrap\" data-name=\"your-email\"><input size=\"40\" maxlength=\"400\" class=\"wpcf7-form-control wpcf7-email wpcf7-validates-as-required wpcf7-text wpcf7-validates-as-email custom-contact-input\" aria-required=\"true\" aria-invalid=\"false\" placeholder=\"Email *\" value=\"\" type=\"email\" name=\"your-email\" \/><\/span>\n\t<\/div>\n<\/div>\n<div class=\"row\">\n\t<div class=\"col-lg-6\">\n\t\t<i class=\"Simple-Line-Icons-call-out icons text-color-light\"><\/i><span class=\"wpcf7-form-control-wrap\" data-name=\"your-phone\"><input size=\"40\" maxlength=\"400\" class=\"wpcf7-form-control wpcf7-text custom-contact-input\" aria-invalid=\"false\" placeholder=\"Tel\u00e9fono\" value=\"\" type=\"text\" name=\"your-phone\" \/><\/span>\n\t<\/div>\n\n<\/div>\n<div class=\"row\">\n\t<div class=\"col-lg-12\">\n\t\t<i class=\"Simple-Line-Icons-bubble icons text-color-light\"><\/i><span class=\"wpcf7-form-control-wrap\" data-name=\"txt-msg\"><textarea cols=\"40\" rows=\"5\" maxlength=\"2000\" class=\"wpcf7-form-control wpcf7-textarea wpcf7-validates-as-required custom-contact-input\" aria-required=\"true\" aria-invalid=\"false\" placeholder=\"Mensaje *\" name=\"txt-msg\"><\/textarea><\/span>\n\t<\/div>\n<\/div>\n\n<div class=\"col-lg-6\">\n    <div class=\"text-left text-checkbox\"><span class=\"wpcf7-form-control-wrap\" data-name=\"politicas\"><span class=\"wpcf7-form-control wpcf7-acceptance\"><span class=\"wpcf7-list-item\"><label><input type=\"checkbox\" name=\"politicas\" value=\"1\" aria-invalid=\"false\" \/><span class=\"wpcf7-list-item-label\">He le\u00eddo la <a href=\"\/cl\/politicas-de-privacidad\/\" target=\"_blank\">pol\u00edtica de privacidad<\/a> y la acepto.<\/span><\/label><\/span><\/span><\/span><\/div>\n\n<\/div>\n<div class=\"row center\">\n\t<div class=\"col-lg-12\"><input class=\"wpcf7-form-control wpcf7-submit has-spinner custom-btn-style-4\" type=\"submit\" value=\"ENVIAR\" \/><\/div>\n<\/div>\n<style>\n.text-checkbox{\ndisplay:block !important;\nwidth: 100%;\ncolor: #fff;\n}\n.text-left.text-checkbox span {\n    position: inherit !important;\n    display: inline-block;\n}\n.wpcf7-form > .row > *{ margin-bottom: 25px; }\n.wpcf7-form i{ position: absolute; top: 10px; }\n.wpcf7-form-control.custom-contact-input {\n    width: 100%;\n    background: none;\n    border: 0px;\n    border-bottom: 1px solid rgba(255, 255, 255, 0.2);\n    box-shadow: none;\n    padding: 10px 10px 10px 30px;\n    color: #fff;\n    -webkit-appearance: none;\n    -moz-appearance: none;\n    -ms-appearance: none;\n    -o-appearance: none;\n    appearance: none;\n}\n.custom-select-style:after {\n    content: '';\n    display: block;\n    position: absolute;\n    top: 50%;\n    right: 25px;\n    width: 10px;\n    height: 10px;\n    border-right: 1px solid #c8d4ea;\n    border-bottom: 1px solid #c8d4ea;\n    z-index: 0;\n    -webkit-transform: translateY(-50%) rotate(45deg);\n    -moz-transform: translateY(-50%) rotate(45deg);\n    -ms-transform: translateY(-50%) rotate(45deg);\n    -o-transform: translateY(-50%) rotate(45deg);\n    transform: translateY(-50%) rotate(45deg);\n}\nselect.custom-contact-input option { color: #818898; }\n.wpcf7-submit.custom-btn-style-4 {\n    background: transparent !important;\n    color: #FFF;\n    font-weight: 900 !important;\n    border: 2px solid #fff !important;\n    padding: 10px 20px !important;\n    font-size: 14px;\n    border-radius: 0px !important;\n}\n.wpcf7-submit.custom-btn-style-4:hover {\n    background: #FFF !important;\n    color: #6a80a9 !important;\n}\n::-webkit-input-placeholder { color: #c8d4ea; }\n::-moz-placeholder { color: #c8d4ea; }\n:-ms-input-placeholder { color: #c8d4ea; }\n:-moz-placeholder{ color: #c8d4ea; }\n@media(max-width: 991px){\n\t.wpcf7-form > .row > *{ margin-bottom: 15px; }\n\t.wpcf7-form .row.center{ margin-top: 10px; }\n}\n<\/style><div class=\"wpcf7-response-output\" aria-hidden=\"true\"><\/div>\n<\/form>\n<\/div>\n<\/div>[\/vc_column][\/vc_row]<\/p>\n<\/div>","protected":false},"excerpt":{"rendered":"<p>[vc_row full_width=\u00bbstretch_row\u00bb parallax=\u00bbcontent-moving\u00bb parallax_image=\u00bb6995&#8243; css=\u00bb.vc_custom_1538088125850{padding-top: 128px !important;padding-bottom: 128px !important;}\u00bb el_class=\u00bbbg-degrade-header\u00bb][vc_column][vc_custom_heading text=\u00bbQUI\u00c9NES SOMOS\u00bb font_container=\u00bbtag:h1|text_align:center|color:%23ffffff\u00bb use_theme_fonts=\u00bbyes\u00bb css=\u00bb.vc_custom_1538088134807{margin-bottom: 0px !important;}\u00bb][\/vc_column][\/vc_row][vc_row css=\u00bb.vc_custom_1488777218947{padding-top: 25px !important;padding-bottom: 60px !important;}\u00bb][vc_column][vc_column_text css=\u00bb.vc_custom_1617053617779{margin-top: 30px !important;}\u00bb] Proyectum es una empresa especializada en consultor\u00eda y capacitaci\u00f3n en gesti\u00f3n de proyectos. Ayudamos a las organizaciones a implementar sus objetivos estrat\u00e9gicos a trav\u00e9s de la implementaci\u00f3n exitosa de sus [&hellip;]<\/p>\n","protected":false},"author":30,"featured_media":0,"parent":0,"menu_order":0,"comment_status":"closed","ping_status":"closed","template":"","meta":{"_acf_changed":false,"_joinchat":[],"footnotes":""},"acf":[],"yoast_head":"<!-- This site is optimized with the Yoast SEO plugin v24.5 - https:\/\/yoast.com\/wordpress\/plugins\/seo\/ -->\n<title>Qui\u00e9nes somos - Proyectum Honduras<\/title>\n<meta name=\"robots\" content=\"index, follow, max-snippet:-1, max-image-preview:large, max-video-preview:-1\" \/>\n<link rel=\"canonical\" href=\"https:\/\/proyectum.com\/hn\/quienes-somos\/\" \/>\n<meta property=\"og:locale\" content=\"es_ES\" \/>\n<meta property=\"og:type\" content=\"article\" \/>\n<meta property=\"og:title\" content=\"Qui\u00e9nes somos - Proyectum Honduras\" \/>\n<meta property=\"og:description\" content=\"[vc_row full_width=\u00bbstretch_row\u00bb parallax=\u00bbcontent-moving\u00bb parallax_image=\u00bb6995&#8243; css=\u00bb.vc_custom_1538088125850{padding-top: 128px !important;padding-bottom: 128px !important;}\u00bb el_class=\u00bbbg-degrade-header\u00bb][vc_column][vc_custom_heading text=\u00bbQUI\u00c9NES SOMOS\u00bb font_container=\u00bbtag:h1|text_align:center|color:%23ffffff\u00bb use_theme_fonts=\u00bbyes\u00bb css=\u00bb.vc_custom_1538088134807{margin-bottom: 0px !important;}\u00bb][\/vc_column][\/vc_row][vc_row css=\u00bb.vc_custom_1488777218947{padding-top: 25px !important;padding-bottom: 60px !important;}\u00bb][vc_column][vc_column_text css=\u00bb.vc_custom_1617053617779{margin-top: 30px !important;}\u00bb] Proyectum es una empresa especializada en consultor\u00eda y capacitaci\u00f3n en gesti\u00f3n de proyectos. Ayudamos a las organizaciones a implementar sus objetivos estrat\u00e9gicos a trav\u00e9s de la implementaci\u00f3n exitosa de sus [&hellip;]\" \/>\n<meta property=\"og:url\" content=\"https:\/\/proyectum.com\/hn\/quienes-somos\/\" \/>\n<meta property=\"og:site_name\" content=\"Proyectum Honduras\" \/>\n<meta property=\"article:publisher\" content=\"https:\/\/www.facebook.com\/proyectumcr\/\" \/>\n<meta property=\"article:modified_time\" content=\"2023-09-09T00:51:13+00:00\" \/>\n<meta name=\"twitter:card\" content=\"summary_large_image\" \/>\n<meta name=\"twitter:label1\" content=\"Tiempo de lectura\" \/>\n\t<meta name=\"twitter:data1\" content=\"3 minutos\" \/>\n<script type=\"application\/ld+json\" class=\"yoast-schema-graph\">{\"@context\":\"https:\/\/schema.org\",\"@graph\":[{\"@type\":\"WebPage\",\"@id\":\"https:\/\/proyectum.com\/hn\/quienes-somos\/\",\"url\":\"https:\/\/proyectum.com\/hn\/quienes-somos\/\",\"name\":\"Qui\u00e9nes somos - Proyectum Honduras\",\"isPartOf\":{\"@id\":\"https:\/\/proyectum.com\/hn\/#website\"},\"datePublished\":\"2017-03-03T21:15:53+00:00\",\"dateModified\":\"2023-09-09T00:51:13+00:00\",\"breadcrumb\":{\"@id\":\"https:\/\/proyectum.com\/hn\/quienes-somos\/#breadcrumb\"},\"inLanguage\":\"es\",\"potentialAction\":[{\"@type\":\"ReadAction\",\"target\":[\"https:\/\/proyectum.com\/hn\/quienes-somos\/\"]}]},{\"@type\":\"BreadcrumbList\",\"@id\":\"https:\/\/proyectum.com\/hn\/quienes-somos\/#breadcrumb\",\"itemListElement\":[{\"@type\":\"ListItem\",\"position\":1,\"name\":\"Home\",\"item\":\"https:\/\/proyectum.com\/hn\/\"},{\"@type\":\"ListItem\",\"position\":2,\"name\":\"Qui\u00e9nes somos\"}]},{\"@type\":\"WebSite\",\"@id\":\"https:\/\/proyectum.com\/hn\/#website\",\"url\":\"https:\/\/proyectum.com\/hn\/\",\"name\":\"Proyectum Costa Rica\",\"description\":\"Direcci\u00f3n de proyectos y agilidad\",\"publisher\":{\"@id\":\"https:\/\/proyectum.com\/hn\/#organization\"},\"potentialAction\":[{\"@type\":\"SearchAction\",\"target\":{\"@type\":\"EntryPoint\",\"urlTemplate\":\"https:\/\/proyectum.com\/hn\/?s={search_term_string}\"},\"query-input\":{\"@type\":\"PropertyValueSpecification\",\"valueRequired\":true,\"valueName\":\"search_term_string\"}}],\"inLanguage\":\"es\"},{\"@type\":\"Organization\",\"@id\":\"https:\/\/proyectum.com\/hn\/#organization\",\"name\":\"Proyectum Costa Rica\",\"url\":\"https:\/\/proyectum.com\/hn\/\",\"logo\":{\"@type\":\"ImageObject\",\"inLanguage\":\"es\",\"@id\":\"https:\/\/proyectum.com\/hn\/#\/schema\/logo\/image\/\",\"url\":\"https:\/\/i1.wp.com\/proyectum.com\/hn\/wp-content\/uploads\/proyectum-logo-snippet.png?fit=600%2C315&ssl=1\",\"contentUrl\":\"https:\/\/i1.wp.com\/proyectum.com\/hn\/wp-content\/uploads\/proyectum-logo-snippet.png?fit=600%2C315&ssl=1\",\"width\":600,\"height\":315,\"caption\":\"Proyectum Costa Rica\"},\"image\":{\"@id\":\"https:\/\/proyectum.com\/hn\/#\/schema\/logo\/image\/\"},\"sameAs\":[\"https:\/\/www.facebook.com\/proyectumcr\/\",\"https:\/\/www.instagram.com\/proyectumcostarica\/\",\"https:\/\/www.linkedin.com\/company\/proyectum-costarica\/\",\"https:\/\/www.youtube.com\/channel\/UCljouWimyhK_cNcC2jniUgw\"]}]}<\/script>\n<!-- \/ Yoast SEO plugin. -->","yoast_head_json":{"title":"Qui\u00e9nes somos - Proyectum Honduras","robots":{"index":"index","follow":"follow","max-snippet":"max-snippet:-1","max-image-preview":"max-image-preview:large","max-video-preview":"max-video-preview:-1"},"canonical":"https:\/\/proyectum.com\/hn\/quienes-somos\/","og_locale":"es_ES","og_type":"article","og_title":"Qui\u00e9nes somos - Proyectum Honduras","og_description":"[vc_row full_width=\u00bbstretch_row\u00bb parallax=\u00bbcontent-moving\u00bb parallax_image=\u00bb6995&#8243; css=\u00bb.vc_custom_1538088125850{padding-top: 128px !important;padding-bottom: 128px !important;}\u00bb el_class=\u00bbbg-degrade-header\u00bb][vc_column][vc_custom_heading text=\u00bbQUI\u00c9NES SOMOS\u00bb font_container=\u00bbtag:h1|text_align:center|color:%23ffffff\u00bb use_theme_fonts=\u00bbyes\u00bb css=\u00bb.vc_custom_1538088134807{margin-bottom: 0px !important;}\u00bb][\/vc_column][\/vc_row][vc_row css=\u00bb.vc_custom_1488777218947{padding-top: 25px !important;padding-bottom: 60px !important;}\u00bb][vc_column][vc_column_text css=\u00bb.vc_custom_1617053617779{margin-top: 30px !important;}\u00bb] Proyectum es una empresa especializada en consultor\u00eda y capacitaci\u00f3n en gesti\u00f3n de proyectos. Ayudamos a las organizaciones a implementar sus objetivos estrat\u00e9gicos a trav\u00e9s de la implementaci\u00f3n exitosa de sus [&hellip;]","og_url":"https:\/\/proyectum.com\/hn\/quienes-somos\/","og_site_name":"Proyectum Honduras","article_publisher":"https:\/\/www.facebook.com\/proyectumcr\/","article_modified_time":"2023-09-09T00:51:13+00:00","twitter_card":"summary_large_image","twitter_misc":{"Tiempo de lectura":"3 minutos"},"schema":{"@context":"https:\/\/schema.org","@graph":[{"@type":"WebPage","@id":"https:\/\/proyectum.com\/hn\/quienes-somos\/","url":"https:\/\/proyectum.com\/hn\/quienes-somos\/","name":"Qui\u00e9nes somos - Proyectum Honduras","isPartOf":{"@id":"https:\/\/proyectum.com\/hn\/#website"},"datePublished":"2017-03-03T21:15:53+00:00","dateModified":"2023-09-09T00:51:13+00:00","breadcrumb":{"@id":"https:\/\/proyectum.com\/hn\/quienes-somos\/#breadcrumb"},"inLanguage":"es","potentialAction":[{"@type":"ReadAction","target":["https:\/\/proyectum.com\/hn\/quienes-somos\/"]}]},{"@type":"BreadcrumbList","@id":"https:\/\/proyectum.com\/hn\/quienes-somos\/#breadcrumb","itemListElement":[{"@type":"ListItem","position":1,"name":"Home","item":"https:\/\/proyectum.com\/hn\/"},{"@type":"ListItem","position":2,"name":"Qui\u00e9nes somos"}]},{"@type":"WebSite","@id":"https:\/\/proyectum.com\/hn\/#website","url":"https:\/\/proyectum.com\/hn\/","name":"Proyectum Costa Rica","description":"Direcci\u00f3n de proyectos y agilidad","publisher":{"@id":"https:\/\/proyectum.com\/hn\/#organization"},"potentialAction":[{"@type":"SearchAction","target":{"@type":"EntryPoint","urlTemplate":"https:\/\/proyectum.com\/hn\/?s={search_term_string}"},"query-input":{"@type":"PropertyValueSpecification","valueRequired":true,"valueName":"search_term_string"}}],"inLanguage":"es"},{"@type":"Organization","@id":"https:\/\/proyectum.com\/hn\/#organization","name":"Proyectum Costa Rica","url":"https:\/\/proyectum.com\/hn\/","logo":{"@type":"ImageObject","inLanguage":"es","@id":"https:\/\/proyectum.com\/hn\/#\/schema\/logo\/image\/","url":"https:\/\/i1.wp.com\/proyectum.com\/hn\/wp-content\/uploads\/proyectum-logo-snippet.png?fit=600%2C315&ssl=1","contentUrl":"https:\/\/i1.wp.com\/proyectum.com\/hn\/wp-content\/uploads\/proyectum-logo-snippet.png?fit=600%2C315&ssl=1","width":600,"height":315,"caption":"Proyectum Costa Rica"},"image":{"@id":"https:\/\/proyectum.com\/hn\/#\/schema\/logo\/image\/"},"sameAs":["https:\/\/www.facebook.com\/proyectumcr\/","https:\/\/www.instagram.com\/proyectumcostarica\/","https:\/\/www.linkedin.com\/company\/proyectum-costarica\/","https:\/\/www.youtube.com\/channel\/UCljouWimyhK_cNcC2jniUgw"]}]}},"jetpack_sharing_enabled":true,"_links":{"self":[{"href":"https:\/\/proyectum.com\/hn\/wp-json\/wp\/v2\/pages\/89"}],"collection":[{"href":"https:\/\/proyectum.com\/hn\/wp-json\/wp\/v2\/pages"}],"about":[{"href":"https:\/\/proyectum.com\/hn\/wp-json\/wp\/v2\/types\/page"}],"author":[{"embeddable":true,"href":"https:\/\/proyectum.com\/hn\/wp-json\/wp\/v2\/users\/30"}],"replies":[{"embeddable":true,"href":"https:\/\/proyectum.com\/hn\/wp-json\/wp\/v2\/comments?post=89"}],"version-history":[{"count":38,"href":"https:\/\/proyectum.com\/hn\/wp-json\/wp\/v2\/pages\/89\/revisions"}],"predecessor-version":[{"id":10778,"href":"https:\/\/proyectum.com\/hn\/wp-json\/wp\/v2\/pages\/89\/revisions\/10778"}],"wp:attachment":[{"href":"https:\/\/proyectum.com\/hn\/wp-json\/wp\/v2\/media?parent=89"}],"curies":[{"name":"wp","href":"https:\/\/api.w.org\/{rel}","templated":true}]}}