{"id":9498,"date":"2020-09-28T09:37:22","date_gmt":"2020-09-28T15:37:22","guid":{"rendered":"https:\/\/proyectum.com\/hn\/?page_id=9498"},"modified":"2023-07-31T17:04:21","modified_gmt":"2023-07-31T23:04:21","slug":"disciplined-agile-scrum-master-dasm","status":"publish","type":"page","link":"https:\/\/proyectum.com\/hn\/capacitacion\/disciplined-agile-scrum-master-dasm\/","title":{"rendered":"Disciplined Agile Scrum Master DASM PMI\u00ae"},"content":{"rendered":"<div class=\"wpb-content-wrapper\"><p>[vc_row full_width=\u00bbstretch_row\u00bb css=\u00bb.vc_custom_1580509873226{padding-top: 58px !important;padding-bottom: 58px !important;background-image: url(https:\/\/proyectum.com\/hn\/wp-content\/uploads\/2018\/09\/curso-tipo.png?id=6990) !important;background-position: center !important;background-repeat: no-repeat !important;background-size: cover !important;}\u00bb][vc_column width=\u00bb1\/2&#8243;][vc_custom_heading text=\u00bbDisciplined Agile Scrum Master DASM-PMI\u00bb font_container=\u00bbtag:h1|font_size:40|text_align:center|color:%23ffffff\u00bb use_theme_fonts=\u00bbyes\u00bb css=\u00bb.vc_custom_1602109850429{margin-bottom: 0px !important;padding-top: 25px !important;}\u00bb][\/vc_column][vc_column width=\u00bb1\/2&#8243;][vc_single_image image=\u00bb9634&#8243; img_size=\u00bb200&#215;170&#8243; css=\u00bb.vc_custom_1602870213844{padding-left: 250px !important;}\u00bb][\/vc_column][\/vc_row][vc_row css=\u00bb.vc_custom_1488777218947{padding-top: 25px !important;padding-bottom: 60px !important;}\u00bb][vc_column width=\u00bb2\/3&#8243; css=\u00bb.vc_custom_1579695241240{padding-right: 40px !important;}\u00bb][vc_column_text]<\/p>\n<div>\n<p><span style=\"color: #000000;\">Para ser relevantes en el mercado se necesitan negocios y profesionales capaces de adaptarse y ser \u00e1giles. Cada profesional debe ser capaz de escoger su propia forma de trabajar con la que pueda optimizar la respuesta y forma de actuar para cada situaci\u00f3n en espec\u00edfico. <\/span><span style=\"color: #000000;\">Disciplined Agile es un kit de herramientas que permite tomar mejores decisiones dentro de las organizaciones, logrando que los equipos sean m\u00e1s eficientes y \u00e1giles utilizando su propia forma de trabajar. Un buen l\u00edder debe ayudar a su equipo a ser m\u00e1s productivo y \u00e1gil, pero para esto debe tener una forma de pensar \u00e1gil combinada con capacidad de liderazgo, capacidad de gesti\u00f3n de equipos y al mismo tiempo debe estar alineado al contexto y cultura de la organizaci\u00f3n. <\/span><\/p>\n<p><span style=\"color: #000000;\">Para iniciar en el mundo de gesti\u00f3n \u00e1gil, se deben aprender m\u00faltiples enfoques \u00e1giles; y se debe comprender c\u00f3mo usar el kit de herramientas Disciplined Agile a fin de encontrar su forma de trabajar (WoW). Esta capacitaci\u00f3n es integral y presenta enfoques \u00e1giles y de Lean como Scrum Master, Kanban, SAFe\u00ae entre otros, que permitir\u00e1n que usted se libere de cualquier marco \u00e1gil \u00fanico y abra sus opciones.<\/span><\/p>\n<\/div>\n<div>\n<ul>\n<li><span style=\"color: #000000;\"><strong>Duraci\u00f3n:<\/strong> 16 horas <\/span><\/li>\n<li><span style=\"color: #000000;\"><strong>Modalidad:<\/strong> Online, con instructor en vivo.<\/span><\/li>\n<li><span style=\"color: #000000;\"><strong>Requisitos: <\/strong>No se requiere experiencia \u00e1gil: esta es una capacitaci\u00f3n introductoria y una certificaci\u00f3n creada para ense\u00f1ar sobre los fundamentos \u00e1giles, Lean y el kit de herramientas Disciplined Agile, a fin de que el participante logre aplicar inmediatamente lo que ha aprendido.<\/span><\/li>\n<li><span style=\"color: #000000;\"><strong>Acreditaci\u00f3n: <\/strong>14 PDUs T\u00e9cnicos <\/span><\/li>\n<li><span style=\"color: #000000;\"><strong>Precio: <\/strong>$520 (+15% <span style=\"font-size: 13px;\">IVA<\/span>)<\/span><\/li>\n<\/ul>\n<p><strong><span style=\"font-size: 14px;\">NOTA:<\/span> <\/strong><span style=\"font-size: 13px;\">Este es un curso con material provisto por el PMI, e impartido por instructores certificados por el PMI, as\u00ed como brindados bajo los est\u00e1ndares de calidad exigidos a todos los ATP (Autorized Training Partner) del PMI. <\/span><\/p>\n<\/div>\n<p>[\/vc_column_text][vc_row_inner][vc_column_inner][vc_btn title=\u00bbDescargue el volante aqu\u00ed\u00bb i_icon_fontawesome=\u00bbfa fa-file-pdf-o\u00bb add_icon=\u00bbtrue\u00bb link=\u00bburl:https%3A%2F%2Fproyectum.com%2Fhn%2Fwp-content%2Fuploads%2F2021%2F02%2FDASM.pdf||target:%20_blank|\u00bb][\/vc_column_inner][\/vc_row_inner][vc_tta_tabs active_section=\u00bb1&#8243; css=\u00bb.vc_custom_1538062059766{margin-top: 20px !important;}\u00bb][vc_tta_section title=\u00bbPerfil\u00bb tab_id=\u00bb1541444757751-389b2c58-e32c\u00bb][vc_column_text]<span style=\"color: #000000;\"><strong>En este taller podr\u00e1n participar:<\/strong><\/span><\/p>\n<ul>\n<li><span style=\"color: #000000;\">Jefes de Proyecto<\/span><\/li>\n<li><span style=\"color: #000000;\">Equipo de desarrollo de software<\/span><\/li>\n<li><span style=\"color: #000000;\">Analistas de negocio o sistema<\/span><\/li>\n<li><span style=\"color: #000000;\">Directores de PMO<\/span><\/li>\n<li><span style=\"color: #000000;\">Gerentes funcionales<\/span><\/li>\n<li><span style=\"color: #000000;\">L\u00edderes de proyectos<\/span><\/li>\n<li><span style=\"color: #000000;\">L\u00edderes de equipos \u00e1giles<\/span><\/li>\n<li><span style=\"color: #000000;\">Todos los interesados en mejorar su desempe\u00f1o y conocer metodolog\u00edas innovadoras que permitan gestionar activamente los cambios del entorno<\/span>.<\/li>\n<\/ul>\n<p>[\/vc_column_text][\/vc_tta_section][vc_tta_section title=\u00bbContenido\u00bb tab_id=\u00bb1604413527249-2550d20b-ccab\u00bb][vc_column_text]<\/p>\n<ul>\n<li><span style=\"color: #000000;\"><strong>Mentalidad Disciplined Agile.<\/strong><\/span><\/li>\n<\/ul>\n<p><span style=\"color: #000000;\">Aprenda qu\u00e9 es Disciplined Agile, cu\u00e1les son sus principios, las promesas, las pautas y c\u00f3mo es un h\u00edbrido agn\u00f3stico de enfoques que aprovecha las estrategias de una variedad de fuentes.<\/span><\/p>\n<ul>\n<li><span style=\"color: #000000;\"><strong>Agilidad Empresarial.<\/strong><\/span><\/li>\n<\/ul>\n<p><span style=\"color: #000000;\">Qu\u00e9 es la Agilidad Empresarial y cu\u00e1l es la gama completa.<\/span><\/p>\n<ul>\n<li><span style=\"color: #000000;\"><strong>Los 8 principios de Disciplined Agile.<\/strong><\/span><\/li>\n<li><span style=\"color: #000000;\"><strong>Determinar en qu\u00e9 situaciones se aplica mejor cada uno de los ciclos de vida de Disciplined Agile.<\/strong><\/span><\/li>\n<li><span style=\"color: #000000;\"><strong>La Forma de Trabajar de un Equipo (Way of Working WoW).<\/strong><\/span><\/li>\n<\/ul>\n<p><span style=\"color: #000000;\">Los 5 pasos para elegir tu WoW, analizar el contexto de un equipo utilizando una gr\u00e1fica de radar, los factores que afectan el contexto al elegir el WoW de un equipo, el \u00e1rbol de decisiones para seleccionar el ciclo de vida que mejor se adapte.<\/span><\/p>\n<ul>\n<li><span style=\"color: #000000;\"><strong>Fundamentos de \u00c1gil y Principios Lean.<\/strong><\/span><\/li>\n<li><span style=\"color: #000000;\"><strong>Los roles principales y c\u00f3mo se organizan las personas en equipos DA.<\/strong><\/span><\/li>\n<li><span style=\"color: #000000;\"><strong>Fases: Inicial, Construcci\u00f3n, Transici\u00f3n y Puesta en Marcha<\/strong><\/span><\/li>\n<\/ul>\n<p><span style=\"color: #000000;\">C\u00f3mo usar el ToolKit de DA para adaptar tu forma de trabajar dentro de una fase seleccionada de acuerdo con el contexto y las principales ceremonias \u00e1giles.<\/span>[\/vc_column_text][\/vc_tta_section][vc_tta_section title=\u00bbObjetivos\u00bb tab_id=\u00bb1541455357238-d8636f7d-26cc\u00bb][vc_column_text]<strong><span style=\"color: #000000;\">Al finalizar este taller usted ser\u00e1 capaz de:<\/span><\/strong><\/p>\n<ul>\n<li><span style=\"color: #000000;\">Comprender la mentalidad \u00e1gil disciplinada y sus principios subyacentes, como el pragmatismo, el poder de elecci\u00f3n y la adaptaci\u00f3n al contexto.<\/span><\/li>\n<li><span style=\"color: #000000;\">Explorar los m\u00faltiples enfoques \u00e1giles y lean como Scrum Master, Kanban, SAFe\u00ae entre otros.<\/span><\/li>\n<li><span style=\"color: #000000;\">Conocer los fundamentos de \u00e1gil y Lean, y c\u00f3mo utilizar ambos enfoques de manera efectiva.<\/span><\/li>\n<li><span style=\"color: #000000;\">Comprender c\u00f3mo poner en pr\u00e1ctica estas estrategias en su equipo \u00e1gil y garantizar una implementaci\u00f3n eficaz.<\/span><\/li>\n<li><span style=\"color: #000000;\">Aprender a aplicar el kit de herramientas Disciplined Agile para descubrir la mejor forma de trabajar (WoW) para usted y su equipo \u00e1gil en cada situaci\u00f3n.<\/span><\/li>\n<li><span style=\"color: #000000;\">Estar preparado para tomar el examen de certificaci\u00f3n Disciplined Agile Scrum Master (DASM).<\/span><\/li>\n<\/ul>\n<p>[\/vc_column_text][\/vc_tta_section][vc_tta_section title=\u00bbIncluye\u00bb tab_id=\u00bb1541455369971-f2c4148a-d49e\u00bb][vc_column_text]<span style=\"color: #000000;\"><strong>Al matricular este taller usted contar\u00e1 con:<\/strong><\/span><\/p>\n<ul>\n<li><span style=\"color: #000000;\">Instructor con m\u00e1s de 20 a\u00f1os de experiencia.<\/span><\/li>\n<li><span style=\"color: #000000;\">Material, ejercicios y pr\u00e1cticas oficiales del PMI en ingl\u00e9s.<\/span><\/li>\n<li><span style=\"color: #000000;\">Un diploma por las horas indicadas, con el respaldo de Proyectum como ATP\u00ae de PMI\u00ae, v\u00e1lido para el registro de horas en la aplicaci\u00f3n a las certificaciones PMP\u00ae y CAPM\u00ae.<\/span><\/li>\n<li><span style=\"color: #000000;\">1 voucher para realizar el examen de certificaci\u00f3n de Disciplined Agile Scrum Master, m\u00e1ximo 30 d\u00edas despu\u00e9s de finalizado el taller.<\/span><\/li>\n<\/ul>\n<p>[\/vc_column_text][\/vc_tta_section][\/vc_tta_tabs][\/vc_column][vc_column width=\u00bb1\/3&#8243;][vc_images_carousel images=\u00bb7267&#8243; img_size=\u00bbmedium\u00bb onclick=\u00bbcustom_link\u00bb custom_links_target=\u00bb_blank\u00bb speed=\u00bb2500&#8243; autoplay=\u00bbyes\u00bb hide_pagination_control=\u00bbyes\u00bb hide_prev_next_buttons=\u00bbyes\u00bb wrap=\u00bbyes\u00bb css=\u00bb.vc_custom_1602110750449{padding-top: 30px !important;padding-right: 70px !important;padding-bottom: 50px !important;padding-left: 70px !important;}\u00bb]<div class=\"porto-u-heading  wpb_custom_95aa9a11c17ad45cfabaf210d84ee7cc porto-u-2593\"><div class=\"porto-u-main-heading\"><h2  >CAPACITACI\u00d3N<\/h2><\/div><style>.porto-u-2593.porto-u-heading{text-align:center}<\/style><\/div>[\/vc_column][\/vc_row][vc_row full_width=\u00bbstretch_row_content_no_spaces\u00bb equal_height=\u00bbyes\u00bb][vc_column el_class=\u00bbbackground-color-primary\u00bb css=\u00bb.vc_custom_1528971916644{padding-top: 60px !important;padding-bottom: 55px !important;padding-left: 15px !important;}\u00bb]<div class=\"porto-container container\">[vc_custom_heading text=\u00bb\u00bfQuieres m\u00e1s informaci\u00f3n sobre el taller de Disciplined Agile Scrum Master DASM-PMI\u00ae?\u00bb font_container=\u00bbtag:h2|text_align:left|color:%23ffffff\u00bb use_theme_fonts=\u00bbyes\u00bb text_transform=\u00bbtext-uppercase\u00bb css=\u00bb.vc_custom_1603485067657{margin-bottom: 0px !important;}\u00bb][vc_column_text el_class=\u00bbtext-color-dark m-b-md\u00bb]<span style=\"font-size: 16px; color: #c6d4ee;\">D\u00e9janos tus datos para que te llamemos<\/span>[\/vc_column_text][vc_raw_html]JTNDaWZyYW1lJTIwc3R5bGUlM0QlMjJib3JkZXIlM0ElMjAwcHglMjFpbXBvcnRhbnQlM0IlMjIlMjBzcmMlM0QlMjJodHRwcyUzQSUyRiUyRnd3dy5wcm95ZWN0dW0uY29tJTJGc2lzdGVtYSUyRmZvcm11bGFyaW8tamV0cGFjay1kYXNtJTJGJTIyJTIwd2lkdGglM0QlMjIxMDAwcHglMjIlMjBoZWlnaHQlM0QlMjI3MDBweCUyMiUzRSUzQyUyRmlmcmFtZSUzRQ==[\/vc_raw_html]<\/div>[\/vc_column][\/vc_row]<\/p>\n<\/div>","protected":false},"excerpt":{"rendered":"<p>[vc_row full_width=\u00bbstretch_row\u00bb css=\u00bb.vc_custom_1580509873226{padding-top: 58px !important;padding-bottom: 58px !important;background-image: url(https:\/\/proyectum.com\/hn\/wp-content\/uploads\/2018\/09\/curso-tipo.png?id=6990) !important;background-position: center !important;background-repeat: no-repeat !important;background-size: cover !important;}\u00bb][vc_column width=\u00bb1\/2&#8243;][vc_custom_heading text=\u00bbDisciplined Agile Scrum Master DASM-PMI\u00bb font_container=\u00bbtag:h1|font_size:40|text_align:center|color:%23ffffff\u00bb use_theme_fonts=\u00bbyes\u00bb css=\u00bb.vc_custom_1602109850429{margin-bottom: 0px !important;padding-top: 25px !important;}\u00bb][\/vc_column][vc_column width=\u00bb1\/2&#8243;][vc_single_image image=\u00bb9634&#8243; img_size=\u00bb200&#215;170&#8243; css=\u00bb.vc_custom_1602870213844{padding-left: 250px !important;}\u00bb][\/vc_column][\/vc_row][vc_row css=\u00bb.vc_custom_1488777218947{padding-top: 25px !important;padding-bottom: 60px !important;}\u00bb][vc_column width=\u00bb2\/3&#8243; css=\u00bb.vc_custom_1579695241240{padding-right: 40px !important;}\u00bb][vc_column_text] Para ser relevantes en el mercado se necesitan negocios y profesionales capaces [&hellip;]<\/p>\n","protected":false},"author":27,"featured_media":0,"parent":7466,"menu_order":0,"comment_status":"closed","ping_status":"closed","template":"","meta":{"_acf_changed":false,"_joinchat":[],"footnotes":""},"acf":[],"yoast_head":"<!-- This site is optimized with the Yoast SEO plugin v24.5 - https:\/\/yoast.com\/wordpress\/plugins\/seo\/ -->\n<title>Disciplined Agile Scrum Master DASM PMI\u00ae - Proyectum Honduras<\/title>\n<meta name=\"robots\" content=\"index, follow, max-snippet:-1, max-image-preview:large, max-video-preview:-1\" \/>\n<link rel=\"canonical\" href=\"https:\/\/proyectum.com\/hn\/capacitacion\/disciplined-agile-scrum-master-dasm\/\" \/>\n<meta property=\"og:locale\" content=\"es_ES\" \/>\n<meta property=\"og:type\" content=\"article\" \/>\n<meta property=\"og:title\" content=\"Disciplined Agile Scrum Master DASM PMI\u00ae - Proyectum Honduras\" \/>\n<meta property=\"og:description\" content=\"[vc_row full_width=\u00bbstretch_row\u00bb css=\u00bb.vc_custom_1580509873226{padding-top: 58px !important;padding-bottom: 58px !important;background-image: url(https:\/\/proyectum.com\/hn\/wp-content\/uploads\/2018\/09\/curso-tipo.png?id=6990) !important;background-position: center !important;background-repeat: no-repeat !important;background-size: cover !important;}\u00bb][vc_column width=\u00bb1\/2&#8243;][vc_custom_heading text=\u00bbDisciplined Agile Scrum Master DASM-PMI\u00bb font_container=\u00bbtag:h1|font_size:40|text_align:center|color:%23ffffff\u00bb use_theme_fonts=\u00bbyes\u00bb css=\u00bb.vc_custom_1602109850429{margin-bottom: 0px !important;padding-top: 25px !important;}\u00bb][\/vc_column][vc_column width=\u00bb1\/2&#8243;][vc_single_image image=\u00bb9634&#8243; img_size=\u00bb200&#215;170&#8243; css=\u00bb.vc_custom_1602870213844{padding-left: 250px !important;}\u00bb][\/vc_column][\/vc_row][vc_row css=\u00bb.vc_custom_1488777218947{padding-top: 25px !important;padding-bottom: 60px !important;}\u00bb][vc_column width=\u00bb2\/3&#8243; css=\u00bb.vc_custom_1579695241240{padding-right: 40px !important;}\u00bb][vc_column_text] Para ser relevantes en el mercado se necesitan negocios y profesionales capaces [&hellip;]\" \/>\n<meta property=\"og:url\" content=\"https:\/\/proyectum.com\/hn\/capacitacion\/disciplined-agile-scrum-master-dasm\/\" \/>\n<meta property=\"og:site_name\" content=\"Proyectum Honduras\" \/>\n<meta property=\"article:publisher\" content=\"https:\/\/www.facebook.com\/proyectumcr\/\" \/>\n<meta property=\"article:modified_time\" content=\"2023-07-31T23:04:21+00:00\" \/>\n<meta name=\"twitter:card\" content=\"summary_large_image\" \/>\n<meta name=\"twitter:label1\" content=\"Tiempo de lectura\" \/>\n\t<meta name=\"twitter:data1\" content=\"4 minutos\" \/>\n<script type=\"application\/ld+json\" class=\"yoast-schema-graph\">{\"@context\":\"https:\/\/schema.org\",\"@graph\":[{\"@type\":\"WebPage\",\"@id\":\"https:\/\/proyectum.com\/hn\/capacitacion\/disciplined-agile-scrum-master-dasm\/\",\"url\":\"https:\/\/proyectum.com\/hn\/capacitacion\/disciplined-agile-scrum-master-dasm\/\",\"name\":\"Disciplined Agile Scrum Master DASM PMI\u00ae - Proyectum Honduras\",\"isPartOf\":{\"@id\":\"https:\/\/proyectum.com\/hn\/#website\"},\"datePublished\":\"2020-09-28T15:37:22+00:00\",\"dateModified\":\"2023-07-31T23:04:21+00:00\",\"breadcrumb\":{\"@id\":\"https:\/\/proyectum.com\/hn\/capacitacion\/disciplined-agile-scrum-master-dasm\/#breadcrumb\"},\"inLanguage\":\"es\",\"potentialAction\":[{\"@type\":\"ReadAction\",\"target\":[\"https:\/\/proyectum.com\/hn\/capacitacion\/disciplined-agile-scrum-master-dasm\/\"]}]},{\"@type\":\"BreadcrumbList\",\"@id\":\"https:\/\/proyectum.com\/hn\/capacitacion\/disciplined-agile-scrum-master-dasm\/#breadcrumb\",\"itemListElement\":[{\"@type\":\"ListItem\",\"position\":1,\"name\":\"Home\",\"item\":\"https:\/\/proyectum.com\/hn\/\"},{\"@type\":\"ListItem\",\"position\":2,\"name\":\"Capacitaciones\",\"item\":\"https:\/\/proyectum.com\/hn\/capacitacion\/\"},{\"@type\":\"ListItem\",\"position\":3,\"name\":\"Disciplined Agile Scrum Master DASM PMI\u00ae\"}]},{\"@type\":\"WebSite\",\"@id\":\"https:\/\/proyectum.com\/hn\/#website\",\"url\":\"https:\/\/proyectum.com\/hn\/\",\"name\":\"Proyectum Costa Rica\",\"description\":\"Direcci\u00f3n de proyectos y agilidad\",\"publisher\":{\"@id\":\"https:\/\/proyectum.com\/hn\/#organization\"},\"potentialAction\":[{\"@type\":\"SearchAction\",\"target\":{\"@type\":\"EntryPoint\",\"urlTemplate\":\"https:\/\/proyectum.com\/hn\/?s={search_term_string}\"},\"query-input\":{\"@type\":\"PropertyValueSpecification\",\"valueRequired\":true,\"valueName\":\"search_term_string\"}}],\"inLanguage\":\"es\"},{\"@type\":\"Organization\",\"@id\":\"https:\/\/proyectum.com\/hn\/#organization\",\"name\":\"Proyectum Costa Rica\",\"url\":\"https:\/\/proyectum.com\/hn\/\",\"logo\":{\"@type\":\"ImageObject\",\"inLanguage\":\"es\",\"@id\":\"https:\/\/proyectum.com\/hn\/#\/schema\/logo\/image\/\",\"url\":\"https:\/\/i1.wp.com\/proyectum.com\/hn\/wp-content\/uploads\/proyectum-logo-snippet.png?fit=600%2C315&ssl=1\",\"contentUrl\":\"https:\/\/i1.wp.com\/proyectum.com\/hn\/wp-content\/uploads\/proyectum-logo-snippet.png?fit=600%2C315&ssl=1\",\"width\":600,\"height\":315,\"caption\":\"Proyectum Costa Rica\"},\"image\":{\"@id\":\"https:\/\/proyectum.com\/hn\/#\/schema\/logo\/image\/\"},\"sameAs\":[\"https:\/\/www.facebook.com\/proyectumcr\/\",\"https:\/\/www.instagram.com\/proyectumcostarica\/\",\"https:\/\/www.linkedin.com\/company\/proyectum-costarica\/\",\"https:\/\/www.youtube.com\/channel\/UCljouWimyhK_cNcC2jniUgw\"]}]}<\/script>\n<!-- \/ Yoast SEO plugin. -->","yoast_head_json":{"title":"Disciplined Agile Scrum Master DASM PMI\u00ae - Proyectum Honduras","robots":{"index":"index","follow":"follow","max-snippet":"max-snippet:-1","max-image-preview":"max-image-preview:large","max-video-preview":"max-video-preview:-1"},"canonical":"https:\/\/proyectum.com\/hn\/capacitacion\/disciplined-agile-scrum-master-dasm\/","og_locale":"es_ES","og_type":"article","og_title":"Disciplined Agile Scrum Master DASM PMI\u00ae - Proyectum Honduras","og_description":"[vc_row full_width=\u00bbstretch_row\u00bb css=\u00bb.vc_custom_1580509873226{padding-top: 58px !important;padding-bottom: 58px !important;background-image: url(https:\/\/proyectum.com\/hn\/wp-content\/uploads\/2018\/09\/curso-tipo.png?id=6990) !important;background-position: center !important;background-repeat: no-repeat !important;background-size: cover !important;}\u00bb][vc_column width=\u00bb1\/2&#8243;][vc_custom_heading text=\u00bbDisciplined Agile Scrum Master DASM-PMI\u00bb font_container=\u00bbtag:h1|font_size:40|text_align:center|color:%23ffffff\u00bb use_theme_fonts=\u00bbyes\u00bb css=\u00bb.vc_custom_1602109850429{margin-bottom: 0px !important;padding-top: 25px !important;}\u00bb][\/vc_column][vc_column width=\u00bb1\/2&#8243;][vc_single_image image=\u00bb9634&#8243; img_size=\u00bb200&#215;170&#8243; css=\u00bb.vc_custom_1602870213844{padding-left: 250px !important;}\u00bb][\/vc_column][\/vc_row][vc_row css=\u00bb.vc_custom_1488777218947{padding-top: 25px !important;padding-bottom: 60px !important;}\u00bb][vc_column width=\u00bb2\/3&#8243; css=\u00bb.vc_custom_1579695241240{padding-right: 40px !important;}\u00bb][vc_column_text] Para ser relevantes en el mercado se necesitan negocios y profesionales capaces [&hellip;]","og_url":"https:\/\/proyectum.com\/hn\/capacitacion\/disciplined-agile-scrum-master-dasm\/","og_site_name":"Proyectum Honduras","article_publisher":"https:\/\/www.facebook.com\/proyectumcr\/","article_modified_time":"2023-07-31T23:04:21+00:00","twitter_card":"summary_large_image","twitter_misc":{"Tiempo de lectura":"4 minutos"},"schema":{"@context":"https:\/\/schema.org","@graph":[{"@type":"WebPage","@id":"https:\/\/proyectum.com\/hn\/capacitacion\/disciplined-agile-scrum-master-dasm\/","url":"https:\/\/proyectum.com\/hn\/capacitacion\/disciplined-agile-scrum-master-dasm\/","name":"Disciplined Agile Scrum Master DASM PMI\u00ae - Proyectum Honduras","isPartOf":{"@id":"https:\/\/proyectum.com\/hn\/#website"},"datePublished":"2020-09-28T15:37:22+00:00","dateModified":"2023-07-31T23:04:21+00:00","breadcrumb":{"@id":"https:\/\/proyectum.com\/hn\/capacitacion\/disciplined-agile-scrum-master-dasm\/#breadcrumb"},"inLanguage":"es","potentialAction":[{"@type":"ReadAction","target":["https:\/\/proyectum.com\/hn\/capacitacion\/disciplined-agile-scrum-master-dasm\/"]}]},{"@type":"BreadcrumbList","@id":"https:\/\/proyectum.com\/hn\/capacitacion\/disciplined-agile-scrum-master-dasm\/#breadcrumb","itemListElement":[{"@type":"ListItem","position":1,"name":"Home","item":"https:\/\/proyectum.com\/hn\/"},{"@type":"ListItem","position":2,"name":"Capacitaciones","item":"https:\/\/proyectum.com\/hn\/capacitacion\/"},{"@type":"ListItem","position":3,"name":"Disciplined Agile Scrum Master DASM PMI\u00ae"}]},{"@type":"WebSite","@id":"https:\/\/proyectum.com\/hn\/#website","url":"https:\/\/proyectum.com\/hn\/","name":"Proyectum Costa Rica","description":"Direcci\u00f3n de proyectos y agilidad","publisher":{"@id":"https:\/\/proyectum.com\/hn\/#organization"},"potentialAction":[{"@type":"SearchAction","target":{"@type":"EntryPoint","urlTemplate":"https:\/\/proyectum.com\/hn\/?s={search_term_string}"},"query-input":{"@type":"PropertyValueSpecification","valueRequired":true,"valueName":"search_term_string"}}],"inLanguage":"es"},{"@type":"Organization","@id":"https:\/\/proyectum.com\/hn\/#organization","name":"Proyectum Costa Rica","url":"https:\/\/proyectum.com\/hn\/","logo":{"@type":"ImageObject","inLanguage":"es","@id":"https:\/\/proyectum.com\/hn\/#\/schema\/logo\/image\/","url":"https:\/\/i1.wp.com\/proyectum.com\/hn\/wp-content\/uploads\/proyectum-logo-snippet.png?fit=600%2C315&ssl=1","contentUrl":"https:\/\/i1.wp.com\/proyectum.com\/hn\/wp-content\/uploads\/proyectum-logo-snippet.png?fit=600%2C315&ssl=1","width":600,"height":315,"caption":"Proyectum Costa Rica"},"image":{"@id":"https:\/\/proyectum.com\/hn\/#\/schema\/logo\/image\/"},"sameAs":["https:\/\/www.facebook.com\/proyectumcr\/","https:\/\/www.instagram.com\/proyectumcostarica\/","https:\/\/www.linkedin.com\/company\/proyectum-costarica\/","https:\/\/www.youtube.com\/channel\/UCljouWimyhK_cNcC2jniUgw"]}]}},"jetpack_sharing_enabled":true,"_links":{"self":[{"href":"https:\/\/proyectum.com\/hn\/wp-json\/wp\/v2\/pages\/9498"}],"collection":[{"href":"https:\/\/proyectum.com\/hn\/wp-json\/wp\/v2\/pages"}],"about":[{"href":"https:\/\/proyectum.com\/hn\/wp-json\/wp\/v2\/types\/page"}],"author":[{"embeddable":true,"href":"https:\/\/proyectum.com\/hn\/wp-json\/wp\/v2\/users\/27"}],"replies":[{"embeddable":true,"href":"https:\/\/proyectum.com\/hn\/wp-json\/wp\/v2\/comments?post=9498"}],"version-history":[{"count":32,"href":"https:\/\/proyectum.com\/hn\/wp-json\/wp\/v2\/pages\/9498\/revisions"}],"predecessor-version":[{"id":10716,"href":"https:\/\/proyectum.com\/hn\/wp-json\/wp\/v2\/pages\/9498\/revisions\/10716"}],"up":[{"embeddable":true,"href":"https:\/\/proyectum.com\/hn\/wp-json\/wp\/v2\/pages\/7466"}],"wp:attachment":[{"href":"https:\/\/proyectum.com\/hn\/wp-json\/wp\/v2\/media?parent=9498"}],"curies":[{"name":"wp","href":"https:\/\/api.w.org\/{rel}","templated":true}]}}