{"id":1309,"date":"2024-11-19T01:12:49","date_gmt":"2024-11-19T00:12:49","guid":{"rendered":"https:\/\/proyectum.com\/mx\/?page_id=1309"},"modified":"2024-12-05T00:09:36","modified_gmt":"2024-12-04T23:09:36","slug":"staffing-y-asignacion-de-talento-especializado","status":"publish","type":"page","link":"https:\/\/proyectum.com\/mx\/servicios-para-organizaciones\/desarrollo-organizacional\/staffing-y-asignacion-de-talento-especializado\/","title":{"rendered":"Staffing y Asignaci\u00f3n de Talento Especializado"},"content":{"rendered":"\n<div class=\"wp-block-toolset-blocks-container tb-container\" data-toolset-blocks-container=\"80c4aab3e3ffec3870d23a13cc3e3e43\">\n<h1 class=\"tb-heading\" data-toolset-blocks-heading=\"c4eafc96d320853fcd8717a34858a5a5\" data-last-update=\"1.4\">Staffing y Asignaci\u00f3n de Talento Especializado<\/h1>\n<\/div>\n\n\n\n<div class=\"wp-block-toolset-blocks-container tb-container\" data-toolset-blocks-container=\"424ac05613b577e247ba58794aa56653\">\n<div class=\"tb-fields-and-text\" data-toolset-blocks-fields-and-text=\"3e1d2592ce20bdf2bf813c9dfa44c991\"><h2 style=\"text-align: center;\"><span style=\"color: #ffffff;\">Entendemos que el talento es uno de los activos m\u00e1s importantes para cualquier proyecto. <\/span><\/h2>\n<h3 style=\"text-align: center;\"><span style=\"color: #ffffff;\">&nbsp;<\/span><\/h3>\n<p>&nbsp;<\/p><\/div>\n<\/div>\n\n\n\n<div class=\"wp-block-toolset-blocks-container tb-container\" data-toolset-blocks-container=\"cd847582544956f67326ff677ec71ffd\">\n<div class=\"wp-block-toolset-blocks-grid tb-grid\" data-toolset-blocks-grid=\"23579153e290a10e7a8118c2f1b3aade\">\n<div class=\"wp-block-toolset-blocks-grid-column tb-grid-column tb-grid-align-center\" data-toolset-blocks-grid-column=\"f586ff7bfe1d7317c63162ec7b7039ed\">\n<figure class=\"wp-block-image tb-image tb-image-dynamic tb-image-frame-none\" data-toolset-blocks-image=\"be6428d47d8ad6c1a973b9c980094b38\"><img decoding=\"async\" width=\"960\" height=\"686\" loading=\"lazy\" src=\"https:\/\/proyectum.com\/mx\/wp-content\/uploads\/2024\/11\/sate_2.jpg\" alt=\"\" class=\"wp-image-1332\" srcset=\"https:\/\/proyectum.com\/mx\/wp-content\/uploads\/2024\/11\/sate_2.jpg 960w, https:\/\/proyectum.com\/mx\/wp-content\/uploads\/2024\/11\/sate_2-300x214.jpg 300w, https:\/\/proyectum.com\/mx\/wp-content\/uploads\/2024\/11\/sate_2-768x549.jpg 768w\" sizes=\"auto, (max-width: 960px) 100vw, 960px\" \/><\/figure>\n<\/div>\n\n\n\n<div class=\"wp-block-toolset-blocks-grid-column tb-grid-column tb-grid-align-center\" data-toolset-blocks-grid-column=\"f586ff7bfe1d7317c63162ec7b7039ed\">\n<h2 class=\"tb-heading\" data-toolset-blocks-heading=\"3a94a5f5ac99f0c5642cb0af3ba9a028\" data-last-update=\"1.4\"><strong>Servicios de staffing especializados:<\/strong><\/h2>\n\n\n\n<div class=\"tb-fields-and-text\" data-toolset-blocks-fields-and-text=\"3e1d2592ce20bdf2bf813c9dfa44c991\"><p>Proporcionamos profesionales altamente calificados en \u00e1reas como gesti\u00f3n de proyectos, agilidad y desarrollo organizacional.<\/p>\n<p>&nbsp;<\/p>\n<p>Soluciones de talento a medida&nbsp;para proyectos espec\u00edficos, asegurando que cada colaborador est\u00e9 alineado con las necesidades y objetivos de tu empresa.<\/p><\/div>\n<\/div>\n<\/div>\n<\/div>\n\n\n\n<div class=\"wp-block-toolset-blocks-container tb-container\" data-toolset-blocks-container=\"2eb30fa8c6b9c322fdf284ced5fa03e9\">\n<div class=\"wp-block-toolset-blocks-grid tb-grid\" data-toolset-blocks-grid=\"23579153e290a10e7a8118c2f1b3aade\">\n<div class=\"wp-block-toolset-blocks-grid-column tb-grid-column tb-grid-align-center\" data-toolset-blocks-grid-column=\"f586ff7bfe1d7317c63162ec7b7039ed\">\n<h2 class=\"tb-heading\" data-toolset-blocks-heading=\"3a94a5f5ac99f0c5642cb0af3ba9a028\" data-last-update=\"1.4\"><strong>Evaluaci\u00f3n y Diagn\u00f3stico Organizacional<\/strong><\/h2>\n\n\n\n<div class=\"tb-fields-and-text\" data-toolset-blocks-fields-and-text=\"3e1d2592ce20bdf2bf813c9dfa44c991\"><p style=\"text-align: justify;\">Proyectum realiza evaluaciones y diagn\u00f3sticos para ayudar a las organizaciones a identificar \u00e1reas de mejora y oportunidades de crecimiento:<\/p>\n<p style=\"text-align: justify;\">&nbsp;<\/p>\n<ul>\n  <li style=\"text-align: justify;\">An\u00e1lisis de madurez organizacional y agilidad: Evaluamos el nivel de agilidad y eficiencia de tus procesos para ofrecer recomendaciones de mejora.<\/li>\n  <li style=\"text-align: justify;\">Diagn\u00f3stico de gesti\u00f3n de proyectos y portafolio: Identificamos oportunidades para optimizar la gesti\u00f3n y ejecuci\u00f3n de proyectos, permitiendo un mejor rendimiento y retorno de inversi\u00f3n.<\/li>\n  <li style=\"text-align: justify;\">Perfil de agilidad de negocios<\/li>\n<\/ul><\/div>\n<\/div>\n\n\n\n<div class=\"wp-block-toolset-blocks-grid-column tb-grid-column tb-grid-align-center\" data-toolset-blocks-grid-column=\"f586ff7bfe1d7317c63162ec7b7039ed\">\n<figure class=\"wp-block-image tb-image tb-image-dynamic tb-image-frame-none\" data-toolset-blocks-image=\"259e5dc3e0d598ddb55690e5334cecf0\"><img decoding=\"async\" width=\"960\" height=\"686\" loading=\"lazy\" src=\"https:\/\/proyectum.com\/mx\/wp-content\/uploads\/2024\/11\/sate_3.jpg\" alt=\"\" class=\"wp-image-1333\" srcset=\"https:\/\/proyectum.com\/mx\/wp-content\/uploads\/2024\/11\/sate_3.jpg 960w, https:\/\/proyectum.com\/mx\/wp-content\/uploads\/2024\/11\/sate_3-300x214.jpg 300w, https:\/\/proyectum.com\/mx\/wp-content\/uploads\/2024\/11\/sate_3-768x549.jpg 768w\" sizes=\"auto, (max-width: 960px) 100vw, 960px\" \/><\/figure>\n<\/div>\n<\/div>\n<\/div>\n","protected":false},"excerpt":{"rendered":"","protected":false},"author":1,"featured_media":0,"parent":74,"menu_order":0,"comment_status":"closed","ping_status":"closed","template":"","meta":{"footnotes":""},"class_list":["post-1309","page","type-page","status-publish","hentry"],"_links":{"self":[{"href":"https:\/\/proyectum.com\/mx\/wp-json\/wp\/v2\/pages\/1309","targetHints":{"allow":["GET"]}}],"collection":[{"href":"https:\/\/proyectum.com\/mx\/wp-json\/wp\/v2\/pages"}],"about":[{"href":"https:\/\/proyectum.com\/mx\/wp-json\/wp\/v2\/types\/page"}],"author":[{"embeddable":true,"href":"https:\/\/proyectum.com\/mx\/wp-json\/wp\/v2\/users\/1"}],"replies":[{"embeddable":true,"href":"https:\/\/proyectum.com\/mx\/wp-json\/wp\/v2\/comments?post=1309"}],"version-history":[{"count":14,"href":"https:\/\/proyectum.com\/mx\/wp-json\/wp\/v2\/pages\/1309\/revisions"}],"predecessor-version":[{"id":1597,"href":"https:\/\/proyectum.com\/mx\/wp-json\/wp\/v2\/pages\/1309\/revisions\/1597"}],"up":[{"embeddable":true,"href":"https:\/\/proyectum.com\/mx\/wp-json\/wp\/v2\/pages\/74"}],"wp:attachment":[{"href":"https:\/\/proyectum.com\/mx\/wp-json\/wp\/v2\/media?parent=1309"}],"curies":[{"name":"wp","href":"https:\/\/api.w.org\/{rel}","templated":true}]}}