{"id":1341,"date":"2024-11-19T02:01:53","date_gmt":"2024-11-19T01:01:53","guid":{"rendered":"https:\/\/proyectum.com\/mx\/?page_id=1341"},"modified":"2024-12-05T00:08:41","modified_gmt":"2024-12-04T23:08:41","slug":"evaluacion-y-diagnostico-organizacional","status":"publish","type":"page","link":"https:\/\/proyectum.com\/mx\/servicios-para-organizaciones\/desarrollo-organizacional\/evaluacion-y-diagnostico-organizacional\/","title":{"rendered":"Evaluaci\u00f3n y Diagn\u00f3stico Organizacional"},"content":{"rendered":"\n<div class=\"wp-block-toolset-blocks-container tb-container\" data-toolset-blocks-container=\"80c4aab3e3ffec3870d23a13cc3e3e43\">\n<h1 class=\"tb-heading\" data-toolset-blocks-heading=\"c4eafc96d320853fcd8717a34858a5a5\" data-last-update=\"1.4\">Evaluaci\u00f3n y Diagn\u00f3stico Organizacional<\/h1>\n<\/div>\n\n\n\n<div class=\"wp-block-toolset-blocks-container tb-container\" data-toolset-blocks-container=\"257bb45e1123212b6bf6b8411b82fb33\">\n<div class=\"tb-fields-and-text\" data-toolset-blocks-fields-and-text=\"3e1d2592ce20bdf2bf813c9dfa44c991\"><h2 style=\"text-align: center;\"><span style=\"color: #ffffff;\">Proyectum realiza evaluaciones y diagn\u00f3sticos para ayudar a las organizaciones a identificar \u00e1reas de mejora y oportunidades de crecimiento:<\/span><\/h2>\n<h2 style=\"text-align: center;\"><span style=\"color: #ffffff;\">&nbsp;<\/span><\/h2>\n<h3 style=\"text-align: center;\"><span style=\"color: #ffffff;\">&nbsp;<\/span><\/h3>\n<p>&nbsp;<\/p><\/div>\n<\/div>\n\n\n\n<div class=\"wp-block-toolset-blocks-container tb-container\" data-toolset-blocks-container=\"712446794d5b41d87df0c1eca9d73511\">\n<div class=\"wp-block-toolset-blocks-grid tb-grid\" data-toolset-blocks-grid=\"23579153e290a10e7a8118c2f1b3aade\">\n<div class=\"wp-block-toolset-blocks-grid-column tb-grid-column tb-grid-align-top\" data-toolset-blocks-grid-column=\"3034fbe886c11054e95b46b09d3e4112\"><\/div>\n\n\n\n<div class=\"wp-block-toolset-blocks-grid-column tb-grid-column tb-grid-align-top\" data-toolset-blocks-grid-column=\"3034fbe886c11054e95b46b09d3e4112\">\n<div class=\"tb-fields-and-text\" data-toolset-blocks-fields-and-text=\"3e1d2592ce20bdf2bf813c9dfa44c991\"><ul>\n  <li style=\"text-align: justify;\">An\u00e1lisis de madurez organizacional y agilidad: Evaluamos el nivel de agilidad y eficiencia de tus procesos para ofrecer recomendaciones de mejora.<\/li>\n  <li style=\"text-align: justify;\">Diagn\u00f3stico de gesti\u00f3n de proyectos y portafolio: Identificamos oportunidades para optimizar la gesti\u00f3n y ejecuci\u00f3n de proyectos, permitiendo un mejor rendimiento y retorno de inversi\u00f3n.<\/li>\n  <li style=\"text-align: justify;\">Perfil de agilidad de negocios<\/li>\n<\/ul><\/div>\n<\/div>\n<\/div>\n<\/div>\n","protected":false},"excerpt":{"rendered":"","protected":false},"author":1,"featured_media":0,"parent":74,"menu_order":0,"comment_status":"closed","ping_status":"closed","template":"","meta":{"footnotes":""},"class_list":["post-1341","page","type-page","status-publish","hentry"],"_links":{"self":[{"href":"https:\/\/proyectum.com\/mx\/wp-json\/wp\/v2\/pages\/1341","targetHints":{"allow":["GET"]}}],"collection":[{"href":"https:\/\/proyectum.com\/mx\/wp-json\/wp\/v2\/pages"}],"about":[{"href":"https:\/\/proyectum.com\/mx\/wp-json\/wp\/v2\/types\/page"}],"author":[{"embeddable":true,"href":"https:\/\/proyectum.com\/mx\/wp-json\/wp\/v2\/users\/1"}],"replies":[{"embeddable":true,"href":"https:\/\/proyectum.com\/mx\/wp-json\/wp\/v2\/comments?post=1341"}],"version-history":[{"count":7,"href":"https:\/\/proyectum.com\/mx\/wp-json\/wp\/v2\/pages\/1341\/revisions"}],"predecessor-version":[{"id":1596,"href":"https:\/\/proyectum.com\/mx\/wp-json\/wp\/v2\/pages\/1341\/revisions\/1596"}],"up":[{"embeddable":true,"href":"https:\/\/proyectum.com\/mx\/wp-json\/wp\/v2\/pages\/74"}],"wp:attachment":[{"href":"https:\/\/proyectum.com\/mx\/wp-json\/wp\/v2\/media?parent=1341"}],"curies":[{"name":"wp","href":"https:\/\/api.w.org\/{rel}","templated":true}]}}