{"id":1351,"date":"2024-11-19T02:22:18","date_gmt":"2024-11-19T01:22:18","guid":{"rendered":"https:\/\/proyectum.com\/mx\/?page_id=1351"},"modified":"2024-12-05T00:06:51","modified_gmt":"2024-12-04T23:06:51","slug":"business-solutions-architecture-bsa","status":"publish","type":"page","link":"https:\/\/proyectum.com\/mx\/servicios-para-organizaciones\/desarrollo-organizacional\/business-solutions-architecture-bsa\/","title":{"rendered":"Business Solutions Architecture (BSA)"},"content":{"rendered":"\n<div class=\"wp-block-toolset-blocks-container tb-container\" data-toolset-blocks-container=\"7a7ecbffe4939851e8773bd4767c1364\">\n<h1 class=\"tb-heading\" data-toolset-blocks-heading=\"c4eafc96d320853fcd8717a34858a5a5\" data-last-update=\"1.4\">Business Solutions Architecture (BSA)<\/h1>\n<\/div>\n\n\n\n<div class=\"wp-block-toolset-blocks-container tb-container\" data-toolset-blocks-container=\"68a37ce3902497de3c8211a568949e60\">\n<div class=\"tb-fields-and-text\" data-toolset-blocks-fields-and-text=\"3e1d2592ce20bdf2bf813c9dfa44c991\"><h2 style=\"text-align: center;\"><span style=\"color: #ffffff;\">\u00bfQuieres transformar tu organizaci\u00f3n y asegurar un crecimiento sostenible? <\/span><\/h2>\n<h2 style=\"text-align: center;\"><span style=\"color: #ffffff;\">&nbsp;<\/span><\/h2>\n<h3 style=\"text-align: center;\"><span style=\"color: #ffffff;\">&nbsp;<\/span><\/h3>\n<p>&nbsp;<\/p><\/div>\n<\/div>\n\n\n\n<div class=\"wp-block-toolset-blocks-container tb-container\" data-toolset-blocks-container=\"2135980cbbd68e3c4a1a06645af86dba\">\n<div class=\"wp-block-toolset-blocks-grid tb-grid\" data-toolset-blocks-grid=\"23579153e290a10e7a8118c2f1b3aade\">\n<div class=\"wp-block-toolset-blocks-grid-column tb-grid-column tb-grid-align-top\" data-toolset-blocks-grid-column=\"3034fbe886c11054e95b46b09d3e4112\"><\/div>\n\n\n\n<div class=\"wp-block-toolset-blocks-grid-column tb-grid-column tb-grid-align-top\" data-toolset-blocks-grid-column=\"3034fbe886c11054e95b46b09d3e4112\">\n<h2 class=\"tb-heading\" data-toolset-blocks-heading=\"3a94a5f5ac99f0c5642cb0af3ba9a028\" data-last-update=\"1.4\">\u00a1Proyectum tiene la soluci\u00f3n!<\/h2>\n\n\n\n<div class=\"tb-fields-and-text\" data-toolset-blocks-fields-and-text=\"3e1d2592ce20bdf2bf813c9dfa44c991\"><p style=\"text-align: justify;\">Nuestra&nbsp;Business Solutions Architecture (BSA)&nbsp;es un enfoque integral dise\u00f1ado para ayudarte a alcanzar el \u00e9xito en todos los niveles de tu empresa: desde la estrategia hasta el desarrollo personal. Descubre c\u00f3mo podemos ayudarte a entregar valor a tus clientes y a desarrollar una organizaci\u00f3n m\u00e1s \u00e1gil, resiliente y orientada al futuro.<\/p><\/div>\n<\/div>\n<\/div>\n<\/div>\n","protected":false},"excerpt":{"rendered":"","protected":false},"author":1,"featured_media":0,"parent":74,"menu_order":0,"comment_status":"closed","ping_status":"closed","template":"","meta":{"footnotes":""},"class_list":["post-1351","page","type-page","status-publish","hentry"],"_links":{"self":[{"href":"https:\/\/proyectum.com\/mx\/wp-json\/wp\/v2\/pages\/1351","targetHints":{"allow":["GET"]}}],"collection":[{"href":"https:\/\/proyectum.com\/mx\/wp-json\/wp\/v2\/pages"}],"about":[{"href":"https:\/\/proyectum.com\/mx\/wp-json\/wp\/v2\/types\/page"}],"author":[{"embeddable":true,"href":"https:\/\/proyectum.com\/mx\/wp-json\/wp\/v2\/users\/1"}],"replies":[{"embeddable":true,"href":"https:\/\/proyectum.com\/mx\/wp-json\/wp\/v2\/comments?post=1351"}],"version-history":[{"count":6,"href":"https:\/\/proyectum.com\/mx\/wp-json\/wp\/v2\/pages\/1351\/revisions"}],"predecessor-version":[{"id":1591,"href":"https:\/\/proyectum.com\/mx\/wp-json\/wp\/v2\/pages\/1351\/revisions\/1591"}],"up":[{"embeddable":true,"href":"https:\/\/proyectum.com\/mx\/wp-json\/wp\/v2\/pages\/74"}],"wp:attachment":[{"href":"https:\/\/proyectum.com\/mx\/wp-json\/wp\/v2\/media?parent=1351"}],"curies":[{"name":"wp","href":"https:\/\/api.w.org\/{rel}","templated":true}]}}