{"id":1636,"date":"2024-12-31T22:04:39","date_gmt":"2024-12-31T21:04:39","guid":{"rendered":"https:\/\/proyectum.com\/mx\/?page_id=1636"},"modified":"2024-12-31T22:39:52","modified_gmt":"2024-12-31T21:39:52","slug":"como-llevar-tu-negocio-al-siguiente-nivel","status":"publish","type":"page","link":"https:\/\/proyectum.com\/mx\/inicio\/como-llevar-tu-negocio-al-siguiente-nivel\/","title":{"rendered":"\u00bfC\u00f3mo Llevar Tu Negocio al Siguiente Nivel?"},"content":{"rendered":"\n<div class=\"wp-block-toolset-blocks-container tb-container\" data-toolset-blocks-container=\"a8f568277dc4509d9efff4e837888d77\"><\/div>\n\n\n\n<div class=\"wp-block-toolset-blocks-container tb-container aligncenter\" data-toolset-blocks-container=\"cf1a67b9e459d697b6fabc07c2dc1238\">\n<h1 class=\"tb-heading has-text-color\" data-toolset-blocks-heading=\"0f97959ae6ce9cb5415ae6712c202b8f\" data-last-update=\"1.4\">\u00bfC\u00f3mo Llevar Tu Negocio al Siguiente Nivel?<\/h1>\n<\/div>\n\n\n\n<div class=\"wp-block-toolset-blocks-container tb-container\" data-toolset-blocks-container=\"cab98b39495c8f5c1d49fa92de85e70d\">\n<div class=\"tb-fields-and-text\" data-toolset-blocks-fields-and-text=\"3e1d2592ce20bdf2bf813c9dfa44c991\"><h2><span style=\"color: #174168;\">Facilitamos el cambio organizacional con un enfoque de adentro hacia afuera.<\/span><\/h2>\n<p style=\"text-align: justify;\"><strong>\u00a0<\/strong><\/p>\n<p style=\"text-align: justify;\"><strong>Consultor\u00eda Facilitadora<\/strong>\u00a0Nuestra metodolog\u00eda est\u00e1 dise\u00f1ada para acompa\u00f1ar a las organizaciones en su transformaci\u00f3n, no imponiendo soluciones, sino co-cre\u00e1ndolas junto a los equipos clave. Como consultores facilitadores, nos enfocamos en:<\/p>\n<p style=\"text-align: justify;\">\u00a0<\/p>\n<ul style=\"text-align: justify;\">\n<li><strong>Diagn\u00f3sticos participativos:<\/strong>\u00a0Involucramos a todos los niveles de la organizaci\u00f3n para entender la realidad interna y alinear objetivos.<\/li>\n<li><strong>Soluciones adaptadas:<\/strong>\u00a0Dise\u00f1amos estrategias \u00fanicas que reflejan la cultura y las necesidades espec\u00edficas del cliente.<\/li>\n<li><strong>Ejecuci\u00f3n acompa\u00f1ada:<\/strong>\u00a0Guiamos y empoderamos a los equipos para garantizar la sostenibilidad de los cambios implementados.<\/li>\n<\/ul>\n<p style=\"text-align: justify;\">\u00a0<\/p>\n<p style=\"text-align: justify;\">\u00a0<\/p>\n<p style=\"text-align: justify;\">Hablemos de negocios. Estamos aqu\u00ed para ayudarte a inspirar el cambio desde adentro hacia afuera. Juntos podemos llevar tu negocio al siguiente nivel.<\/p>\n<p>\u00a0<\/p><\/div>\n<\/div>\n\n\n\n<div class=\"wp-block-toolset-blocks-container tb-container\" data-toolset-blocks-container=\"b6184bcc262527dcfa8aae1b015b97a7\">\n<div class=\"tb-fields-and-text\" data-toolset-blocks-fields-and-text=\"360284519b991feb492b582c7d84725f\"><h2 style=\"text-align: center;\"><span style=\"color: #ffffff;\">Hablemos de negocios HOY<\/span><\/h2><\/div>\n\n\n\n<div class=\"tb-button\" data-toolset-blocks-button=\"f495708df6f3aba507b985f4ab0d0ffd\"><a class=\"tb-button__link\" href=\"https:\/\/proyectum.com\/mx\/formulario-de-contacto\/\"><i class=\"tb-button__icon\"><\/i><span class=\"tb-button__content\">Cont\u00e1ctenos<\/span><\/a><\/div>\n<\/div>\n\n\n\n<div class=\"wp-block-toolset-blocks-container tb-container\" data-toolset-blocks-container=\"cab98b39495c8f5c1d49fa92de85e70d\">\n<div class=\"tb-fields-and-text\" data-toolset-blocks-fields-and-text=\"3e1d2592ce20bdf2bf813c9dfa44c991\"><p style=\"text-align: justify;\"><strong>Di\u00e1logos Apreciativos<\/strong>\u00a0Una herramienta clave en nuestra metodolog\u00eda son los di\u00e1logos apreciativos. Este enfoque fomenta la construcci\u00f3n de soluciones basadas en las fortalezas y lo que ya funciona bien en la organizaci\u00f3n.<\/p>\n<p style=\"text-align: justify;\">\u00a0<\/p>\n<p style=\"text-align: justify;\">Beneficios:<\/p>\n<p style=\"text-align: justify;\">\u00a0<\/p>\n<ul style=\"text-align: justify;\">\n<li>Promueve el pensamiento positivo y colaborativo.<\/li>\n<li>Impulsa la innovaci\u00f3n desde las experiencias y conocimientos existentes.<\/li>\n<li>Refuerza la cohesi\u00f3n y el compromiso entre los equipos.<\/li>\n<\/ul>\n<p style=\"text-align: justify;\">\u00a0<\/p>\n<p style=\"text-align: justify;\">Pasos clave:<\/p>\n<p style=\"text-align: justify;\">\u00a0<\/p>\n<ol style=\"text-align: justify;\">\n<li>Identificar \u00e1reas de fortaleza y logros pasados.<\/li>\n<li>Co-crear una visi\u00f3n compartida de \u00e9xito.<\/li>\n<li>Dise\u00f1ar un plan de acci\u00f3n basado en estas fortalezas.<\/li>\n<\/ol>\n<p style=\"text-align: justify;\">\u00a0<\/p>\n<p style=\"text-align: justify;\">Hablemos de negocios. Estamos aqu\u00ed para ayudarte a inspirar el cambio desde adentro hacia afuera. Juntos podemos llevar tu negocio al siguiente nivel.<\/p><\/div>\n<\/div>\n\n\n\n<div class=\"wp-block-toolset-blocks-container tb-container\" data-toolset-blocks-container=\"b6184bcc262527dcfa8aae1b015b97a7\">\n<div class=\"tb-fields-and-text\" data-toolset-blocks-fields-and-text=\"360284519b991feb492b582c7d84725f\"><h2 style=\"text-align: center;\"><span style=\"color: #ffffff;\">Hablemos de negocios HOY<\/span><\/h2><\/div>\n\n\n\n<div class=\"tb-button\" data-toolset-blocks-button=\"f495708df6f3aba507b985f4ab0d0ffd\"><a class=\"tb-button__link\" href=\"https:\/\/proyectum.com\/mx\/formulario-de-contacto\/\"><i class=\"tb-button__icon\"><\/i><span class=\"tb-button__content\">Cont\u00e1ctenos<\/span><\/a><\/div>\n<\/div>\n\n\n\n<div class=\"wp-block-toolset-blocks-container tb-container\" data-toolset-blocks-container=\"09bcbb795f7e8ad08ea73f2902649325\">\n<div class=\"tb-fields-and-text\" data-toolset-blocks-fields-and-text=\"3e1d2592ce20bdf2bf813c9dfa44c991\"><p style=\"text-align: justify;\"><strong>Cambio a Trav\u00e9s del Involucramiento de las Personas<\/strong>\u00a0Creemos que el verdadero cambio ocurre cuando las personas son parte activa del proceso. Nuestro enfoque se centra en:<\/p>\n<p style=\"text-align: justify;\">\u00a0<\/p>\n<ul style=\"text-align: justify;\">\n<li><strong>Involucramiento transversal:<\/strong>\u00a0Desde la alta direcci\u00f3n hasta los equipos operativos, todos participan en la transformaci\u00f3n.<\/li>\n<li><strong>Desarrollo de capacidades internas:<\/strong>\u00a0Capacitamos a los equipos para que se conviertan en agentes de cambio.<\/li>\n<li><strong>Sesi\u00f3n de sensibiliaci\u00f3n: <\/strong>\u00a0Dise\u00f1amos intervenciones para asegurar que todos los involucrados comprendan, acepten y apoyen el cambio.<\/li>\n<\/ul>\n<p style=\"text-align: justify;\">\u00a0<\/p>\n<p style=\"text-align: justify;\">Hablemos de negocios. Estamos aqu\u00ed para ayudarte a inspirar el cambio desde adentro hacia afuera. Juntos podemos llevar tu negocio al siguiente nivel.<\/p><\/div>\n<\/div>\n\n\n\n<div class=\"wp-block-toolset-blocks-container tb-container\" data-toolset-blocks-container=\"b6184bcc262527dcfa8aae1b015b97a7\">\n<div class=\"tb-fields-and-text\" data-toolset-blocks-fields-and-text=\"360284519b991feb492b582c7d84725f\"><h2 style=\"text-align: center;\"><span style=\"color: #ffffff;\">Hablemos de negocios HOY<\/span><\/h2><\/div>\n\n\n\n<div class=\"tb-button\" data-toolset-blocks-button=\"f495708df6f3aba507b985f4ab0d0ffd\"><a class=\"tb-button__link\" href=\"https:\/\/proyectum.com\/mx\/formulario-de-contacto\/\"><i class=\"tb-button__icon\"><\/i><span class=\"tb-button__content\">Cont\u00e1ctenos<\/span><\/a><\/div>\n<\/div>\n\n\n\n<div class=\"wp-block-toolset-blocks-container tb-container\" data-toolset-blocks-container=\"09bcbb795f7e8ad08ea73f2902649325\">\n<div class=\"tb-fields-and-text\" data-toolset-blocks-fields-and-text=\"3e1d2592ce20bdf2bf813c9dfa44c991\"><p style=\"text-align: justify;\"><strong>Resultados Esperados<\/strong><\/p>\n<p style=\"text-align: justify;\">\u00a0<\/p>\n<ol style=\"text-align: justify;\">\n<li><strong>Transformaci\u00f3n sostenible:<\/strong>\u00a0El cambio se consolida y se integra en la cultura organizacional.<\/li>\n<li><strong>Incremento del compromiso:<\/strong>\u00a0Los equipos trabajan con un prop\u00f3sito claro y alineado.<\/li>\n<li><strong>Mayor efectividad:<\/strong>\u00a0Procesos m\u00e1s \u00e1giles y orientados al logro de resultados.<\/li>\n<\/ol>\n<p style=\"text-align: justify;\"><strong>\u00a0<\/strong><\/p>\n<p style=\"text-align: justify;\">Hablemos de negocios. Estamos aqu\u00ed para ayudarte a inspirar el cambio desde adentro hacia afuera. Juntos podemos llevar tu negocio al siguiente nivel.<\/p><\/div>\n<\/div>\n","protected":false},"excerpt":{"rendered":"","protected":false},"author":1,"featured_media":0,"parent":2,"menu_order":0,"comment_status":"closed","ping_status":"closed","template":"","meta":{"footnotes":""},"class_list":["post-1636","page","type-page","status-publish","hentry"],"_links":{"self":[{"href":"https:\/\/proyectum.com\/mx\/wp-json\/wp\/v2\/pages\/1636","targetHints":{"allow":["GET"]}}],"collection":[{"href":"https:\/\/proyectum.com\/mx\/wp-json\/wp\/v2\/pages"}],"about":[{"href":"https:\/\/proyectum.com\/mx\/wp-json\/wp\/v2\/types\/page"}],"author":[{"embeddable":true,"href":"https:\/\/proyectum.com\/mx\/wp-json\/wp\/v2\/users\/1"}],"replies":[{"embeddable":true,"href":"https:\/\/proyectum.com\/mx\/wp-json\/wp\/v2\/comments?post=1636"}],"version-history":[{"count":25,"href":"https:\/\/proyectum.com\/mx\/wp-json\/wp\/v2\/pages\/1636\/revisions"}],"predecessor-version":[{"id":1669,"href":"https:\/\/proyectum.com\/mx\/wp-json\/wp\/v2\/pages\/1636\/revisions\/1669"}],"up":[{"embeddable":true,"href":"https:\/\/proyectum.com\/mx\/wp-json\/wp\/v2\/pages\/2"}],"wp:attachment":[{"href":"https:\/\/proyectum.com\/mx\/wp-json\/wp\/v2\/media?parent=1636"}],"curies":[{"name":"wp","href":"https:\/\/api.w.org\/{rel}","templated":true}]}}