{"id":1668,"date":"2024-12-31T22:46:35","date_gmt":"2024-12-31T21:46:35","guid":{"rendered":"https:\/\/proyectum.com\/mx\/?page_id=1668"},"modified":"2024-12-31T22:55:44","modified_gmt":"2024-12-31T21:55:44","slug":"que-sucede-cuando-nos-enfocamos-en-lo-positivo","status":"publish","type":"page","link":"https:\/\/proyectum.com\/mx\/inicio\/que-sucede-cuando-nos-enfocamos-en-lo-positivo\/","title":{"rendered":"\u00bfQu\u00e9 Sucede Cuando Nos Enfocamos en lo Positivo?"},"content":{"rendered":"\n<div class=\"wp-block-toolset-blocks-container tb-container\" data-toolset-blocks-container=\"6713965b60f8b6b92a97f43187c318ca\"><\/div>\n\n\n\n<div class=\"wp-block-toolset-blocks-container tb-container aligncenter\" data-toolset-blocks-container=\"cf1a67b9e459d697b6fabc07c2dc1238\">\n<h1 class=\"tb-heading has-text-color\" data-toolset-blocks-heading=\"0f97959ae6ce9cb5415ae6712c202b8f\" data-last-update=\"1.4\">\u00bfQu\u00e9 Sucede Cuando Nos Enfocamos en lo Positivo?<\/h1>\n<\/div>\n\n\n\n<div class=\"wp-block-toolset-blocks-container tb-container\" data-toolset-blocks-container=\"cab98b39495c8f5c1d49fa92de85e70d\">\n<div class=\"tb-fields-and-text\" data-toolset-blocks-fields-and-text=\"3e1d2592ce20bdf2bf813c9dfa44c991\"><h2 style=\"text-align: justify;\">Cuando enfocamos nuestra atenci\u00f3n en lo positivo, las fortalezas individuales y organizacionales se amplifican, creando un impacto transformador y sostenible.<\/h2>\n<p style=\"text-align: justify;\"><strong>&nbsp;<\/strong><\/p>\n<p style=\"text-align: justify;\"><strong>\u00bfQu\u00e9 Sucede Cuando Nos Enfocamos en lo Positivo?<\/strong><\/p>\n<p style=\"text-align: justify;\">&nbsp;<\/p>\n<ol style=\"text-align: justify;\">\n  <li><strong>Fortalecemos lo Mejor de Cada Persona y Equipo:<\/strong>\n    <ul>\n      <li>Identificamos y potenciamos las habilidades y talentos existentes.<\/li>\n      <li>Creamos un entorno donde las fortalezas individuales contribuyen a los objetivos colectivos.<\/li>\n    <\/ul>\n  <\/li>\n<\/ol>\n<p style=\"text-align: justify;\">&nbsp;<\/p>\n<ol style=\"text-align: justify;\">\n  <li><strong>Promovemos una Cultura de Crecimiento y Resiliencia:<\/strong>\n    <ul>\n      <li>Fomentamos la colaboraci\u00f3n y el aprendizaje continuo.<\/li>\n      <li>Inspiramos confianza y compromiso dentro de los equipos.<\/li>\n    <\/ul>\n  <\/li>\n<\/ol>\n<p style=\"text-align: justify;\">&nbsp;<\/p>\n<ol>\n  <li><strong>Generamos Resultados Extraordinarios:<\/strong>\n    <ul>\n      <li style=\"text-align: justify;\">Las fortalezas se traducen en soluciones creativas y eficaces.<\/li>\n      <li style=\"text-align: justify;\">Los equipos logran resultados tangibles y alineados con los valores organizacionales.<\/li>\n    <\/ul>\n  <\/li>\n<\/ol>\n<p>&nbsp;<\/p><\/div>\n<\/div>\n\n\n\n<div class=\"wp-block-toolset-blocks-container tb-container\" data-toolset-blocks-container=\"b6184bcc262527dcfa8aae1b015b97a7\">\n<div class=\"tb-fields-and-text\" data-toolset-blocks-fields-and-text=\"360284519b991feb492b582c7d84725f\"><h2 style=\"text-align: center;\"><span style=\"color: #ffffff;\">Hablemos de negocios HOY<\/span><\/h2><\/div>\n\n\n\n<div class=\"tb-button\" data-toolset-blocks-button=\"f495708df6f3aba507b985f4ab0d0ffd\"><a class=\"tb-button__link\" href=\"https:\/\/proyectum.com\/mx\/formulario-de-contacto\/\"><i class=\"tb-button__icon\"><\/i><span class=\"tb-button__content\">Cont\u00e1ctenos<\/span><\/a><\/div>\n<\/div>\n\n\n\n<div class=\"wp-block-toolset-blocks-container tb-container\" data-toolset-blocks-container=\"cab98b39495c8f5c1d49fa92de85e70d\">\n<div class=\"tb-fields-and-text\" data-toolset-blocks-fields-and-text=\"3e1d2592ce20bdf2bf813c9dfa44c991\"><p><strong>Nuestro Enfoque Positivo:<\/strong><\/p>\n<p>&nbsp;<\/p>\n<ul>\n  <li><strong>Di\u00e1logos Apreciativos:<\/strong>&nbsp;Facilitamos conversaciones que destacan lo mejor de cada situaci\u00f3n, impulsando el cambio a trav\u00e9s de la valoraci\u00f3n de logros y capacidades existentes.<\/li>\n<\/ul>\n<p>&nbsp;<\/p>\n<ul>\n  <li><strong>Metodolog\u00eda Centrada en Fortalezas:<\/strong>&nbsp;Dise\u00f1amos estrategias que parten de lo que funciona, asegurando que cada acci\u00f3n tenga un impacto positivo y duradero.<\/li>\n<\/ul>\n<p>&nbsp;<\/p>\n<ul>\n  <li><strong>Acompa\u00f1amiento Colaborativo:<\/strong>&nbsp;Trabajamos en conjunto con nuestros clientes para co-crear soluciones que reflejen su esencia y aspiraciones.<\/li>\n<\/ul>\n<p style=\"text-align: justify;\">&nbsp;<\/p><\/div>\n<\/div>\n","protected":false},"excerpt":{"rendered":"","protected":false},"author":1,"featured_media":0,"parent":2,"menu_order":0,"comment_status":"closed","ping_status":"closed","template":"","meta":{"footnotes":""},"class_list":["post-1668","page","type-page","status-publish","hentry"],"_links":{"self":[{"href":"https:\/\/proyectum.com\/mx\/wp-json\/wp\/v2\/pages\/1668","targetHints":{"allow":["GET"]}}],"collection":[{"href":"https:\/\/proyectum.com\/mx\/wp-json\/wp\/v2\/pages"}],"about":[{"href":"https:\/\/proyectum.com\/mx\/wp-json\/wp\/v2\/types\/page"}],"author":[{"embeddable":true,"href":"https:\/\/proyectum.com\/mx\/wp-json\/wp\/v2\/users\/1"}],"replies":[{"embeddable":true,"href":"https:\/\/proyectum.com\/mx\/wp-json\/wp\/v2\/comments?post=1668"}],"version-history":[{"count":6,"href":"https:\/\/proyectum.com\/mx\/wp-json\/wp\/v2\/pages\/1668\/revisions"}],"predecessor-version":[{"id":1678,"href":"https:\/\/proyectum.com\/mx\/wp-json\/wp\/v2\/pages\/1668\/revisions\/1678"}],"up":[{"embeddable":true,"href":"https:\/\/proyectum.com\/mx\/wp-json\/wp\/v2\/pages\/2"}],"wp:attachment":[{"href":"https:\/\/proyectum.com\/mx\/wp-json\/wp\/v2\/media?parent=1668"}],"curies":[{"name":"wp","href":"https:\/\/api.w.org\/{rel}","templated":true}]}}