{"id":1679,"date":"2024-12-31T23:01:10","date_gmt":"2024-12-31T22:01:10","guid":{"rendered":"https:\/\/proyectum.com\/mx\/?page_id=1679"},"modified":"2024-12-31T23:04:39","modified_gmt":"2024-12-31T22:04:39","slug":"desarrollo-de-la-vision-y-estrategia-definiendo-el-camino-hacia-un-futuro-sostenible","status":"publish","type":"page","link":"https:\/\/proyectum.com\/mx\/inicio\/desarrollo-de-la-vision-y-estrategia-definiendo-el-camino-hacia-un-futuro-sostenible\/","title":{"rendered":"Desarrollo de la Visi\u00f3n y Estrategia Definiendo el camino hacia un futuro sostenible"},"content":{"rendered":"\n<div class=\"wp-block-toolset-blocks-container tb-container\" data-toolset-blocks-container=\"f5e348466907379183aed49ae397c1e8\"><\/div>\n\n\n\n<div class=\"wp-block-toolset-blocks-container tb-container aligncenter\" data-toolset-blocks-container=\"cf1a67b9e459d697b6fabc07c2dc1238\">\n<h1 class=\"tb-heading has-text-color\" data-toolset-blocks-heading=\"0f97959ae6ce9cb5415ae6712c202b8f\" data-last-update=\"1.4\">Desarrollo de la Visi\u00f3n y Estrategia Definiendo el camino hacia un futuro sostenible<\/h1>\n<\/div>\n\n\n\n<div class=\"wp-block-toolset-blocks-container tb-container\" data-toolset-blocks-container=\"cab98b39495c8f5c1d49fa92de85e70d\">\n<div class=\"tb-fields-and-text\" data-toolset-blocks-fields-and-text=\"3e1d2592ce20bdf2bf813c9dfa44c991\"><h2><strong>\u00bfPor qu\u00e9 es importante una visi\u00f3n clara y una estrategia s\u00f3lida?<\/strong><\/h2>\n<p style=\"text-align: justify;\">\u00a0<\/p>\n<p>Toda organizaci\u00f3n necesita un prop\u00f3sito que inspire y una direcci\u00f3n que gu\u00ede. Una visi\u00f3n clara da sentido a cada acci\u00f3n, mientras que una estrategia bien definida asegura que cada paso contribuya al crecimiento sostenible y a la consecuci\u00f3n de los objetivos a largo plazo.<\/p>\n<p><strong>\u00a0<\/strong><\/p>\n<p><strong>Nuestros Servicios<\/strong><\/p>\n<p><strong>\u00a0<\/strong><\/p>\n<p>Trabajamos contigo para definir una visi\u00f3n inspiradora y construir una estrategia que conecte con las metas organizacionales y movilice a tu equipo.<\/p>\n<p>\u00a0<\/p>\n<ol>\n<li><strong> Diagn\u00f3stico Estrat\u00e9gico<\/strong><\/li>\n<\/ol>\n<ul>\n<li>Evaluaci\u00f3n integral de la posici\u00f3n actual de tu organizaci\u00f3n.<\/li>\n<li>Identificaci\u00f3n de fortalezas, \u00e1reas de oportunidad y factores clave de \u00e9xito.<\/li>\n<li>An\u00e1lisis del entorno competitivo y tendencias del mercado.<\/li>\n<li>\u00a0<\/li>\n<\/ul>\n<ol start=\"2\">\n<li><strong> Construcci\u00f3n de la Visi\u00f3n Organizacional<\/strong><\/li>\n<\/ol>\n<ul>\n<li>Facilitaci\u00f3n de sesiones colaborativas para dise\u00f1ar una visi\u00f3n compartida.<\/li>\n<li>Alineaci\u00f3n de la visi\u00f3n con los valores, misi\u00f3n y prop\u00f3sito de la organizaci\u00f3n.<\/li>\n<li>Creaci\u00f3n de un marco de referencia que inspire a los equipos y fomente el compromiso.<\/li>\n<li>\u00a0<\/li>\n<\/ul>\n<ol start=\"3\">\n<li><strong> Dise\u00f1o de Estrategias a Largo Plazo<\/strong><\/li>\n<\/ol>\n<ul>\n<li>Desarrollo de planes estrat\u00e9gicos claros, alcanzables y medibles.<\/li>\n<li>Identificaci\u00f3n de iniciativas prioritarias y asignaci\u00f3n de recursos clave.<\/li>\n<li>Incorporaci\u00f3n de herramientas de planificaci\u00f3n \u00e1gil para adaptarse al cambio.<\/li>\n<li>\u00a0<\/li>\n<\/ul>\n<ol start=\"4\">\n<li><strong> Acompa\u00f1amiento en la Ejecuci\u00f3n Estrat\u00e9gica<\/strong><\/li>\n<\/ol>\n<ul>\n<li>Supervisi\u00f3n y ajuste de la implementaci\u00f3n estrat\u00e9gica.<\/li>\n<li>Dise\u00f1o de KPIs para medir el avance hacia los objetivos definidos.<\/li>\n<li>Aseguramiento de la alineaci\u00f3n entre las acciones operativas y los resultados esperados.<\/li>\n<\/ul>\n<p>\u00a0<\/p>\n<ol start=\"5\">\n<li><strong> Desarrollo de Liderazgo Estrat\u00e9gico<\/strong><\/li>\n<\/ol>\n<ul>\n<li>Capacitaci\u00f3n para l\u00edderes en habilidades de pensamiento estrat\u00e9gico y toma de decisiones.<\/li>\n<li>Programas para empoderar equipos, asegurando que cada miembro contribuya al \u00e9xito organizacional.<\/li>\n<li>Fomento de una cultura de innovaci\u00f3n y adaptabilidad.<\/li>\n<\/ul>\n<p>\u00a0<\/p><\/div>\n<\/div>\n\n\n\n<div class=\"wp-block-toolset-blocks-container tb-container\" data-toolset-blocks-container=\"b6184bcc262527dcfa8aae1b015b97a7\">\n<div class=\"tb-fields-and-text\" data-toolset-blocks-fields-and-text=\"360284519b991feb492b582c7d84725f\"><h2 style=\"text-align: center;\"><span style=\"color: #ffffff;\">Hablemos de negocios HOY<\/span><\/h2><\/div>\n\n\n\n<div class=\"tb-button\" data-toolset-blocks-button=\"f495708df6f3aba507b985f4ab0d0ffd\"><a class=\"tb-button__link\" href=\"https:\/\/proyectum.com\/mx\/formulario-de-contacto\/\"><i class=\"tb-button__icon\"><\/i><span class=\"tb-button__content\">Cont\u00e1ctenos<\/span><\/a><\/div>\n<\/div>\n\n\n\n<div class=\"wp-block-toolset-blocks-container tb-container\" data-toolset-blocks-container=\"cab98b39495c8f5c1d49fa92de85e70d\">\n<div class=\"tb-fields-and-text\" data-toolset-blocks-fields-and-text=\"3e1d2592ce20bdf2bf813c9dfa44c991\"><p><strong>\u00a0<\/strong><\/p>\n<p><strong>Beneficios de una visi\u00f3n clara y una estrategia s\u00f3lida<\/strong><\/p>\n<p><strong>\u00a0<\/strong><\/p>\n<ul>\n<li><strong>Prop\u00f3sito compartido:<\/strong>\u00a0Moviliza a toda la organizaci\u00f3n hacia un objetivo com\u00fan.<\/li>\n<li><strong>Toma de decisiones efectiva:<\/strong>\u00a0Acciones alineadas con la direcci\u00f3n estrat\u00e9gica.<\/li>\n<li><strong>Crecimiento sostenible:<\/strong>\u00a0Resultados que perduran en el tiempo.<\/li>\n<li><strong>Mayor resiliencia:<\/strong>\u00a0Capacidad de adaptarse a los cambios sin perder de vista los objetivos.<\/li>\n<\/ul>\n<p><strong>\u00a0<\/strong><\/p>\n<p><strong>Transforma tus ideas en una estrategia ganadora<\/strong><\/p>\n<p><strong>\u00a1Hablemos hoy mismo!<\/strong>\u00a0Juntos construiremos el futuro que imaginas para tu organizaci\u00f3n.<\/p>\n<p style=\"text-align: justify;\">\u00a0<\/p><\/div>\n<\/div>\n","protected":false},"excerpt":{"rendered":"","protected":false},"author":1,"featured_media":0,"parent":2,"menu_order":0,"comment_status":"closed","ping_status":"closed","template":"","meta":{"footnotes":""},"class_list":["post-1679","page","type-page","status-publish","hentry"],"_links":{"self":[{"href":"https:\/\/proyectum.com\/mx\/wp-json\/wp\/v2\/pages\/1679","targetHints":{"allow":["GET"]}}],"collection":[{"href":"https:\/\/proyectum.com\/mx\/wp-json\/wp\/v2\/pages"}],"about":[{"href":"https:\/\/proyectum.com\/mx\/wp-json\/wp\/v2\/types\/page"}],"author":[{"embeddable":true,"href":"https:\/\/proyectum.com\/mx\/wp-json\/wp\/v2\/users\/1"}],"replies":[{"embeddable":true,"href":"https:\/\/proyectum.com\/mx\/wp-json\/wp\/v2\/comments?post=1679"}],"version-history":[{"count":2,"href":"https:\/\/proyectum.com\/mx\/wp-json\/wp\/v2\/pages\/1679\/revisions"}],"predecessor-version":[{"id":1681,"href":"https:\/\/proyectum.com\/mx\/wp-json\/wp\/v2\/pages\/1679\/revisions\/1681"}],"up":[{"embeddable":true,"href":"https:\/\/proyectum.com\/mx\/wp-json\/wp\/v2\/pages\/2"}],"wp:attachment":[{"href":"https:\/\/proyectum.com\/mx\/wp-json\/wp\/v2\/media?parent=1679"}],"curies":[{"name":"wp","href":"https:\/\/api.w.org\/{rel}","templated":true}]}}