{"id":1682,"date":"2024-12-31T23:09:32","date_gmt":"2024-12-31T22:09:32","guid":{"rendered":"https:\/\/proyectum.com\/mx\/?page_id=1682"},"modified":"2024-12-31T23:12:34","modified_gmt":"2024-12-31T22:12:34","slug":"esta-tu-equipo-listo-para-uncambio-significativo-y-sostenible","status":"publish","type":"page","link":"https:\/\/proyectum.com\/mx\/inicio\/esta-tu-equipo-listo-para-uncambio-significativo-y-sostenible\/","title":{"rendered":"\u00bfEst\u00e1 tu equipo listo para uncambio significativo y sostenible?"},"content":{"rendered":"\n<div class=\"wp-block-toolset-blocks-container tb-container\" data-toolset-blocks-container=\"a8f568277dc4509d9efff4e837888d77\"><\/div>\n\n\n\n<div class=\"wp-block-toolset-blocks-container tb-container aligncenter\" data-toolset-blocks-container=\"cf1a67b9e459d697b6fabc07c2dc1238\">\n<h1 class=\"tb-heading has-text-color\" data-toolset-blocks-heading=\"0f97959ae6ce9cb5415ae6712c202b8f\" data-last-update=\"1.4\">\u00bfEst\u00e1 tu equipo listo para uncambio significativo y sostenible?<\/h1>\n<\/div>\n\n\n\n<div class=\"wp-block-toolset-blocks-container tb-container\" data-toolset-blocks-container=\"cab98b39495c8f5c1d49fa92de85e70d\">\n<div class=\"tb-fields-and-text\" data-toolset-blocks-fields-and-text=\"3e1d2592ce20bdf2bf813c9dfa44c991\"><h2><strong>Ayudamos a <\/strong>transformar equipos y organizaciones a trav\u00e9s de un enfoque integral y personalizado para impulsar cambios significativos y sostenibles.<\/h2>\n<p>\u00a0<\/p>\n<p><strong>\u00bfQu\u00e9 Ofrecemos?<\/strong>\u00a0En Proyectum, creemos que el cambio organizacional comienza desde adentro y se consolida cuando las personas est\u00e1n alineadas con los objetivos y valores de la empresa. Ofrecemos soluciones adaptadas para lograr transformaciones reales y duraderas.<\/p>\n<p>\u00a0<\/p>\n<ul>\n<li><strong>Diagn\u00f3stico Profundo:<\/strong>\u00a0Identificamos las necesidades espec\u00edficas de tu equipo y dise\u00f1amos un plan de intervenci\u00f3n acorde a los retos actuales.<\/li>\n<li><strong>Co-Creaci\u00f3n de Soluciones:<\/strong>\u00a0Trabajamos contigo para dise\u00f1ar estrategias que generen resultados medibles.<\/li>\n<li><strong>Capacitaci\u00f3n y Acompa\u00f1amiento:<\/strong>\u00a0Implementamos planes de formaci\u00f3n integrales para empoderar a tus colaboradores en el proceso de cambio.<\/li>\n<\/ul>\n<h2>\u00a0<\/h2><\/div>\n<\/div>\n\n\n\n<div class=\"wp-block-toolset-blocks-container tb-container\" data-toolset-blocks-container=\"b6184bcc262527dcfa8aae1b015b97a7\">\n<div class=\"tb-fields-and-text\" data-toolset-blocks-fields-and-text=\"360284519b991feb492b582c7d84725f\"><h2 style=\"text-align: center;\"><span style=\"color: #ffffff;\">Hablemos de negocios HOY<\/span><\/h2><\/div>\n\n\n\n<div class=\"tb-button\" data-toolset-blocks-button=\"f495708df6f3aba507b985f4ab0d0ffd\"><a class=\"tb-button__link\" href=\"https:\/\/proyectum.com\/mx\/formulario-de-contacto\/\"><i class=\"tb-button__icon\"><\/i><span class=\"tb-button__content\">Cont\u00e1ctenos<\/span><\/a><\/div>\n<\/div>\n\n\n\n<div class=\"wp-block-toolset-blocks-container tb-container\" data-toolset-blocks-container=\"cab98b39495c8f5c1d49fa92de85e70d\">\n<div class=\"tb-fields-and-text\" data-toolset-blocks-fields-and-text=\"3e1d2592ce20bdf2bf813c9dfa44c991\"><p><strong>\u00c1reas de Impacto Clave<\/strong><\/p>\n<p>&nbsp;<\/p>\n<ol>\n  <li><strong>Gesti\u00f3n del Cambio Organizacional:<\/strong>\n    <ul>\n      <li>Dise\u00f1o de estrategias para minimizar la resistencia al cambio.<\/li>\n      <li>Implementaci\u00f3n de procesos que garantizan la sostenibilidad de las transformaciones.<\/li>\n    <\/ul>\n  <\/li>\n\n  <li><strong>Desarrollo de Liderazgo:<\/strong>\n    <ul>\n      <li>Programas para fortalecer las habilidades de liderazgo en todos los niveles.<\/li>\n      <li>Desarrollo de capacidades para liderar con agilidad y resiliencia.<\/li>\n    <\/ul>\n  <\/li>\n\n  <li><strong>Cultura Organizacional:<\/strong>\n    <ul>\n      <li>Diagn\u00f3stico y transformaci\u00f3n de la cultura empresarial.<\/li>\n      <li>Promoci\u00f3n de valores compartidos y compromiso colectivo.<\/li>\n    <\/ul>\n  <\/li>\n<\/ol>\n<p style=\"text-align: justify;\">&nbsp;<\/p><\/div>\n<\/div>\n\n\n\n<div class=\"wp-block-toolset-blocks-container tb-container\" data-toolset-blocks-container=\"b6184bcc262527dcfa8aae1b015b97a7\">\n<div class=\"tb-fields-and-text\" data-toolset-blocks-fields-and-text=\"360284519b991feb492b582c7d84725f\"><h2 style=\"text-align: center;\"><span style=\"color: #ffffff;\">Hablemos de negocios HOY<\/span><\/h2><\/div>\n\n\n\n<div class=\"tb-button\" data-toolset-blocks-button=\"f495708df6f3aba507b985f4ab0d0ffd\"><a class=\"tb-button__link\" href=\"https:\/\/proyectum.com\/mx\/formulario-de-contacto\/\"><i class=\"tb-button__icon\"><\/i><span class=\"tb-button__content\">Cont\u00e1ctenos<\/span><\/a><\/div>\n<\/div>\n\n\n\n<div class=\"wp-block-toolset-blocks-container tb-container\" data-toolset-blocks-container=\"09bcbb795f7e8ad08ea73f2902649325\">\n<div class=\"tb-fields-and-text\" data-toolset-blocks-fields-and-text=\"3e1d2592ce20bdf2bf813c9dfa44c991\"><p><strong>Beneficios Clave<\/strong><\/p>\n<ul>\n<li>\u00a0<\/li>\n<li><strong>Resultados Tangibles:<\/strong>\u00a0Cambios medibles que impactan directamente en el desempe\u00f1o organizacional.<\/li>\n<li><strong>Compromiso Colaborativo:<\/strong>\u00a0Involucramos a todos los niveles de la organizaci\u00f3n para garantizar el \u00e9xito del cambio.<\/li>\n<li><strong>Transformaci\u00f3n Sostenible:<\/strong>\u00a0Dise\u00f1amos estrategias que se integran en la cultura y los procesos de tu empresa.<\/li>\n<\/ul>\n<p><strong>\u00a0<\/strong><\/p>\n<p>\u00bfEst\u00e1 tu equipo listo para un cambio significativo y sostenible? Nosotros te acompa\u00f1amos. Cont\u00e1ctanos para iniciar la transformaci\u00f3n de tu organizaci\u00f3n hoy.<\/p><\/div>\n<\/div>\n","protected":false},"excerpt":{"rendered":"","protected":false},"author":1,"featured_media":0,"parent":2,"menu_order":0,"comment_status":"closed","ping_status":"closed","template":"","meta":{"footnotes":""},"class_list":["post-1682","page","type-page","status-publish","hentry"],"_links":{"self":[{"href":"https:\/\/proyectum.com\/mx\/wp-json\/wp\/v2\/pages\/1682","targetHints":{"allow":["GET"]}}],"collection":[{"href":"https:\/\/proyectum.com\/mx\/wp-json\/wp\/v2\/pages"}],"about":[{"href":"https:\/\/proyectum.com\/mx\/wp-json\/wp\/v2\/types\/page"}],"author":[{"embeddable":true,"href":"https:\/\/proyectum.com\/mx\/wp-json\/wp\/v2\/users\/1"}],"replies":[{"embeddable":true,"href":"https:\/\/proyectum.com\/mx\/wp-json\/wp\/v2\/comments?post=1682"}],"version-history":[{"count":2,"href":"https:\/\/proyectum.com\/mx\/wp-json\/wp\/v2\/pages\/1682\/revisions"}],"predecessor-version":[{"id":1685,"href":"https:\/\/proyectum.com\/mx\/wp-json\/wp\/v2\/pages\/1682\/revisions\/1685"}],"up":[{"embeddable":true,"href":"https:\/\/proyectum.com\/mx\/wp-json\/wp\/v2\/pages\/2"}],"wp:attachment":[{"href":"https:\/\/proyectum.com\/mx\/wp-json\/wp\/v2\/media?parent=1682"}],"curies":[{"name":"wp","href":"https:\/\/api.w.org\/{rel}","templated":true}]}}