{"id":1686,"date":"2024-12-31T23:20:46","date_gmt":"2024-12-31T22:20:46","guid":{"rendered":"https:\/\/proyectum.com\/mx\/?page_id=1686"},"modified":"2024-12-31T23:24:37","modified_gmt":"2024-12-31T22:24:37","slug":"ecosistema-de-direccion-de-proyectos","status":"publish","type":"page","link":"https:\/\/proyectum.com\/mx\/inicio\/ecosistema-de-direccion-de-proyectos\/","title":{"rendered":"Ecosistema de Direcci\u00f3n de Proyectos"},"content":{"rendered":"\n<div class=\"wp-block-toolset-blocks-container tb-container\" data-toolset-blocks-container=\"ebf4f6848aab0ab77d226f5e3181a048\"><\/div>\n\n\n\n<div class=\"wp-block-toolset-blocks-container tb-container aligncenter\" data-toolset-blocks-container=\"cf1a67b9e459d697b6fabc07c2dc1238\">\n<h1 class=\"tb-heading has-text-color\" data-toolset-blocks-heading=\"0f97959ae6ce9cb5415ae6712c202b8f\" data-last-update=\"1.4\">Ecosistema de Direcci\u00f3n de Proyectos<\/h1>\n<\/div>\n\n\n\n<div class=\"wp-block-toolset-blocks-container tb-container\" data-toolset-blocks-container=\"cab98b39495c8f5c1d49fa92de85e70d\">\n<div class=\"tb-fields-and-text\" data-toolset-blocks-fields-and-text=\"3e1d2592ce20bdf2bf813c9dfa44c991\"><h3 style=\"text-align: justify;\">Un ecosistema bien definido en direcci\u00f3n de proyectos asegura la ejecuci\u00f3n eficiente de iniciativas estrat\u00e9gicas. Al alinear herramientas, procesos y talento, las organizaciones pueden garantizar entregables de calidad, cumplir con los plazos y maximizar el valor generado para el negocio.<\/h3>\n<p style=\"text-align: justify;\">\u00a0<\/p>\n<p style=\"text-align: justify;\"><strong>Ecosistema de Direcci\u00f3n de Proyectos<\/strong><\/p>\n<p style=\"text-align: justify;\"><strong>Convirtiendo estrategias en resultados concretos<\/strong><\/p>\n<p style=\"text-align: justify;\"><strong>\u00a0<\/strong><\/p>\n<p style=\"text-align: justify;\"><strong>\u00bfPor qu\u00e9 es esencial un ecosistema de direcci\u00f3n de proyectos?<\/strong><\/p>\n<p style=\"text-align: justify;\"><br \/>En un entorno din\u00e1mico, gestionar proyectos de manera eficiente es clave para materializar objetivos estrat\u00e9gicos. Un ecosistema robusto asegura que los recursos, procesos y equipos trabajen en perfecta armon\u00eda para entregar resultados de calidad, dentro del tiempo y presupuesto establecidos.<\/p><\/div>\n<\/div>\n\n\n\n<div class=\"wp-block-toolset-blocks-container tb-container\" data-toolset-blocks-container=\"b6184bcc262527dcfa8aae1b015b97a7\">\n<div class=\"tb-fields-and-text\" data-toolset-blocks-fields-and-text=\"360284519b991feb492b582c7d84725f\"><h2 style=\"text-align: center;\"><span style=\"color: #ffffff;\">Hablemos de negocios HOY<\/span><\/h2><\/div>\n\n\n\n<div class=\"tb-button\" data-toolset-blocks-button=\"f495708df6f3aba507b985f4ab0d0ffd\"><a class=\"tb-button__link\" href=\"https:\/\/proyectum.com\/mx\/formulario-de-contacto\/\"><i class=\"tb-button__icon\"><\/i><span class=\"tb-button__content\">Cont\u00e1ctenos<\/span><\/a><\/div>\n<\/div>\n\n\n\n<div class=\"wp-block-toolset-blocks-container tb-container\" data-toolset-blocks-container=\"cab98b39495c8f5c1d49fa92de85e70d\">\n<div class=\"tb-fields-and-text\" data-toolset-blocks-fields-and-text=\"3e1d2592ce20bdf2bf813c9dfa44c991\"><h2 style=\"text-align: justify;\"><strong>Nuestros Servicios<\/strong><\/h2>\n<p style=\"text-align: justify;\">Dise\u00f1amos e implementamos ecosistemas integrales que optimizan la gesti\u00f3n de proyectos, desde su planificaci\u00f3n hasta su ejecuci\u00f3n exitosa.<\/p>\n<p style=\"text-align: justify;\">\u00a0<\/p>\n<ol style=\"text-align: justify;\">\n<li><strong> Diagn\u00f3stico del sistema organizacional de direcci\u00f3n de proyectos (OPMS)<\/strong><\/li>\n<\/ol>\n<ul style=\"text-align: justify;\">\n<li>Evaluaci\u00f3n del nivel actual de madurez en pr\u00e1cticas de gesti\u00f3n de proyectos.<\/li>\n<li>Identificaci\u00f3n de \u00e1reas cr\u00edticas de mejora y alineaci\u00f3n con los objetivos organizacionales.<\/li>\n<li>An\u00e1lisis del uso de herramientas, metodolog\u00edas y capacidades del equipo.<\/li>\n<\/ul>\n<p style=\"text-align: justify;\">\u00a0<\/p>\n<ol style=\"text-align: justify;\" start=\"2\">\n<li><strong> Dise\u00f1o del Ecosistema de Direcci\u00f3n de Proyectos<\/strong><\/li>\n<\/ol>\n<ul style=\"text-align: justify;\">\n<li>Creaci\u00f3n de un marco metodol\u00f3gico personalizado (PMBOK, Agile, h\u00edbrido, etc.).<\/li>\n<li>Definici\u00f3n de roles, responsabilidades y gobernanza en la gesti\u00f3n de proyectos.<\/li>\n<li>Selecci\u00f3n e integraci\u00f3n de herramientas tecnol\u00f3gicas que faciliten la planificaci\u00f3n, ejecuci\u00f3n y monitoreo.<\/li>\n<\/ul>\n<p style=\"text-align: justify;\">\u00a0<\/p>\n<ol style=\"text-align: justify;\" start=\"3\">\n<li><strong> Capacitaci\u00f3n y Desarrollo de Competencias<\/strong><\/li>\n<\/ol>\n<ul style=\"text-align: justify;\">\n<li>Programas de formaci\u00f3n en habilidades clave como liderazgo de proyectos, gesti\u00f3n de riesgos y comunicaci\u00f3n efectiva.<\/li>\n<li>Certificaciones en metodolog\u00edas reconocidas (PMP, Scrum, Kanban, etc.).<\/li>\n<li>Talleres pr\u00e1cticos para mejorar la colaboraci\u00f3n entre equipos multidisciplinarios.<\/li>\n<\/ul>\n<p style=\"text-align: justify;\">\u00a0<\/p>\n<ol style=\"text-align: justify;\" start=\"4\">\n<li><strong> Implementaci\u00f3n de Oficinas de Gesti\u00f3n de multiproposito (XMO)<\/strong><\/li>\n<\/ol>\n<ul style=\"text-align: justify;\">\n<li>Dise\u00f1o e implementaci\u00f3n de una XMO adaptada a las necesidades del negocio.<\/li>\n<li>Establecimiento de procesos estandarizados para garantizar la consistencia en la ejecuci\u00f3n de proyectos.<\/li>\n<li>Creaci\u00f3n de indicadores clave (KPIs) para medir el desempe\u00f1o y la efectividad.<\/li>\n<\/ul>\n<p style=\"text-align: justify;\">\u00a0<\/p>\n<ol style=\"text-align: justify;\" start=\"5\">\n<li><strong> Monitoreo y Mejora Continua<\/strong><\/li>\n<\/ol>\n<ul>\n<li style=\"text-align: justify;\">Acompa\u00f1amiento en la ejecuci\u00f3n de proyectos cr\u00edticos para asegurar resultados \u00f3ptimos.<\/li>\n<li style=\"text-align: justify;\">An\u00e1lisis de lecciones aprendidas para optimizar futuras iniciativas.<\/li>\n<li style=\"text-align: justify;\">Informes peri\u00f3dicos con recomendaciones para mejorar la eficiencia y el impacto de los proyectos.<\/li>\n<\/ul><\/div>\n<\/div>\n\n\n\n<div class=\"wp-block-toolset-blocks-container tb-container\" data-toolset-blocks-container=\"b6184bcc262527dcfa8aae1b015b97a7\">\n<div class=\"tb-fields-and-text\" data-toolset-blocks-fields-and-text=\"360284519b991feb492b582c7d84725f\"><h2 style=\"text-align: center;\"><span style=\"color: #ffffff;\">Hablemos de negocios HOY<\/span><\/h2><\/div>\n\n\n\n<div class=\"tb-button\" data-toolset-blocks-button=\"f495708df6f3aba507b985f4ab0d0ffd\"><a class=\"tb-button__link\" href=\"https:\/\/proyectum.com\/mx\/formulario-de-contacto\/\"><i class=\"tb-button__icon\"><\/i><span class=\"tb-button__content\">Cont\u00e1ctenos<\/span><\/a><\/div>\n<\/div>\n\n\n\n<div class=\"wp-block-toolset-blocks-container tb-container\" data-toolset-blocks-container=\"09bcbb795f7e8ad08ea73f2902649325\">\n<div class=\"tb-fields-and-text\" data-toolset-blocks-fields-and-text=\"3e1d2592ce20bdf2bf813c9dfa44c991\"><p style=\"text-align: justify;\"><strong>Beneficios de un ecosistema s\u00f3lido de direcci\u00f3n de proyectos<\/strong><\/p>\n<p style=\"text-align: justify;\"><strong>\u00a0<\/strong><\/p>\n<ul style=\"text-align: justify;\">\n<li><strong>Cumplimiento garantizado:<\/strong>\u00a0Proyectos entregados a tiempo y dentro del presupuesto.<\/li>\n<li><strong>Alineaci\u00f3n estrat\u00e9gica:<\/strong>\u00a0Todas las iniciativas conectadas con los objetivos del negocio.<\/li>\n<li><strong>Mayor eficiencia:<\/strong>\u00a0Uso \u00f3ptimo de recursos y procesos estandarizados.<\/li>\n<li><strong>Colaboraci\u00f3n efectiva:<\/strong>\u00a0Equipos motivados y alineados hacia metas comunes.<\/li>\n<\/ul>\n<p style=\"text-align: justify;\"><strong>\u00a0<\/strong><\/p>\n<p style=\"text-align: justify;\"><strong>Lleva tus proyectos al siguiente nivel<\/strong><\/p>\n<p style=\"text-align: justify;\"><strong>\u00a1Hablemos hoy!<\/strong>\u00a0Juntos construiremos un ecosistema que transforme tus ideas en resultados excepcionales.<\/p><\/div>\n<\/div>\n\n\n\n<div class=\"wp-block-toolset-blocks-container tb-container\" data-toolset-blocks-container=\"09bcbb795f7e8ad08ea73f2902649325\"><\/div>\n","protected":false},"excerpt":{"rendered":"","protected":false},"author":1,"featured_media":0,"parent":2,"menu_order":0,"comment_status":"closed","ping_status":"closed","template":"","meta":{"footnotes":""},"class_list":["post-1686","page","type-page","status-publish","hentry"],"_links":{"self":[{"href":"https:\/\/proyectum.com\/mx\/wp-json\/wp\/v2\/pages\/1686","targetHints":{"allow":["GET"]}}],"collection":[{"href":"https:\/\/proyectum.com\/mx\/wp-json\/wp\/v2\/pages"}],"about":[{"href":"https:\/\/proyectum.com\/mx\/wp-json\/wp\/v2\/types\/page"}],"author":[{"embeddable":true,"href":"https:\/\/proyectum.com\/mx\/wp-json\/wp\/v2\/users\/1"}],"replies":[{"embeddable":true,"href":"https:\/\/proyectum.com\/mx\/wp-json\/wp\/v2\/comments?post=1686"}],"version-history":[{"count":1,"href":"https:\/\/proyectum.com\/mx\/wp-json\/wp\/v2\/pages\/1686\/revisions"}],"predecessor-version":[{"id":1687,"href":"https:\/\/proyectum.com\/mx\/wp-json\/wp\/v2\/pages\/1686\/revisions\/1687"}],"up":[{"embeddable":true,"href":"https:\/\/proyectum.com\/mx\/wp-json\/wp\/v2\/pages\/2"}],"wp:attachment":[{"href":"https:\/\/proyectum.com\/mx\/wp-json\/wp\/v2\/media?parent=1686"}],"curies":[{"name":"wp","href":"https:\/\/api.w.org\/{rel}","templated":true}]}}