{"id":1688,"date":"2024-12-31T23:29:04","date_gmt":"2024-12-31T22:29:04","guid":{"rendered":"https:\/\/proyectum.com\/mx\/?page_id=1688"},"modified":"2024-12-31T23:59:33","modified_gmt":"2024-12-31T22:59:33","slug":"ecosistema-de-gestion-de-riesgos-y-resiliencia","status":"publish","type":"page","link":"https:\/\/proyectum.com\/mx\/inicio\/ecosistema-de-gestion-de-riesgos-y-resiliencia\/","title":{"rendered":"Ecosistema de Gesti\u00f3n de Riesgos y Resiliencia"},"content":{"rendered":"\n<div class=\"wp-block-toolset-blocks-container tb-container\" data-toolset-blocks-container=\"a8f568277dc4509d9efff4e837888d77\"><\/div>\n\n\n\n<div class=\"wp-block-toolset-blocks-container tb-container aligncenter\" data-toolset-blocks-container=\"cf1a67b9e459d697b6fabc07c2dc1238\">\n<h1 class=\"tb-heading has-text-color\" data-toolset-blocks-heading=\"0f97959ae6ce9cb5415ae6712c202b8f\" data-last-update=\"1.4\">Ecosistema de Gesti\u00f3n de Riesgos y Resiliencia<\/h1>\n<\/div>\n\n\n\n<div class=\"wp-block-toolset-blocks-container tb-container\" data-toolset-blocks-container=\"cab98b39495c8f5c1d49fa92de85e70d\">\n<div class=\"tb-fields-and-text\" data-toolset-blocks-fields-and-text=\"3e1d2592ce20bdf2bf813c9dfa44c991\"><h2><strong>Prepar\u00e1ndonos hoy para los retos de ma\u00f1ana<\/strong><\/h2>\n<p><strong>\u00bfPor qu\u00e9 es fundamental gestionar riesgos y construir resiliencia?<\/strong><\/p>\n<p><br \/>La resiliencia organizacional no es solo resistir, es prosperar frente a la adversidad. Identificar, gestionar y mitigar riesgos permite a las organizaciones responder con agilidad a las amenazas, mientras aseguran la continuidad del negocio y fortalecen su posici\u00f3n frente a los cambios globales.<\/p>\n<p>\u00a0<\/p>\n<p>\u00a0<\/p><\/div>\n<\/div>\n\n\n\n<div class=\"wp-block-toolset-blocks-container tb-container\" data-toolset-blocks-container=\"b6184bcc262527dcfa8aae1b015b97a7\">\n<div class=\"tb-fields-and-text\" data-toolset-blocks-fields-and-text=\"360284519b991feb492b582c7d84725f\"><h2 style=\"text-align: center;\"><span style=\"color: #ffffff;\">Hablemos de negocios HOY<\/span><\/h2><\/div>\n\n\n\n<div class=\"tb-button\" data-toolset-blocks-button=\"f495708df6f3aba507b985f4ab0d0ffd\"><a class=\"tb-button__link\" href=\"https:\/\/proyectum.com\/mx\/formulario-de-contacto\/\"><i class=\"tb-button__icon\"><\/i><span class=\"tb-button__content\">Cont\u00e1ctenos<\/span><\/a><\/div>\n<\/div>\n\n\n\n<div class=\"wp-block-toolset-blocks-container tb-container\" data-toolset-blocks-container=\"cab98b39495c8f5c1d49fa92de85e70d\">\n<div class=\"tb-fields-and-text\" data-toolset-blocks-fields-and-text=\"3e1d2592ce20bdf2bf813c9dfa44c991\"><p><strong>Nuestros Servicios<\/strong><\/p>\n<p>Te ayudamos a desarrollar un ecosistema robusto que anticipe riesgos y potencie la capacidad de recuperaci\u00f3n de tu organizaci\u00f3n.<\/p>\n<p>\u00a0<\/p>\n<ol>\n<li><strong> Evaluaci\u00f3n Integral de Riesgos<\/strong><\/li>\n<\/ol>\n<p><strong>\u00a0<\/strong><\/p>\n<ul>\n<li>Identificaci\u00f3n de amenazas clave: ciberseguridad, cadenas de suministro, pandemias y cambios econ\u00f3micos.<\/li>\n<li>An\u00e1lisis de impacto en los procesos cr\u00edticos del negocio.<\/li>\n<li>Mapeo de vulnerabilidades y oportunidades para mejorar la resiliencia.<\/li>\n<\/ul>\n<p>\u00a0<\/p>\n<ol start=\"2\">\n<li><strong> Dise\u00f1o de Estrategias de Gesti\u00f3n de Riesgos<\/strong><\/li>\n<\/ol>\n<ul>\n<li>Creaci\u00f3n de planes proactivos para mitigar riesgos antes de que ocurran.<\/li>\n<li>Desarrollo de mapas de riesgo alineados con los objetivos estrat\u00e9gicos.<\/li>\n<li>Metodolog\u00edas personalizadas para priorizar e integrar la gesti\u00f3n de riesgos en la operaci\u00f3n diaria.<\/li>\n<\/ul>\n<p>\u00a0<\/p>\n<ol start=\"3\">\n<li><strong> Implementaci\u00f3n de Planes de Continuidad del Negocio<\/strong><\/li>\n<\/ol>\n<ul>\n<li>Desarrollo de estrategias para garantizar la operaci\u00f3n ininterrumpida en situaciones de crisis.<\/li>\n<li>Simulacros y ejercicios pr\u00e1cticos para validar la efectividad de los planes.<\/li>\n<li>Capacitaci\u00f3n en protocolos de respuesta r\u00e1pida para l\u00edderes y equipos.<\/li>\n<\/ul>\n<p>\u00a0<\/p>\n<ol start=\"4\">\n<li><strong> Fortalecimiento de la Resiliencia Organizacional<\/strong><\/li>\n<\/ol>\n<ul>\n<li>Creaci\u00f3n de una cultura organizacional resiliente y adaptable.<\/li>\n<li>Implementaci\u00f3n de herramientas tecnol\u00f3gicas para monitorear riesgos en tiempo real.<\/li>\n<li>Apoyo continuo para enfrentar eventos disruptivos y adaptarse r\u00e1pidamente.<\/li>\n<\/ul>\n<p>\u00a0<\/p>\n<ol start=\"5\">\n<li><strong> Monitoreo y Mejora Continua<\/strong><\/li>\n<\/ol>\n<ul>\n<li>Definici\u00f3n de indicadores clave para medir el desempe\u00f1o de la gesti\u00f3n de riesgos.<\/li>\n<li>An\u00e1lisis peri\u00f3dico para identificar nuevas amenazas y ajustar estrategias.<\/li>\n<li>Informes detallados con recomendaciones accionables para mejorar la resiliencia.<\/li>\n<\/ul><\/div>\n<\/div>\n\n\n\n<div class=\"wp-block-toolset-blocks-container tb-container\" data-toolset-blocks-container=\"b6184bcc262527dcfa8aae1b015b97a7\">\n<div class=\"tb-fields-and-text\" data-toolset-blocks-fields-and-text=\"360284519b991feb492b582c7d84725f\"><h2 style=\"text-align: center;\"><span style=\"color: #ffffff;\">Hablemos de negocios HOY<\/span><\/h2><\/div>\n\n\n\n<div class=\"tb-button\" data-toolset-blocks-button=\"f495708df6f3aba507b985f4ab0d0ffd\"><a class=\"tb-button__link\" href=\"https:\/\/proyectum.com\/mx\/formulario-de-contacto\/\"><i class=\"tb-button__icon\"><\/i><span class=\"tb-button__content\">Cont\u00e1ctenos<\/span><\/a><\/div>\n<\/div>\n\n\n\n<div class=\"wp-block-toolset-blocks-container tb-container\" data-toolset-blocks-container=\"09bcbb795f7e8ad08ea73f2902649325\">\n<div class=\"tb-fields-and-text\" data-toolset-blocks-fields-and-text=\"3e1d2592ce20bdf2bf813c9dfa44c991\"><p><strong>Beneficios de un ecosistema de riesgos y resiliencia<\/strong><\/p>\n<ul>\n<li><strong>Continuidad asegurada:<\/strong>\u00a0Mant\u00e9n tus operaciones funcionando, sin importar las circunstancias.<\/li>\n<li><strong>Mayor confianza:<\/strong>\u00a0Inspira seguridad en clientes, colaboradores y socios.<\/li>\n<li><strong>Adaptabilidad:<\/strong>\u00a0Responde con rapidez y eficiencia a los cambios del entorno.<\/li>\n<li><strong>Crecimiento sostenible:<\/strong>\u00a0Enfrenta el futuro con estrategias s\u00f3lidas y previsi\u00f3n.<\/li>\n<\/ul>\n<p>\u00a0<\/p>\n<p><strong>\u00a0<\/strong><\/p>\n<p><strong>Construyamos juntos la resiliencia que tu organizaci\u00f3n necesita<\/strong><\/p>\n<p><strong>\u00a1Cont\u00e1ctanos hoy!<\/strong>\u00a0Te ayudamos a gestionar riesgos de manera estrat\u00e9gica y a prepararte para un futuro m\u00e1s seguro.<\/p><\/div>\n<\/div>\n","protected":false},"excerpt":{"rendered":"","protected":false},"author":1,"featured_media":0,"parent":2,"menu_order":0,"comment_status":"closed","ping_status":"closed","template":"","meta":{"footnotes":""},"class_list":["post-1688","page","type-page","status-publish","hentry"],"_links":{"self":[{"href":"https:\/\/proyectum.com\/mx\/wp-json\/wp\/v2\/pages\/1688","targetHints":{"allow":["GET"]}}],"collection":[{"href":"https:\/\/proyectum.com\/mx\/wp-json\/wp\/v2\/pages"}],"about":[{"href":"https:\/\/proyectum.com\/mx\/wp-json\/wp\/v2\/types\/page"}],"author":[{"embeddable":true,"href":"https:\/\/proyectum.com\/mx\/wp-json\/wp\/v2\/users\/1"}],"replies":[{"embeddable":true,"href":"https:\/\/proyectum.com\/mx\/wp-json\/wp\/v2\/comments?post=1688"}],"version-history":[{"count":1,"href":"https:\/\/proyectum.com\/mx\/wp-json\/wp\/v2\/pages\/1688\/revisions"}],"predecessor-version":[{"id":1689,"href":"https:\/\/proyectum.com\/mx\/wp-json\/wp\/v2\/pages\/1688\/revisions\/1689"}],"up":[{"embeddable":true,"href":"https:\/\/proyectum.com\/mx\/wp-json\/wp\/v2\/pages\/2"}],"wp:attachment":[{"href":"https:\/\/proyectum.com\/mx\/wp-json\/wp\/v2\/media?parent=1688"}],"curies":[{"name":"wp","href":"https:\/\/api.w.org\/{rel}","templated":true}]}}