{"id":1690,"date":"2025-01-01T00:04:03","date_gmt":"2024-12-31T23:04:03","guid":{"rendered":"https:\/\/proyectum.com\/mx\/?page_id=1690"},"modified":"2025-01-01T00:07:03","modified_gmt":"2024-12-31T23:07:03","slug":"gestion-de-la-calidad-organizacional","status":"publish","type":"page","link":"https:\/\/proyectum.com\/mx\/inicio\/gestion-de-la-calidad-organizacional\/","title":{"rendered":"Gesti\u00f3n de la Calidad Organizacional"},"content":{"rendered":"\n<div class=\"wp-block-toolset-blocks-container tb-container\" data-toolset-blocks-container=\"597e58693d7f3c8a2bb461732c47cc41\"><\/div>\n\n\n\n<div class=\"wp-block-toolset-blocks-container tb-container aligncenter\" data-toolset-blocks-container=\"cf1a67b9e459d697b6fabc07c2dc1238\">\n<h1 class=\"tb-heading has-text-color\" data-toolset-blocks-heading=\"0f97959ae6ce9cb5415ae6712c202b8f\" data-last-update=\"1.4\">Gesti\u00f3n de la Calidad Organizacional<\/h1>\n<\/div>\n\n\n\n<div class=\"wp-block-toolset-blocks-container tb-container\" data-toolset-blocks-container=\"cab98b39495c8f5c1d49fa92de85e70d\">\n<div class=\"tb-fields-and-text\" data-toolset-blocks-fields-and-text=\"3e1d2592ce20bdf2bf813c9dfa44c991\"><h2><strong>Elevando tus est\u00e1ndares para superar expectativas<\/strong><\/h2>\n<p><strong>\u00bfPor qu\u00e9 es importante la calidad organizacional?<\/strong><br \/><br \/><\/p>\n<p>La calidad no solo cumple est\u00e1ndares, transforma percepciones. Garantizar que productos y servicios est\u00e9n alineados con las expectativas del cliente refuerza la confianza, impulsa la satisfacci\u00f3n y mejora la reputaci\u00f3n de tu marca, creando una base s\u00f3lida para el \u00e9xito a largo plazo.<\/p>\n<p>\u00a0<\/p>\n<p>\u00a0<\/p><\/div>\n<\/div>\n\n\n\n<div class=\"wp-block-toolset-blocks-container tb-container\" data-toolset-blocks-container=\"b6184bcc262527dcfa8aae1b015b97a7\">\n<div class=\"tb-fields-and-text\" data-toolset-blocks-fields-and-text=\"360284519b991feb492b582c7d84725f\"><h2 style=\"text-align: center;\"><span style=\"color: #ffffff;\">Hablemos de negocios HOY<\/span><\/h2><\/div>\n\n\n\n<div class=\"tb-button\" data-toolset-blocks-button=\"f495708df6f3aba507b985f4ab0d0ffd\"><a class=\"tb-button__link\" href=\"https:\/\/proyectum.com\/mx\/formulario-de-contacto\/\"><i class=\"tb-button__icon\"><\/i><span class=\"tb-button__content\">Cont\u00e1ctenos<\/span><\/a><\/div>\n<\/div>\n\n\n\n<div class=\"wp-block-toolset-blocks-container tb-container\" data-toolset-blocks-container=\"cab98b39495c8f5c1d49fa92de85e70d\">\n<div class=\"tb-fields-and-text\" data-toolset-blocks-fields-and-text=\"3e1d2592ce20bdf2bf813c9dfa44c991\"><p><strong>Nuestros Servicios<\/strong><\/p>\n<p style=\"text-align: justify;\"><strong>\u00a0<\/strong><\/p>\n<p style=\"text-align: justify;\">Te ofrecemos un enfoque integral para construir sistemas de calidad s\u00f3lidos que impulsen la excelencia operativa y la satisfacci\u00f3n del cliente.<\/p>\n<p style=\"text-align: justify;\">\u00a0<\/p>\n<ol style=\"text-align: justify;\">\n<li><strong> Diagn\u00f3stico del Sistema de Calidad Actual<\/strong><\/li>\n<\/ol>\n<ul style=\"text-align: justify;\">\n<li>Evaluaci\u00f3n detallada del estado actual de tus procesos y est\u00e1ndares de calidad.<\/li>\n<li>Identificaci\u00f3n de oportunidades para mejorar la eficiencia y la efectividad.<\/li>\n<li>Mapeo de riesgos asociados con la calidad.<\/li>\n<\/ul>\n<p style=\"text-align: justify;\">\u00a0<\/p>\n<p style=\"text-align: justify;\">\u00a0<\/p>\n<p style=\"text-align: justify;\">\u00a0<\/p>\n<ol style=\"text-align: justify;\" start=\"2\">\n<li><strong> Dise\u00f1o de Estrategias de Gesti\u00f3n de la Calidad<\/strong><\/li>\n<\/ol>\n<ul style=\"text-align: justify;\">\n<li>Desarrollo de un plan personalizado que se alinee con los objetivos de tu organizaci\u00f3n.<\/li>\n<li>Implementaci\u00f3n de est\u00e1ndares internacionales (ISO, Lean, Six Sigma, etc.) adaptados a tus necesidades.<\/li>\n<li>Estrategias de mejora continua para garantizar resultados sostenibles.<\/li>\n<\/ul>\n<p style=\"text-align: justify;\">\u00a0<\/p>\n<ol style=\"text-align: justify;\" start=\"3\">\n<li><strong> Implementaci\u00f3n de Sistemas de Calidad<\/strong><\/li>\n<\/ol>\n<ul style=\"text-align: justify;\">\n<li>Creaci\u00f3n o mejora de sistemas de gesti\u00f3n de calidad para cumplir con regulaciones y certificaciones clave.<\/li>\n<li>Preparaci\u00f3n de tu organizaci\u00f3n para obtener certificaciones ISO<\/li>\n<li>Digitalizaci\u00f3n y automatizaci\u00f3n de procesos para un control m\u00e1s eficiente.<\/li>\n<li>Aseguramiento de calidad a lo largo de la cadena de valor.<\/li>\n<\/ul>\n<p style=\"text-align: justify;\">\u00a0<\/p>\n<ol style=\"text-align: justify;\" start=\"4\">\n<li><strong> Programas de Formaci\u00f3n y Sensibilizaci\u00f3n<\/strong><\/li>\n<\/ol>\n<ul style=\"text-align: justify;\">\n<li>Capacitaci\u00f3n para equipos en herramientas y pr\u00e1cticas de calidad.<\/li>\n<li>Fomentamos una cultura organizacional centrada en la mejora continua y el enfoque al cliente.<\/li>\n<li>Talleres din\u00e1micos que aseguran la adopci\u00f3n de las mejores pr\u00e1cticas de calidad.<\/li>\n<\/ul>\n<p style=\"text-align: justify;\">\u00a0<\/p>\n<ol style=\"text-align: justify;\" start=\"5\">\n<li><strong> Auditor\u00edas y Monitoreo<\/strong><\/li>\n<\/ol>\n<ul>\n<li style=\"text-align: justify;\">Auditor\u00edas peri\u00f3dicas para asegurar la consistencia y cumplimiento de est\u00e1ndares.<\/li>\n<li style=\"text-align: justify;\">An\u00e1lisis de indicadores clave de desempe\u00f1o (KPIs) para medir y optimizar resultados.<\/li>\n<li style=\"text-align: justify;\">Informes y recomendaciones pr\u00e1cticas para alcanzar niveles superiores de calidad.<\/li>\n<\/ul><\/div>\n<\/div>\n\n\n\n<div class=\"wp-block-toolset-blocks-container tb-container\" data-toolset-blocks-container=\"b6184bcc262527dcfa8aae1b015b97a7\">\n<div class=\"tb-fields-and-text\" data-toolset-blocks-fields-and-text=\"360284519b991feb492b582c7d84725f\"><h2 style=\"text-align: center;\"><span style=\"color: #ffffff;\">Hablemos de negocios HOY<\/span><\/h2><\/div>\n\n\n\n<div class=\"tb-button\" data-toolset-blocks-button=\"f495708df6f3aba507b985f4ab0d0ffd\"><a class=\"tb-button__link\" href=\"https:\/\/proyectum.com\/mx\/formulario-de-contacto\/\"><i class=\"tb-button__icon\"><\/i><span class=\"tb-button__content\">Cont\u00e1ctenos<\/span><\/a><\/div>\n<\/div>\n\n\n\n<div class=\"wp-block-toolset-blocks-container tb-container\" data-toolset-blocks-container=\"09bcbb795f7e8ad08ea73f2902649325\">\n<div class=\"tb-fields-and-text\" data-toolset-blocks-fields-and-text=\"3e1d2592ce20bdf2bf813c9dfa44c991\"><p style=\"text-align: justify;\"><strong>Cambio a Trav\u00e9s del Involucramiento de las Personas<\/strong>&nbsp;Creemos que el verdadero cambio ocurre cuando las personas son parte activa del proceso. Nuestro enfoque se centra en:<\/p>\n<p style=\"text-align: justify;\">&nbsp;<\/p>\n<ul style=\"text-align: justify;\">\n  <li><strong>Involucramiento transversal:<\/strong>&nbsp;Desde la alta direcci\u00f3n hasta los equipos operativos, todos participan en la transformaci\u00f3n.<\/li>\n  <li><strong>Desarrollo de capacidades internas:<\/strong>&nbsp;Capacitamos a los equipos para que se conviertan en agentes de cambio.<\/li>\n  <li><strong>Sesi\u00f3n de sensibiliaci\u00f3n: <\/strong>&nbsp;Dise\u00f1amos intervenciones para asegurar que todos los involucrados comprendan, acepten y apoyen el cambio.<\/li>\n<\/ul>\n<p style=\"text-align: justify;\">&nbsp;<\/p>\n<p style=\"text-align: justify;\">Hablemos de negocios. Estamos aqu\u00ed para ayudarte a inspirar el cambio desde adentro hacia afuera. Juntos podemos llevar tu negocio al siguiente nivel.<\/p><\/div>\n<\/div>\n\n\n\n<div class=\"wp-block-toolset-blocks-container tb-container\" data-toolset-blocks-container=\"b6184bcc262527dcfa8aae1b015b97a7\">\n<div class=\"tb-fields-and-text\" data-toolset-blocks-fields-and-text=\"360284519b991feb492b582c7d84725f\"><h2 style=\"text-align: center;\"><span style=\"color: #ffffff;\">Hablemos de negocios HOY<\/span><\/h2><\/div>\n\n\n\n<div class=\"tb-button\" data-toolset-blocks-button=\"f495708df6f3aba507b985f4ab0d0ffd\"><a class=\"tb-button__link\" href=\"https:\/\/proyectum.com\/mx\/formulario-de-contacto\/\"><i class=\"tb-button__icon\"><\/i><span class=\"tb-button__content\">Cont\u00e1ctenos<\/span><\/a><\/div>\n<\/div>\n\n\n\n<div class=\"wp-block-toolset-blocks-container tb-container\" data-toolset-blocks-container=\"09bcbb795f7e8ad08ea73f2902649325\">\n<div class=\"tb-fields-and-text\" data-toolset-blocks-fields-and-text=\"3e1d2592ce20bdf2bf813c9dfa44c991\"><p style=\"text-align: justify;\"><strong>Beneficios de nuestros servicios<\/strong><\/p>\n<p style=\"text-align: justify;\"><strong>\u00a0<\/strong><\/p>\n<ul style=\"text-align: justify;\">\n<li><strong>Satisfacci\u00f3n garantizada:<\/strong>\u00a0Mejora continua para superar las expectativas de tus clientes.<\/li>\n<li><strong>Confianza en la marca:<\/strong>\u00a0Mayor reputaci\u00f3n y lealtad del cliente.<\/li>\n<li><strong>Eficiencia operativa:<\/strong>\u00a0Procesos optimizados que minimizan costos y tiempos.<\/li>\n<li><strong>Cumplimiento normativo:<\/strong>\u00a0Tranquilidad al alinearte con los est\u00e1ndares m\u00e1s rigurosos.<\/li>\n<\/ul>\n<p style=\"text-align: justify;\"><strong>\u00a0<\/strong><\/p>\n<p style=\"text-align: justify;\"><strong>Transforma la calidad en tu ventaja competitiva<\/strong><\/p>\n<p style=\"text-align: justify;\"><strong>\u00a1Cont\u00e1ctanos hoy mismo!<\/strong>\u00a0Te ayudamos a construir un sistema de calidad que eleve tu negocio al siguiente nivel.<\/p>\n<p style=\"text-align: justify;\">Liga a formato de contacto<\/p><\/div>\n<\/div>\n","protected":false},"excerpt":{"rendered":"","protected":false},"author":1,"featured_media":0,"parent":2,"menu_order":0,"comment_status":"closed","ping_status":"closed","template":"","meta":{"footnotes":""},"class_list":["post-1690","page","type-page","status-publish","hentry"],"_links":{"self":[{"href":"https:\/\/proyectum.com\/mx\/wp-json\/wp\/v2\/pages\/1690","targetHints":{"allow":["GET"]}}],"collection":[{"href":"https:\/\/proyectum.com\/mx\/wp-json\/wp\/v2\/pages"}],"about":[{"href":"https:\/\/proyectum.com\/mx\/wp-json\/wp\/v2\/types\/page"}],"author":[{"embeddable":true,"href":"https:\/\/proyectum.com\/mx\/wp-json\/wp\/v2\/users\/1"}],"replies":[{"embeddable":true,"href":"https:\/\/proyectum.com\/mx\/wp-json\/wp\/v2\/comments?post=1690"}],"version-history":[{"count":1,"href":"https:\/\/proyectum.com\/mx\/wp-json\/wp\/v2\/pages\/1690\/revisions"}],"predecessor-version":[{"id":1691,"href":"https:\/\/proyectum.com\/mx\/wp-json\/wp\/v2\/pages\/1690\/revisions\/1691"}],"up":[{"embeddable":true,"href":"https:\/\/proyectum.com\/mx\/wp-json\/wp\/v2\/pages\/2"}],"wp:attachment":[{"href":"https:\/\/proyectum.com\/mx\/wp-json\/wp\/v2\/media?parent=1690"}],"curies":[{"name":"wp","href":"https:\/\/api.w.org\/{rel}","templated":true}]}}