{"id":1692,"date":"2025-01-01T00:10:12","date_gmt":"2024-12-31T23:10:12","guid":{"rendered":"https:\/\/proyectum.com\/mx\/?page_id=1692"},"modified":"2025-01-01T00:11:59","modified_gmt":"2024-12-31T23:11:59","slug":"gestion-del-cambio-organizacional","status":"publish","type":"page","link":"https:\/\/proyectum.com\/mx\/inicio\/gestion-del-cambio-organizacional\/","title":{"rendered":"Gesti\u00f3n del Cambio Organizacional"},"content":{"rendered":"\n<div class=\"wp-block-toolset-blocks-container tb-container\" data-toolset-blocks-container=\"5bd0e1b959e7b2ba79dbfaf354495c2a\"><\/div>\n\n\n\n<div class=\"wp-block-toolset-blocks-container tb-container aligncenter\" data-toolset-blocks-container=\"cf1a67b9e459d697b6fabc07c2dc1238\">\n<h1 class=\"tb-heading has-text-color\" data-toolset-blocks-heading=\"0f97959ae6ce9cb5415ae6712c202b8f\" data-last-update=\"1.4\">Gesti\u00f3n del Cambio Organizacional<\/h1>\n<\/div>\n\n\n\n<div class=\"wp-block-toolset-blocks-container tb-container\" data-toolset-blocks-container=\"cab98b39495c8f5c1d49fa92de85e70d\">\n<div class=\"tb-fields-and-text\" data-toolset-blocks-fields-and-text=\"3e1d2592ce20bdf2bf813c9dfa44c991\"><h2><strong>Facultamos a las personas para construir un futuro sostenible<\/strong><\/h2>\n<p><strong>\u00bfPor qu\u00e9 es esencial gestionar el cambio desde las personas?<\/strong><\/p>\n<p><br \/>El cambio comienza con las personas. Solo cuando las personas entienden, adoptan y abrazan las transformaciones, estas se convierten en resultados perdurables. Gestionar el cambio no se trata solo de implementar procesos o herramientas, sino de inspirar y movilizar a los equipos hacia un prop\u00f3sito compartido.<\/p>\n<p>\u00a0<\/p>\n<p>\u00a0<\/p><\/div>\n<\/div>\n\n\n\n<div class=\"wp-block-toolset-blocks-container tb-container\" data-toolset-blocks-container=\"b6184bcc262527dcfa8aae1b015b97a7\">\n<div class=\"tb-fields-and-text\" data-toolset-blocks-fields-and-text=\"360284519b991feb492b582c7d84725f\"><h2 style=\"text-align: center;\"><span style=\"color: #ffffff;\">Hablemos de negocios HOY<\/span><\/h2><\/div>\n\n\n\n<div class=\"tb-button\" data-toolset-blocks-button=\"f495708df6f3aba507b985f4ab0d0ffd\"><a class=\"tb-button__link\" href=\"https:\/\/proyectum.com\/mx\/formulario-de-contacto\/\"><i class=\"tb-button__icon\"><\/i><span class=\"tb-button__content\">Cont\u00e1ctenos<\/span><\/a><\/div>\n<\/div>\n\n\n\n<div class=\"wp-block-toolset-blocks-container tb-container\" data-toolset-blocks-container=\"cab98b39495c8f5c1d49fa92de85e70d\">\n<div class=\"tb-fields-and-text\" data-toolset-blocks-fields-and-text=\"3e1d2592ce20bdf2bf813c9dfa44c991\"><p><strong>Nuestros Servicios<\/strong><\/p>\n<p>Centramos nuestras soluciones en las personas, asegurando que cada transformaci\u00f3n genere compromiso, confianza y resultados sostenibles.<\/p>\n<p>\u00a0<\/p>\n<ol>\n<li><strong> Diagn\u00f3stico de Cultura y Preparaci\u00f3n al Cambio<\/strong><\/li>\n<\/ol>\n<ul>\n<li>An\u00e1lisis del estado emocional y actitudinal de los equipos frente al cambio.<\/li>\n<li>Identificaci\u00f3n de l\u00edderes clave y agentes de cambio dentro de la organizaci\u00f3n.<\/li>\n<li>Evaluaci\u00f3n de la conexi\u00f3n entre la cultura actual y la visi\u00f3n futura.<\/li>\n<\/ul>\n<p>\u00a0<\/p>\n<ol start=\"2\">\n<li><strong> Estrategias de Gesti\u00f3n del Cambio Centrado en las Personas<\/strong><\/li>\n<\/ol>\n<ul>\n<li>Planes personalizados que priorizan las necesidades y emociones de los equipos.<\/li>\n<li>Metodolog\u00edas participativas para fomentar el sentido de pertenencia.<\/li>\n<li>Alineaci\u00f3n de los objetivos del cambio con los valores organizacionales.<\/li>\n<\/ul>\n<p>\u00a0<\/p>\n<ol start=\"3\">\n<li><strong> Comunicaci\u00f3n Inspiradora y Conectiva<\/strong><\/li>\n<\/ol>\n<ul>\n<li>Dise\u00f1amos narrativas que generan confianza y claridad en cada etapa del cambio.<\/li>\n<li>Espacios de escucha activa para recoger inquietudes y fomentar el di\u00e1logo.<\/li>\n<li>Campa\u00f1as de comunicaci\u00f3n interna que destacan historias de \u00e9xito y progreso.<\/li>\n<\/ul>\n<p>\u00a0<\/p>\n<ol start=\"4\">\n<li><strong> Formaci\u00f3n y Desarrollo de L\u00edderes del Cambio<\/strong><\/li>\n<\/ol>\n<ul>\n<li>Capacitaci\u00f3n para l\u00edderes que impulsen el cambio con empat\u00eda y visi\u00f3n.<\/li>\n<li>Talleres para fortalecer habilidades como la gesti\u00f3n emocional y el liderazgo colaborativo.<\/li>\n<li>Desarrollo de competencias para que cada colaborador sea un protagonista del cambio.<\/li>\n<\/ul>\n<p>\u00a0<\/p>\n<ol start=\"5\">\n<li><strong> Acompa\u00f1amiento y Seguimiento para Consolidar el Cambio<\/strong><\/li>\n<\/ol>\n<ul>\n<li>Coaching continuo para equipos en su transici\u00f3n hacia nuevos modelos de trabajo.<\/li>\n<li>Indicadores que miden la adopci\u00f3n y el impacto del cambio en las personas.<\/li>\n<li>Ajustes basados en retroalimentaci\u00f3n para garantizar un cambio duradero.<\/li>\n<\/ul><\/div>\n<\/div>\n\n\n\n<div class=\"wp-block-toolset-blocks-container tb-container\" data-toolset-blocks-container=\"b6184bcc262527dcfa8aae1b015b97a7\">\n<div class=\"tb-fields-and-text\" data-toolset-blocks-fields-and-text=\"360284519b991feb492b582c7d84725f\"><h2 style=\"text-align: center;\"><span style=\"color: #ffffff;\">Hablemos de negocios HOY<\/span><\/h2><\/div>\n\n\n\n<div class=\"tb-button\" data-toolset-blocks-button=\"f495708df6f3aba507b985f4ab0d0ffd\"><a class=\"tb-button__link\" href=\"https:\/\/proyectum.com\/mx\/formulario-de-contacto\/\"><i class=\"tb-button__icon\"><\/i><span class=\"tb-button__content\">Cont\u00e1ctenos<\/span><\/a><\/div>\n<\/div>\n\n\n\n<div class=\"wp-block-toolset-blocks-container tb-container\" data-toolset-blocks-container=\"09bcbb795f7e8ad08ea73f2902649325\">\n<div class=\"tb-fields-and-text\" data-toolset-blocks-fields-and-text=\"3e1d2592ce20bdf2bf813c9dfa44c991\"><p><strong>Beneficios de una gesti\u00f3n del cambio centrada en las personas<\/strong><\/p>\n<p><strong>\u00a0<\/strong><\/p>\n<ul>\n<li><strong>Compromiso genuino:<\/strong>\u00a0Equipos que sienten el cambio como propio, impulsando resultados.<\/li>\n<li><strong>Transformaciones duraderas:<\/strong>\u00a0Cambios integrados en la cultura organizacional.<\/li>\n<li><strong>Mayor resiliencia:<\/strong>\u00a0Personas preparadas para adaptarse a futuros retos con confianza.<\/li>\n<li><strong>Confianza colectiva:<\/strong>\u00a0Una organizaci\u00f3n m\u00e1s unida, motivada y alineada con sus objetivos.<\/li>\n<\/ul>\n<p>\u00a0<\/p>\n<p><strong>\u00a0<\/strong><\/p>\n<p><strong>Haz del cambio un viaje significativo para tu equipo<\/strong><\/p>\n<p><strong>\u00a0<\/strong><\/p>\n<p><strong>\u00a1Conversemos hoy mismo!<\/strong>\u00a0Juntos empoderemos a las personas para alcanzar metas extraordinarias.<\/p><\/div>\n<\/div>\n\n\n\n<div class=\"wp-block-toolset-blocks-container tb-container\" data-toolset-blocks-container=\"09bcbb795f7e8ad08ea73f2902649325\"><\/div>\n","protected":false},"excerpt":{"rendered":"","protected":false},"author":1,"featured_media":0,"parent":2,"menu_order":0,"comment_status":"closed","ping_status":"closed","template":"","meta":{"footnotes":""},"class_list":["post-1692","page","type-page","status-publish","hentry"],"_links":{"self":[{"href":"https:\/\/proyectum.com\/mx\/wp-json\/wp\/v2\/pages\/1692","targetHints":{"allow":["GET"]}}],"collection":[{"href":"https:\/\/proyectum.com\/mx\/wp-json\/wp\/v2\/pages"}],"about":[{"href":"https:\/\/proyectum.com\/mx\/wp-json\/wp\/v2\/types\/page"}],"author":[{"embeddable":true,"href":"https:\/\/proyectum.com\/mx\/wp-json\/wp\/v2\/users\/1"}],"replies":[{"embeddable":true,"href":"https:\/\/proyectum.com\/mx\/wp-json\/wp\/v2\/comments?post=1692"}],"version-history":[{"count":1,"href":"https:\/\/proyectum.com\/mx\/wp-json\/wp\/v2\/pages\/1692\/revisions"}],"predecessor-version":[{"id":1693,"href":"https:\/\/proyectum.com\/mx\/wp-json\/wp\/v2\/pages\/1692\/revisions\/1693"}],"up":[{"embeddable":true,"href":"https:\/\/proyectum.com\/mx\/wp-json\/wp\/v2\/pages\/2"}],"wp:attachment":[{"href":"https:\/\/proyectum.com\/mx\/wp-json\/wp\/v2\/media?parent=1692"}],"curies":[{"name":"wp","href":"https:\/\/api.w.org\/{rel}","templated":true}]}}