{"id":1694,"date":"2025-01-01T00:14:44","date_gmt":"2024-12-31T23:14:44","guid":{"rendered":"https:\/\/proyectum.com\/mx\/?page_id=1694"},"modified":"2025-01-01T00:16:23","modified_gmt":"2024-12-31T23:16:23","slug":"gestion-del-conocimiento-organizacional","status":"publish","type":"page","link":"https:\/\/proyectum.com\/mx\/inicio\/gestion-del-conocimiento-organizacional\/","title":{"rendered":"Gesti\u00f3n del Conocimiento Organizacional"},"content":{"rendered":"\n<div class=\"wp-block-toolset-blocks-container tb-container\" data-toolset-blocks-container=\"b2e0fcfab23b47c6c67937d05fb1ffea\"><\/div>\n\n\n\n<div class=\"wp-block-toolset-blocks-container tb-container aligncenter\" data-toolset-blocks-container=\"cf1a67b9e459d697b6fabc07c2dc1238\">\n<h1 class=\"tb-heading has-text-color\" data-toolset-blocks-heading=\"0f97959ae6ce9cb5415ae6712c202b8f\" data-last-update=\"1.4\">Gesti\u00f3n del Conocimiento Organizacional<\/h1>\n<\/div>\n\n\n\n<div class=\"wp-block-toolset-blocks-container tb-container\" data-toolset-blocks-container=\"cab98b39495c8f5c1d49fa92de85e70d\">\n<div class=\"tb-fields-and-text\" data-toolset-blocks-fields-and-text=\"3e1d2592ce20bdf2bf813c9dfa44c991\"><h2 style=\"text-align: justify;\"><strong>Apoyamos e Impulsamos el aprendizaje y la innovaci\u00f3n en tu organizaci\u00f3n<\/strong><\/h2>\n<p style=\"text-align: justify;\"><strong>\u00a0<\/strong><\/p>\n<p style=\"text-align: justify;\"><strong>\u00bfPor qu\u00e9 es importante la gesti\u00f3n del conocimiento?<\/strong><\/p>\n<p style=\"text-align: justify;\"><strong><br \/><\/strong>El conocimiento es el recurso m\u00e1s valioso de cualquier organizaci\u00f3n. Aprovecharlo al m\u00e1ximo significa transformar experiencias y lecciones aprendidas en innovaci\u00f3n, eficiencia y resultados sostenibles que fortalecen el futuro del negocio.<\/p>\n<h2 style=\"text-align: justify;\">\u00a0<\/h2>\n<p>\u00a0<\/p><\/div>\n<\/div>\n\n\n\n<div class=\"wp-block-toolset-blocks-container tb-container\" data-toolset-blocks-container=\"b6184bcc262527dcfa8aae1b015b97a7\">\n<div class=\"tb-fields-and-text\" data-toolset-blocks-fields-and-text=\"360284519b991feb492b582c7d84725f\"><h2 style=\"text-align: center;\"><span style=\"color: #ffffff;\">Hablemos de negocios HOY<\/span><\/h2><\/div>\n\n\n\n<div class=\"tb-button\" data-toolset-blocks-button=\"f495708df6f3aba507b985f4ab0d0ffd\"><a class=\"tb-button__link\" href=\"https:\/\/proyectum.com\/mx\/formulario-de-contacto\/\"><i class=\"tb-button__icon\"><\/i><span class=\"tb-button__content\">Cont\u00e1ctenos<\/span><\/a><\/div>\n<\/div>\n\n\n\n<div class=\"wp-block-toolset-blocks-container tb-container\" data-toolset-blocks-container=\"cab98b39495c8f5c1d49fa92de85e70d\">\n<div class=\"tb-fields-and-text\" data-toolset-blocks-fields-and-text=\"3e1d2592ce20bdf2bf813c9dfa44c991\"><p style=\"text-align: justify;\"><strong>Nuestros Servicios<\/strong><\/p>\n<p style=\"text-align: justify;\"><strong>\u00a0<\/strong><\/p>\n<p style=\"text-align: justify;\">Te ayudamos a transformar tu conocimiento organizacional en una ventaja estrat\u00e9gica a trav\u00e9s de un enfoque integral que incluye:<\/p>\n<p style=\"text-align: justify;\">\u00a0<\/p>\n<ol style=\"text-align: justify;\">\n<li><strong>Diagn\u00f3stico del Sistema de Gesti\u00f3n del Conocimiento<\/strong><\/li>\n<\/ol>\n<ul style=\"text-align: justify;\">\n<li>Evaluaci\u00f3n de la madurez actual en la gesti\u00f3n del conocimiento dentro de tu organizaci\u00f3n.<\/li>\n<li>Identificaci\u00f3n de brechas, oportunidades y fortalezas.<\/li>\n<li>An\u00e1lisis de herramientas, procesos y cultura organizacional.<\/li>\n<\/ul>\n<p style=\"text-align: justify;\">\u00a0<\/p>\n<ol style=\"text-align: justify;\" start=\"2\">\n<li><strong> Dise\u00f1o de un Mapa de Ruta de Evoluci\u00f3n<\/strong><\/li>\n<\/ol>\n<ul style=\"text-align: justify;\">\n<li>Creaci\u00f3n de una hoja de ruta personalizada para evolucionar tu sistema de gesti\u00f3n del conocimiento.<\/li>\n<li>Enfoque centrado en las personas, asegurando el compromiso y la adopci\u00f3n.<\/li>\n<li>Estrategias para alinearse con los objetivos estrat\u00e9gicos de la organizaci\u00f3n.<\/li>\n<\/ul>\n<p style=\"text-align: justify;\">\u00a0<\/p>\n<ol style=\"text-align: justify;\" start=\"3\">\n<li><strong> Creaci\u00f3n de Comunidades de Pr\u00e1ctica<\/strong><\/li>\n<\/ol>\n<ul style=\"text-align: justify;\">\n<li>Establecimiento de grupos de inter\u00e9s para compartir mejores pr\u00e1cticas y resolver desaf\u00edos comunes.<\/li>\n<li>Facilitaci\u00f3n de entornos de colaboraci\u00f3n continua para fomentar el aprendizaje organizacional.<\/li>\n<li>Aceleraci\u00f3n del intercambio de conocimiento entre equipos y \u00e1reas.<\/li>\n<\/ul>\n<p style=\"text-align: justify;\">\u00a0<\/p>\n<ol style=\"text-align: justify;\" start=\"4\">\n<li><strong> Programa de Formaci\u00f3n para Equipos<\/strong><\/li>\n<\/ol>\n<ul style=\"text-align: justify;\">\n<li>Capacitaci\u00f3n integral para desarrollar competencias en gesti\u00f3n del conocimiento.<\/li>\n<li>Dise\u00f1o de talleres interactivos y experiencias de aprendizaje adaptadas a tu contexto.<\/li>\n<\/ul>\n<p style=\"text-align: justify;\">Formaci\u00f3n en el uso de herramientas y metodolog\u00edas para maximizar el impacto del conocimiento compartido.<\/p><\/div>\n<\/div>\n\n\n\n<div class=\"wp-block-toolset-blocks-container tb-container\" data-toolset-blocks-container=\"b6184bcc262527dcfa8aae1b015b97a7\">\n<div class=\"tb-fields-and-text\" data-toolset-blocks-fields-and-text=\"360284519b991feb492b582c7d84725f\"><h2 style=\"text-align: center;\"><span style=\"color: #ffffff;\">Hablemos de negocios HOY<\/span><\/h2><\/div>\n\n\n\n<div class=\"tb-button\" data-toolset-blocks-button=\"f495708df6f3aba507b985f4ab0d0ffd\"><a class=\"tb-button__link\" href=\"https:\/\/proyectum.com\/mx\/formulario-de-contacto\/\"><i class=\"tb-button__icon\"><\/i><span class=\"tb-button__content\">Cont\u00e1ctenos<\/span><\/a><\/div>\n<\/div>\n\n\n\n<div class=\"wp-block-toolset-blocks-container tb-container\" data-toolset-blocks-container=\"09bcbb795f7e8ad08ea73f2902649325\">\n<div class=\"tb-fields-and-text\" data-toolset-blocks-fields-and-text=\"3e1d2592ce20bdf2bf813c9dfa44c991\"><p><strong>Beneficios de trabajar con nosotros<\/strong><\/p>\n<p><strong>\u00a0<\/strong><\/p>\n<ul>\n<li><strong>Alineaci\u00f3n estrat\u00e9gica:<\/strong>\u00a0Integramos el conocimiento con los objetivos de tu organizaci\u00f3n.<\/li>\n<li><strong>Mayor eficiencia:<\/strong>\u00a0Procesos m\u00e1s \u00e1giles y efectivos gracias a la reutilizaci\u00f3n del conocimiento.<\/li>\n<li><strong>Innovaci\u00f3n sostenible:<\/strong>\u00a0Creaci\u00f3n de un entorno que promueva ideas nuevas y mejoras continuas.<\/li>\n<li><strong>Cultura del aprendizaje:<\/strong>\u00a0Equipos m\u00e1s conectados, comprometidos y empoderados.<\/li>\n<\/ul>\n<p><strong>\u00a0<\/strong><\/p>\n<p><strong>\u00bfListos para maximizar el poder del conocimiento en tu organizaci\u00f3n?<\/strong><\/p>\n<p><strong>Hablemos hoy mismo.<\/strong>\u00a0Juntos podemos dise\u00f1ar un plan que impulse tu potencial y te prepare para los retos del futuro.<\/p><\/div>\n<\/div>\n\n\n\n<div class=\"wp-block-toolset-blocks-container tb-container\" data-toolset-blocks-container=\"09bcbb795f7e8ad08ea73f2902649325\"><\/div>\n","protected":false},"excerpt":{"rendered":"","protected":false},"author":1,"featured_media":0,"parent":2,"menu_order":0,"comment_status":"closed","ping_status":"closed","template":"","meta":{"footnotes":""},"class_list":["post-1694","page","type-page","status-publish","hentry"],"_links":{"self":[{"href":"https:\/\/proyectum.com\/mx\/wp-json\/wp\/v2\/pages\/1694","targetHints":{"allow":["GET"]}}],"collection":[{"href":"https:\/\/proyectum.com\/mx\/wp-json\/wp\/v2\/pages"}],"about":[{"href":"https:\/\/proyectum.com\/mx\/wp-json\/wp\/v2\/types\/page"}],"author":[{"embeddable":true,"href":"https:\/\/proyectum.com\/mx\/wp-json\/wp\/v2\/users\/1"}],"replies":[{"embeddable":true,"href":"https:\/\/proyectum.com\/mx\/wp-json\/wp\/v2\/comments?post=1694"}],"version-history":[{"count":1,"href":"https:\/\/proyectum.com\/mx\/wp-json\/wp\/v2\/pages\/1694\/revisions"}],"predecessor-version":[{"id":1695,"href":"https:\/\/proyectum.com\/mx\/wp-json\/wp\/v2\/pages\/1694\/revisions\/1695"}],"up":[{"embeddable":true,"href":"https:\/\/proyectum.com\/mx\/wp-json\/wp\/v2\/pages\/2"}],"wp:attachment":[{"href":"https:\/\/proyectum.com\/mx\/wp-json\/wp\/v2\/media?parent=1694"}],"curies":[{"name":"wp","href":"https:\/\/api.w.org\/{rel}","templated":true}]}}