{"id":1708,"date":"2025-01-01T00:49:47","date_gmt":"2024-12-31T23:49:47","guid":{"rendered":"https:\/\/proyectum.com\/mx\/?page_id=1708"},"modified":"2025-01-01T00:57:40","modified_gmt":"2024-12-31T23:57:40","slug":"inspiramos-el-cambio-organizacional-de-adentro-hacia-afuera","status":"publish","type":"page","link":"https:\/\/proyectum.com\/mx\/inspiramos-el-cambio-organizacional-de-adentro-hacia-afuera\/","title":{"rendered":"Inspiramos el cambio organizacional de adentro hacia afuera"},"content":{"rendered":"\n<div class=\"wp-block-toolset-blocks-container tb-container\" data-toolset-blocks-container=\"542fa55eca8319239460d8c0d7d15c75\"><\/div>\n\n\n\n<div class=\"wp-block-toolset-blocks-container tb-container aligncenter\" data-toolset-blocks-container=\"cf1a67b9e459d697b6fabc07c2dc1238\">\n<h1 class=\"tb-heading has-text-color\" data-toolset-blocks-heading=\"0f97959ae6ce9cb5415ae6712c202b8f\" data-last-update=\"1.4\">Inspiramos el cambio organizacional de adentro hacia afuera<\/h1>\n<\/div>\n\n\n\n<div class=\"wp-block-toolset-blocks-container tb-container\" data-toolset-blocks-container=\"cab98b39495c8f5c1d49fa92de85e70d\">\n<div class=\"tb-fields-and-text\" data-toolset-blocks-fields-and-text=\"3e1d2592ce20bdf2bf813c9dfa44c991\"><p>En Proyectum ofrecemos un portafolio de formaci\u00f3n integral, dise\u00f1ado para transformar el aprendizaje en resultados tangibles y medibles, alineados con las necesidades espec\u00edficas de cada organizaci\u00f3n.<\/p>\n<p>\u00a0<\/p>\n<p><strong>\u00bfQu\u00e9 Hace a Nuestro Cat\u00e1logo Diferente?<\/strong>\u00a0Nuestro enfoque se basa en una metodolog\u00eda ecl\u00e9ctica que combina el conocimiento pr\u00e1ctico con las mejores pr\u00e1cticas del mercado. Cada programa es adaptable, modular y centrado en resultados.<\/p>\n<p>\u00a0<\/p>\n<ul>\n<li><strong>Diagn\u00f3stico Personalizado:<\/strong>Identificamos necesidades espec\u00edficas a trav\u00e9s de un DNC (Detecci\u00f3n de Necesidades de Capacitaci\u00f3n).<\/li>\n<\/ul>\n<p>\u00a0<\/p>\n<ul>\n<li><strong>Learning Tracks Modulares:<\/strong>Dise\u00f1ados como piezas de lego para combinar temas que impulsen el desarrollo organizacional.<\/li>\n<\/ul>\n<p>\u00a0<\/p>\n<ul>\n<li><strong>Adaptable: <\/strong>Armamos sesiones desde 16 a 40 horas espec\u00edficas a tus necesidades.<\/li>\n<\/ul>\n<p>\u00a0<\/p>\n<ul>\n<li><strong>Metodolog\u00eda Experiencial:<\/strong>Simulaciones, casos pr\u00e1cticos y herramientas innovadoras.<\/li>\n<\/ul>\n<p>\u00a0<\/p>\n<ul>\n<li><strong>Seguimiento y Evaluaci\u00f3n:<\/strong>Medimos el impacto de cada formaci\u00f3n para garantizar el retorno de inversi\u00f3n en aprendizaje.<\/li>\n<\/ul>\n<h2>\u00a0<\/h2>\n<p>\u00a0<\/p><\/div>\n<\/div>\n\n\n\n<div class=\"wp-block-toolset-blocks-container tb-container\" data-toolset-blocks-container=\"b6184bcc262527dcfa8aae1b015b97a7\">\n<div class=\"tb-fields-and-text\" data-toolset-blocks-fields-and-text=\"360284519b991feb492b582c7d84725f\"><h2 style=\"text-align: center;\"><span style=\"color: #ffffff;\">Hablemos de negocios HOY<\/span><\/h2><\/div>\n\n\n\n<div class=\"tb-button\" data-toolset-blocks-button=\"f495708df6f3aba507b985f4ab0d0ffd\"><a class=\"tb-button__link\" href=\"https:\/\/proyectum.com\/mx\/formulario-de-contacto\/\"><i class=\"tb-button__icon\"><\/i><span class=\"tb-button__content\">Cont\u00e1ctenos<\/span><\/a><\/div>\n<\/div>\n\n\n\n<div class=\"wp-block-toolset-blocks-container tb-container\" data-toolset-blocks-container=\"cab98b39495c8f5c1d49fa92de85e70d\">\n<div class=\"tb-fields-and-text\" data-toolset-blocks-fields-and-text=\"3e1d2592ce20bdf2bf813c9dfa44c991\"><p><strong>\u00c1reas Clave de Formaci\u00f3n<\/strong>\u00a0Nuestro cat\u00e1logo de cursos abarca una amplia gama de \u00e1reas estrat\u00e9gicas y de especializaci\u00f3n:<\/p>\n<p>\u00a0<\/p>\n<ol>\n<li><strong>Estrategia y Gesti\u00f3n de Negocios:<\/strong>\n<ul>\n<li>Dise\u00f1o de estrategias empresariales efectivas.<\/li>\n<li>Implementaci\u00f3n y medici\u00f3n de iniciativas clave.<\/li>\n<\/ul>\n<\/li>\n<li><strong>Agilidad de Negocios:<\/strong>\n<ul>\n<li>Certificaciones SCRUM, SAFe y Disciplined Agile (DA).<\/li>\n<li>Escalabilidad de agilidad en equipos diversos.<\/li>\n<\/ul>\n<\/li>\n<li><strong>Gesti\u00f3n del Cambio Cultural:<\/strong>\n<ul>\n<li>Dise\u00f1o de planes de comunicaci\u00f3n efectivos.<\/li>\n<li>Identificaci\u00f3n y gesti\u00f3n de resistencias al cambio.<\/li>\n<\/ul>\n<\/li>\n<li><strong>Gesti\u00f3n de Proyectos:<\/strong>\n<ul>\n<li>Certificaciones PMP y PMI-RMP.<\/li>\n<li>Talleres de gesti\u00f3n h\u00edbrida y gesti\u00f3n \u00e1gil.<\/li>\n<\/ul>\n<\/li>\n<li><strong>Tecnolog\u00edas Emergentes:<\/strong>\n<ul>\n<li>Inteligencia Artificial, IoT y Ciberseguridad.<\/li>\n<li>Certificaciones globales como CAIP y CEET.<\/li>\n<\/ul>\n<\/li>\n<li><strong>Innovaci\u00f3n Empresarial:<\/strong>\n<ul>\n<li>Dise\u00f1o de estrategias de innovaci\u00f3n corporativa.<\/li>\n<\/ul>\n<\/li>\n<\/ol>\n<p>Talleres de creatividad y pensamiento de dise\u00f1o.<\/p><\/div>\n<\/div>\n\n\n\n<div class=\"wp-block-toolset-blocks-container tb-container\" data-toolset-blocks-container=\"b6184bcc262527dcfa8aae1b015b97a7\">\n<div class=\"tb-fields-and-text\" data-toolset-blocks-fields-and-text=\"360284519b991feb492b582c7d84725f\"><h2 style=\"text-align: center;\"><span style=\"color: #ffffff;\">Hablemos de negocios HOY<\/span><\/h2><\/div>\n\n\n\n<div class=\"tb-button\" data-toolset-blocks-button=\"f495708df6f3aba507b985f4ab0d0ffd\"><a class=\"tb-button__link\" href=\"https:\/\/proyectum.com\/mx\/formulario-de-contacto\/\"><i class=\"tb-button__icon\"><\/i><span class=\"tb-button__content\">Cont\u00e1ctenos<\/span><\/a><\/div>\n<\/div>\n\n\n\n<div class=\"wp-block-toolset-blocks-container tb-container\" data-toolset-blocks-container=\"09bcbb795f7e8ad08ea73f2902649325\">\n<div class=\"tb-fields-and-text\" data-toolset-blocks-fields-and-text=\"3e1d2592ce20bdf2bf813c9dfa44c991\"><p><strong>Beneficios Clave<\/strong><\/p>\n<p>\u00a0<\/p>\n<ul>\n<li><strong>Certificaciones Reconocidas Internacionalmente:<\/strong>Aumentan el valor de los participantes en el mercado laboral.<\/li>\n<li><strong>Adaptabilidad Modular:<\/strong>Dise\u00f1ados para ajustarse a cualquier organizaci\u00f3n.<\/li>\n<li><strong>Experiencia Pr\u00e1ctica:<\/strong>Contenidos aplicables inmediatamente al entorno laboral.<\/li>\n<li><strong>Facilitadores Expertos:<\/strong>Profesionales con experiencia directa en la industria.<\/li>\n<\/ul>\n<p><strong>\u00a0<\/strong><\/p>\n<p>Explora nuestro portafolio de cursos y dise\u00f1a un roadmap de aprendizaje adaptado a las necesidades de tu organizaci\u00f3n. \u00a1Hablemos hoy para comenzar a construir el futuro de tu equipo!<\/p><\/div>\n<\/div>\n","protected":false},"excerpt":{"rendered":"","protected":false},"author":1,"featured_media":0,"parent":0,"menu_order":0,"comment_status":"closed","ping_status":"closed","template":"","meta":{"footnotes":""},"class_list":["post-1708","page","type-page","status-publish","hentry"],"_links":{"self":[{"href":"https:\/\/proyectum.com\/mx\/wp-json\/wp\/v2\/pages\/1708","targetHints":{"allow":["GET"]}}],"collection":[{"href":"https:\/\/proyectum.com\/mx\/wp-json\/wp\/v2\/pages"}],"about":[{"href":"https:\/\/proyectum.com\/mx\/wp-json\/wp\/v2\/types\/page"}],"author":[{"embeddable":true,"href":"https:\/\/proyectum.com\/mx\/wp-json\/wp\/v2\/users\/1"}],"replies":[{"embeddable":true,"href":"https:\/\/proyectum.com\/mx\/wp-json\/wp\/v2\/comments?post=1708"}],"version-history":[{"count":4,"href":"https:\/\/proyectum.com\/mx\/wp-json\/wp\/v2\/pages\/1708\/revisions"}],"predecessor-version":[{"id":1713,"href":"https:\/\/proyectum.com\/mx\/wp-json\/wp\/v2\/pages\/1708\/revisions\/1713"}],"wp:attachment":[{"href":"https:\/\/proyectum.com\/mx\/wp-json\/wp\/v2\/media?parent=1708"}],"curies":[{"name":"wp","href":"https:\/\/api.w.org\/{rel}","templated":true}]}}