{"id":1714,"date":"2025-01-01T01:01:57","date_gmt":"2025-01-01T00:01:57","guid":{"rendered":"https:\/\/proyectum.com\/mx\/?page_id=1714"},"modified":"2025-01-01T01:01:58","modified_gmt":"2025-01-01T00:01:58","slug":"gestion-del-ecosistema-de-innovacion","status":"publish","type":"page","link":"https:\/\/proyectum.com\/mx\/gestion-del-ecosistema-de-innovacion\/","title":{"rendered":"Gesti\u00f3n del Ecosistema de Innovaci\u00f3n"},"content":{"rendered":"\n<div class=\"wp-block-toolset-blocks-container tb-container\" data-toolset-blocks-container=\"a8f568277dc4509d9efff4e837888d77\"><\/div>\n\n\n\n<div class=\"wp-block-toolset-blocks-container tb-container aligncenter\" data-toolset-blocks-container=\"cf1a67b9e459d697b6fabc07c2dc1238\">\n<h1 class=\"tb-heading has-text-color\" data-toolset-blocks-heading=\"0f97959ae6ce9cb5415ae6712c202b8f\" data-last-update=\"1.4\">Gesti\u00f3n del Ecosistema de Innovaci\u00f3n<\/h1>\n<\/div>\n\n\n\n<div class=\"wp-block-toolset-blocks-container tb-container\" data-toolset-blocks-container=\"cab98b39495c8f5c1d49fa92de85e70d\">\n<div class=\"tb-fields-and-text\" data-toolset-blocks-fields-and-text=\"3e1d2592ce20bdf2bf813c9dfa44c991\"><p>La innovaci\u00f3n es clave para mantenerse competitivo. Implementar un sistema estructurado permite convertir ideas en soluciones reales, fomentar la creatividad y asegurar que cada iniciativa genere valor tangible y sostenible para la organizaci\u00f3n.<\/p>\n<p>\u00a0<\/p>\n<p><strong>Sistema de Gesti\u00f3n de la Innovaci\u00f3n<\/strong><\/p>\n<p><strong>Transformamos ideas en resultados extraordinarios<\/strong><\/p>\n<p><strong>\u00a0<\/strong><\/p>\n<p><strong>\u00bfPor qu\u00e9 es importante un sistema de gesti\u00f3n de la innovaci\u00f3n?<\/strong><\/p>\n<p><br \/>La innovaci\u00f3n no ocurre por casualidad, requiere estructura y enfoque. Un sistema de gesti\u00f3n de la innovaci\u00f3n convierte las ideas en soluciones concretas, impulsa la creatividad organizacional y asegura que cada iniciativa est\u00e9 alineada con los objetivos estrat\u00e9gicos, permitiendo a las organizaciones liderar en un mercado competitivo.<\/p><\/div>\n<\/div>\n\n\n\n<div class=\"wp-block-toolset-blocks-container tb-container\" data-toolset-blocks-container=\"b6184bcc262527dcfa8aae1b015b97a7\">\n<div class=\"tb-fields-and-text\" data-toolset-blocks-fields-and-text=\"360284519b991feb492b582c7d84725f\"><h2 style=\"text-align: center;\"><span style=\"color: #ffffff;\">Hablemos de negocios HOY<\/span><\/h2><\/div>\n\n\n\n<div class=\"tb-button\" data-toolset-blocks-button=\"f495708df6f3aba507b985f4ab0d0ffd\"><a class=\"tb-button__link\" href=\"https:\/\/proyectum.com\/mx\/formulario-de-contacto\/\"><i class=\"tb-button__icon\"><\/i><span class=\"tb-button__content\">Cont\u00e1ctenos<\/span><\/a><\/div>\n<\/div>\n\n\n\n<div class=\"wp-block-toolset-blocks-container tb-container\" data-toolset-blocks-container=\"cab98b39495c8f5c1d49fa92de85e70d\">\n<div class=\"tb-fields-and-text\" data-toolset-blocks-fields-and-text=\"3e1d2592ce20bdf2bf813c9dfa44c991\"><p><strong>Nuestros Servicios<\/strong><\/p>\n<p>Dise\u00f1amos sistemas personalizados que fomentan una cultura de innovaci\u00f3n, desde la generaci\u00f3n de ideas hasta su implementaci\u00f3n exitosa.<\/p>\n<p>\u00a0<\/p>\n<ol>\n<li><strong> Diagn\u00f3stico de la Capacidad de Innovaci\u00f3n<\/strong><\/li>\n<\/ol>\n<ul>\n<li>An\u00e1lisis de la cultura actual y las capacidades internas para innovar.<\/li>\n<li>Identificaci\u00f3n de barreras que limitan la creatividad y el desarrollo de nuevas ideas.<\/li>\n<li>Evaluaci\u00f3n de las pr\u00e1cticas existentes para gestionar la innovaci\u00f3n.<\/li>\n<\/ul>\n<p>\u00a0<\/p>\n<ol start=\"2\">\n<li><strong> Dise\u00f1o del Sistema de Gesti\u00f3n de la Innovaci\u00f3n<\/strong><\/li>\n<\/ol>\n<ul>\n<li>Creaci\u00f3n de procesos estructurados para gestionar ideas, evaluar su potencial y ejecutarlas.<\/li>\n<li>Implementaci\u00f3n de marcos de trabajo basados en est\u00e1ndares internacionales (como ISO 56002).<\/li>\n<li>Integraci\u00f3n de herramientas tecnol\u00f3gicas para facilitar la colaboraci\u00f3n y la gesti\u00f3n de proyectos de innovaci\u00f3n.<\/li>\n<\/ul>\n<p>\u00a0<\/p>\n<ol start=\"3\">\n<li><strong> Formaci\u00f3n y Desarrollo de Competencias para Innovar<\/strong><\/li>\n<\/ol>\n<ul>\n<li>Programas de capacitaci\u00f3n para desarrollar habilidades clave como el pensamiento creativo y la resoluci\u00f3n de problemas.<\/li>\n<li>Talleres para l\u00edderes enfocados en la promoci\u00f3n de la innovaci\u00f3n en sus equipos.<\/li>\n<li>Desarrollo de competencias para implementar iniciativas de alto impacto<\/li>\n<\/ul>\n<p>\u00a0<\/p>\n<ol start=\"4\">\n<li><strong> Implementaci\u00f3n de Laboratorios de Innovaci\u00f3n<\/strong><\/li>\n<\/ol>\n<ul>\n<li>Creaci\u00f3n de espacios f\u00edsicos o virtuales donde equipos multidisciplinarios puedan experimentar y prototipar.<\/li>\n<li>Facilitaci\u00f3n de metodolog\u00edas como design thinking, lean startup y open innovation.<\/li>\n<li>Establecimiento de m\u00e9tricas para medir el \u00e9xito de las iniciativas desarrolladas.<\/li>\n<\/ul>\n<p>\u00a0<\/p>\n<ol start=\"5\">\n<li><strong> Seguimiento y Medici\u00f3n de Resultados<\/strong><\/li>\n<\/ol>\n<ul>\n<li>Definici\u00f3n de indicadores para evaluar el impacto de las iniciativas de innovaci\u00f3n.<\/li>\n<li>Monitoreo continuo para identificar \u00e1reas de mejora y optimizar el sistema.<\/li>\n<li>Informes detallados para garantizar que las iniciativas generen valor tangible para la organizaci\u00f3n.<\/li>\n<\/ul><\/div>\n<\/div>\n\n\n\n<div class=\"wp-block-toolset-blocks-container tb-container\" data-toolset-blocks-container=\"b6184bcc262527dcfa8aae1b015b97a7\">\n<div class=\"tb-fields-and-text\" data-toolset-blocks-fields-and-text=\"360284519b991feb492b582c7d84725f\"><h2 style=\"text-align: center;\"><span style=\"color: #ffffff;\">Hablemos de negocios HOY<\/span><\/h2><\/div>\n\n\n\n<div class=\"tb-button\" data-toolset-blocks-button=\"f495708df6f3aba507b985f4ab0d0ffd\"><a class=\"tb-button__link\" href=\"https:\/\/proyectum.com\/mx\/formulario-de-contacto\/\"><i class=\"tb-button__icon\"><\/i><span class=\"tb-button__content\">Cont\u00e1ctenos<\/span><\/a><\/div>\n<\/div>\n\n\n\n<div class=\"wp-block-toolset-blocks-container tb-container\" data-toolset-blocks-container=\"09bcbb795f7e8ad08ea73f2902649325\">\n<div class=\"tb-fields-and-text\" data-toolset-blocks-fields-and-text=\"3e1d2592ce20bdf2bf813c9dfa44c991\"><p><strong>Beneficios de un sistema de gesti\u00f3n de la innovaci\u00f3n<\/strong><\/p>\n<p><strong>\u00a0<\/strong><\/p>\n<ul>\n<li><strong>Competitividad sostenida:<\/strong>\u00a0Lidera en tu industria con soluciones innovadoras y disruptivas.<\/li>\n<li><strong>Mayor agilidad:<\/strong>\u00a0Responde r\u00e1pidamente a las demandas cambiantes del mercado.<\/li>\n<li><strong>Compromiso del talento:<\/strong>\u00a0Fomenta una cultura de colaboraci\u00f3n y creatividad en tu equipo.<\/li>\n<li><strong>Impacto medible:<\/strong>\u00a0Transforma ideas en resultados que generan valor real.<\/li>\n<\/ul>\n<p><strong>\u00a0<\/strong><\/p>\n<p><strong>Haz de la innovaci\u00f3n el motor de tu crecimiento<\/strong><\/p>\n<p><strong>\u00a0<\/strong><\/p>\n<p><strong>\u00a1Conversemos hoy mismo!<\/strong>\u00a0Juntos dise\u00f1aremos un sistema que impulse tu potencial innovador y transforme tus ideas en realidad.<\/p><\/div>\n<\/div>\n\n\n\n<div class=\"wp-block-toolset-blocks-container tb-container\" data-toolset-blocks-container=\"09bcbb795f7e8ad08ea73f2902649325\"><\/div>\n","protected":false},"excerpt":{"rendered":"","protected":false},"author":1,"featured_media":0,"parent":0,"menu_order":0,"comment_status":"closed","ping_status":"closed","template":"","meta":{"footnotes":""},"class_list":["post-1714","page","type-page","status-publish","hentry"],"_links":{"self":[{"href":"https:\/\/proyectum.com\/mx\/wp-json\/wp\/v2\/pages\/1714","targetHints":{"allow":["GET"]}}],"collection":[{"href":"https:\/\/proyectum.com\/mx\/wp-json\/wp\/v2\/pages"}],"about":[{"href":"https:\/\/proyectum.com\/mx\/wp-json\/wp\/v2\/types\/page"}],"author":[{"embeddable":true,"href":"https:\/\/proyectum.com\/mx\/wp-json\/wp\/v2\/users\/1"}],"replies":[{"embeddable":true,"href":"https:\/\/proyectum.com\/mx\/wp-json\/wp\/v2\/comments?post=1714"}],"version-history":[{"count":2,"href":"https:\/\/proyectum.com\/mx\/wp-json\/wp\/v2\/pages\/1714\/revisions"}],"predecessor-version":[{"id":1725,"href":"https:\/\/proyectum.com\/mx\/wp-json\/wp\/v2\/pages\/1714\/revisions\/1725"}],"wp:attachment":[{"href":"https:\/\/proyectum.com\/mx\/wp-json\/wp\/v2\/media?parent=1714"}],"curies":[{"name":"wp","href":"https:\/\/api.w.org\/{rel}","templated":true}]}}