{"id":3,"date":"2024-10-03T14:26:23","date_gmt":"2024-10-03T12:26:23","guid":{"rendered":"https:\/\/proyectum.com\/mx\/?page_id=3"},"modified":"2025-01-09T18:53:09","modified_gmt":"2025-01-09T17:53:09","slug":"politica-de-calidad","status":"publish","type":"page","link":"https:\/\/proyectum.com\/mx\/politicas\/politica-de-calidad\/","title":{"rendered":"Pol\u00edtica de calidad"},"content":{"rendered":"\n<div class=\"wp-block-toolset-blocks-container tb-container\" data-toolset-blocks-container=\"cab98b39495c8f5c1d49fa92de85e70d\">\n<div class=\"tb-fields-and-text\" data-toolset-blocks-fields-and-text=\"3e1d2592ce20bdf2bf813c9dfa44c991\"><div id=\"main\" class=\"column1 boxed no-breadcrumbs\">\n<div class=\"container\">\n<div class=\"row main-content-wrap\">\n<div class=\"main-content col-lg-12\">\n<div id=\"content\" role=\"main\">\n<article class=\"post-7682 page type-page status-publish hentry\">\n<div class=\"page-content\">\n<div class=\"wpb-content-wrapper\">\n<div class=\"vc_row wpb_row row top-row\">\n<div class=\"vc_column_container col-md-12\">\n<div class=\"wpb_wrapper vc_column-inner\">\n<div class=\"wpb_text_column wpb_content_element  vc_custom_1632713175955 wpb_custom_7c91d232724f73626cc933bd95b25ff0\">\n<div class=\"wpb_wrapper\">\n<h3>POL\u00cdTICA DE CALIDAD<\/h3>\n<p>En Proyectum M\u00e9xico, nos comprometemos a ofrecer servicios orientados a la entrega de valor continuo y constante, que cumplan o excedan las expectativas de nuestros clientes. Administramos nuestros servicios con un enfoque centrado en nuestros clientes, considerando el contexto de riesgos y oportunidades que pueden impactar nuestros objetivos.<\/p>\n<hr \/>\n<h3>FINALIDAD<\/h3>\n<p>Existimos para entregar valor continuo a nuestros clientes mediante el entendimiento profundo de sus necesidades y el codise\u00f1o de soluciones que cumplan o excedan sus expectativas. Reconocemos que la identificaci\u00f3n y gesti\u00f3n proactiva de riesgos son esenciales para garantizar resultados sostenibles y de alto impacto.<\/p>\n<hr \/>\n<h3>PRINCIPIOS<\/h3>\n<p>Para lograrlo, aplicamos los siguientes principios:<\/p>\n<ol>\n<li><strong>Obtener resultados de valor<\/strong> para nuestros clientes y colaboradores, gestionando riesgos y oportunidades de manera efectiva para maximizar el impacto positivo.<\/li>\n<li><strong>Mostrar genuino inter\u00e9s<\/strong> en ayudar a nuestros clientes a lograr sus objetivos, anticip\u00e1ndonos a posibles desaf\u00edos y mitigando riesgos.<\/li>\n<li><strong>Comprender y cumplir los requerimientos del cliente<\/strong>, promoviendo la transparencia y la confianza mediante un an\u00e1lisis constante de los factores internos y externos que puedan afectar nuestros resultados.<\/li>\n<li><strong>Codise\u00f1ar soluciones que aporten valor<\/strong>, con \u00e9nfasis en la interacci\u00f3n humana, la eliminaci\u00f3n de desperdicios y la incorporaci\u00f3n de estrategias que reduzcan incertidumbre y aprovechen oportunidades emergentes.<\/li>\n<\/ol>\n<hr \/>\n<h3>NUESTRA FORMA DE TRABAJO (PROYECTUM WOW)<\/h3>\n<p>Nuestra forma de trabajo, <strong>Proyectum WOW<\/strong>, est\u00e1 dise\u00f1ada para entregar valor a nuestros clientes y, al mismo tiempo, mejorar cotidianamente las pr\u00e1cticas de nuestros colaboradores y nuestros procesos de negocio. Este enfoque integra la identificaci\u00f3n y evaluaci\u00f3n de riesgos como una pr\u00e1ctica habitual para garantizar la mejora continua y la resiliencia organizacional.<\/p>\n<\/div>\n<p>\u00daltima actualizaci\u00f3n: Enero 9, 2025<\/p>\n<\/div>\n<\/div>\n<\/div>\n<\/div>\n<\/div>\n<\/div>\n<\/article>\n<\/div>\n<div class=\"porto-html-block porto-block-html-content-inner-bottom\" style=\"text-align: justify;\">\u00a0<\/div>\n<\/div>\n<\/div>\n<\/div>\n<div class=\"porto-html-block porto-block-html-content-bottom\" style=\"text-align: justify;\">\u00a0<\/div>\n<\/div>\n<div class=\"footer-wrapper\">\n<div id=\"footer\" class=\"footer footer-1\">\n<div class=\"footer-main\">\n<div class=\"container\">\n<div class=\"row\">\n<div class=\"col-lg-3\">\n<aside id=\"text-3\" class=\"widget widget_text\">\n<h3 class=\"widget-title\" style=\"text-align: justify;\">CONT\u00c1CTANOS<\/h3>\n<div class=\"textwidget\">\n<ul>\n<li style=\"text-align: justify;\"><a title=\"Cont\u00e1ctanos\" href=\"https:\/\/proyectum.com\/mx\/politica-de-calidad\/contacto\/\">Informaci\u00f3n de contacto<\/a><\/li>\n<\/ul>\n<\/div>\n<\/aside>\n<\/div>\n<\/div>\n<\/div>\n<\/div>\n<\/div>\n<\/div><\/div>\n<\/div>\n","protected":false},"excerpt":{"rendered":"","protected":false},"author":1,"featured_media":0,"parent":655,"menu_order":0,"comment_status":"closed","ping_status":"closed","template":"","meta":{"footnotes":""},"class_list":["post-3","page","type-page","status-publish","hentry"],"_links":{"self":[{"href":"https:\/\/proyectum.com\/mx\/wp-json\/wp\/v2\/pages\/3","targetHints":{"allow":["GET"]}}],"collection":[{"href":"https:\/\/proyectum.com\/mx\/wp-json\/wp\/v2\/pages"}],"about":[{"href":"https:\/\/proyectum.com\/mx\/wp-json\/wp\/v2\/types\/page"}],"author":[{"embeddable":true,"href":"https:\/\/proyectum.com\/mx\/wp-json\/wp\/v2\/users\/1"}],"replies":[{"embeddable":true,"href":"https:\/\/proyectum.com\/mx\/wp-json\/wp\/v2\/comments?post=3"}],"version-history":[{"count":7,"href":"https:\/\/proyectum.com\/mx\/wp-json\/wp\/v2\/pages\/3\/revisions"}],"predecessor-version":[{"id":1724,"href":"https:\/\/proyectum.com\/mx\/wp-json\/wp\/v2\/pages\/3\/revisions\/1724"}],"up":[{"embeddable":true,"href":"https:\/\/proyectum.com\/mx\/wp-json\/wp\/v2\/pages\/655"}],"wp:attachment":[{"href":"https:\/\/proyectum.com\/mx\/wp-json\/wp\/v2\/media?parent=3"}],"curies":[{"name":"wp","href":"https:\/\/api.w.org\/{rel}","templated":true}]}}