{"id":47,"date":"2024-10-05T17:50:33","date_gmt":"2024-10-05T15:50:33","guid":{"rendered":"https:\/\/proyectum.com\/mx\/?page_id=47"},"modified":"2025-01-01T00:45:54","modified_gmt":"2024-12-31T23:45:54","slug":"servicios-para-organizaciones","status":"publish","type":"page","link":"https:\/\/proyectum.com\/mx\/servicios-para-organizaciones\/","title":{"rendered":"Servicios para Organizaciones"},"content":{"rendered":"\n<div class=\"wp-block-toolset-blocks-container tb-container\" data-toolset-blocks-container=\"a8f568277dc4509d9efff4e837888d77\"><\/div>\n\n\n\n<div class=\"wp-block-toolset-blocks-container tb-container aligncenter\" data-toolset-blocks-container=\"cf1a67b9e459d697b6fabc07c2dc1238\">\n<h1 class=\"tb-heading has-text-color\" data-toolset-blocks-heading=\"0f97959ae6ce9cb5415ae6712c202b8f\" data-last-update=\"1.4\">Servicios para Organizaciones<\/h1>\n<\/div>\n\n\n\n<div class=\"wp-block-toolset-blocks-container tb-container\" data-toolset-blocks-container=\"cab98b39495c8f5c1d49fa92de85e70d\">\n<div class=\"tb-fields-and-text\" data-toolset-blocks-fields-and-text=\"3e1d2592ce20bdf2bf813c9dfa44c991\"><p><strong>Nuestros servicios para Organizaciaciones<\/strong><\/p>\n<ul>\n<li><strong>Servicios de consultor\u00eda de gesti\u00f3n <\/strong><\/li>\n<li><strong>Servicios de formaci\u00f3n in-company<\/strong><\/li>\n<\/ul>\n<br \/>\n<p>\u00a0<\/p><\/div>\n<\/div>\n\n\n\n<div class=\"wp-block-toolset-blocks-container tb-container\" data-toolset-blocks-container=\"b6184bcc262527dcfa8aae1b015b97a7\">\n<div class=\"tb-fields-and-text\" data-toolset-blocks-fields-and-text=\"360284519b991feb492b582c7d84725f\"><h2 style=\"text-align: center;\"><span style=\"color: #ffffff;\">Hablemos de negocios HOY<\/span><\/h2><\/div>\n\n\n\n<div class=\"tb-button\" data-toolset-blocks-button=\"f495708df6f3aba507b985f4ab0d0ffd\"><a class=\"tb-button__link\" href=\"https:\/\/proyectum.com\/mx\/formulario-de-contacto\/\"><i class=\"tb-button__icon\"><\/i><span class=\"tb-button__content\">Cont\u00e1ctenos<\/span><\/a><\/div>\n<\/div>\n\n\n\n<div class=\"wp-block-toolset-blocks-container tb-container\" data-toolset-blocks-container=\"cab98b39495c8f5c1d49fa92de85e70d\">\n<div class=\"tb-fields-and-text\" data-toolset-blocks-fields-and-text=\"3e1d2592ce20bdf2bf813c9dfa44c991\"><h2><strong>Servicios de Consultor\u00eda<\/strong><\/h2>\n<p><strong>\u00a0<\/strong><\/p>\n<p><strong>Apoyamos a Transformar Estrategias en Resultados Tangibles<\/strong><\/p>\n<p><br \/>En Proyectum ofrecemos servicios de consultor\u00eda dise\u00f1ados para capturar valor en el corto plazo y adaptarnos a las necesidades de un mundo din\u00e1mico. Nuestro enfoque combina pensamiento sist\u00e9mico, filosof\u00eda \u00e1gil y desarrollo organizacional para ayudar a que nuestros clientes alcancen su m\u00e1ximo potencial<\/p>\n<p>\u00a0<\/p>\n<p><strong>Servicios Principales:<\/strong><\/p>\n<p><strong>\u00a0<\/strong><\/p>\n<ol>\n<li><strong>Diagn\u00f3stico Organizacional<\/strong>:\u00a0Identificaci\u00f3n de \u00e1reas clave de mejora mediante an\u00e1lisis profundo de procesos y pr\u00e1cticas.<\/li>\n<li><strong>Dise\u00f1o de Estrategias:\u00a0<\/strong>Creaci\u00f3n de estrategias corporativas alineadas con los objetivos de negocio.<\/li>\n<li><strong>Gesti\u00f3n de Proyectos y PMO:\u00a0<\/strong>Implementaci\u00f3n de soluciones t\u00e1cticas y estrat\u00e9gicas para maximizar el \u00e9xito de los proyectos.<\/li>\n<li><strong>Optimizaci\u00f3n de Procesos:\u00a0<\/strong>Mejora de la eficiencia y efectividad en las operaciones.<\/li>\n<li><strong>Gesti\u00f3n del Cambio Organizacional:\u00a0<\/strong>Apoyo en la transici\u00f3n hacia nuevas formas de trabajo con enfoque en las personas.<\/li>\n<li><strong>Gesti\u00f3n del Conocimiento:\u00a0<\/strong>Desarrollo de modelos para capturar, compartir y aplicar el conocimiento organizacional, creando culturas de aprendizaje continuo.<\/li>\n<li><strong>Gesti\u00f3n de la Innovaci\u00f3n:\u00a0<\/strong>Implementaci\u00f3n de pr\u00e1cticas que fomentan la creatividad y el dise\u00f1o de soluciones disruptivas, adaptadas a las demandas del mercado.<\/li>\n<\/ol>\n<p><strong>\u00a0<\/strong><\/p>\n<p><strong>Nuestro Compromiso:<br \/><\/strong>Crear espacios de trabajo en los que d\u00e9 gusto colaborar, mientras concretamos beneficios sostenibles para tu organizaci\u00f3n.<\/p>\n<p>\u00a0<\/p>\n<p><strong>\u00c1reas de Impacto:<\/strong><\/p>\n<ul>\n<li>Mejora de procesos.<\/li>\n<li>Incremento de la colaboraci\u00f3n y agilidad.<\/li>\n<li>Fortalecimiento del conocimiento interno y su aplicaci\u00f3n pr\u00e1ctica.<\/li>\n<li>Est\u00edmulo a la innovaci\u00f3n como ventaja competitiva.<\/li>\n<li>Entrega de valor continuo al cliente.<\/li>\n<\/ul>\n<p style=\"text-align: justify;\"><strong>\u00a0<\/strong><\/p><\/div>\n<\/div>\n\n\n\n<div class=\"wp-block-toolset-blocks-container tb-container\" data-toolset-blocks-container=\"b6184bcc262527dcfa8aae1b015b97a7\">\n<div class=\"tb-fields-and-text\" data-toolset-blocks-fields-and-text=\"360284519b991feb492b582c7d84725f\"><h2 style=\"text-align: center;\"><span style=\"color: #ffffff;\">Hablemos de negocios HOY<\/span><\/h2><\/div>\n\n\n\n<div class=\"tb-button\" data-toolset-blocks-button=\"f495708df6f3aba507b985f4ab0d0ffd\"><a class=\"tb-button__link\" href=\"https:\/\/proyectum.com\/mx\/formulario-de-contacto\/\"><i class=\"tb-button__icon\"><\/i><span class=\"tb-button__content\">Cont\u00e1ctenos<\/span><\/a><\/div>\n<\/div>\n\n\n\n<div class=\"wp-block-toolset-blocks-container tb-container\" data-toolset-blocks-container=\"09bcbb795f7e8ad08ea73f2902649325\">\n<div class=\"tb-fields-and-text\" data-toolset-blocks-fields-and-text=\"3e1d2592ce20bdf2bf813c9dfa44c991\"><h2><strong>Servicios de Formaci\u00f3n in company<\/strong><\/h2>\n<p><strong>Impulsamos el Crecimiento a trav\u00e9s del Aprendizaje Continuo<\/strong><\/p>\n<p><strong>&nbsp;<\/strong><\/p>\n<p>En Proyectum, desarrollamos programas de formaci\u00f3n que trascienden el aula para transformar habilidades individuales y organizacionales. Nuestro enfoque modular y adaptable garantiza que cada programa responda a las necesidades espec\u00edficas de tu organizaci\u00f3n.<\/p>\n<p>&nbsp;<\/p>\n<p><strong>\u00c1reas Clave de Formaci\u00f3n:<\/strong><\/p>\n<p><br>Nuestros&nbsp;<em>Learning Tracks<\/em>&nbsp;ofrecen caminos estructurados que permiten adquirir habilidades desde lo b\u00e1sico hasta lo avanzado, adapt\u00e1ndose a diferentes roles y sectores.<\/p>\n<ol>\n  <li><strong>Estrategia y Gesti\u00f3n de Negocios:<\/strong>\n    <ul>\n      <li>Creaci\u00f3n y ejecuci\u00f3n de estrategias corporativas.<\/li>\n      <li>Modelos de negocio y alineaci\u00f3n estrat\u00e9gica.<\/li>\n      <li>Gesti\u00f3n del cambio organizacional.<\/li>\n    <\/ul>\n  <\/li>\n  <li><strong>Agilidad de Negocios:<\/strong>\n    <ul>\n      <li>Mentalidad \u00e1gil y frameworks como Scrum, SAFe y Disciplined Agile.<\/li>\n      <li>Transformaci\u00f3n hacia la agilidad empresarial.<\/li>\n    <\/ul>\n  <\/li>\n  <li><strong>Gesti\u00f3n de Portafolio, Programas y Proyectos:<\/strong>\n    <ul>\n      <li>Optimizaci\u00f3n de proyectos con alineaci\u00f3n estrat\u00e9gica.<\/li>\n      <li>Talleres especializados en gesti\u00f3n h\u00edbrida y gesti\u00f3n de riesgos.<\/li>\n    <\/ul>\n  <\/li>\n  <li><strong>Gesti\u00f3n de Riesgos y Resiliencia Organizacional:<\/strong>\n    <ul>\n      <li>Identificaci\u00f3n y mitigaci\u00f3n de riesgos.<\/li>\n      <li>Fortalecimiento de la resiliencia empresarial frente a crisis.<\/li>\n    <\/ul>\n  <\/li>\n  <li><strong>Gesti\u00f3n del Conocimiento y Anal\u00edtica:<\/strong>\n    <ul>\n      <li>Estrategias para capturar, analizar y aplicar el conocimiento.<\/li>\n      <li>Uso de datos para tomar decisiones informadas.<\/li>\n    <\/ul>\n  <\/li>\n  <li><strong>Tecnolog\u00edas Emergentes:<\/strong>\n    <ul>\n      <li>Capacitaci\u00f3n en inteligencia artificial, IoT y ciberseguridad.<\/li>\n      <li>\u00c9tica y aplicaciones pr\u00e1cticas de tecnolog\u00edas emergentes.<\/li>\n    <\/ul>\n  <\/li>\n  <li><strong>Innovaci\u00f3n Empresarial:<\/strong>\n    <ul>\n      <li>Cultura de innovaci\u00f3n desde la ideaci\u00f3n hasta la implementaci\u00f3n.<\/li>\n      <li>Herramientas para generar y liderar ideas disruptivas.<\/li>\n    <\/ul>\n  <\/li>\n  <li><strong>Habilidades Interpersonales y Adaptativas (Programa ADAPTABLE):<\/strong>\n    <ul>\n      <li>Liderazgo colaborativo, resoluci\u00f3n de conflictos y resiliencia.<\/li>\n      <li>Desarrollo de habilidades blandas cr\u00edticas.<\/li>\n    <\/ul>\n  <\/li>\n<\/ol>\n<p style=\"text-align: justify;\"><strong>&nbsp;<\/strong><\/p><\/div>\n<\/div>\n\n\n\n<div class=\"wp-block-toolset-blocks-container tb-container\" data-toolset-blocks-container=\"b6184bcc262527dcfa8aae1b015b97a7\">\n<div class=\"tb-fields-and-text\" data-toolset-blocks-fields-and-text=\"360284519b991feb492b582c7d84725f\"><h2 style=\"text-align: center;\"><span style=\"color: #ffffff;\">Hablemos de negocios HOY<\/span><\/h2><\/div>\n\n\n\n<div class=\"tb-button\" data-toolset-blocks-button=\"f495708df6f3aba507b985f4ab0d0ffd\"><a class=\"tb-button__link\" href=\"https:\/\/proyectum.com\/mx\/formulario-de-contacto\/\"><i class=\"tb-button__icon\"><\/i><span class=\"tb-button__content\">Cont\u00e1ctenos<\/span><\/a><\/div>\n<\/div>\n\n\n\n<div class=\"wp-block-toolset-blocks-container tb-container\" data-toolset-blocks-container=\"09bcbb795f7e8ad08ea73f2902649325\">\n<div class=\"tb-fields-and-text\" data-toolset-blocks-fields-and-text=\"3e1d2592ce20bdf2bf813c9dfa44c991\"><p><strong>Metodolog\u00eda y Beneficios:<\/strong><\/p>\n<p>\u00a0<\/p>\n<ul>\n<li><strong>Diagn\u00f3stico Inicial:<\/strong>\u00a0Detectamos las necesidades espec\u00edficas de capacitaci\u00f3n (DNC).<\/li>\n<li><strong>Metodolog\u00eda Experiencial:<\/strong>\u00a0Enfoque pr\u00e1ctico con simulaciones, casos de estudio y ejercicios colaborativos.<\/li>\n<li><strong>Dise\u00f1o Modular:<\/strong>\u00a0Programas personalizados seg\u00fan los objetivos estrat\u00e9gicos.<\/li>\n<li><strong>Seguimiento Continuo:<\/strong>\u00a0Evaluaci\u00f3n del impacto de los programas para garantizar resultados tangibles.<\/li>\n<\/ul>\n<p>\u00a0<\/p>\n<p><strong>Certificaciones y Alianzas:<\/strong><\/p>\n<p><br \/>Somos socios de formaci\u00f3n autorizados de PMI, Certnexus y VMEDU, ofreciendo preparaci\u00f3n para certificaciones como PMP\u00ae, Agile Certified Practitioner, Disciplined Agile y m\u00e1s.<\/p>\n<p>\u00a0<\/p>\n<p><strong>Modalidades Disponibles:<\/strong><\/p>\n<p>\u00a0<\/p>\n<ul>\n<li>Programas in-company ajustados a tus equipos.<\/li>\n<li>Cursos abiertos para profesionales de diversas industrias.<\/li>\n<li>Flexibilidad en formatos: virtual, presencial o h\u00edbrido.<\/li>\n<\/ul>\n<p><strong>\u00a0<\/strong><\/p>\n<p><strong>Nuestra Filosof\u00eda:<\/strong><\/p>\n<p><br \/>El aprendizaje debe ser pr\u00e1ctico y centrado en las personas, para \u00a0generar valor real, ayudando a los participantes a aplicar lo aprendido de inmediato en sus organizaciones.<\/p><\/div>\n<\/div>\n","protected":false},"excerpt":{"rendered":"","protected":false},"author":1,"featured_media":0,"parent":0,"menu_order":0,"comment_status":"closed","ping_status":"closed","template":"","meta":{"footnotes":""},"class_list":["post-47","page","type-page","status-publish","hentry"],"_links":{"self":[{"href":"https:\/\/proyectum.com\/mx\/wp-json\/wp\/v2\/pages\/47","targetHints":{"allow":["GET"]}}],"collection":[{"href":"https:\/\/proyectum.com\/mx\/wp-json\/wp\/v2\/pages"}],"about":[{"href":"https:\/\/proyectum.com\/mx\/wp-json\/wp\/v2\/types\/page"}],"author":[{"embeddable":true,"href":"https:\/\/proyectum.com\/mx\/wp-json\/wp\/v2\/users\/1"}],"replies":[{"embeddable":true,"href":"https:\/\/proyectum.com\/mx\/wp-json\/wp\/v2\/comments?post=47"}],"version-history":[{"count":7,"href":"https:\/\/proyectum.com\/mx\/wp-json\/wp\/v2\/pages\/47\/revisions"}],"predecessor-version":[{"id":1707,"href":"https:\/\/proyectum.com\/mx\/wp-json\/wp\/v2\/pages\/47\/revisions\/1707"}],"wp:attachment":[{"href":"https:\/\/proyectum.com\/mx\/wp-json\/wp\/v2\/media?parent=47"}],"curies":[{"name":"wp","href":"https:\/\/api.w.org\/{rel}","templated":true}]}}