{"id":50,"date":"2024-10-05T17:51:05","date_gmt":"2024-10-05T15:51:05","guid":{"rendered":"https:\/\/proyectum.com\/mx\/?page_id=50"},"modified":"2025-01-01T00:36:07","modified_gmt":"2024-12-31T23:36:07","slug":"servicios-para-individuos","status":"publish","type":"page","link":"https:\/\/proyectum.com\/mx\/servicios-para-individuos\/","title":{"rendered":"Servicios para Individuos"},"content":{"rendered":"\n<div class=\"wp-block-toolset-blocks-container tb-container\" data-toolset-blocks-container=\"2c236188b085c2e33a58e4237fb64eec\"><\/div>\n\n\n\n<div class=\"wp-block-toolset-blocks-container tb-container aligncenter\" data-toolset-blocks-container=\"cf1a67b9e459d697b6fabc07c2dc1238\">\n<h1 class=\"tb-heading has-text-color\" data-toolset-blocks-heading=\"0f97959ae6ce9cb5415ae6712c202b8f\" data-last-update=\"1.4\">Servicios para Individuos<\/h1>\n<\/div>\n\n\n\n<div class=\"wp-block-toolset-blocks-container tb-container\" data-toolset-blocks-container=\"cab98b39495c8f5c1d49fa92de85e70d\">\n<div class=\"tb-fields-and-text\" data-toolset-blocks-fields-and-text=\"3e1d2592ce20bdf2bf813c9dfa44c991\"><ol>\n  <li style=\"text-align: justify;\"><strong>Programas de Formaci\u00f3n Especializada<\/strong><\/li>\n<\/ol>\n<p style=\"text-align: justify;\">Ofrecemos una variedad de cursos dise\u00f1ados para fortalecer tus habilidades y competencias en \u00e1reas clave del mundo empresarial y de gesti\u00f3n de proyectos.<\/p>\n<p style=\"text-align: justify;\">&nbsp;<\/p>\n<ul style=\"text-align: justify;\">\n  <li><strong>Certificaci\u00f3n PMP\u00ae<\/strong>: Prep\u00e1rate para obtener la certificaci\u00f3n Project Management Professional (PMP\u00ae) con nuestro taller intensivo que incluye 21 sesiones virtuales en vivo.&nbsp;<\/li>\n<\/ul>\n<p style=\"text-align: justify;\">&nbsp;<\/p>\n<ul style=\"text-align: justify;\">\n  <li><strong>Certificaci\u00f3n PMI-RMP\u00ae<\/strong>: Especial\u00edzate en la gesti\u00f3n de riesgos con nuestro curso de preparaci\u00f3n para la certificaci\u00f3n PMI Risk Management Professional (PMI-RMP\u00ae).&nbsp;<\/li>\n<\/ul>\n<p style=\"text-align: justify;\">&nbsp;<\/p>\n<ul style=\"text-align: justify;\">\n  <li><strong>Disciplined Agile Scrum Master (DASM\u00ae)<\/strong>: Familiar\u00edzate con las pr\u00e1cticas \u00e1giles y Lean fundamentales que apoyan Disciplined Agile y aprende a crear equipos de alto rendimiento.&nbsp;<\/li>\n<\/ul>\n<p style=\"text-align: justify;\">&nbsp;<\/p>\n<ul style=\"text-align: justify;\">\n  <li><strong>Direcci\u00f3n de Proyectos con Enfoque H\u00edbrido<\/strong>: Domina enfoques h\u00edbridos en la gesti\u00f3n de proyectos para adaptarte a las necesidades cambiantes del mercado.&nbsp;<\/li>\n<\/ul>\n<p style=\"text-align: justify;\">&nbsp;<\/p>\n<ul style=\"text-align: justify;\">\n  <li><strong>Preparaci\u00f3n para Certificaci\u00f3n Agile Certified Practitioner (PMI-ACP\u00ae)<\/strong>: Incursiona en metodolog\u00edas \u00e1giles y prep\u00e1rate para la certificaci\u00f3n PMI-ACP\u00ae.&nbsp;<\/li>\n<\/ul>\n<p style=\"text-align: justify;\">&nbsp;<\/p>\n<ol style=\"text-align: justify;\" start=\"2\">\n  <li><strong>Servicios de Mentor\u00eda<\/strong><\/li>\n<\/ol>\n<p style=\"text-align: justify;\">Nuestros programas de mentor\u00eda est\u00e1n dise\u00f1ados para guiarte en tu desarrollo profesional, ofreci\u00e9ndote el apoyo de expertos con amplia experiencia en diversas disciplinas.<\/p>\n<p style=\"text-align: justify;\">&nbsp;<\/p>\n<ul style=\"text-align: justify;\">\n  <li><strong>Mentor\u00eda Profesional<\/strong>: Recibe orientaci\u00f3n personalizada para el desarrollo de tu carrera, mejorando habilidades y competencias clave.&nbsp;<\/li>\n<\/ul>\n<p style=\"text-align: justify;\">&nbsp;<\/p>\n<ul style=\"text-align: justify;\">\n  <li><strong>Mentor\u00eda para Directores de Proyectos<\/strong>: Brindamos acompa\u00f1amiento a directores de proyectos en la implementaci\u00f3n de metodolog\u00edas con las mejores pr\u00e1cticas internacionales, marcos de trabajo \u00e1giles y habilidades blandas, trabajando con ellos para convertirlos en directores de proyectos exitosos.&nbsp;<\/li>\n<\/ul>\n<p style=\"text-align: justify;\">&nbsp;<\/p>\n<ol style=\"text-align: justify;\" start=\"3\">\n  <li><strong>Coaching Ejecutivo<\/strong><\/li>\n<\/ol>\n<p style=\"text-align: justify;\">&nbsp;<\/p>\n<p style=\"text-align: justify;\">Dise\u00f1amos e implementamos programas de coaching personalizados para ejecutivos, enfocados en alcanzar objetivos estrat\u00e9gicos y mejorar la efectividad en el liderazgo.<\/p>\n<p style=\"text-align: justify;\">&nbsp;<\/p>\n<ul style=\"text-align: justify;\">\n  <li><strong>Coaching a Ejecutivos<\/strong>: Trabajamos en conjunto con los ejecutivos para conocer la estrategia organizacional y sus objetivos empresariales, brind\u00e1ndoles acompa\u00f1amiento para hacerlos realidad.&nbsp;<\/li>\n<\/ul>\n<p style=\"text-align: justify;\">&nbsp;<\/p>\n<ul>\n  <li style=\"text-align: justify;\"><strong>Coaching de Equipos<\/strong>: Dirigido a grupos de trabajo, busca mejorar la din\u00e1mica de equipo, fomentar la colaboraci\u00f3n efectiva y optimizar el desempe\u00f1o colectivo.&nbsp;<\/li>\n<\/ul><\/div>\n<\/div>\n\n\n\n<div class=\"wp-block-toolset-blocks-container tb-container\" data-toolset-blocks-container=\"b6184bcc262527dcfa8aae1b015b97a7\">\n<div class=\"tb-fields-and-text\" data-toolset-blocks-fields-and-text=\"360284519b991feb492b582c7d84725f\"><h2 style=\"text-align: center;\"><span style=\"color: #ffffff;\">Hablemos de negocios HOY<\/span><\/h2><\/div>\n\n\n\n<div class=\"tb-button\" data-toolset-blocks-button=\"f495708df6f3aba507b985f4ab0d0ffd\"><a class=\"tb-button__link\" href=\"https:\/\/proyectum.com\/mx\/formulario-de-contacto\/\"><i class=\"tb-button__icon\"><\/i><span class=\"tb-button__content\">Cont\u00e1ctenos<\/span><\/a><\/div>\n<\/div>\n\n\n\n<div class=\"wp-block-toolset-blocks-container tb-container\" data-toolset-blocks-container=\"cab98b39495c8f5c1d49fa92de85e70d\">\n<div class=\"tb-fields-and-text\" data-toolset-blocks-fields-and-text=\"3e1d2592ce20bdf2bf813c9dfa44c991\"><p><strong>Modalidades de Formaci\u00f3n<\/strong><\/p>\n<p><strong>&nbsp;<\/strong><\/p>\n<p>Nuestros servicios se adaptan a tus necesidades, ofreciendo modalidades de aprendizaje flexibles:<\/p>\n<p>&nbsp;<\/p>\n<ul>\n  <li><strong>Cursos Virtuales en Vivo<\/strong>: Participa en sesiones interactivas desde cualquier lugar.<\/li>\n  <li><strong>Programas Presenciales<\/strong>: Asiste a clases en nuestras sedes o en instalaciones convenidas.<\/li>\n  <li><strong>Formaci\u00f3n H\u00edbrida<\/strong>: Combina lo mejor de la formaci\u00f3n presencial y virtual para una experiencia de aprendizaje integral.<\/li>\n<\/ul>\n<p>&nbsp;<\/p>\n<p><strong>Pr\u00f3ximos Cursos<\/strong><\/p>\n<p><strong>&nbsp;<\/strong><\/p>\n<p>Consulta nuestro calendario de cursos para conocer las pr\u00f3ximas fechas y planificar tu desarrollo profesional.&nbsp;<\/p>\n<p>&nbsp;<\/p>\n<p><strong>Cont\u00e1ctanos<\/strong><\/p>\n<p>Si est\u00e1s interesado en alguno de nuestros servicios o deseas m\u00e1s informaci\u00f3n, no dudes en ponerte en contacto con nosotros.<\/p><\/div>\n<\/div>\n","protected":false},"excerpt":{"rendered":"","protected":false},"author":1,"featured_media":0,"parent":0,"menu_order":0,"comment_status":"closed","ping_status":"closed","template":"","meta":{"footnotes":""},"class_list":["post-50","page","type-page","status-publish","hentry"],"_links":{"self":[{"href":"https:\/\/proyectum.com\/mx\/wp-json\/wp\/v2\/pages\/50","targetHints":{"allow":["GET"]}}],"collection":[{"href":"https:\/\/proyectum.com\/mx\/wp-json\/wp\/v2\/pages"}],"about":[{"href":"https:\/\/proyectum.com\/mx\/wp-json\/wp\/v2\/types\/page"}],"author":[{"embeddable":true,"href":"https:\/\/proyectum.com\/mx\/wp-json\/wp\/v2\/users\/1"}],"replies":[{"embeddable":true,"href":"https:\/\/proyectum.com\/mx\/wp-json\/wp\/v2\/comments?post=50"}],"version-history":[{"count":3,"href":"https:\/\/proyectum.com\/mx\/wp-json\/wp\/v2\/pages\/50\/revisions"}],"predecessor-version":[{"id":3632,"href":"https:\/\/proyectum.com\/mx\/wp-json\/wp\/v2\/pages\/50\/revisions\/3632"}],"wp:attachment":[{"href":"https:\/\/proyectum.com\/mx\/wp-json\/wp\/v2\/media?parent=50"}],"curies":[{"name":"wp","href":"https:\/\/api.w.org\/{rel}","templated":true}]}}