{"id":62,"date":"2024-10-05T18:00:38","date_gmt":"2024-10-05T16:00:38","guid":{"rendered":"https:\/\/proyectum.com\/mx\/?page_id=62"},"modified":"2024-12-29T20:00:09","modified_gmt":"2024-12-29T19:00:09","slug":"quienes-somos","status":"publish","type":"page","link":"https:\/\/proyectum.com\/mx\/nosotros\/quienes-somos\/","title":{"rendered":"\u00bfQuienes somos?"},"content":{"rendered":"\n<div class=\"wp-block-toolset-blocks-grid tb-grid\" data-toolset-blocks-grid=\"6fab7b526b993945835ff72f47fe54fb\">\n<div class=\"wp-block-toolset-blocks-grid-column tb-grid-column tb-grid-align-top\" data-toolset-blocks-grid-column=\"b897a9bc25a1d83f96fc824e42e50ad2\">\n<div style=\"height:100px\" aria-hidden=\"true\" class=\"wp-block-spacer\"><\/div>\n\n\n\n<h1 class=\"tb-heading\" data-toolset-blocks-heading=\"de31bd02d48f106671751fd9d7b42431\" data-last-update=\"1.4\">\u00bfQUIENES SOMOS?<\/h1>\n\n\n\n<div class=\"tb-fields-and-text\" data-toolset-blocks-fields-and-text=\"3e1d2592ce20bdf2bf813c9dfa44c991\"><p><strong>Ayudamos a nuestros clientes a alcanzar su m\u00e1ximo potencial<\/strong><\/p>\n<p>Somos una organizaci\u00f3n multinacional comprometida a convertir tus estrategias en realidad. Con una robusta red en LATAM, nos especializamos en Desarrollo Organizacional aprovechando nuestra experiencia en gesti\u00f3n de proyectos y gesti\u00f3n del cambio para entregar soluciones de alto valor e impacto a nivel global.<\/p>\n<p><strong>Nuestra Visi\u00f3n<\/strong><\/p>\n<p>Ayudamos a nuestros clientes a desarrollar su m\u00e1ximo potencial a trav\u00e9s de soluciones sist\u00e9micas y adaptables que impulsan el \u00e9xito sostenible.<\/p>\n<p><strong>Servicios de consultor\u00eda<\/strong><\/p>\n<p>Colaboramos con nuestros clientes para dise\u00f1ar, mejorar y desplegar sus sistemas organizacionales de gesti\u00f3n adaptados a sus objetivos espec\u00edficos. Nuestros m\u00e9todos de eficacia probada fomentan la adaptabilidad y el crecimiento a largo plazo.<\/p>\n<p>\u2022 <strong>Metodolog\u00eda Business Solutions Architecture:<\/strong> Un enfoque din\u00e1mico y ecl\u00e9ctico que aporta valor estrat\u00e9gico, t\u00e1ctico y operativo de forma eficiente.<\/p>\n<p><strong>\u2022 Adaptive Deployment Framework:<\/strong> Despliegue de soluciones adaptable, en coclos cortos, coherentes y sostenibles que impulsan resultados organizacionales observables.<\/p>\n<p><strong>Formaci\u00f3n y desarrollo<\/strong><\/p>\n<p><strong>\u2022 Formaci\u00f3n corporativa:<\/strong> Programas que inspiran el di\u00e1logo, la colaboraci\u00f3n y una cultura de cohesi\u00f3n en el lugar de trabajo.<\/p>\n<p><strong>\u2022 Aprendizaje continuo:<\/strong> Amplias v\u00edas de desarrollo y certificaciones adaptadas a la evoluci\u00f3n de las necesidades de profesionales buscando ampliar sus horizontes.<\/p>\n<p><strong>Servicios de atracci\u00f3n y asignaci\u00f3n de talento<\/strong><\/p>\n<p>Mejoramos las capacidades empresariales alineando el talento de primer nivel con los objetivos espec\u00edficos del proyecto y de la organizaci\u00f3n, garantizando la experiencia adecuada en el momento oportuno.<\/p>\n<p style=\"text-align: justify;\">Hoy, capitalizando la experiencia de una jornada de m\u00e1s de 22 a\u00f1os en materia de servicios profesionales, en donde conjugamos experiencia y juventud, con el fin de ayudarte a alcanzar tus objetivos estrat\u00e9gicos. Usamos la conexi\u00f3n personal, una f\u00e9rrea \u00e9tica de trabajo, la filosof\u00eda \u00e1gil y la direcci\u00f3n de proyectos como pilares para entregar valor continuo a tu negocio.<\/p>\n<p style=\"text-align: justify;\">Contribuimos con nuestro talento, experiencia y conocimientos para ayudar a que nuestros clientes alcancen su m\u00e1ximo potencial.<\/p>\n<p style=\"text-align: justify;\">Actualmente estamos presentes en: M\u00e9xico, Guatemala, Honduras, El Salvador, Costa Rica, Panam\u00e1, Rep\u00fablica Dominicana, Colombia, Ecuador, Per\u00fa, Chile.<\/p><\/div>\n<\/div>\n\n\n\n<div class=\"wp-block-toolset-blocks-grid-column tb-grid-column tb-grid-align-top\" data-toolset-blocks-grid-column=\"3034fbe886c11054e95b46b09d3e4112\"><div class=\"wp-block-image\">\n<figure class=\" tb-image tb-image-dynamic tb-image-frame-none alignright\" data-toolset-blocks-image=\"d8f57b4db2a4e7f8213e14ec013de1a0\"><img decoding=\"async\" width=\"200\" height=\"582\" loading=\"lazy\" src=\"https:\/\/proyectum.com\/mx\/wp-content\/uploads\/2024\/10\/about_layer1.png\" alt=\"\" class=\"wp-image-244\" srcset=\"https:\/\/proyectum.com\/mx\/wp-content\/uploads\/2024\/10\/about_layer1.png 200w, https:\/\/proyectum.com\/mx\/wp-content\/uploads\/2024\/10\/about_layer1-103x300.png 103w\" sizes=\"auto, (max-width: 200px) 100vw, 200px\" \/><\/figure>\n<\/div><\/div>\n<\/div>\n\n\n\n<div style=\"height:100px\" aria-hidden=\"true\" class=\"wp-block-spacer\"><\/div>\n\n\n\n<div class=\"wp-block-toolset-blocks-grid tb-grid\" data-toolset-blocks-grid=\"646bb423f29549a11c47444860dfb7f3\">\n<div class=\"wp-block-toolset-blocks-grid-column tb-grid-column tb-grid-align-top\" data-toolset-blocks-grid-column=\"b6300e4a8e0fa3097ba0ac1902aae186\">\n<figure class=\"wp-block-image tb-image tb-image-dynamic tb-image-frame-none full\" data-toolset-blocks-image=\"c3d932bb56335c3df045222875e0dd55\"><img decoding=\"async\" width=\"600\" height=\"585\" loading=\"lazy\" src=\"https:\/\/proyectum.com\/mx\/wp-content\/uploads\/2024\/10\/bg-about-1.png\" alt=\"\" class=\"wp-image-283\" srcset=\"https:\/\/proyectum.com\/mx\/wp-content\/uploads\/2024\/10\/bg-about-1.png 600w, https:\/\/proyectum.com\/mx\/wp-content\/uploads\/2024\/10\/bg-about-1-300x293.png 300w\" sizes=\"auto, (max-width: 600px) 100vw, 600px\" \/><\/figure>\n\n\n\n<div style=\"height:100px\" aria-hidden=\"true\" class=\"wp-block-spacer\"><\/div>\n\n\n\n<div class=\"tb-fields-and-text\" data-toolset-blocks-fields-and-text=\"4e530be36e9744d12216155e1b669106\"><p style=\"text-align: justify;\">Lo hacemos realizando sistem\u00e1tica y cotidianamente 5 actividades: Descrubrir, Definir, Dise\u00f1ar, Desarrollar y Desplegar soluciones que ayuden a entregar valor acorde a las necesidades de nuestros clientes.<\/p><\/div>\n\n\n\n<div style=\"height:100px\" aria-hidden=\"true\" class=\"wp-block-spacer\"><\/div>\n\n\n<div class=\"wp-block-image\">\n<figure class=\" tb-image tb-image-dynamic tb-image-frame-none aligncenter\" data-toolset-blocks-image=\"aaae9422954844a7f16cb8d8ba279440\"><img decoding=\"async\" width=\"300\" height=\"161\" loading=\"lazy\" src=\"https:\/\/proyectum.com\/mx\/wp-content\/uploads\/2024\/10\/bg-about-3-300x161.png\" alt=\"\" class=\"wp-image-289\" srcset=\"https:\/\/proyectum.com\/mx\/wp-content\/uploads\/2024\/10\/bg-about-3-300x161.png 300w, https:\/\/proyectum.com\/mx\/wp-content\/uploads\/2024\/10\/bg-about-3.png 400w\" sizes=\"auto, (max-width: 300px) 100vw, 300px\" \/><\/figure>\n<\/div><\/div>\n\n\n\n<div class=\"wp-block-toolset-blocks-grid-column tb-grid-column tb-grid-align-top\" data-toolset-blocks-grid-column=\"3034fbe886c11054e95b46b09d3e4112\">\n<div style=\"height:100px\" aria-hidden=\"true\" class=\"wp-block-spacer\"><\/div>\n\n\n\n<h2 class=\"tb-heading\" data-toolset-blocks-heading=\"5ffd41c22e04344bb68303aec8edd14e\" data-last-update=\"1.4\">NUESTRA VISI\u00d3N ES CONTRIBUIR A QUE NUESTROS CLIENTES ALCANCEN SU M\u00c1XIMO POTENCIAL<\/h2>\n\n\n\n<div style=\"height:100px\" aria-hidden=\"true\" class=\"wp-block-spacer\"><\/div>\n\n\n<div class=\"wp-block-image\">\n<figure class=\" tb-image tb-image-dynamic tb-image-frame-none full aligncenter\" data-toolset-blocks-image=\"49b6a846cc7fd17007b98b4943511c82\"><img decoding=\"async\" width=\"739\" height=\"1024\" loading=\"lazy\" src=\"https:\/\/proyectum.com\/mx\/wp-content\/uploads\/2024\/10\/bg-about-2-739x1024.png\" alt=\"\" class=\"wp-image-303\" srcset=\"https:\/\/proyectum.com\/mx\/wp-content\/uploads\/2024\/10\/bg-about-2-739x1024.png 739w, https:\/\/proyectum.com\/mx\/wp-content\/uploads\/2024\/10\/bg-about-2-217x300.png 217w, https:\/\/proyectum.com\/mx\/wp-content\/uploads\/2024\/10\/bg-about-2-768x1064.png 768w, https:\/\/proyectum.com\/mx\/wp-content\/uploads\/2024\/10\/bg-about-2.png 960w\" sizes=\"auto, (max-width: 739px) 100vw, 739px\" \/><\/figure>\n<\/div><\/div>\n<\/div>\n","protected":false},"excerpt":{"rendered":"","protected":false},"author":1,"featured_media":0,"parent":45,"menu_order":0,"comment_status":"closed","ping_status":"closed","template":"","meta":{"footnotes":""},"class_list":["post-62","page","type-page","status-publish","hentry"],"_links":{"self":[{"href":"https:\/\/proyectum.com\/mx\/wp-json\/wp\/v2\/pages\/62","targetHints":{"allow":["GET"]}}],"collection":[{"href":"https:\/\/proyectum.com\/mx\/wp-json\/wp\/v2\/pages"}],"about":[{"href":"https:\/\/proyectum.com\/mx\/wp-json\/wp\/v2\/types\/page"}],"author":[{"embeddable":true,"href":"https:\/\/proyectum.com\/mx\/wp-json\/wp\/v2\/users\/1"}],"replies":[{"embeddable":true,"href":"https:\/\/proyectum.com\/mx\/wp-json\/wp\/v2\/comments?post=62"}],"version-history":[{"count":50,"href":"https:\/\/proyectum.com\/mx\/wp-json\/wp\/v2\/pages\/62\/revisions"}],"predecessor-version":[{"id":1625,"href":"https:\/\/proyectum.com\/mx\/wp-json\/wp\/v2\/pages\/62\/revisions\/1625"}],"up":[{"embeddable":true,"href":"https:\/\/proyectum.com\/mx\/wp-json\/wp\/v2\/pages\/45"}],"wp:attachment":[{"href":"https:\/\/proyectum.com\/mx\/wp-json\/wp\/v2\/media?parent=62"}],"curies":[{"name":"wp","href":"https:\/\/api.w.org\/{rel}","templated":true}]}}