{"id":64,"date":"2024-10-05T18:01:17","date_gmt":"2024-10-05T16:01:17","guid":{"rendered":"https:\/\/proyectum.com\/mx\/?page_id=64"},"modified":"2024-11-19T11:48:51","modified_gmt":"2024-11-19T10:48:51","slug":"nuestro-equipo","status":"publish","type":"page","link":"https:\/\/proyectum.com\/mx\/nosotros\/quienes-somos\/nuestro-equipo\/","title":{"rendered":"Nuestro equipo"},"content":{"rendered":"\n<div class=\"wp-block-toolset-blocks-container tb-container\" data-toolset-blocks-container=\"cab98b39495c8f5c1d49fa92de85e70d\">\n<h1 class=\"tb-heading\" data-toolset-blocks-heading=\"de31bd02d48f106671751fd9d7b42431\" data-last-update=\"1.4\">NUESTRO EQUIPO<\/h1>\n\n\n<div class=\"wpv-view-output\" data-toolset-views-view-editor=\"b62652b2692fa8d40d29deb7b54afd5c\">\n<div class=\"wp-block-toolset-views-view-editor wpv-gutenberg-view-wrapper-312\">\n\n\n<div id=\"wpv-view-layout-312\" class=\"js-wpv-view-layout js-wpv-layout-responsive js-wpv-view-layout-312\" data-viewnumber=\"312\" data-pagination=\"{&quot;id&quot;:&quot;312&quot;,&quot;query&quot;:&quot;normal&quot;,&quot;type&quot;:&quot;disabled&quot;,&quot;effect&quot;:&quot;fade&quot;,&quot;duration&quot;:&quot;500&quot;,&quot;speed&quot;:&quot;5&quot;,&quot;pause_on_hover&quot;:&quot;enabled&quot;,&quot;stop_rollover&quot;:&quot;false&quot;,&quot;cache_pages&quot;:&quot;enabled&quot;,&quot;preload_images&quot;:&quot;enabled&quot;,&quot;preload_pages&quot;:&quot;enabled&quot;,&quot;preload_reach&quot;:&quot;1&quot;,&quot;spinner&quot;:&quot;builtin&quot;,&quot;spinner_image&quot;:&quot;https:\/\/mycbasa.com\/wp-content\/plugins\/toolset-blocks\/embedded\/res\/img\/ajax-loader.gif&quot;,&quot;callback_next&quot;:&quot;&quot;,&quot;manage_history&quot;:&quot;enabled&quot;,&quot;has_controls_in_form&quot;:&quot;disabled&quot;,&quot;infinite_tolerance&quot;:&quot;0&quot;,&quot;max_pages&quot;:0,&quot;page&quot;:1,&quot;base_permalink&quot;:&quot;\/mx\/wp-json\/wp\/v2\/pages\/64?wpv_view_count=312&amp;wpv_paged=WPV_PAGE_NUM&quot;,&quot;loop&quot;:{&quot;type&quot;:&quot;&quot;,&quot;name&quot;:&quot;&quot;,&quot;data&quot;:[],&quot;id&quot;:0}}\" data-permalink=\"\/mx\/wp-json\/wp\/v2\/pages\/64?wpv_view_count=312\">\n\n\t\n        <div class=\"members gpo\">\n            \n                \n                    <div class=\"member item\">  \n                      <div class=\"frame\">\n                        <a class=\"member-head\" href=\"https:\/\/proyectum.com\/mx\/team\/jorge-valdes-garciatorres\/\">\n                           <img decoding=\"async\" src=\"https:\/\/proyectum.com\/mx\/wp-content\/uploads\/2024\/10\/Valdes.webp\" title=\"Vald\u00e9s\" class=\"attachment-full\" \/>\n                        <\/a>  \n                        <div class=\"member-main\">\n                            <h3>Jorge Vald\u00e9s Garciatorres<\/h3>\n                            <h4>Experto en procesos de cambio centrados en las personas, pensamiento sist\u00e9mico y direcci\u00f3n de proyectos<\/h4>\n                        <\/div>\n                        <div class=\"member-foot\">\n                            <a href=\"https:\/\/proyectum.com\/mx\/team\/jorge-valdes-garciatorres\/\"><i class=\"bi bi-person-lines-fill\"><\/i> Ver biograf\u00eda <\/a>\n                        <\/div>\n                      <\/div>\n                    <\/div>\n                \n                    <div class=\"member item\">  \n                      <div class=\"frame\">\n                        <a class=\"member-head\" href=\"https:\/\/proyectum.com\/mx\/team\/armando-tessan\/\">\n                           <img decoding=\"async\" src=\"https:\/\/proyectum.com\/mx\/wp-content\/uploads\/2024\/11\/Armando-tessan.jpeg\" title=\"Armando tessan\" class=\"attachment-full\" \/>\n                        <\/a>  \n                        <div class=\"member-main\">\n                            <h3>Armando Tessan<\/h3>\n                            <h4>Experiencia Integral en diferentes unidades de negocio: suscripci\u00f3n, operaciones, comercial, siniestros, sistemas y proyectos estrat\u00e9gicos.<\/h4>\n                        <\/div>\n                        <div class=\"member-foot\">\n                            <a href=\"https:\/\/proyectum.com\/mx\/team\/armando-tessan\/\"><i class=\"bi bi-person-lines-fill\"><\/i> Ver biograf\u00eda <\/a>\n                        <\/div>\n                      <\/div>\n                    <\/div>\n                \n                    <div class=\"member item\">  \n                      <div class=\"frame\">\n                        <a class=\"member-head\" href=\"https:\/\/proyectum.com\/mx\/team\/rodrigo-wong\/\">\n                           <img decoding=\"async\" src=\"https:\/\/proyectum.com\/mx\/wp-content\/uploads\/2025\/02\/rock.jpeg\" title=\"rock\" class=\"attachment-full\" \/>\n                        <\/a>  \n                        <div class=\"member-main\">\n                            <h3>Rodrigo Wong<\/h3>\n                            <h4>Experto en  integrar tecnolog\u00eda, datos y metodolog\u00edas modernas para desarrollar soluciones innovadoras de negocio<\/h4>\n                        <\/div>\n                        <div class=\"member-foot\">\n                            <a href=\"https:\/\/proyectum.com\/mx\/team\/rodrigo-wong\/\"><i class=\"bi bi-person-lines-fill\"><\/i> Ver biograf\u00eda <\/a>\n                        <\/div>\n                      <\/div>\n                    <\/div>\n                \n                    <div class=\"member item\">  \n                      <div class=\"frame\">\n                        <a class=\"member-head\" href=\"https:\/\/proyectum.com\/mx\/team\/ana-elena-espinosa\/\">\n                           <img decoding=\"async\" src=\"https:\/\/proyectum.com\/mx\/wp-content\/uploads\/2025\/02\/Ana-Elena.jpg\" title=\"Ana Elena\" class=\"attachment-full\" \/>\n                        <\/a>  \n                        <div class=\"member-main\">\n                            <h3>Ana Elena Espinosa<\/h3>\n                            <h4>Especialista en Formaci\u00f3n, Coaching,  Desarrollo Organizacional y Cambio Cultural, Ana conecta de forma natural e intuitiva.<\/h4>\n                        <\/div>\n                        <div class=\"member-foot\">\n                            <a href=\"https:\/\/proyectum.com\/mx\/team\/ana-elena-espinosa\/\"><i class=\"bi bi-person-lines-fill\"><\/i> Ver biograf\u00eda <\/a>\n                        <\/div>\n                      <\/div>\n                    <\/div>\n                \n                    <div class=\"member item\">  \n                      <div class=\"frame\">\n                        <a class=\"member-head\" href=\"https:\/\/proyectum.com\/mx\/team\/hugo-gonzalez\/\">\n                           <img decoding=\"async\" src=\"https:\/\/proyectum.com\/mx\/wp-content\/uploads\/2025\/03\/hugo-gonzalez1.jpeg\" title=\"hugo gonzalez1\" class=\"attachment-full\" \/>\n                        <\/a>  \n                        <div class=\"member-main\">\n                            <h3>Hugo Gonz\u00e1lez<\/h3>\n                            <h4>Experto en organizaci\u00f3n de eventos, comunicaci\u00f3n y direcci\u00f3n de proyectos<\/h4>\n                        <\/div>\n                        <div class=\"member-foot\">\n                            <a href=\"https:\/\/proyectum.com\/mx\/team\/hugo-gonzalez\/\"><i class=\"bi bi-person-lines-fill\"><\/i> Ver biograf\u00eda <\/a>\n                        <\/div>\n                      <\/div>\n                    <\/div>\n                \n                    <div class=\"member item\">  \n                      <div class=\"frame\">\n                        <a class=\"member-head\" href=\"https:\/\/proyectum.com\/mx\/team\/ivette-rosales\/\">\n                           <img decoding=\"async\" src=\"https:\/\/proyectum.com\/mx\/wp-content\/uploads\/2025\/03\/Ivette-Rosales.jpeg\" title=\"Ivette Rosales\" class=\"attachment-full\" \/>\n                        <\/a>  \n                        <div class=\"member-main\">\n                            <h3>Ivette Rosales<\/h3>\n                            <h4>Experiencia del Cliente, Desarrollo de Negocios, Comunicaci\u00f3n Aud\u00edovisual<\/h4>\n                        <\/div>\n                        <div class=\"member-foot\">\n                            <a href=\"https:\/\/proyectum.com\/mx\/team\/ivette-rosales\/\"><i class=\"bi bi-person-lines-fill\"><\/i> Ver biograf\u00eda <\/a>\n                        <\/div>\n                      <\/div>\n                    <\/div>\n                \n            \n        <\/div>  \n\t\n\t\n<\/div><\/div>\n<\/div><\/div>\n","protected":false},"excerpt":{"rendered":"","protected":false},"author":1,"featured_media":0,"parent":62,"menu_order":0,"comment_status":"closed","ping_status":"closed","template":"","meta":{"footnotes":""},"class_list":["post-64","page","type-page","status-publish","hentry"],"_links":{"self":[{"href":"https:\/\/proyectum.com\/mx\/wp-json\/wp\/v2\/pages\/64","targetHints":{"allow":["GET"]}}],"collection":[{"href":"https:\/\/proyectum.com\/mx\/wp-json\/wp\/v2\/pages"}],"about":[{"href":"https:\/\/proyectum.com\/mx\/wp-json\/wp\/v2\/types\/page"}],"author":[{"embeddable":true,"href":"https:\/\/proyectum.com\/mx\/wp-json\/wp\/v2\/users\/1"}],"replies":[{"embeddable":true,"href":"https:\/\/proyectum.com\/mx\/wp-json\/wp\/v2\/comments?post=64"}],"version-history":[{"count":20,"href":"https:\/\/proyectum.com\/mx\/wp-json\/wp\/v2\/pages\/64\/revisions"}],"predecessor-version":[{"id":1895,"href":"https:\/\/proyectum.com\/mx\/wp-json\/wp\/v2\/pages\/64\/revisions\/1895"}],"up":[{"embeddable":true,"href":"https:\/\/proyectum.com\/mx\/wp-json\/wp\/v2\/pages\/62"}],"wp:attachment":[{"href":"https:\/\/proyectum.com\/mx\/wp-json\/wp\/v2\/media?parent=64"}],"curies":[{"name":"wp","href":"https:\/\/api.w.org\/{rel}","templated":true}]}}