{"id":66,"date":"2024-10-05T18:01:54","date_gmt":"2024-10-05T16:01:54","guid":{"rendered":"https:\/\/proyectum.com\/mx\/?page_id=66"},"modified":"2024-11-18T18:42:47","modified_gmt":"2024-11-18T17:42:47","slug":"proposito-causa-justa","status":"publish","type":"page","link":"https:\/\/proyectum.com\/mx\/nosotros\/proposito-causa-justa\/","title":{"rendered":"Prop\u00f3sito (Causa justa)"},"content":{"rendered":"\n<div class=\"wp-block-toolset-blocks-grid tb-grid\" data-toolset-blocks-grid=\"42ada42b606ae11260c6d002a88b6e3a\">\n<div class=\"wp-block-toolset-blocks-grid-column tb-grid-column tb-grid-align-top\" data-toolset-blocks-grid-column=\"46e0251478a86bd1ac310eb7ae8191a3\">\n<div style=\"height:100px\" aria-hidden=\"true\" class=\"wp-block-spacer\"><\/div>\n\n\n\n<h1 class=\"tb-heading\" data-toolset-blocks-heading=\"de31bd02d48f106671751fd9d7b42431\" data-last-update=\"1.4\">Nuestra causa justa<\/h1>\n\n\n\n<div style=\"height:100px\" aria-hidden=\"true\" class=\"wp-block-spacer\"><\/div>\n\n\n\n<div class=\"tb-fields-and-text slogan\" data-toolset-blocks-fields-and-text=\"688f738d426349b531a3348bb88ec814\"><h2><span style=\"color: #174168;\"><em>Inspiramos el cambio de adentro hacia afuera, para que alcances tu m\u00e1ximo potencial<\/em><\/span><\/h2><\/div>\n\n\n\n<div style=\"height:100px\" aria-hidden=\"true\" class=\"wp-block-spacer\"><\/div>\n<\/div>\n\n\n\n<div class=\"wp-block-toolset-blocks-grid-column tb-grid-column tb-grid-align-top\" data-toolset-blocks-grid-column=\"3034fbe886c11054e95b46b09d3e4112\"><div class=\"wp-block-image\">\n<figure class=\" tb-image tb-image-dynamic tb-image-frame-none full alignright\" data-toolset-blocks-image=\"6a962a3899a92043962e173b3188e87a\"><img decoding=\"async\" width=\"600\" height=\"642\" loading=\"lazy\" src=\"https:\/\/proyectum.com\/mx\/wp-content\/uploads\/2024\/10\/causa-1.png\" alt=\"\" class=\"wp-image-372\" srcset=\"https:\/\/proyectum.com\/mx\/wp-content\/uploads\/2024\/10\/causa-1.png 600w, https:\/\/proyectum.com\/mx\/wp-content\/uploads\/2024\/10\/causa-1-280x300.png 280w\" sizes=\"auto, (max-width: 600px) 100vw, 600px\" \/><\/figure>\n<\/div><\/div>\n<\/div>\n\n\n\n<div class=\"wp-block-toolset-blocks-grid tb-grid\" data-toolset-blocks-grid=\"89042ff93bc3657b602c66f6c96befae\">\n<div class=\"wp-block-toolset-blocks-grid-column tb-grid-column tb-grid-align-bottom\" data-toolset-blocks-grid-column=\"a9477b3b2acbab5e817ae21cc6d0973e\">\n<figure class=\"wp-block-image tb-image tb-image-dynamic tb-image-frame-none full\" data-toolset-blocks-image=\"6e867bdafe9216e88a331653251f9a14\"><img decoding=\"async\" width=\"666\" height=\"1024\" loading=\"lazy\" src=\"https:\/\/proyectum.com\/mx\/wp-content\/uploads\/2024\/10\/causa-2-1-666x1024.png\" alt=\"\" class=\"wp-image-392\" srcset=\"https:\/\/proyectum.com\/mx\/wp-content\/uploads\/2024\/10\/causa-2-1-666x1024.png 666w, https:\/\/proyectum.com\/mx\/wp-content\/uploads\/2024\/10\/causa-2-1-195x300.png 195w, https:\/\/proyectum.com\/mx\/wp-content\/uploads\/2024\/10\/causa-2-1-768x1181.png 768w, https:\/\/proyectum.com\/mx\/wp-content\/uploads\/2024\/10\/causa-2-1-999x1536.png 999w, https:\/\/proyectum.com\/mx\/wp-content\/uploads\/2024\/10\/causa-2-1-1332x2048.png 1332w, https:\/\/proyectum.com\/mx\/wp-content\/uploads\/2024\/10\/causa-2-1.png 1581w\" sizes=\"auto, (max-width: 666px) 100vw, 666px\" \/><\/figure>\n<\/div>\n\n\n\n<div class=\"wp-block-toolset-blocks-grid-column tb-grid-column tb-grid-align-top\" data-toolset-blocks-grid-column=\"a0cd1d9343b3361de19fb99775b5172a\">\n<div style=\"height:100px\" aria-hidden=\"true\" class=\"wp-block-spacer\"><\/div>\n\n\n\n<div class=\"tb-fields-and-text lista\" data-toolset-blocks-fields-and-text=\"0d43479835fcc83483eb2381efb43194\"><h2>\u00bfQu\u00e9 nos hace diferentes?<\/h2>\n<ul>\n  <li>\n    <h3><i class=\"bi bi-check2-circle\"><\/i> Consultor\u00eda Facilitadora:<\/h3>\n    <p style=\"text-align: justify;\">M\u00e1s que imponer soluciones, trabajamos junto a ti y tu equipo, co-creando el camino hacia el \u00e9xito. Nuestra consultor\u00eda facilitadora garantiza que el cambio sea sostenible y alineado con tu cultura y objetivos.<\/p>\n  <\/li>\n  <li>\n    <h3><i class=\"bi bi-check2-circle\"><\/i> Desarrollo Integral y Personalizado:<\/h3>\n    <p style=\"text-align: justify;\">Adaptamos nuestras soluciones a la medida de tus necesidades, combinando lo mejor del desarrollo organizacional, la gesti\u00f3n del talento, la innovaci\u00f3n y el gobierno de datos para asegurar un crecimiento continuo y efectivo.<\/p>\n  <\/li>\n  <li>\n    <h3><i class=\"bi bi-check2-circle\"><\/i> Experiencia y Presencia Multinacional:<\/h3>\n    <p style=\"text-align: justify;\">Con presencia en 11 pa\u00edses y un equipo altamente calificado, tenemos la experiencia y el conocimiento para abordar los desaf\u00edos espec\u00edficos de tu industria y mercado.<\/p>\n  <\/li>\n  <li>\n    <h3><i class=\"bi bi-check2-circle\"><\/i> Enfoque en el Mindset, Skillset y Toolset:<\/h3>\n    <p style=\"text-align: justify;\">Entendemos que el \u00e9xito de cualquier transformaci\u00f3n depende de desarrollar la mentalidad correcta, las habilidades necesarias y las herramientas adecuadas para implementar el cambio de manera efectiva.<\/p>\n  <\/li>\n<\/ul><\/div>\n\n\n\n<div style=\"height:100px\" aria-hidden=\"true\" class=\"wp-block-spacer\"><\/div>\n\n\n\n<div class=\"tb-fields-and-text\" data-toolset-blocks-fields-and-text=\"65a6b529ced9fce0e61aabd55425fe29\"><h2><span style=\"color: #174168;\">\u00bfEl resultado?<\/span><\/h2>\n<p style=\"text-align: justify;\"><span style=\"color: #000000;\">Una organizaci\u00f3n m\u00e1s \u00e1gil, resiliente y preparada para enfrentar los desaf\u00edos del futuro. En Proyectum, te acompa\u00f1amos en cada paso del camino, asegur\u00e1ndonos de que los cambios que implementes hoy tengan un impacto positivo y sostenible en tu negocio ma\u00f1ana.<\/span><!--\n  p--><\/p><\/div>\n\n\n\n<div style=\"height:100px\" aria-hidden=\"true\" class=\"wp-block-spacer\"><\/div>\n<\/div>\n<\/div>\n","protected":false},"excerpt":{"rendered":"","protected":false},"author":1,"featured_media":0,"parent":45,"menu_order":0,"comment_status":"closed","ping_status":"closed","template":"","meta":{"footnotes":""},"class_list":["post-66","page","type-page","status-publish","hentry"],"_links":{"self":[{"href":"https:\/\/proyectum.com\/mx\/wp-json\/wp\/v2\/pages\/66","targetHints":{"allow":["GET"]}}],"collection":[{"href":"https:\/\/proyectum.com\/mx\/wp-json\/wp\/v2\/pages"}],"about":[{"href":"https:\/\/proyectum.com\/mx\/wp-json\/wp\/v2\/types\/page"}],"author":[{"embeddable":true,"href":"https:\/\/proyectum.com\/mx\/wp-json\/wp\/v2\/users\/1"}],"replies":[{"embeddable":true,"href":"https:\/\/proyectum.com\/mx\/wp-json\/wp\/v2\/comments?post=66"}],"version-history":[{"count":65,"href":"https:\/\/proyectum.com\/mx\/wp-json\/wp\/v2\/pages\/66\/revisions"}],"predecessor-version":[{"id":1134,"href":"https:\/\/proyectum.com\/mx\/wp-json\/wp\/v2\/pages\/66\/revisions\/1134"}],"up":[{"embeddable":true,"href":"https:\/\/proyectum.com\/mx\/wp-json\/wp\/v2\/pages\/45"}],"wp:attachment":[{"href":"https:\/\/proyectum.com\/mx\/wp-json\/wp\/v2\/media?parent=66"}],"curies":[{"name":"wp","href":"https:\/\/api.w.org\/{rel}","templated":true}]}}