{"id":660,"date":"2024-10-30T22:06:35","date_gmt":"2024-10-30T21:06:35","guid":{"rendered":"https:\/\/proyectum.com\/mx\/?page_id=660"},"modified":"2025-01-09T18:46:10","modified_gmt":"2025-01-09T17:46:10","slug":"politica-de-no-divulgacion","status":"publish","type":"page","link":"https:\/\/proyectum.com\/mx\/politicas\/politica-de-no-divulgacion\/","title":{"rendered":"Pol\u00edtica de NO Divulgaci\u00f3n"},"content":{"rendered":"\n<div class=\"wp-block-toolset-blocks-container tb-container\" data-toolset-blocks-container=\"cab98b39495c8f5c1d49fa92de85e70d\">\n<div class=\"tb-fields-and-text\" data-toolset-blocks-fields-and-text=\"3e1d2592ce20bdf2bf813c9dfa44c991\"><div id=\"main\" class=\"column1 boxed no-breadcrumbs\">\n<div class=\"container\">\n<div class=\"row main-content-wrap\">\n<div class=\"main-content col-lg-12\">\n<div id=\"content\" role=\"main\">\n<article class=\"post-7726 page type-page status-publish hentry\">\n<div class=\"page-content\">\n<div class=\"wpb-content-wrapper\">\n<div class=\"vc_row wpb_row row top-row\">\n<div class=\"vc_column_container col-md-12\">\n<div class=\"wpb_wrapper vc_column-inner\">\n<div class=\"wpb_text_column wpb_content_element  vc_custom_1672277973838 wpb_custom_7c91d232724f73626cc933bd95b25ff0\">\n<div class=\"wpb_wrapper\">\n<h2 style=\"text-align: justify;\"><strong>Pol\u00edtica de NO DIVULGACION<\/strong><\/h2>\n<p style=\"text-align: justify;\">Consultor\u00eda, Formaci\u00f3n y Desarrollo Profesional Proyectum S.A. de C.V. (<strong>Proyectum),\u00a0 <\/strong>como Responsable respecto del tratamiento de informaci\u00f3n \u00a0confidencial, que pudi\u00e9ramos llegar a recibir te informamos lo siguiente:<\/p>\n<ol style=\"text-align: justify;\">\n<li><strong>Acerca de la pol\u00edtica de no divulgaci\u00f3n<\/strong><\/li>\n<\/ol>\n<p style=\"text-align: justify;\">A trav\u00e9s de los \u00a0formularios \u00a0de contacto y dem\u00e1s canales de comunicaci\u00f3n \u00a0que se encuentran en la p\u00e1gina www.PROYECTUM .com\/mx, EL VISITANTE compartir\u00e1 informaci\u00f3n confidencial (AKA Sensible) con Consultor\u00eda, formaci\u00f3n y desarrollo profesional PROYECTUM \u00a0S.A. de C.V. en adelante (PROYECTUM).<\/p>\n<p style=\"text-align: justify;\">\u00abLa presente pol\u00edtica de no divulgaci\u00f3n de informaci\u00f3n confidencial (en adelante, \u00abla Pol\u00edtica\u00bb) tiene como objetivo establecer los t\u00e9rminos y condiciones bajo los cuales la informaci\u00f3n proporcionada por EL VISITANTE, a trav\u00e9s de nuestros formularios de recopilaci\u00f3n de informaci\u00f3n \u00a0dispuestos en el sitio web de PROYECTUM , \u00a0ser\u00e1 tratada cuando \u00e9sta sea entregada a PROYECTUM.<\/p>\n<p style=\"text-align: justify;\">EL VISITANTE es propietario de una amplia variedad de informaci\u00f3n confidencial, incluyendo secretos comerciales, estrategias, necesidades de negocio, \u00a0informaci\u00f3n financiera, informaci\u00f3n t\u00e9cnica y cualquier otra informaci\u00f3n que EL VISITANTE considere confidencial.<\/p>\n<ol style=\"text-align: justify;\" start=\"2\">\n<li><strong>Definiciones<\/strong><\/li>\n<\/ol>\n<p style=\"text-align: justify;\"><strong>Pol\u00edtica de No divulgaci\u00f3n:<\/strong> Esta pol\u00edtica de no divulgaci\u00f3n es un documento de car\u00e1cter temporal para empezar a intercambiar informaci\u00f3n confidencial del VISITANTE y PROYECTUM , con el \u00fanico fin de entender sus requerimientos y poder plantear un enfoque de soluci\u00f3n a las necesidades planteadas. Esta pol\u00edtica cubre toda la informaci\u00f3n recibida a trav\u00e9s de nuestra p\u00e1gina web, ya sea por los formularios de contacto o bien a trav\u00e9s del chat de whatsapp, \u00a0La pol\u00edtica es complemento de nuestra <a href=\"https:\/\/www.proyectum.com\/mx\/aviso-privacidad\/\">aviso de privacidad.<\/a><\/p>\n<p style=\"text-align: justify;\">La Pol\u00edtica es de car\u00e1cter temporal porque si las interacciones prosperan al grado de presentar una propuesta formal, previo a su entrega, las partes deber\u00e1n firmar un acuerdo de confidencialidad definitivo que cubre lo aqu\u00ed dispuesto y reemplaza la vigencia de esta pol\u00edtica.<\/p>\n<p style=\"text-align: justify;\">EL VISITANTE: Es la persona que interact\u00faa con PROYECTUM \u00a0a trav\u00e9s de los canales dispuestos en la pagina web <a href=\"http:\/\/www.proyectum.com\/mx\">www.PROYECTUM .com\/mx<\/a> para establecer contacto y recabar informaci\u00f3n preliminar del VISITANTE.<\/p>\n<p style=\"text-align: justify;\"><strong>\u00abInformaci\u00f3n confidencial\u00bb:<\/strong> Se refiere a cualquier informaci\u00f3n compartida por EL VISITANTE y que no est\u00e9 disponible al p\u00fablico en general. Esto incluye, entre otras cosas, secretos comerciales, informaci\u00f3n financiera, informaci\u00f3n t\u00e9cnica y cualquier otra informaci\u00f3n que EL VISITANTE considere confidencial.<\/p>\n<p style=\"text-align: justify;\"><strong>\u201cInformaci\u00f3n sensible\u201d:<\/strong> se refiere a cualquier tipo de informaci\u00f3n que pueda ser considerada delicada o confidencial y que requiera mantenerse en resguardo. Algunos ejemplos de informaci\u00f3n sensible incluyen:<\/p>\n<ul style=\"text-align: justify;\">\n<li>Informaci\u00f3n financiera: Esto incluye informaci\u00f3n como estados financieros, registros de transacciones, informaci\u00f3n de tarjetas de cr\u00e9dito y datos bancarios.<\/li>\n<li>Informaci\u00f3n de identificaci\u00f3n personal: Esto incluye informaci\u00f3n como n\u00fameros de identificaci\u00f3n, direcciones, n\u00fameros de tel\u00e9fono y correos electr\u00f3nicos.<\/li>\n<li>Informaci\u00f3n de clientes: Esto incluye informaci\u00f3n sobre los clientes de una empresa, como sus preferencias de compra, historiales de compra y datos de contacto.<\/li>\n<\/ul>\n<p style=\"text-align: justify;\"><strong>\u00abDivulgaci\u00f3n\u00bb:<\/strong> Se refiere a cualquier acci\u00f3n que revele, muestre, copie, distribuya o de cualquier otra manera ponga a disposici\u00f3n de terceros cualquier informaci\u00f3n confidencial.<\/p>\n<p style=\"text-align: justify;\"><strong>\u00abRecipiente\u00bb:<\/strong> Se refiere a cualquier persona o empresa que reciba informaci\u00f3n confidencial de EL VISITANTE como resultado de LA POL\u00cdTICA de no divulgaci\u00f3n de informaci\u00f3n confidencial, en este caso PROYECTUM .<\/p>\n<p style=\"text-align: justify;\"><strong>2. De la informaci\u00f3n a compartir<\/strong><\/p>\n<p style=\"text-align: justify;\">EL VISITANTE desea compartir informaci\u00f3n confidencial con PROYECTUM , solo bajo los t\u00e9rminos y condiciones establecidos en LA POL\u00cdTICA. Cuando EL VISITANTE comparte la informaci\u00f3n, acepta de facto \u00a0LA POL\u00cdTICA y \u00a0PROYECTUM \u00a0\u00a0se compromete a mantener la confidencialidad de la informaci\u00f3n recibida \u00a0y a no utilizarla para ning\u00fan fin distinto al establecido en LA POL\u00cdTICA.\u00bb<\/p>\n<p style=\"text-align: justify;\">El uso de la informaci\u00f3n confidencial que EL VISITANTE est\u00e1 compartiendo con PROYECTUM \u00a0est\u00e1 limitado exclusivamente a que los colaboradores de PROYECTUM \u00a0puedan entender las necesidades o requerimientos iniciales y con base en ello, establecer escenarios preliminares de soluci\u00f3n para dichos requerimientos o necesidades.<\/p>\n<p style=\"text-align: justify;\">Con la informaci\u00f3n confidencial recibida, PROYECTUM \u00a0presentar\u00e1 una enfoque de soluci\u00f3n inicial que ser\u00e1 ajustada con la retroalimentaci\u00f3n de EL VISITANTE.<\/p>\n<ol style=\"text-align: justify;\" start=\"3\">\n<li><strong>Mantenimiento de este documento<\/strong><\/li>\n<\/ol>\n<p style=\"text-align: justify;\">De cuando en cuando revisamos este documento y lo mantenemos vivo para reflejar la retroalimentaci\u00f3n recibida por nuestros clientes.<\/p>\n<p style=\"text-align: justify;\">Si consideras que el documento requiere alg\u00fan cambio o actualizaci\u00f3n, por favor contactanos a trav\u00e9s de nuestro formulario y m\u00e1ndanos tus comentarios o escr\u00edbenos al correo: <a href=\"mailto:contacto@mx.proyectum.com\">contacto@mx.proyectum.com<\/a> y con gusto tomaremos en cuenta tus comentarios.<\/p>\n<ol style=\"text-align: justify;\" start=\"4\">\n<li><strong>Obligaciones del recipiente: <\/strong><\/li>\n<\/ol>\n<p style=\"text-align: justify;\">El recipiente se compromete a mantener la confidencialidad de la informaci\u00f3n sensible \u00a0y a no utilizarla para ning\u00fan fin distinto al establecido en la POL\u00cdTICA.<\/p>\n<p style=\"text-align: justify;\">El recipiente se compromete a tomar todas las medidas razonables para proteger la confidencialidad de la informaci\u00f3n sensible, incluyendo, entre otras, las siguientes:<\/p>\n<ul style=\"text-align: justify;\">\n<li>No revelar la informaci\u00f3n confidencial a terceros sin la autorizaci\u00f3n previa por escrito de EL VISITANTE<\/li>\n<li>Mantener la informaci\u00f3n confidencial en un lugar seguro y protegido de accesos no autorizados.<\/li>\n<\/ul>\n<ol style=\"text-align: justify;\" start=\"5\">\n<li><strong>Excepciones<\/strong><\/li>\n<\/ol>\n<p style=\"text-align: justify;\"><strong>La divulgaci\u00f3n requerida por ley:<\/strong> El recipiente no estar\u00e1 obligado a mantener la confidencialidad de la informaci\u00f3n sensible si es requerido por ley o por orden judicial para revelarla. En este caso, el recipiente deber\u00e1 notificar al VISITANTE de la solicitud de divulgaci\u00f3n con la mayor antelaci\u00f3n posible para que EL VISITANTE pueda tomar medidas para proteger la confidencialidad de la informaci\u00f3n.<\/p>\n<ol style=\"text-align: justify;\" start=\"6\">\n<li><strong>Duraci\u00f3n: <\/strong><\/li>\n<\/ol>\n<p style=\"text-align: justify;\">La informaci\u00f3n compartida por EL VISITANTE a trav\u00e9s de nuestros formularios ser\u00e1 considerada confidencial por un periodo m\u00e1ximo de 2 a\u00f1os. Posteriormente, podr\u00e1 ser destruida.<\/p>\n<ol style=\"text-align: justify;\" start=\"7\">\n<li><strong>Resoluci\u00f3n de disputas: <\/strong><\/li>\n<\/ol>\n<p style=\"text-align: justify;\"><strong>Resoluci\u00f3n de disputas:<\/strong> En caso de surgir cualquier disputa o controversia en relaci\u00f3n con la Propuesta, las partes se comprometen a tratar de resolverla de buena fe y mediante el di\u00e1logo. Si no se logra un acuerdo, cualquier disputa o controversia ser\u00e1 resuelta mediante un arbitraje administrados por la International Chamber of Commerce (ICC). El arbitraje se llevar\u00e1 a cabo en la ciudad de M\u00e9xico de acuerdo con las Reglas de Arbitraje de la ICC y se dictar\u00e1 en espa\u00f1ol. El fallo del arbitraje ser\u00e1 final e inapelable y podr\u00e1 ser ejecutado en cualquier tribunal competente.\u00bb<\/p>\n<p style=\"text-align: justify;\">PROYECTUM \u00a0no ser\u00e1 responsable de ning\u00fan da\u00f1o o perjuicio derivado de la divulgaci\u00f3n de la informaci\u00f3n confidencial por parte de EL VISITANTE.<\/p>\n<p style=\"text-align: justify;\">Si cualquier cl\u00e1usula de la Pol\u00edtica se considera inv\u00e1lida o inaplicable, dicha cl\u00e1usula se interpretar\u00e1 de manera consistente con las leyes aplicables y el resto de la Pol\u00edtica seguir\u00e1 siendo v\u00e1lida y aplicable.\u00bb<\/p>\n<p style=\"text-align: justify;\">La Pol\u00edtica se regir\u00e1 e interpretar\u00e1 de acuerdo con las leyes de la rep\u00fablica Mexicana<\/p>\n<p style=\"text-align: justify;\"><strong>8. Cambios<\/strong><\/p>\n<p style=\"text-align: justify;\">Original publicado el 28 de diciembre de 2020.<\/p>\n<\/div>\n<\/div>\n<\/div>\n<\/div>\n<\/div>\n<\/div>\n<\/div>\n<\/article>\n<\/div>\n<div class=\"porto-html-block porto-block-html-content-inner-bottom\" style=\"text-align: justify;\">\u00a0<\/div>\n<\/div>\n<\/div>\n<\/div>\n<div class=\"porto-html-block porto-block-html-content-bottom\" style=\"text-align: justify;\">\u00a0<\/div>\n<\/div>\n<div class=\"footer-wrapper\">\n<div id=\"footer\" class=\"footer footer-1\">\n<div class=\"footer-main\">\n<div class=\"container\">\n<div class=\"row\">\n<div class=\"col-lg-3\">\n<aside id=\"text-3\" class=\"widget widget_text\">\n<h3 class=\"widget-title\" style=\"text-align: justify;\">CONT\u00c1CTANOS<\/h3>\n<div class=\"textwidget\">\n<ul>\n<li style=\"text-align: justify;\"><a title=\"Cont\u00e1ctanos\" href=\"https:\/\/proyectum.com\/mx\/politica-nda\/contacto\/\">Informaci\u00f3n de contacto<\/a><\/li>\n<\/ul>\n<\/div>\n<\/aside>\n<\/div>\n<\/div>\n<\/div>\n<\/div>\n<\/div>\n<\/div><\/div>\n<\/div>\n\n\n\n<div class=\"wp-block-toolset-blocks-container tb-container\" data-toolset-blocks-container=\"5afd314563cd5b732054a49eb6b1d4a5\"><\/div>\n","protected":false},"excerpt":{"rendered":"","protected":false},"author":1,"featured_media":0,"parent":655,"menu_order":0,"comment_status":"closed","ping_status":"closed","template":"","meta":{"footnotes":""},"class_list":["post-660","page","type-page","status-publish","hentry"],"_links":{"self":[{"href":"https:\/\/proyectum.com\/mx\/wp-json\/wp\/v2\/pages\/660","targetHints":{"allow":["GET"]}}],"collection":[{"href":"https:\/\/proyectum.com\/mx\/wp-json\/wp\/v2\/pages"}],"about":[{"href":"https:\/\/proyectum.com\/mx\/wp-json\/wp\/v2\/types\/page"}],"author":[{"embeddable":true,"href":"https:\/\/proyectum.com\/mx\/wp-json\/wp\/v2\/users\/1"}],"replies":[{"embeddable":true,"href":"https:\/\/proyectum.com\/mx\/wp-json\/wp\/v2\/comments?post=660"}],"version-history":[{"count":6,"href":"https:\/\/proyectum.com\/mx\/wp-json\/wp\/v2\/pages\/660\/revisions"}],"predecessor-version":[{"id":1719,"href":"https:\/\/proyectum.com\/mx\/wp-json\/wp\/v2\/pages\/660\/revisions\/1719"}],"up":[{"embeddable":true,"href":"https:\/\/proyectum.com\/mx\/wp-json\/wp\/v2\/pages\/655"}],"wp:attachment":[{"href":"https:\/\/proyectum.com\/mx\/wp-json\/wp\/v2\/media?parent=660"}],"curies":[{"name":"wp","href":"https:\/\/api.w.org\/{rel}","templated":true}]}}