{"id":697,"date":"2024-11-04T18:02:11","date_gmt":"2024-11-04T17:02:11","guid":{"rendered":"https:\/\/proyectum.com\/mx\/?page_id=697"},"modified":"2024-11-16T00:42:52","modified_gmt":"2024-11-15T23:42:52","slug":"casos-de-exito","status":"publish","type":"page","link":"https:\/\/proyectum.com\/mx\/nosotros\/casos-de-exito\/","title":{"rendered":"Casos de \u00e9xito"},"content":{"rendered":"\n<div class=\"wp-block-toolset-blocks-container tb-container\" data-toolset-blocks-container=\"cab98b39495c8f5c1d49fa92de85e70d\">\n<h1 class=\"tb-heading\" data-toolset-blocks-heading=\"de31bd02d48f106671751fd9d7b42431\" data-last-update=\"1.4\">Casos de \u00e9xito<\/h1>\n\n\n<div class=\"wpv-view-output\" data-toolset-views-view-editor=\"05cb239482969e203a91576455baa88d\">\n<div class=\"wp-block-toolset-views-view-editor wpv-gutenberg-view-wrapper-703\">\n\n\n<div id=\"wpv-view-layout-703\" class=\"js-wpv-view-layout js-wpv-layout-responsive js-wpv-view-layout-703\" data-viewnumber=\"703\" data-pagination=\"{&quot;id&quot;:&quot;703&quot;,&quot;query&quot;:&quot;normal&quot;,&quot;type&quot;:&quot;disabled&quot;,&quot;effect&quot;:&quot;fade&quot;,&quot;duration&quot;:&quot;500&quot;,&quot;speed&quot;:&quot;5&quot;,&quot;pause_on_hover&quot;:&quot;enabled&quot;,&quot;stop_rollover&quot;:&quot;false&quot;,&quot;cache_pages&quot;:&quot;enabled&quot;,&quot;preload_images&quot;:&quot;enabled&quot;,&quot;preload_pages&quot;:&quot;enabled&quot;,&quot;preload_reach&quot;:&quot;1&quot;,&quot;spinner&quot;:&quot;builtin&quot;,&quot;spinner_image&quot;:&quot;https:\/\/mycbasa.com\/wp-content\/plugins\/toolset-blocks\/embedded\/res\/img\/ajax-loader.gif&quot;,&quot;callback_next&quot;:&quot;&quot;,&quot;manage_history&quot;:&quot;enabled&quot;,&quot;has_controls_in_form&quot;:&quot;disabled&quot;,&quot;infinite_tolerance&quot;:&quot;0&quot;,&quot;max_pages&quot;:0,&quot;page&quot;:1,&quot;base_permalink&quot;:&quot;\/mx\/wp-json\/wp\/v2\/pages\/697?wpv_view_count=703&amp;wpv_paged=WPV_PAGE_NUM&quot;,&quot;loop&quot;:{&quot;type&quot;:&quot;&quot;,&quot;name&quot;:&quot;&quot;,&quot;data&quot;:[],&quot;id&quot;:0}}\" data-permalink=\"\/mx\/wp-json\/wp\/v2\/pages\/697?wpv_view_count=703\">\n\n\t\n        <div class=\"historias gpo\">\n            \n                \n                    <div class=\"historia item\">  \n                      <div class=\"frame\">\n                              <div class=\"historia-left\">\n                                  <a class=\"historia-img\" href=\"https:\/\/proyectum.com\/mx\/historia\/transformacion-y-expansion-de-una-cadena-de-farmacias\/\">\n                                     <img decoding=\"async\" src=\"https:\/\/proyectum.com\/mx\/wp-content\/uploads\/2024\/10\/young-man-checking-appointment-respecting-social-distancing-hospital-waiting-room-nurse-looking-computer-wearing-face-mask-against-covid-19.jpg\" class=\"attachment-full\" \/>\n                                  <\/a>  \n                              <\/div>\n                              <div class=\"historia-right\">\n                                  <h2>Transformaci\u00f3n y Expansi\u00f3n de una Cadena de Farmacias<\/h2>\n                                  <h4><p>\"El enfoque de Proyectum nos ayud\u00f3 a estructurar y desarrollar nuestras capacidades de gesti\u00f3n de proyectos y procesos de negocio, permiti\u00e9ndonos alcanzar nuestras metas de expansi\u00f3n demanera m\u00e1s eficiente y en un tiempo r\u00e9cord.\"<\/p>\n<\/h4>\n                                  <a class=\"historia-readmore\"href=\"https:\/\/proyectum.com\/mx\/historia\/transformacion-y-expansion-de-una-cadena-de-farmacias\/\"><i class=\"bi bi-book\"><\/i> Ver historia completa <\/a>\n                              <\/div>\n                      <\/div>\n                    <\/div>\n                \n                    <div class=\"historia item\">  \n                      <div class=\"frame\">\n                              <div class=\"historia-left\">\n                                  <a class=\"historia-img\" href=\"https:\/\/proyectum.com\/mx\/historia\/transformacion-organizacional-de-un-corporativo-de-medios-y-entretenimiento\/\">\n                                     <img decoding=\"async\" src=\"https:\/\/proyectum.com\/mx\/wp-content\/uploads\/2024\/10\/freepik__four-happy-latin-people-with-an-average-age-of-30-__75430.png\" title=\"freepik__four-happy-latin-people-with-an-average-age-of-30-__75430\" class=\"attachment-full\" \/>\n                                  <\/a>  \n                              <\/div>\n                              <div class=\"historia-right\">\n                                  <h2>Transformaci\u00f3n Organizacional de un Corporativo de Medios y Entretenimiento<\/h2>\n                                  <h4><p>\"Proyectum fue un socio estrat\u00e9gico que nos ayud\u00f3 a mejorar nuestra cultura de proyectos y a crear una cadena de valor s\u00f3lida, impactando positivamente en la eficiencia de nuestras operaciones\"<\/p>\n<\/h4>\n                                  <a class=\"historia-readmore\"href=\"https:\/\/proyectum.com\/mx\/historia\/transformacion-organizacional-de-un-corporativo-de-medios-y-entretenimiento\/\"><i class=\"bi bi-book\"><\/i> Ver historia completa <\/a>\n                              <\/div>\n                      <\/div>\n                    <\/div>\n                \n                    <div class=\"historia item\">  \n                      <div class=\"frame\">\n                              <div class=\"historia-left\">\n                                  <a class=\"historia-img\" href=\"https:\/\/proyectum.com\/mx\/historia\/fortalecimiento-de-una-aseguradora-multiramo-global\/\">\n                                     <img decoding=\"async\" src=\"https:\/\/proyectum.com\/mx\/wp-content\/uploads\/2024\/10\/woman-showing-smartphone-colleagues.jpg\" title=\"woman-showing-smartphone-colleagues\" class=\"attachment-full\" \/>\n                                  <\/a>  \n                              <\/div>\n                              <div class=\"historia-right\">\n                                  <h2>Fortalecimiento de una Aseguradora Multiramo Global<\/h2>\n                                  <h4><p>\"Gracias al enfoque estructurado de Proyectum, logramos no solo fortalecer nuestras habilidades de comunicaci\u00f3n y gesti\u00f3n, sino que tambi\u00e9n implementamos un sistema de administraci\u00f3n del conocimiento que ha generado un impacto positivo en nuestra forma de trabajar y tomar decisiones estrat\u00e9gicas.\"<\/p>\n<\/h4>\n                                  <a class=\"historia-readmore\"href=\"https:\/\/proyectum.com\/mx\/historia\/fortalecimiento-de-una-aseguradora-multiramo-global\/\"><i class=\"bi bi-book\"><\/i> Ver historia completa <\/a>\n                              <\/div>\n                      <\/div>\n                    <\/div>\n                \n                    <div class=\"historia item\">  \n                      <div class=\"frame\">\n                              <div class=\"historia-left\">\n                                  <a class=\"historia-img\" href=\"https:\/\/proyectum.com\/mx\/historia\/diseno-y-fortalecimiento-de-procesos-para-una-cadena-de-tiendas-departamentales\/\">\n                                     <img decoding=\"async\" src=\"https:\/\/proyectum.com\/mx\/wp-content\/uploads\/2024\/10\/freepik__four-people-average-age-35-latinamerican-race-disc__5059.png\" title=\"freepik__four-people-average-age-35-latinamerican-race-disc__5059\" class=\"attachment-full\" \/>\n                                  <\/a>  \n                              <\/div>\n                              <div class=\"historia-right\">\n                                  <h2>Dise\u00f1o y Fortalecimiento de Procesos para una Cadena de Tiendas Departamentales<\/h2>\n                                  <h4><p>\"Proyectum nos ayud\u00f3 a establecer una estructura s\u00f3lida y metodolog\u00edas de trabajo que transformaron nuestra forma de gestionar proyectos. Ahora tenemos una visi\u00f3n m\u00e1s clara y podemos responder a las necesidades del negocio de manera \u00e1gil y efectiva.\"<\/p>\n<\/h4>\n                                  <a class=\"historia-readmore\"href=\"https:\/\/proyectum.com\/mx\/historia\/diseno-y-fortalecimiento-de-procesos-para-una-cadena-de-tiendas-departamentales\/\"><i class=\"bi bi-book\"><\/i> Ver historia completa <\/a>\n                              <\/div>\n                      <\/div>\n                    <\/div>\n                \n                    <div class=\"historia item\">  \n                      <div class=\"frame\">\n                              <div class=\"historia-left\">\n                                  <a class=\"historia-img\" href=\"https:\/\/proyectum.com\/mx\/historia\/reestructuracion-y-mejora-de-procesos-en-una-empresa-de-servicios-de-telecomunicaciones\/\">\n                                     <img decoding=\"async\" src=\"https:\/\/proyectum.com\/mx\/wp-content\/uploads\/2024\/10\/freepik__the-style-is-candid-image-photography-with-natural__93431.png\" title=\"freepik__the-style-is-candid-image-photography-with-natural__93431\" class=\"attachment-full\" \/>\n                                  <\/a>  \n                              <\/div>\n                              <div class=\"historia-right\">\n                                  <h2>Reestructuraci\u00f3n y Mejora de Procesos en una Empresa de Servicios de Telecomunicaciones<\/h2>\n                                  <h4><p>\"El acompa\u00f1amiento de Proyectum fue esencial para transformar nuestra cultura de procesos. Gracias a su enfoque \u00e1gil y al apoyo constante, no solo obtuvimos la certificaci\u00f3n ISO, sino que tambi\u00e9n mejoramos la eficiencia de nuestros procesos de negocio.\"<\/p>\n<\/h4>\n                                  <a class=\"historia-readmore\"href=\"https:\/\/proyectum.com\/mx\/historia\/reestructuracion-y-mejora-de-procesos-en-una-empresa-de-servicios-de-telecomunicaciones\/\"><i class=\"bi bi-book\"><\/i> Ver historia completa <\/a>\n                              <\/div>\n                      <\/div>\n                    <\/div>\n                \n                    <div class=\"historia item\">  \n                      <div class=\"frame\">\n                              <div class=\"historia-left\">\n                                  <a class=\"historia-img\" href=\"https:\/\/proyectum.com\/mx\/historia\/implementacion-de-mejores-practicas-para-consultores-en-ingenieria-de-procesos-industriales\/\">\n                                     <img decoding=\"async\" src=\"https:\/\/proyectum.com\/mx\/wp-content\/uploads\/2024\/10\/freepik__three-people-average-age-35-average-race-caucasian__86146.png\" title=\"freepik__three-people-average-age-35-average-race-caucasian__86146\" class=\"attachment-full\" \/>\n                                  <\/a>  \n                              <\/div>\n                              <div class=\"historia-right\">\n                                  <h2>Implementaci\u00f3n de Buenas Pr\u00e1cticas para un Firma de Consultores en Ingenier\u00eda de Procesos Industriales<\/h2>\n                                  <h4><p>\"Proyectum fue clave en la implementaci\u00f3n de nuestra PMO, ayud\u00e1ndonos a estructurar y mejorar nuestras pr\u00e1cticas de gesti\u00f3n de proyectos, lo que result\u00f3 en una mejor entrega de soluciones para nuestros clientes.\"<\/p>\n<\/h4>\n                                  <a class=\"historia-readmore\"href=\"https:\/\/proyectum.com\/mx\/historia\/implementacion-de-mejores-practicas-para-consultores-en-ingenieria-de-procesos-industriales\/\"><i class=\"bi bi-book\"><\/i> Ver historia completa <\/a>\n                              <\/div>\n                      <\/div>\n                    <\/div>\n                \n                    <div class=\"historia item\">  \n                      <div class=\"frame\">\n                              <div class=\"historia-left\">\n                                  <a class=\"historia-img\" href=\"https:\/\/proyectum.com\/mx\/historia\/implementacion-de-ppmo-en-una-firma-de-consultoria-en-ingenieria-civil\/\">\n                                     <img decoding=\"async\" src=\"https:\/\/proyectum.com\/mx\/wp-content\/uploads\/2024\/10\/result-back-view-three-men-protective-helmets-holding-hands-his-waist-standing-construction-site-looking-buildings-construction-day.jpg\" class=\"attachment-full\" \/>\n                                  <\/a>  \n                              <\/div>\n                              <div class=\"historia-right\">\n                                  <h2>Implementaci\u00f3n de PPMO en una Firma de Consultor\u00eda en Ingenier\u00eda Civil<\/h2>\n                                  <h4><p>\"Gracias al apoyo de Proyectum, logramos estructurar una PPMO que ha fortalecido nuestra pr\u00e1ctica de direcci\u00f3n de proyectos y procesos de negocio, permiti\u00e9ndonos mejorar la entrega de soluciones a nuestros clientes de manera significativa.\"<\/p>\n<\/h4>\n                                  <a class=\"historia-readmore\"href=\"https:\/\/proyectum.com\/mx\/historia\/implementacion-de-ppmo-en-una-firma-de-consultoria-en-ingenieria-civil\/\"><i class=\"bi bi-book\"><\/i> Ver historia completa <\/a>\n                              <\/div>\n                      <\/div>\n                    <\/div>\n                \n            \n        <\/div>  \n\t\n\t\n<\/div><\/div>\n<\/div><\/div>\n","protected":false},"excerpt":{"rendered":"","protected":false},"author":1,"featured_media":0,"parent":45,"menu_order":0,"comment_status":"closed","ping_status":"closed","template":"","meta":{"footnotes":""},"class_list":["post-697","page","type-page","status-publish","hentry"],"_links":{"self":[{"href":"https:\/\/proyectum.com\/mx\/wp-json\/wp\/v2\/pages\/697","targetHints":{"allow":["GET"]}}],"collection":[{"href":"https:\/\/proyectum.com\/mx\/wp-json\/wp\/v2\/pages"}],"about":[{"href":"https:\/\/proyectum.com\/mx\/wp-json\/wp\/v2\/types\/page"}],"author":[{"embeddable":true,"href":"https:\/\/proyectum.com\/mx\/wp-json\/wp\/v2\/users\/1"}],"replies":[{"embeddable":true,"href":"https:\/\/proyectum.com\/mx\/wp-json\/wp\/v2\/comments?post=697"}],"version-history":[{"count":5,"href":"https:\/\/proyectum.com\/mx\/wp-json\/wp\/v2\/pages\/697\/revisions"}],"predecessor-version":[{"id":1103,"href":"https:\/\/proyectum.com\/mx\/wp-json\/wp\/v2\/pages\/697\/revisions\/1103"}],"up":[{"embeddable":true,"href":"https:\/\/proyectum.com\/mx\/wp-json\/wp\/v2\/pages\/45"}],"wp:attachment":[{"href":"https:\/\/proyectum.com\/mx\/wp-json\/wp\/v2\/media?parent=697"}],"curies":[{"name":"wp","href":"https:\/\/api.w.org\/{rel}","templated":true}]}}